{"id":5382,"date":"2020-06-09T19:34:20","date_gmt":"2020-06-09T17:34:20","guid":{"rendered":"https:\/\/taxadora.com\/?page_id=5382"},"modified":"2025-04-01T11:02:12","modified_gmt":"2025-04-01T09:02:12","slug":"deklarera-modelo-720","status":"publish","type":"page","link":"https:\/\/taxadora.com\/sv\/deklarera-modelo-720\/","title":{"rendered":"Deklarera Modelo 720"},"content":{"rendered":"\t\t<div data-elementor-type=\"wp-page\" data-elementor-id=\"5382\" class=\"elementor elementor-5382 elementor-4039\" data-elementor-post-type=\"page\">\n\t\t\t\t\t\t<section class=\"elementor-section elementor-top-section elementor-element elementor-element-e4518e5 elementor-section-boxed elementor-section-height-default elementor-section-height-default\" data-id=\"e4518e5\" data-element_type=\"section\" data-e-type=\"section\">\n\t\t\t\t\t\t<div class=\"elementor-container elementor-column-gap-default\">\n\t\t\t\t\t<div class=\"elementor-column elementor-col-100 elementor-top-column elementor-element elementor-element-e659362\" data-id=\"e659362\" data-element_type=\"column\" data-e-type=\"column\">\n\t\t\t<div class=\"elementor-widget-wrap elementor-element-populated\">\n\t\t\t\t\t\t<div class=\"elementor-element elementor-element-fb47cdf elementor-widget elementor-widget-heading\" data-id=\"fb47cdf\" data-element_type=\"widget\" data-e-type=\"widget\" data-widget_type=\"heading.default\">\n\t\t\t\t<div class=\"elementor-widget-container\">\n\t\t\t\t\t<h2 class=\"elementor-heading-title elementor-size-default\">Modelo 720 - rapportera tillg\u00e5ngar utanf\u00f6r Spanien<\/h2>\t\t\t\t<\/div>\n\t\t\t\t<\/div>\n\t\t\t\t\t<\/div>\n\t\t<\/div>\n\t\t\t\t\t<\/div>\n\t\t<\/section>\n\t\t\t\t<section class=\"elementor-section elementor-top-section elementor-element elementor-element-9c22229 elementor-section-boxed elementor-section-height-default elementor-section-height-default\" data-id=\"9c22229\" data-element_type=\"section\" data-e-type=\"section\">\n\t\t\t\t\t\t<div class=\"elementor-container elementor-column-gap-default\">\n\t\t\t\t\t<div class=\"elementor-column elementor-col-100 elementor-top-column elementor-element elementor-element-1794b3c\" data-id=\"1794b3c\" data-element_type=\"column\" data-e-type=\"column\">\n\t\t\t<div class=\"elementor-widget-wrap elementor-element-populated\">\n\t\t\t\t\t\t<div class=\"elementor-element elementor-element-5cd7d27 elementor-widget elementor-widget-text-editor\" data-id=\"5cd7d27\" data-element_type=\"widget\" data-e-type=\"widget\" data-widget_type=\"text-editor.default\">\n\t\t\t\t<div class=\"elementor-widget-container\">\n\t\t\t\t\t\t\t\t\t<p><b>V\u00e4nligen l\u00e4s instruktionerna nedan och fyll i era uppgifter i formul\u00e4ret l\u00e4ngst ned p\u00e5 sidan.<\/b><\/p>\n<p>Du kan bekanta dig med formul\u00e4ret f\u00f6rst s\u00e5 du vet vilka uppgifter vi beh\u00f6ver. Du kan sedan samla in information fr\u00e5n din bank och \u00e5terkomma f\u00f6r att fylla i allt. <b>Du beh\u00f6ver bara rapportera tillg\u00e5ngar utanf\u00f6r Spanien.<\/b><\/p>\n<p>Skyldigheten att rapportera \u00e4r uppdelad i tre delar s\u00e5 vi beh\u00f6ver uppgift om ALLA tillg\u00e5ngar i en grupp av tillg\u00e5ngar <strong>om denne grupps v\u00e4rden \u00e4r \u00f6ver 50 000 \u20ac.<\/strong><\/p>\n<p>a) Fastigheter<\/p>\n<p>b) Aktier, fonder, v\u00e4rden och andra r\u00e4ttigheter<\/p>\n<p>c) Bankkonton<\/p>\n<p><b>Till exempel:<\/b><\/p>\n<ul>\n<li>Om du har en fastighet v\u00e4rt 800 000 SEK och 5 bankkonton i Sverige med 3000 kr vardera, d\u00e5 ska du bara rapportera fastigheten.<\/li>\n<li>Om du har 200 000 SEK p\u00e5 ett bankkonto och 400 000 SEK i fonder s\u00e5 beh\u00f6ver du inte rapportera alls d\u00e5 ingen grupp n\u00e5r 50 000 \u20ac.<\/li>\n<li>Om du har 600 000 SEK p\u00e5 ett bankkonto och 500 SEK p\u00e5 tre andra bankkonton s\u00e5 beh\u00f6ver du rapportera samtliga fyra bankkonton, \u00e4ven de som inneh\u00e5ller 500 kr.<\/li>\n<li>Om ni har tillg\u00e5ng till konton som \u00e4gs av andra personer kommer ni beh\u00f6va inkludera dessa. Det kan g\u00e4lla t.ex. konton f\u00f6r make\/maka d\u00e4r ni har fullmakt.<\/li>\n<li>Pensionssparande beh\u00f6ver inte anges om sparandet \u00e4r l\u00e5st till pensions\u00e5ldern, t.ex. tj\u00e4nstepensionskonton. Om ni tar ut tj\u00e4nstepension s\u00e5 beh\u00f6ver det rapporteras.<\/li>\n<li>Om ni \u00e4r gifta och tillg\u00e5ngarna \u00e4r gemensamma, dvs de skulle delas\/g\u00e5 \u00f6ver till den andre vid skilsm\u00e4ssa eller bortg\u00e5ng s\u00e5 ska dessa tas upp som 50 % tillg\u00e5ng \u00e4ven om kontot st\u00e5r 100 % p\u00e5 en person.<\/li>\n<\/ul>\n<p>Nedan kan du kryssa f\u00f6r i rutan f\u00f6r de tillg\u00e5ngar som ber\u00f6r dig.<\/p>\n<p>Modelo 720 \u00e4r extremt detaljerat och det kan vara sv\u00e5rt att hitta informationen s\u00e5 vi rekommenderar att ni b\u00f6rjar samla in information s\u00e5 tidigt som m\u00f6jligt. N\u00e4r vi har tagit emot uppgifterna p\u00e5b\u00f6rjar vi \u00e4rendet. Vi beh\u00f6ver minst fem bankdagar innan sista mars f\u00f6r att hinna skicka in uppgifterna. Vi uppskattar kompletta uppgifter. <strong>Vi svarar g\u00e4rna p\u00e5 fr\u00e5gor och hj\u00e4lper till men vi kan t.ex. inte kontakta er bank f\u00f6r att efterfr\u00e5ga uppgifter. Vi ser g\u00e4rna att ni fyller i uppgifterna nedan och inte skickar kontoutdrag till oss.<\/strong><\/p>\t\t\t\t\t\t\t\t<\/div>\n\t\t\t\t<\/div>\n\t\t\t\t\t<\/div>\n\t\t<\/div>\n\t\t\t\t\t<\/div>\n\t\t<\/section>\n\t\t\t\t<section class=\"elementor-section elementor-top-section elementor-element elementor-element-7d346ced elementor-section-boxed elementor-section-height-default elementor-section-height-default\" data-id=\"7d346ced\" data-element_type=\"section\" data-e-type=\"section\" data-settings=\"{&quot;background_background&quot;:&quot;classic&quot;}\">\n\t\t\t\t\t\t<div class=\"elementor-container elementor-column-gap-default\">\n\t\t\t\t\t<div class=\"elementor-column elementor-col-100 elementor-top-column elementor-element elementor-element-bc28830\" data-id=\"bc28830\" data-element_type=\"column\" data-e-type=\"column\">\n\t\t\t<div class=\"elementor-widget-wrap elementor-element-populated\">\n\t\t\t\t\t\t<div class=\"elementor-element elementor-element-78cb3c3 elementor-widget elementor-widget-html\" data-id=\"78cb3c3\" data-element_type=\"widget\" data-e-type=\"widget\" data-widget_type=\"html.default\">\n\t\t\t\t<div class=\"elementor-widget-container\">\n\t\t\t\t\t<div class=\"cognito\">\r\n<script src=\"https:\/\/www.cognitoforms.com\/s\/13zT0_A930qptss4osmFMg\"><\/script>\r\n<script>Cognito.load(\"forms\", { id: \"57\" });<\/script>\r\n<\/div>\t\t\t\t<\/div>\n\t\t\t\t<\/div>\n\t\t\t\t\t<\/div>\n\t\t<\/div>\n\t\t\t\t\t<\/div>\n\t\t<\/section>\n\t\t\t\t<section class=\"elementor-section elementor-top-section elementor-element elementor-element-30c6b4a4 elementor-hidden-desktop elementor-hidden-tablet elementor-hidden-phone elementor-section-boxed elementor-section-height-default elementor-section-height-default\" data-id=\"30c6b4a4\" data-element_type=\"section\" data-e-type=\"section\">\n\t\t\t\t\t\t<div class=\"elementor-container elementor-column-gap-default\">\n\t\t\t\t\t<div class=\"elementor-column elementor-col-100 elementor-top-column elementor-element elementor-element-2f38c6f5\" data-id=\"2f38c6f5\" data-element_type=\"column\" data-e-type=\"column\">\n\t\t\t<div class=\"elementor-widget-wrap elementor-element-populated\">\n\t\t\t\t\t\t<div class=\"elementor-element elementor-element-3725d452 elementor-widget elementor-widget-html\" data-id=\"3725d452\" data-element_type=\"widget\" data-e-type=\"widget\" data-widget_type=\"html.default\">\n\t\t\t\t<div class=\"elementor-widget-container\">\n\t\t\t\t\t<!-- Global site tag (gtag.js) - Google Analytics -->\r\n<script async src=\"https:\/\/www.googletagmanager.com\/gtag\/js?id=UA-143577333-3\"><\/script>\r\n<script>\r\n  window.dataLayer = window.dataLayer || [];\r\n  function gtag(){dataLayer.push(arguments);}\r\n  gtag('js', new Date());\r\n\r\n  gtag('config', 'UA-143577333-3');\r\n<\/script>\r\n\t\t\t\t<\/div>\n\t\t\t\t<\/div>\n\t\t\t\t\t<\/div>\n\t\t<\/div>\n\t\t\t\t\t<\/div>\n\t\t<\/section>\n\t\t\t\t<\/div>\n\t\t","protected":false},"excerpt":{"rendered":"<p>Modelo 720 &#8211; rapportera tillg\u00e5ngar utanf\u00f6r Spanien V\u00e4nligen l\u00e4s instruktionerna nedan och fyll i era uppgifter i formul\u00e4ret l\u00e4ngst ned p\u00e5 sidan. Du kan bekanta dig med formul\u00e4ret f\u00f6rst s\u00e5 du vet vilka uppgifter vi beh\u00f6ver. Du kan sedan samla in information fr\u00e5n din bank och \u00e5terkomma f\u00f6r att fylla i allt. Du beh\u00f6ver bara [&hellip;]<\/p>\n","protected":false},"author":1,"featured_media":0,"parent":0,"menu_order":0,"comment_status":"closed","ping_status":"closed","template":"elementor_header_footer","meta":{"footnotes":""},"class_list":["post-5382","page","type-page","status-publish","hentry"],"_links":{"self":[{"href":"https:\/\/taxadora.com\/sv\/wp-json\/wp\/v2\/pages\/5382","targetHints":{"allow":["GET"]}}],"collection":[{"href":"https:\/\/taxadora.com\/sv\/wp-json\/wp\/v2\/pages"}],"about":[{"href":"https:\/\/taxadora.com\/sv\/wp-json\/wp\/v2\/types\/page"}],"author":[{"embeddable":true,"href":"https:\/\/taxadora.com\/sv\/wp-json\/wp\/v2\/users\/1"}],"replies":[{"embeddable":true,"href":"https:\/\/taxadora.com\/sv\/wp-json\/wp\/v2\/comments?post=5382"}],"version-history":[{"count":81,"href":"https:\/\/taxadora.com\/sv\/wp-json\/wp\/v2\/pages\/5382\/revisions"}],"predecessor-version":[{"id":17030,"href":"https:\/\/taxadora.com\/sv\/wp-json\/wp\/v2\/pages\/5382\/revisions\/17030"}],"wp:attachment":[{"href":"https:\/\/taxadora.com\/sv\/wp-json\/wp\/v2\/media?parent=5382"}],"curies":[{"name":"wp","href":"https:\/\/api.w.org\/{rel}","templated":true}]}}