{"id":3116,"date":"2020-02-10T18:04:18","date_gmt":"2020-02-10T17:04:18","guid":{"rendered":"https:\/\/spanienskatt.se\/?page_id=3116"},"modified":"2026-03-19T13:08:08","modified_gmt":"2026-03-19T12:08:08","slug":"vad-kostar-det","status":"publish","type":"page","link":"https:\/\/taxadora.com\/sv\/vad-kostar-det\/","title":{"rendered":"Vad Kostar det?"},"content":{"rendered":"\t\t<div data-elementor-type=\"wp-page\" data-elementor-id=\"3116\" class=\"elementor elementor-3116 elementor-3410\" data-elementor-post-type=\"page\">\n\t\t\t\t\t\t<div class=\"elementor-section elementor-top-section elementor-element elementor-element-f2f6c48 elementor-section-boxed elementor-section-height-default elementor-section-height-default\" data-id=\"f2f6c48\" data-element_type=\"section\" data-e-type=\"section\" data-settings=\"{&quot;background_background&quot;:&quot;classic&quot;}\">\n\t\t\t\t\t\t\t<div class=\"elementor-background-overlay\"><\/div>\n\t\t\t\t\t\t\t<div class=\"elementor-container elementor-column-gap-default\">\n\t\t\t\t\t<div class=\"elementor-column elementor-col-100 elementor-top-column elementor-element elementor-element-c2f162b\" data-id=\"c2f162b\" data-element_type=\"column\" data-e-type=\"column\">\n\t\t\t<div class=\"elementor-widget-wrap elementor-element-populated\">\n\t\t\t\t\t\t<div class=\"elementor-element elementor-element-7545d88 elementor-widget elementor-widget-heading\" data-id=\"7545d88\" data-element_type=\"widget\" data-e-type=\"widget\" data-widget_type=\"heading.default\">\n\t\t\t\t<div class=\"elementor-widget-container\">\n\t\t\t\t\t<h2 class=\"elementor-heading-title elementor-size-default\">V\u00e5ra arvoden<\/h2>\t\t\t\t<\/div>\n\t\t\t\t<\/div>\n\t\t\t\t\t<\/div>\n\t\t<\/div>\n\t\t\t\t\t<\/div>\n\t\t<\/div>\n\t\t\t\t<section class=\"elementor-section elementor-top-section elementor-element elementor-element-b81e341 elementor-section-boxed elementor-section-height-default elementor-section-height-default\" data-id=\"b81e341\" data-element_type=\"section\" data-e-type=\"section\" data-settings=\"{&quot;background_background&quot;:&quot;classic&quot;}\">\n\t\t\t\t\t\t<div class=\"elementor-container elementor-column-gap-default\">\n\t\t\t\t\t<div class=\"elementor-column elementor-col-100 elementor-top-column elementor-element elementor-element-f2dffa7\" data-id=\"f2dffa7\" data-element_type=\"column\" data-e-type=\"column\">\n\t\t\t<div class=\"elementor-widget-wrap elementor-element-populated\">\n\t\t\t\t\t\t<div class=\"elementor-element elementor-element-32163ef elementor-widget elementor-widget-text-editor\" data-id=\"32163ef\" data-element_type=\"widget\" data-e-type=\"widget\" data-widget_type=\"text-editor.default\">\n\t\t\t\t<div class=\"elementor-widget-container\">\n\t\t\t\t\t\t\t\t\t<h5>Vad kostar det att f\u00e5 v\u00e5r hj\u00e4lp?<\/h5>\n<p>Vi vill att det ska vara dels enkelt att hantera sina spanska skatter men ocks\u00e5 att det ska vara \u00f6verkomliga priser. Vi vill inte ha n\u00e5gra \u00f6veraskande kostnader som dyker upp i efterhand utan man ska veta direkt vad det kostar att f\u00e5 hj\u00e4lp. Detta \u00e4r en anledning att vi v\u00e4ljer att ta betalt via kort och skickar t.ex. inte en faktura i efter att tj\u00e4nsten har utf\u00f6rts.<\/p>\n<p>Vi tror att v\u00e5ra priser \u00e4r konkurrenskraftiga och tar g\u00e4rna del av era kommentarer \u00e4ven kring priser.<\/p>\n<p><br><\/p>\n<p><b>\u00c5rlig skattedeklaration f\u00f6r fastighets\u00e4gare som Non-Resident &#8211;&nbsp;<\/b><span style=\"color: var( --e-global-color-text ); font-family: var( --e-global-typography-text-font-family ), Sans-serif; font-size: 1rem;\"><b>Per fastighet\/\u00e5r.<\/b><\/span><\/p>\n<p><span style=\"color: var( --e-global-color-text ); font-family: var( --e-global-typography-text-font-family ), Sans-serif; font-weight: var( --e-global-typography-text-font-weight ); font-size: 1rem;\">En \u00e4gare 34,95 euro plus moms (42,29 \u20ac inklusive moms).<\/span><br><\/p>\n<p><span style=\"color: var( --e-global-color-text ); font-family: var( --e-global-typography-text-font-family ), Sans-serif; font-weight: var( --e-global-typography-text-font-weight ); font-size: 1rem;\">Tv\u00e5 \u00e4gare 49 euro plus moms (59,29 \u20ac inklusive moms).<\/span><br><\/p>\n<p><span style=\"color: var( --e-global-color-text ); font-family: var( --e-global-typography-text-font-family ), Sans-serif; font-weight: var( --e-global-typography-text-font-weight ); font-size: 1rem;\">Tre \u00e4gare 75 euro plus moms (90,75 \u20ac inklusive moms).<\/span><br><\/p>\n<p><span style=\"color: var( --e-global-color-text ); font-family: var( --e-global-typography-text-font-family ), Sans-serif; font-weight: var( --e-global-typography-text-font-weight ); font-size: 1rem;\">Fyra \u00e4gare, 99 euro plus moms (119,79 \u20ac moms ing\u00e5r).<\/span><br><\/p>\n<p><span style=\"color: var( --e-global-color-text ); font-family: var( --e-global-typography-text-font-family ), Sans-serif; font-weight: var( --e-global-typography-text-font-weight ); font-size: 1rem;\"><br><\/span><\/p>\n<p><b><span style=\"color: var( --e-global-color-text ); font-family: var( --e-global-typography-text-font-family ), Sans-serif; font-size: 1rem;\">Deklarera hyresint\u00e4kter<\/span><br><\/b><\/p>\n<p><b>Hyresint\u00e4kter 2024<\/b> och i framtiden b\u00f6r deklareras \u00e5rligen per \u00e4gare.&nbsp;<\/p>\n<p>V\u00e5r avgift \u00e4r 98 \u20ac plus moms per skattedeklaration.<\/p>\n<p><br><\/p>\n<p><span style=\"color: var( --e-global-color-text ); font-family: var( --e-global-typography-text-font-family ), Sans-serif; font-size: 1rem;\"><b>Hyresint\u00e4kter under 2023 och tidigare<\/b><\/span><span style=\"color: var( --e-global-color-text ); font-family: var( --e-global-typography-text-font-family ), Sans-serif; font-weight: var( --e-global-typography-text-font-weight ); font-size: 1rem;\"> ska deklareras kvartalsvis.<\/span><br><\/p>\n<p><span style=\"color: var( --e-global-color-text ); font-family: var( --e-global-typography-text-font-family ), Sans-serif; font-weight: var( --e-global-typography-text-font-weight ); font-size: 1rem;\">Kvartalsvis skattedeklaration fr\u00e5n 49 euro per person och fastighet plus 21% moms (59,29 \u20ac inklusive moms).<\/span><br><\/p>\n<p><span style=\"color: var( --e-global-color-text ); font-family: var( --e-global-typography-text-font-family ), Sans-serif; font-weight: var( --e-global-typography-text-font-weight ); font-size: 1rem;\">Vi har inga rabatter f\u00f6r flera fastigheter eller flera \u00e4gare f\u00f6r hyresinkomstskatter.<\/span><br><\/p>\n<p><span style=\"color: var( --e-global-color-text ); font-family: var( --e-global-typography-text-font-family ), Sans-serif; font-size: 1rem; font-weight: var( --e-global-typography-text-font-weight );\">Inkomstdeklaration f\u00f6r permanentboende i Spanien<\/span><br><\/p>\n<p>V\u00e5r grundavgift f\u00f6r Residenta \u00e4r 123 euro plus IVA per person.<\/p>\t\t\t\t\t\t\t\t<\/div>\n\t\t\t\t<\/div>\n\t\t\t\t\t<\/div>\n\t\t<\/div>\n\t\t\t\t\t<\/div>\n\t\t<\/section>\n\t\t\t\t<section class=\"elementor-section elementor-top-section elementor-element elementor-element-5a52bc5 elementor-section-boxed elementor-section-height-default elementor-section-height-default\" data-id=\"5a52bc5\" data-element_type=\"section\" data-e-type=\"section\" data-settings=\"{&quot;background_background&quot;:&quot;classic&quot;}\">\n\t\t\t\t\t\t<div class=\"elementor-container elementor-column-gap-default\">\n\t\t\t\t\t<div class=\"elementor-column elementor-col-100 elementor-top-column elementor-element elementor-element-511aaba\" data-id=\"511aaba\" data-element_type=\"column\" data-e-type=\"column\">\n\t\t\t<div class=\"elementor-widget-wrap elementor-element-populated\">\n\t\t\t\t\t\t<div class=\"elementor-element elementor-element-eb385bc elementor-widget elementor-widget-text-editor\" data-id=\"eb385bc\" data-element_type=\"widget\" data-e-type=\"widget\" data-widget_type=\"text-editor.default\">\n\t\t\t\t<div class=\"elementor-widget-container\">\n\t\t\t\t\t\t\t\t\t<h5><span style=\"color: inherit; font-family: inherit; font-size: 1.25rem;\">Varf\u00f6r \u00e4r det inte billigare?<\/span><br><\/h5>\n<p>Ibland har vi kunder som n\u00e4stintill l\u00e4mnar en klar deklaration till oss via mail och vill att vi bara skickar in det. Ibland kan s\u00e5dan information hj\u00e4lpa oss men oftast \u00e4r det \u00e4nd\u00e5 samma jobb som beh\u00f6ver utf\u00f6ras, olika kontroller ska ske f\u00f6r att s\u00e4kerst\u00e4lla att uppgifter och ber\u00e4kningar \u00e4r korrekta och vi ska ha m\u00f6jlighet att erbjuda en kvalitativ tj\u00e4nst.<\/p>\n<p><\/p>\n<h5>Varf\u00f6r \u00e4r det s\u00e5 billigt?<\/h5>\n<p>Vi f\u00e5r ofta fr\u00e5gor fr\u00e5n kunder om hur det kan vara s\u00e5 billigt? De har tidigare betalat upp till 100-300 euro f\u00f6r en deklaration till sin advokatbyr\u00e5.<\/p>\n<p>Att vi \u00e4r s\u00e5 pass konkurrenskraftiga beror helt enkelt p\u00e5 att vi fokuserar p\u00e5 skatt. F\u00f6r m\u00e5nga advokatbyr\u00e5er \u00e4r deras huvudsakliga fokus k\u00f6p\/f\u00f6rs\u00e4ljning av bost\u00e4der och andra juridiska tj\u00e4nster vilket g\u00f6r att deras hantering av skatter inte alltid blir lika effektiv. De \u00e4r bra p\u00e5 juridik, vi \u00e4r bra p\u00e5 skatter.<\/p>\n<p>Vi utvecklar ocks\u00e5 kontinuerligt teknik som hj\u00e4lper oss deklarera s\u00e5 effektivt som m\u00f6jligt.<\/p>\n<p><\/p>\n<h5>Vad inneb\u00e4r n\u00e4r ni anger priset avser &#8221;fr\u00e5n x euro&#8221;?&nbsp;<\/h5>\n<p>N\u00e4r vi skriver &#8221;fr\u00e5n&#8221; p\u00e5 f\u00f6rsta sidan beror helt enkelt p\u00e5 att det avser en person och en deklaration. \u00c4r ni flera personer med flera deklarationer, t.ex. flera fastigheter som beh\u00f6ver deklareras eller flera familjemedlemmar som \u00e4ger en fastighet kan man ofta f\u00e5 &#8221;m\u00e4ngdrabatt&#8221; vilket inneb\u00e4r att priser faktiskt blir l\u00e4gre \u00e4n &#8221;fr\u00e5n priset&#8221; per deklaration.<\/p>\n<p><\/p>\n<h5>Ing\u00e5r moms?&nbsp;<\/h5>\n<p>Vi v\u00e4ljer att visa v\u00e5ra priser b\u00e5de inklusive och exklusive moms. Det ska alltid vara tydligt att moms tillkommer d\u00e4r det inte anges f\u00f6rst. Att vi \u00f6verhuvudtaget visar priser utan moms beror helt enkelt p\u00e5 att detta \u00e4r ett vanligare s\u00e4tt att visa priser f\u00f6r tj\u00e4nster i Spanien och m\u00e5nga av v\u00e5ra konkurrenter &#8211; spanska advokatbyr\u00e5er &#8211; visar sina priser utan moms. Vi vill att det ska vara l\u00e4tt att j\u00e4mf\u00f6ra.<\/p>\n<p>Klicka p\u00e5 nedan bilder f\u00f6r att l\u00e4sa om vad det kostar f\u00f6r just det du beh\u00f6ver hj\u00e4lp med.<\/p>\t\t\t\t\t\t\t\t<\/div>\n\t\t\t\t<\/div>\n\t\t\t\t\t<\/div>\n\t\t<\/div>\n\t\t\t\t\t<\/div>\n\t\t<\/section>\n\t\t\t\t<section class=\"elementor-section elementor-top-section elementor-element elementor-element-5a1a3d12 elementor-hidden-phone elementor-section-boxed elementor-section-height-default elementor-section-height-default\" data-id=\"5a1a3d12\" data-element_type=\"section\" data-e-type=\"section\">\n\t\t\t\t\t\t<div class=\"elementor-container elementor-column-gap-default\">\n\t\t\t\t\t<div class=\"elementor-column elementor-col-100 elementor-top-column elementor-element elementor-element-4fa83214\" data-id=\"4fa83214\" data-element_type=\"column\" data-e-type=\"column\">\n\t\t\t<div class=\"elementor-widget-wrap elementor-element-populated\">\n\t\t\t\t\t\t<div class=\"elementor-element elementor-element-2c051b51 elementor-widget elementor-widget-text-editor\" data-id=\"2c051b51\" data-element_type=\"widget\" data-e-type=\"widget\" data-widget_type=\"text-editor.default\">\n\t\t\t\t<div class=\"elementor-widget-container\">\n\t\t\t\t\t\t\t\t\t<p>Allm\u00e4nna villkor\u00a0|\u00a0<a href=\"https:\/\/taxadora.com\/sv\/deklarera-som-icke-resident-modelo-210-spanien\/\">Hantering av personuppgifter, kakor och integritetspolicy.<\/a>\u00a0Spanskt skattenummer ESY6837028Q.<\/p>\t\t\t\t\t\t\t\t<\/div>\n\t\t\t\t<\/div>\n\t\t\t\t\t<\/div>\n\t\t<\/div>\n\t\t\t\t\t<\/div>\n\t\t<\/section>\n\t\t\t\t<section class=\"elementor-section elementor-top-section elementor-element elementor-element-4ff808ec elementor-section-boxed elementor-section-height-default elementor-section-height-default\" data-id=\"4ff808ec\" data-element_type=\"section\" data-e-type=\"section\" data-settings=\"{&quot;background_background&quot;:&quot;classic&quot;}\">\n\t\t\t\t\t\t<div class=\"elementor-container elementor-column-gap-default\">\n\t\t\t\t\t<div class=\"elementor-column elementor-col-100 elementor-top-column elementor-element elementor-element-560c5283\" data-id=\"560c5283\" data-element_type=\"column\" data-e-type=\"column\">\n\t\t\t<div class=\"elementor-widget-wrap\">\n\t\t\t\t\t\t\t<\/div>\n\t\t<\/div>\n\t\t\t\t\t<\/div>\n\t\t<\/section>\n\t\t\t\t<\/div>\n\t\t","protected":false},"excerpt":{"rendered":"<p>V\u00e5ra arvoden Vad kostar det att f\u00e5 v\u00e5r hj\u00e4lp? Vi vill att det ska vara dels enkelt att hantera sina spanska skatter men ocks\u00e5 att det ska vara \u00f6verkomliga priser. Vi vill inte ha n\u00e5gra \u00f6veraskande kostnader som dyker upp i efterhand utan man ska veta direkt vad det kostar att f\u00e5 hj\u00e4lp. Detta \u00e4r [&hellip;]<\/p>\n","protected":false},"author":1,"featured_media":0,"parent":0,"menu_order":0,"comment_status":"closed","ping_status":"closed","template":"elementor_header_footer","meta":{"footnotes":""},"class_list":["post-3116","page","type-page","status-publish","hentry"],"_links":{"self":[{"href":"https:\/\/taxadora.com\/sv\/wp-json\/wp\/v2\/pages\/3116","targetHints":{"allow":["GET"]}}],"collection":[{"href":"https:\/\/taxadora.com\/sv\/wp-json\/wp\/v2\/pages"}],"about":[{"href":"https:\/\/taxadora.com\/sv\/wp-json\/wp\/v2\/types\/page"}],"author":[{"embeddable":true,"href":"https:\/\/taxadora.com\/sv\/wp-json\/wp\/v2\/users\/1"}],"replies":[{"embeddable":true,"href":"https:\/\/taxadora.com\/sv\/wp-json\/wp\/v2\/comments?post=3116"}],"version-history":[{"count":117,"href":"https:\/\/taxadora.com\/sv\/wp-json\/wp\/v2\/pages\/3116\/revisions"}],"predecessor-version":[{"id":20027,"href":"https:\/\/taxadora.com\/sv\/wp-json\/wp\/v2\/pages\/3116\/revisions\/20027"}],"wp:attachment":[{"href":"https:\/\/taxadora.com\/sv\/wp-json\/wp\/v2\/media?parent=3116"}],"curies":[{"name":"wp","href":"https:\/\/api.w.org\/{rel}","templated":true}]}}