{"id":21171,"date":"2026-04-24T12:09:50","date_gmt":"2026-04-24T10:09:50","guid":{"rendered":"https:\/\/taxadora.com\/?page_id=21171"},"modified":"2026-04-24T12:47:21","modified_gmt":"2026-04-24T10:47:21","slug":"spansk-fastighetsskatt-icke-resident-kalkylator","status":"publish","type":"page","link":"https:\/\/taxadora.com\/sv\/spansk-fastighetsskatt-icke-resident-kalkylator\/","title":{"rendered":"Spansk Fastighetsskatt f\u00f6r Icke Residenter \u2013 Modelo 210 Kalkylator"},"content":{"rendered":"\t\t<div data-elementor-type=\"wp-page\" data-elementor-id=\"21171\" class=\"elementor elementor-21171 elementor-21144\" data-elementor-post-type=\"page\">\n\t\t\t\t<div class=\"elementor-element elementor-element-f7946e6 e-flex e-con-boxed e-con e-parent\" data-id=\"f7946e6\" data-element_type=\"container\" data-e-type=\"container\">\n\t\t\t\t\t<div class=\"e-con-inner\">\n\t\t\t\t<div class=\"elementor-element elementor-element-5486c8e elementor-widget elementor-widget-heading\" data-id=\"5486c8e\" data-element_type=\"widget\" data-e-type=\"widget\" data-widget_type=\"heading.default\">\n\t\t\t\t<div class=\"elementor-widget-container\">\n\t\t\t\t\t<h1 class=\"elementor-heading-title elementor-size-default\">Kalkylator f\u00f6r spansk fastighetsskatt (Modelo 210) \u2013 f\u00f6r icke residenter<\/h1>\t\t\t\t<\/div>\n\t\t\t\t<\/div>\n\t\t\t\t\t<\/div>\n\t\t\t\t<\/div>\n\t\t<div class=\"elementor-element elementor-element-3084a20c e-flex e-con-boxed e-con e-parent\" data-id=\"3084a20c\" data-element_type=\"container\" data-e-type=\"container\">\n\t\t\t\t\t<div class=\"e-con-inner\">\n\t\t\t\t<div class=\"elementor-element elementor-element-7012bb52 elementor-widget elementor-widget-text-editor\" data-id=\"7012bb52\" data-element_type=\"widget\" data-e-type=\"widget\" data-widget_type=\"text-editor.default\">\n\t\t\t\t<div class=\"elementor-widget-container\">\n\t\t\t\t\t\t\t\t\t<p data-start=\"516\" data-end=\"666\">Om du \u00e4ger en bostad i Spanien men bor utanf\u00f6r landet m\u00e5ste du normalt l\u00e4mna in en <strong data-start=\"599\" data-end=\"634\">Modelo 210-deklaration varje \u00e5r<\/strong>, \u00e4ven om bostaden inte hyrs ut.<\/p><p data-start=\"668\" data-end=\"783\">Spanien beskattar n\u00e4mligen s\u00e5 kallad <strong data-start=\"705\" data-end=\"743\">schablonint\u00e4kt (imputerad inkomst)<\/strong> p\u00e5 bost\u00e4der som \u00e4gs av icke residenter.<\/p><p data-start=\"785\" data-end=\"910\">Den h\u00e4r kalkylatorn hj\u00e4lper dig att snabbt r\u00e4kna ut hur mycket spansk fastighetsskatt du kan beh\u00f6va betala enligt Modelo 210.<\/p><p data-start=\"912\" data-end=\"1029\">Fyll i valor catastral, \u00e4garperiod, eventuella uthyrningsdagar och bos\u00e4ttningsland f\u00f6r att f\u00e5 en uppskattning direkt.<\/p><p data-start=\"1031\" data-end=\"1081\">Kalkylatorn anv\u00e4nder de officiella skattesatserna:<\/p><ul data-start=\"1083\" data-end=\"1165\"><li data-section-id=\"laj0fm\" data-start=\"1083\" data-end=\"1122\">19 % f\u00f6r personer bosatta inom EU\/EES<\/li><li data-section-id=\"yat9yt\" data-start=\"1123\" data-end=\"1165\">24 % f\u00f6r personer bosatta utanf\u00f6r EU\/EES<\/li><\/ul><p data-start=\"1167\" data-end=\"1238\">\u00a0<\/p><p data-start=\"1167\" data-end=\"1238\">Resultatet visar en uppskattning av din \u00e5rliga skatt enligt Modelo 210.<\/p>\t\t\t\t\t\t\t\t<\/div>\n\t\t\t\t<\/div>\n\t\t\t\t\t<\/div>\n\t\t\t\t<\/div>\n\t\t<div class=\"elementor-element elementor-element-43db2c6 e-flex e-con-boxed e-con e-parent\" data-id=\"43db2c6\" data-element_type=\"container\" data-e-type=\"container\">\n\t\t\t\t\t<div class=\"e-con-inner\">\n\t\t\t\t<div class=\"elementor-element elementor-element-0cb772c elementor-widget__width-inherit elementor-widget elementor-widget-html\" data-id=\"0cb772c\" data-element_type=\"widget\" data-e-type=\"widget\" data-widget_type=\"html.default\">\n\t\t\t\t<div class=\"elementor-widget-container\">\n\t\t\t\t\t<script src=\"https:\/\/www.cognitoforms.com\/f\/seamless.js\" data-key=\"13zT0_A930qptss4osmFMg\" data-form=\"211\"><\/script>\t\t\t\t<\/div>\n\t\t\t\t<\/div>\n\t\t\t\t\t<\/div>\n\t\t\t\t<\/div>\n\t\t<div class=\"elementor-element elementor-element-8e7d3c8 e-flex e-con-boxed e-con e-parent\" data-id=\"8e7d3c8\" data-element_type=\"container\" data-e-type=\"container\">\n\t\t\t\t\t<div class=\"e-con-inner\">\n\t\t\t\t<div class=\"elementor-element elementor-element-3f7aec8 elementor-widget elementor-widget-text-editor\" data-id=\"3f7aec8\" data-element_type=\"widget\" data-e-type=\"widget\" data-widget_type=\"text-editor.default\">\n\t\t\t\t<div class=\"elementor-widget-container\">\n\t\t\t\t\t\t\t\t\t<h2 data-section-id=\"1jh7uda\" data-start=\"1245\" data-end=\"1279\">Vem m\u00e5ste deklarera Modelo 210?<\/h2><p data-start=\"1281\" data-end=\"1324\">Du beh\u00f6ver normalt deklarera Modelo 210 om:<\/p><ul data-start=\"1326\" data-end=\"1471\"><li data-section-id=\"15smmv8\" data-start=\"1326\" data-end=\"1350\">du bor utanf\u00f6r Spanien<\/li><li data-section-id=\"eo1j7y\" data-start=\"1351\" data-end=\"1380\">du \u00e4ger en bostad i Spanien<\/li><li data-section-id=\"oh4poi\" data-start=\"1381\" data-end=\"1419\">bostaden inte varit uthyrd hela \u00e5ret<\/li><li data-section-id=\"1dwec6t\" data-start=\"1420\" data-end=\"1471\">bostaden anv\u00e4nds som fritidsbostad eller st\u00e5r tom<\/li><\/ul><p data-start=\"1473\" data-end=\"1605\">\u00a0<\/p><p data-start=\"1473\" data-end=\"1605\">Spanska skattemyndigheten betraktar detta som <strong data-start=\"1519\" data-end=\"1540\">imputerad inkomst<\/strong>, vilket inneb\u00e4r att skatt tas ut \u00e4ven utan faktisk hyresinkomst.<\/p><p data-start=\"1473\" data-end=\"1605\">\u00a0<\/p><h2 data-section-id=\"1prm4wy\" data-start=\"1612\" data-end=\"1670\">Hur spansk fastighetsskatt f\u00f6r icke residenter ber\u00e4knas<\/h2><p data-start=\"1672\" data-end=\"1699\">Skatten baseras normalt p\u00e5:<\/p><ul data-start=\"1701\" data-end=\"1968\"><li data-section-id=\"yv2ivq\" data-start=\"1701\" data-end=\"1728\">bostadens valor catastral<\/li><li data-section-id=\"1xibuxu\" data-start=\"1729\" data-end=\"1772\">om taxeringsv\u00e4rdet uppdaterats efter 2012<\/li><li data-section-id=\"1ojs1xi\" data-start=\"1773\" data-end=\"1813\">ink\u00f6pspris (om valor catastral saknas)<\/li><li data-section-id=\"i2goub\" data-start=\"1814\" data-end=\"1854\">antal dagar du \u00e4gt bostaden under \u00e5ret<\/li><li data-section-id=\"yynj3p\" data-start=\"1855\" data-end=\"1890\">antal dagar bostaden varit uthyrd<\/li><li data-section-id=\"lyc0er\" data-start=\"1891\" data-end=\"1928\">om du bor inom EU\/EES eller utanf\u00f6r<\/li><li data-section-id=\"csyptu\" data-start=\"1929\" data-end=\"1968\">g\u00e4llande skattesats enligt Modelo 210<\/li><\/ul><p data-start=\"1970\" data-end=\"2011\">\u00a0<\/p><p data-start=\"1970\" data-end=\"2011\">Skatteunderlaget ber\u00e4knas vanligtvis som:<\/p><ul data-start=\"2013\" data-end=\"2105\"><li data-section-id=\"1ofb0ik\" data-start=\"2013\" data-end=\"2072\">1,1 % av valor catastral om v\u00e4rdet uppdaterats efter 2012<\/li><li data-section-id=\"1bcau4r\" data-start=\"2073\" data-end=\"2105\">2 % om v\u00e4rdet inte uppdaterats<\/li><\/ul><p data-start=\"2107\" data-end=\"2196\">\u00a0<\/p><p data-start=\"2107\" data-end=\"2196\">Om bostaden saknar valor catastral anv\u00e4nds normalt <strong data-start=\"2158\" data-end=\"2182\">50 % av ink\u00f6pspriset<\/strong> som underlag.<\/p><p data-start=\"2198\" data-end=\"2259\">Den ber\u00e4knade inkomsten beskattas d\u00e4refter enligt Modelo 210.<\/p><p data-start=\"2198\" data-end=\"2259\">\u00a0<\/p><h2 data-section-id=\"1u8nyva\" data-start=\"2266\" data-end=\"2305\">Skillnaden mellan Modelo 210 och IBI<\/h2><p data-start=\"2307\" data-end=\"2385\">Den h\u00e4r skatten \u00e4r inte samma sak som den kommunala fastighetsskatten <strong data-start=\"2377\" data-end=\"2384\">IBI<\/strong>.<\/p><ul data-start=\"2387\" data-end=\"2509\"><li data-section-id=\"120u1qj\" data-start=\"2387\" data-end=\"2434\">IBI betalas till kommunen d\u00e4r bostaden ligger<\/li><li data-section-id=\"znpbt4\" data-start=\"2435\" data-end=\"2509\">Modelo 210 \u00e4r en statlig skatt som g\u00e4ller icke residenta fastighets\u00e4gare<\/li><\/ul><p data-start=\"2511\" data-end=\"2564\">De flesta bostads\u00e4gare i Spanien beh\u00f6ver betala b\u00e5da.<\/p><p data-start=\"2511\" data-end=\"2564\">\u00a0<\/p><h2 data-section-id=\"1gdim0t\" data-start=\"2571\" data-end=\"2600\">Vad kalkylatorn inkluderar<\/h2><p data-start=\"2602\" data-end=\"2633\">Den h\u00e4r kalkylatorn uppskattar:<\/p><ul data-start=\"2635\" data-end=\"2883\"><li data-section-id=\"ep0jpn\" data-start=\"2635\" data-end=\"2671\">schablonint\u00e4kt p\u00e5 bostad i Spanien<\/li><li data-section-id=\"bv8nmz\" data-start=\"2672\" data-end=\"2732\">skatteunderlag baserat p\u00e5 valor catastral eller ink\u00f6pspris<\/li><li data-section-id=\"1s0x872\" data-start=\"2733\" data-end=\"2770\">justering f\u00f6r \u00e4garperiod under \u00e5ret<\/li><li data-section-id=\"1j2cv7s\" data-start=\"2771\" data-end=\"2805\">justering f\u00f6r uthyrningsperioder<\/li><li data-section-id=\"1hfrpj8\" data-start=\"2806\" data-end=\"2846\">skattesats beroende p\u00e5 bos\u00e4ttningsland<\/li><li data-section-id=\"1eovo1i\" data-start=\"2847\" data-end=\"2883\">uppskattad skatt enligt Modelo 210<\/li><\/ul><p data-start=\"2885\" data-end=\"2949\">Du f\u00e5r en realistisk uppskattning av din \u00e5rliga skattskyldighet.<\/p><p data-start=\"2885\" data-end=\"2949\">\u00a0<\/p><h2 data-section-id=\"1xyoep7\" data-start=\"2956\" data-end=\"2990\">Vad kalkylatorn inte inkluderar<\/h2><p data-start=\"2992\" data-end=\"3035\">F\u00f6r att h\u00e5lla ber\u00e4kningen enkel ing\u00e5r inte:<\/p><ul data-start=\"3037\" data-end=\"3279\"><li data-section-id=\"1tezey\" data-start=\"3037\" data-end=\"3071\">f\u00f6rdelning mellan flera del\u00e4gare<\/li><li data-section-id=\"q9f2rm\" data-start=\"3072\" data-end=\"3104\">f\u00f6rseningsavgifter eller r\u00e4nta<\/li><li data-section-id=\"sdmt8y\" data-start=\"3105\" data-end=\"3134\">eventuell f\u00f6rm\u00f6genhetsskatt<\/li><li data-section-id=\"fli7go\" data-start=\"3135\" data-end=\"3161\">regionala skatteeffekter<\/li><li data-section-id=\"xle6si\" data-start=\"3162\" data-end=\"3199\">dubbelbeskattningsavtal i hemlandet<\/li><li data-section-id=\"118ous\" data-start=\"3200\" data-end=\"3248\">\u00e4ndringar efter ny taxering av valor catastral<\/li><li data-section-id=\"1xg7vui\" data-start=\"3249\" data-end=\"3279\">\u00e4gande via bolag eller trust<\/li><\/ul><p data-start=\"3281\" data-end=\"3330\">Dessa faktorer kan p\u00e5verka slutligt skattebelopp.<\/p><h2 data-section-id=\"vu3q61\" data-start=\"3337\" data-end=\"3384\">\u00a0<\/h2><h2 data-section-id=\"vu3q61\" data-start=\"3337\" data-end=\"3384\">Exempel: ber\u00e4kning av spansk fastighetsskatt<\/h2><p data-start=\"3386\" data-end=\"3394\">Exempel:<\/p><p data-start=\"3396\" data-end=\"3491\">Valor catastral: 120 000 \u20ac<br data-start=\"3422\" data-end=\"3425\" \/>Uppdaterat efter 2012<br data-start=\"3446\" data-end=\"3449\" \/>\u00c4gd hela \u00e5ret<br data-start=\"3462\" data-end=\"3465\" \/>Ej uthyrd<br data-start=\"3474\" data-end=\"3477\" \/>Bosatt inom EU<\/p><p data-start=\"3493\" data-end=\"3511\">Ber\u00e4knat resultat:<\/p><p data-start=\"3513\" data-end=\"3578\">Skatteunderlag: 1 320 \u20ac<br data-start=\"3536\" data-end=\"3539\" \/>Skattesats: 19 %<br data-start=\"3555\" data-end=\"3558\" \/>Att betala: 250,80 \u20ac<\/p><p data-start=\"3580\" data-end=\"3651\">Detta ger en tydlig uppskattning av din \u00e5rliga skatt enligt Modelo 210.<\/p><h2 data-section-id=\"scc8lw\" data-start=\"3658\" data-end=\"3675\">\u00a0<\/h2><h2 data-section-id=\"scc8lw\" data-start=\"3658\" data-end=\"3675\">Vanliga fr\u00e5gor<\/h2><h3 data-section-id=\"1qllspt\" data-start=\"3677\" data-end=\"3734\">M\u00e5ste jag betala skatt \u00e4ven om bostaden inte hyrs ut?<\/h3><p data-start=\"3736\" data-end=\"3852\">Ja. Spanien tar ut skatt p\u00e5 schablonint\u00e4kt f\u00f6r bost\u00e4der som \u00e4gs av icke residenter \u00e4ven om de endast anv\u00e4nds privat.<\/p><p data-start=\"3854\" data-end=\"3893\">Den deklareras med Modelo 210 varje \u00e5r.<\/p><h3 data-section-id=\"l5lck4\" data-start=\"3900\" data-end=\"3943\">\u00a0<\/h3><h3 data-section-id=\"l5lck4\" data-start=\"3900\" data-end=\"3943\">Vad \u00e4r schablonint\u00e4kt (imputed income)?<\/h3><p data-start=\"3945\" data-end=\"4044\">Schablonint\u00e4kt \u00e4r en ber\u00e4knad inkomst som skattemyndigheten tilldelar fastigheter som inte hyrs ut.<\/p><p data-start=\"4046\" data-end=\"4121\">Den anv\u00e4nds som underlag f\u00f6r beskattning av icke residenta fastighets\u00e4gare.<\/p><h3 data-section-id=\"1yefilw\" data-start=\"4128\" data-end=\"4183\">\u00a0<\/h3><h3 data-section-id=\"1yefilw\" data-start=\"4128\" data-end=\"4183\">Vad h\u00e4nder om bostaden varit uthyrd en del av \u00e5ret?<\/h3><p data-start=\"4185\" data-end=\"4260\">D\u00e5 betalar du schablonskatt endast f\u00f6r de dagar bostaden inte varit uthyrd.<\/p><p data-start=\"4262\" data-end=\"4309\">Hyresinkomster deklareras separat i Modelo 210.<\/p><p data-start=\"4262\" data-end=\"4309\"><a href=\"https:\/\/taxadora.com\/sv\/hyresinkomstskatt-spanien\/\">https:\/\/taxadora.com\/sv\/hyresinkomstskatt-spanien\/<\/a><\/p><h3 data-section-id=\"13k5to0\" data-start=\"4316\" data-end=\"4366\">\u00a0<\/h3><h3 data-section-id=\"13k5to0\" data-start=\"4316\" data-end=\"4366\">Vad h\u00e4nder om bostaden saknar valor catastral?<\/h3><p data-start=\"4368\" data-end=\"4511\">Om bostaden \u00e4r nybyggd och saknar valor catastral anv\u00e4nds normalt 50 % av ink\u00f6pspriset som skatteunderlag tills ett taxeringsv\u00e4rde fastst\u00e4llts.<\/p><h3 data-section-id=\"ex73r\" data-start=\"4518\" data-end=\"4547\">\u00a0<\/h3><h3 data-section-id=\"ex73r\" data-start=\"4518\" data-end=\"4547\">Vilken skattesats g\u00e4ller?<\/h3><p data-start=\"4549\" data-end=\"4564\">Standardniv\u00e5er:<\/p><ul data-start=\"4566\" data-end=\"4634\"><li data-section-id=\"tjb9ko\" data-start=\"4566\" data-end=\"4591\">19 % f\u00f6r EU\/EES-bosatta<\/li><li data-section-id=\"yat9yt\" data-start=\"4592\" data-end=\"4634\">24 % f\u00f6r personer bosatta utanf\u00f6r EU\/EES<\/li><\/ul><h3 data-section-id=\"88yn1x\" data-start=\"4641\" data-end=\"4674\">\u00a0<\/h3><h3 data-section-id=\"88yn1x\" data-start=\"4641\" data-end=\"4674\">N\u00e4r ska Modelo 210 l\u00e4mnas in?<\/h3><p data-start=\"4676\" data-end=\"4763\">Deklarationen ska normalt l\u00e4mnas in senast <strong data-start=\"4719\" data-end=\"4762\">31 december \u00e5ret efter beskattnings\u00e5ret<\/strong>.<\/p><h2 data-section-id=\"amzu9i\" data-start=\"4770\" data-end=\"4814\">\u00a0<\/h2><h2 data-section-id=\"amzu9i\" data-start=\"4770\" data-end=\"4814\">Beh\u00f6ver du hj\u00e4lp att l\u00e4mna in Modelo 210?<\/h2><p data-start=\"4816\" data-end=\"4855\">Kalkylatorn ger endast en uppskattning.<\/p><p data-start=\"4857\" data-end=\"4940\">Taxadora kan hj\u00e4lpa dig att ber\u00e4kna och l\u00e4mna in din Modelo 210-deklaration online.<\/p><p data-start=\"4942\" data-end=\"4962\">Tj\u00e4nsten inkluderar:<\/p><ul data-start=\"4964\" data-end=\"5114\"><li data-section-id=\"ho1pq6\" data-start=\"4964\" data-end=\"4989\">korrekt skatteber\u00e4kning<\/li><li data-section-id=\"1i8le69\" data-start=\"4990\" data-end=\"5017\">uppr\u00e4ttande av Modelo 210<\/li><li data-section-id=\"43l90j\" data-start=\"5018\" data-end=\"5072\">elektronisk inl\u00e4mning till spanska skattemyndigheten<\/li><li data-section-id=\"aov8j0\" data-start=\"5073\" data-end=\"5114\">bekr\u00e4ftelse efter inskickad deklaration<\/li><\/ul><p data-start=\"5116\" data-end=\"5148\">Deklarera Modelo 210 online h\u00e4r:<\/p><p><a href=\"https:\/\/taxadora.com\/sv\/deklarera-som-icke-resident-modelo-210-spanien\/\">https:\/\/taxadora.com\/sv\/deklarera-som-icke-resident-modelo-210-spanien\/<\/a><\/p><p>\u00a0<\/p><h2 data-section-id=\"1ltetih\" data-start=\"5212\" data-end=\"5234\">\u00a0<\/h2><h2 data-section-id=\"1ltetih\" data-start=\"5212\" data-end=\"5234\">Ansvarsfriskrivning<\/h2><p data-start=\"5236\" data-end=\"5393\" data-is-last-node=\"\" data-is-only-node=\"\">Den h\u00e4r kalkylatorn ger endast en uppskattning och ers\u00e4tter inte individuell skatter\u00e5dgivning. Faktiska skattebelopp kan p\u00e5verkas av personliga f\u00f6rh\u00e5llanden.<\/p><p data-start=\"3239\" data-end=\"3294\">\u00a0<\/p>\t\t\t\t\t\t\t\t<\/div>\n\t\t\t\t<\/div>\n\t\t\t\t\t<\/div>\n\t\t\t\t<\/div>\n\t\t\t\t<\/div>\n\t\t","protected":false},"excerpt":{"rendered":"<p>Kalkylator f\u00f6r spansk fastighetsskatt (Modelo 210) \u2013 f\u00f6r icke residenter Om du \u00e4ger en bostad i Spanien men bor utanf\u00f6r landet m\u00e5ste du normalt l\u00e4mna in en Modelo 210-deklaration varje \u00e5r, \u00e4ven om bostaden inte hyrs ut. Spanien beskattar n\u00e4mligen s\u00e5 kallad schablonint\u00e4kt (imputerad inkomst) p\u00e5 bost\u00e4der som \u00e4gs av icke residenter. Den h\u00e4r kalkylatorn [&hellip;]<\/p>\n","protected":false},"author":1,"featured_media":0,"parent":0,"menu_order":0,"comment_status":"closed","ping_status":"closed","template":"","meta":{"footnotes":""},"class_list":["post-21171","page","type-page","status-publish","hentry"],"_links":{"self":[{"href":"https:\/\/taxadora.com\/sv\/wp-json\/wp\/v2\/pages\/21171","targetHints":{"allow":["GET"]}}],"collection":[{"href":"https:\/\/taxadora.com\/sv\/wp-json\/wp\/v2\/pages"}],"about":[{"href":"https:\/\/taxadora.com\/sv\/wp-json\/wp\/v2\/types\/page"}],"author":[{"embeddable":true,"href":"https:\/\/taxadora.com\/sv\/wp-json\/wp\/v2\/users\/1"}],"replies":[{"embeddable":true,"href":"https:\/\/taxadora.com\/sv\/wp-json\/wp\/v2\/comments?post=21171"}],"version-history":[{"count":17,"href":"https:\/\/taxadora.com\/sv\/wp-json\/wp\/v2\/pages\/21171\/revisions"}],"predecessor-version":[{"id":21208,"href":"https:\/\/taxadora.com\/sv\/wp-json\/wp\/v2\/pages\/21171\/revisions\/21208"}],"wp:attachment":[{"href":"https:\/\/taxadora.com\/sv\/wp-json\/wp\/v2\/media?parent=21171"}],"curies":[{"name":"wp","href":"https:\/\/api.w.org\/{rel}","templated":true}]}}