{"id":20936,"date":"2026-04-15T10:46:48","date_gmt":"2026-04-15T08:46:48","guid":{"rendered":"https:\/\/taxadora.com\/?page_id=20936"},"modified":"2026-04-15T13:21:52","modified_gmt":"2026-04-15T11:21:52","slug":"spanien-skattekalkylator","status":"publish","type":"page","link":"https:\/\/taxadora.com\/sv\/spanien-skattekalkylator\/","title":{"rendered":"Skattekalkylator Spanien \u2013 Ber\u00e4kna skatt i Spanien online"},"content":{"rendered":"\t\t<div data-elementor-type=\"wp-page\" data-elementor-id=\"20936\" class=\"elementor elementor-20936\" data-elementor-post-type=\"page\">\n\t\t\t\t<div class=\"elementor-element elementor-element-57e83658 e-flex e-con-boxed e-con e-parent\" data-id=\"57e83658\" data-element_type=\"container\" data-e-type=\"container\">\n\t\t\t\t\t<div class=\"e-con-inner\">\n\t\t\t\t<div class=\"elementor-element elementor-element-340bac80 elementor-widget elementor-widget-heading\" data-id=\"340bac80\" data-element_type=\"widget\" data-e-type=\"widget\" data-widget_type=\"heading.default\">\n\t\t\t\t<div class=\"elementor-widget-container\">\n\t\t\t\t\t<h1 class=\"elementor-heading-title elementor-size-default\">Skattekalkylator Spanien \u2013 Ber\u00e4kna skatt i Spanien online<\/h1>\t\t\t\t<\/div>\n\t\t\t\t<\/div>\n\t\t\t\t\t<\/div>\n\t\t\t\t<\/div>\n\t\t<div class=\"elementor-element elementor-element-4a86d6c6 e-flex e-con-boxed e-con e-parent\" data-id=\"4a86d6c6\" data-element_type=\"container\" data-e-type=\"container\">\n\t\t\t\t\t<div class=\"e-con-inner\">\n\t\t\t\t<div class=\"elementor-element elementor-element-32c8ad3c elementor-widget elementor-widget-text-editor\" data-id=\"32c8ad3c\" data-element_type=\"widget\" data-e-type=\"widget\" data-widget_type=\"text-editor.default\">\n\t\t\t\t<div class=\"elementor-widget-container\">\n\t\t\t\t\t\t\t\t\t<p data-start=\"496\" data-end=\"583\">Anv\u00e4nd v\u00e5ra skattekalkylatorer f\u00f6r Spanien f\u00f6r att snabbt och enkelt ber\u00e4kna din skatt.<\/p><p data-start=\"585\" data-end=\"783\">Dessa verktyg hj\u00e4lper residenter, icke-residenter och expats att ber\u00e4kna inkomstskatt i Spanien, skatt p\u00e5 hyresinkomster, kapitalvinstskatt vid f\u00f6rs\u00e4ljning av bostad samt skatt enligt Beckham-lagen.<\/p><p data-start=\"785\" data-end=\"848\">V\u00e4lj en kalkylator nedan f\u00f6r att uppskatta din skatt i Spanien.<\/p><p data-start=\"785\" data-end=\"848\">\u00a0<\/p><h1 data-start=\"855\" data-end=\"875\"><span style=\"color: #1569ae; font-family: 'Work Sans', sans-serif; font-size: 2rem; font-weight: 600;\">Inkomstskatt kalkylator Spanien (IRPF)<\/span><\/h1><p data-start=\"920\" data-end=\"1033\">Ber\u00e4kna hur mycket inkomstskatt du betalar p\u00e5 l\u00f6n eller pension i Spanien och uppskatta din nettol\u00f6n efter skatt.<\/p><p data-start=\"1035\" data-end=\"1090\">Passar anst\u00e4llda, pension\u00e4rer och residenter i Spanien.<\/p><p data-start=\"1092\" data-end=\"1126\"><a href=\"https:\/\/taxadora.com\/sv\/sv-skattkalkylator-spanien\/\" target=\"_blank\" rel=\"noopener\">Inkomstskatt kalkylator Spanien<\/a><\/p><h2 data-start=\"1133\" data-end=\"1174\">\u00a0<\/h2><h2 data-start=\"1133\" data-end=\"1174\">Beckham-lagen skattekalkylator Spanien<\/h2><p data-start=\"1176\" data-end=\"1330\">Ber\u00e4kna din skatt enligt det s\u00e4rskilda skattereglerna f\u00f6r expats (Beckham-lagen), inklusive l\u00f6n, hyresinkomster i Spanien, utdelningar och kapitalvinster.<\/p><p data-start=\"1332\" data-end=\"1384\">Passar personer som flyttar till Spanien f\u00f6r arbete.<\/p><p data-start=\"1386\" data-end=\"1427\"><a href=\"https:\/\/taxadora.com\/sv\/beckham-lagen-spanien-skattkalkylator\/\" target=\"_blank\" rel=\"noopener\">Beckham-lagen skattekalkylator Spanien<\/a><\/p><p data-start=\"1386\" data-end=\"1427\">\u00a0<\/p><h2 data-start=\"1434\" data-end=\"1481\">Skatt p\u00e5 hyresinkomster Spanien (Modelo 210)<\/h2><p data-start=\"1483\" data-end=\"1580\">Ber\u00e4kna hur mycket skatt du som icke-resident betalar p\u00e5 hyresinkomster fr\u00e5n fastighet i Spanien.<\/p><p data-start=\"1582\" data-end=\"1641\">Tar h\u00e4nsyn till olika skattesatser inom och utanf\u00f6r EU\/EES.<\/p><p data-start=\"1643\" data-end=\"1677\"><a href=\"https:\/\/taxadora.com\/sv\/skattkalkylator-uthyrning-spanien\/\" target=\"_blank\" rel=\"noopener\">Skatt p\u00e5 hyresinkomster Spanien<\/a><\/p><p data-start=\"1643\" data-end=\"1677\">\u00a0<\/p><h2 data-start=\"1684\" data-end=\"1736\">Kapitalvinstskatt Spanien (f\u00f6rs\u00e4ljning av bostad)<\/h2><p data-start=\"1738\" data-end=\"1836\">Ber\u00e4kna kapitalvinstskatt vid f\u00f6rs\u00e4ljning av fastighet i Spanien som resident eller icke-resident.<\/p><p data-start=\"1838\" data-end=\"1891\">Inkluderar ink\u00f6pskostnader och f\u00f6rs\u00e4ljningskostnader.<\/p><p data-start=\"1893\" data-end=\"1921\"><a href=\"https:\/\/taxadora.com\/sv\/reavinstskatt-spanien-kalkylator\/\" target=\"_blank\" rel=\"noopener\">Kapitalvinstskatt Spanien<\/a><\/p><p data-start=\"1893\" data-end=\"1921\">\u00a0<\/p><h1 data-start=\"1928\" data-end=\"1941\"><span style=\"color: #1569ae; font-family: 'Work Sans', sans-serif; font-size: 2rem; font-weight: 600;\">Varf\u00f6r anv\u00e4nda dessa skattekalkylatorer f\u00f6r Spanien?<\/span><\/h1><p data-start=\"2000\" data-end=\"2109\">V\u00e5ra skattekalkylatorer ger en snabb och tillf\u00f6rlitlig uppskattning baserad p\u00e5 aktuella spanska skatteregler.<\/p><p data-start=\"2111\" data-end=\"2141\">Med dessa kalkylatorer kan du:<\/p><ul data-start=\"2143\" data-end=\"2406\"><li data-start=\"2143\" data-end=\"2185\">uppskatta nettol\u00f6n efter skatt i Spanien<\/li><li data-start=\"2186\" data-end=\"2237\">ber\u00e4kna skatt p\u00e5 hyresinkomster som icke-resident<\/li><li data-start=\"2238\" data-end=\"2303\">uppskatta kapitalvinstskatt vid f\u00f6rs\u00e4ljning av bostad i Spanien<\/li><li data-start=\"2304\" data-end=\"2340\">ber\u00e4kna skatt enligt Beckham-lagen<\/li><li data-start=\"2341\" data-end=\"2406\">f\u00f6rbereda dig inf\u00f6r deklaration med Modelo 210 eller Modelo 151<\/li><\/ul><p data-start=\"2408\" data-end=\"2532\">\u00a0<\/p><p data-start=\"2408\" data-end=\"2532\">Verktygen \u00e4r s\u00e4rskilt anv\u00e4ndbara f\u00f6r personer som planerar att flytta till Spanien, investera i Spanien eller redan bor d\u00e4r.<\/p><h1 data-start=\"2539\" data-end=\"2552\"><span style=\"color: #1569ae; font-family: 'Work Sans', sans-serif; font-size: 2rem; font-weight: 600;\">Vem kan anv\u00e4nda dessa skattekalkylatorer f\u00f6r Spanien?<\/span><\/h1><p data-start=\"2612\" data-end=\"2658\">Dessa kalkylatorer \u00e4r s\u00e4rskilt anv\u00e4ndbara f\u00f6r:<\/p><ul data-start=\"2660\" data-end=\"2899\"><li data-start=\"2660\" data-end=\"2693\">expats som flyttar till Spanien<\/li><li data-start=\"2694\" data-end=\"2726\">personer som arbetar i Spanien<\/li><li data-start=\"2727\" data-end=\"2758\">pension\u00e4rer bosatta i Spanien<\/li><li data-start=\"2759\" data-end=\"2801\">icke-residenta fastighets\u00e4gare i Spanien<\/li><li data-start=\"2802\" data-end=\"2846\">investerare som s\u00e4ljer fastighet i Spanien<\/li><li data-start=\"2847\" data-end=\"2899\">digitala nomader och internationella yrkespersoner<\/li><\/ul><h1 data-start=\"2906\" data-end=\"2932\"><span style=\"color: #1569ae; font-family: 'Work Sans', sans-serif; font-size: 2rem; font-weight: 600;\">\u00a0<\/span><\/h1><h1 data-start=\"2906\" data-end=\"2932\"><span style=\"color: #1569ae; font-family: 'Work Sans', sans-serif; font-size: 2rem; font-weight: 600;\">Vilken skattekalkylator f\u00f6r Spanien ska jag anv\u00e4nda?<\/span><\/h1><p data-start=\"2991\" data-end=\"3064\">Anv\u00e4nd inkomstskattkalkylatorn om du arbetar eller f\u00e5r pension i Spanien.<\/p><p data-start=\"3066\" data-end=\"3157\">Anv\u00e4nd Beckham-lagen kalkylatorn om du flyttat till Spanien f\u00f6r arbete under expatreglerna.<\/p><p data-start=\"3159\" data-end=\"3248\">Anv\u00e4nd kalkylatorn f\u00f6r hyresinkomster om du hyr ut fastighet i Spanien som icke-resident.<\/p><p data-start=\"3250\" data-end=\"3322\">Anv\u00e4nd kapitalvinstskattkalkylatorn om du s\u00e4ljer en fastighet i Spanien.<\/p><p data-start=\"3250\" data-end=\"3322\">\u00a0<\/p><h1 data-start=\"3329\" data-end=\"3347\"><span style=\"color: #1569ae; font-family: 'Work Sans', sans-serif; font-size: 2rem; font-weight: 600;\">\u00c4r dessa skattekalkylatorer f\u00f6r Spanien exakta?<\/span><\/h1><p data-start=\"3401\" data-end=\"3506\">V\u00e5ra kalkylatorer ger realistiska uppskattningar baserade p\u00e5 standardregler i det spanska skattesystemet.<\/p><p data-start=\"3508\" data-end=\"3566\">De tar dock inte h\u00e4nsyn till alla m\u00f6jliga faktorer, s\u00e5som:<\/p><ul data-start=\"3568\" data-end=\"3724\"><li data-start=\"3568\" data-end=\"3615\">regionala skillnader mellan autonoma regioner<\/li><li data-start=\"3616\" data-end=\"3645\">internationella skatteavtal<\/li><li data-start=\"3646\" data-end=\"3667\">mer komplexa avdrag<\/li><li data-start=\"3668\" data-end=\"3692\">s\u00e4rskilda skatteregler<\/li><li data-start=\"3693\" data-end=\"3724\">fastigheter som \u00e4gs via bolag<\/li><\/ul><p data-start=\"3726\" data-end=\"3841\">\u00a0<\/p><p data-start=\"3726\" data-end=\"3841\">F\u00f6r en fullst\u00e4ndig och exakt skatteber\u00e4kning kan vi ta fram en personlig skatteanalys anpassad efter din situation.<\/p><p data-start=\"3726\" data-end=\"3841\">\u00a0<\/p><h1 data-start=\"3848\" data-end=\"3861\"><span style=\"color: #1569ae; font-family: 'Work Sans', sans-serif; font-size: 2rem; font-weight: 600;\">Beh\u00f6ver du en exakt skatteber\u00e4kning?<\/span><\/h1><p data-start=\"3904\" data-end=\"4090\">Om du beh\u00f6ver en mer detaljerad ber\u00e4kning som inkluderar internationella inkomster, kapitalvinster eller planering av hyresinkomster erbjuder vi en komplett skattesimulering f\u00f6r Spanien.<\/p><p data-start=\"4092\" data-end=\"4138\">Kontakta oss f\u00f6r en personlig skatteber\u00e4kning.<\/p><p data-start=\"4092\" data-end=\"4138\">\u00a0<\/p><h1 data-start=\"4145\" data-end=\"4171\"><span style=\"color: #1569ae; font-family: 'Work Sans', sans-serif; font-size: 2rem; font-weight: 600;\">Vanliga skatteber\u00e4kningar i Spanien f\u00f6r expats<\/span><\/h1><p data-start=\"4224\" data-end=\"4283\">Bes\u00f6kare anv\u00e4nder ofta v\u00e5ra kalkylatorer f\u00f6r att uppskatta:<\/p><ul data-start=\"4285\" data-end=\"4451\"><li data-start=\"4285\" data-end=\"4317\">nettol\u00f6n efter skatt i Spanien<\/li><li data-start=\"4318\" data-end=\"4346\">skatt enligt Beckham-lagen<\/li><li data-start=\"4347\" data-end=\"4392\">skatt p\u00e5 hyresinkomster f\u00f6r icke-residenter<\/li><li data-start=\"4393\" data-end=\"4451\">kapitalvinstskatt vid f\u00f6rs\u00e4ljning av fastighet i Spanien<\/li><\/ul><p data-start=\"4453\" data-end=\"4497\" data-is-last-node=\"\" data-is-only-node=\"\">\u00a0<\/p><p data-start=\"4453\" data-end=\"4497\" data-is-last-node=\"\" data-is-only-node=\"\">V\u00e4lj en kalkylator ovan f\u00f6r att komma ig\u00e5ng.<\/p>\t\t\t\t\t\t\t\t<\/div>\n\t\t\t\t<\/div>\n\t\t\t\t\t<\/div>\n\t\t\t\t<\/div>\n\t\t\t\t<\/div>\n\t\t","protected":false},"excerpt":{"rendered":"<p>Skattekalkylator Spanien \u2013 Ber\u00e4kna skatt i Spanien online Anv\u00e4nd v\u00e5ra skattekalkylatorer f\u00f6r Spanien f\u00f6r att snabbt och enkelt ber\u00e4kna din skatt. Dessa verktyg hj\u00e4lper residenter, icke-residenter och expats att ber\u00e4kna inkomstskatt i Spanien, skatt p\u00e5 hyresinkomster, kapitalvinstskatt vid f\u00f6rs\u00e4ljning av bostad samt skatt enligt Beckham-lagen. V\u00e4lj en kalkylator nedan f\u00f6r att uppskatta din skatt i [&hellip;]<\/p>\n","protected":false},"author":1,"featured_media":0,"parent":0,"menu_order":0,"comment_status":"closed","ping_status":"closed","template":"","meta":{"footnotes":""},"class_list":["post-20936","page","type-page","status-publish","hentry"],"_links":{"self":[{"href":"https:\/\/taxadora.com\/sv\/wp-json\/wp\/v2\/pages\/20936","targetHints":{"allow":["GET"]}}],"collection":[{"href":"https:\/\/taxadora.com\/sv\/wp-json\/wp\/v2\/pages"}],"about":[{"href":"https:\/\/taxadora.com\/sv\/wp-json\/wp\/v2\/types\/page"}],"author":[{"embeddable":true,"href":"https:\/\/taxadora.com\/sv\/wp-json\/wp\/v2\/users\/1"}],"replies":[{"embeddable":true,"href":"https:\/\/taxadora.com\/sv\/wp-json\/wp\/v2\/comments?post=20936"}],"version-history":[{"count":7,"href":"https:\/\/taxadora.com\/sv\/wp-json\/wp\/v2\/pages\/20936\/revisions"}],"predecessor-version":[{"id":20943,"href":"https:\/\/taxadora.com\/sv\/wp-json\/wp\/v2\/pages\/20936\/revisions\/20943"}],"wp:attachment":[{"href":"https:\/\/taxadora.com\/sv\/wp-json\/wp\/v2\/media?parent=20936"}],"curies":[{"name":"wp","href":"https:\/\/api.w.org\/{rel}","templated":true}]}}