{"id":20463,"date":"2026-03-23T16:45:20","date_gmt":"2026-03-23T15:45:20","guid":{"rendered":"https:\/\/taxadora.com\/?page_id=20463"},"modified":"2026-03-23T17:31:07","modified_gmt":"2026-03-23T16:31:07","slug":"reavinstskatt-spanien-kalkylator","status":"publish","type":"page","link":"https:\/\/taxadora.com\/sv\/reavinstskatt-spanien-kalkylator\/","title":{"rendered":"Reavinstskatt Spanien kalkylator | Skatt vid f\u00f6rs\u00e4ljning av bostad i Spanien"},"content":{"rendered":"\t\t<div data-elementor-type=\"wp-page\" data-elementor-id=\"20463\" class=\"elementor elementor-20463 elementor-20431\" data-elementor-post-type=\"page\">\n\t\t\t\t<div class=\"elementor-element elementor-element-57e83658 e-flex e-con-boxed e-con e-parent\" data-id=\"57e83658\" data-element_type=\"container\" data-e-type=\"container\">\n\t\t\t\t\t<div class=\"e-con-inner\">\n\t\t\t\t<div class=\"elementor-element elementor-element-340bac80 elementor-widget elementor-widget-heading\" data-id=\"340bac80\" data-element_type=\"widget\" data-e-type=\"widget\" data-widget_type=\"heading.default\">\n\t\t\t\t<div class=\"elementor-widget-container\">\n\t\t\t\t\t<h1 class=\"elementor-heading-title elementor-size-default\">Reavinstskatt Spanien \u2013 ber\u00e4kna skatt vid bostadsf\u00f6rs\u00e4ljning<\/h1>\t\t\t\t<\/div>\n\t\t\t\t<\/div>\n\t\t\t\t\t<\/div>\n\t\t\t\t<\/div>\n\t\t<div class=\"elementor-element elementor-element-932b7a e-flex e-con-boxed e-con e-parent\" data-id=\"932b7a\" data-element_type=\"container\" data-e-type=\"container\">\n\t\t\t\t\t<div class=\"e-con-inner\">\n\t\t\t\t<div class=\"elementor-element elementor-element-3343c337 elementor-widget elementor-widget-text-editor\" data-id=\"3343c337\" data-element_type=\"widget\" data-e-type=\"widget\" data-widget_type=\"text-editor.default\">\n\t\t\t\t<div class=\"elementor-widget-container\">\n\t\t\t\t\t\t\t\t\t<p data-start=\"912\" data-end=\"1020\">Om du s\u00e4ljer en bostad i Spanien m\u00e5ste du vanligtvis betala <strong data-start=\"972\" data-end=\"989\">reavinstskatt<\/strong> p\u00e5 vinsten fr\u00e5n f\u00f6rs\u00e4ljningen.<\/p><p data-start=\"1022\" data-end=\"1149\">Denna kalkylator hj\u00e4lper dig att snabbt uppskatta hur mycket skatt du kan beh\u00f6va betala vid f\u00f6rs\u00e4ljning av fastighet i Spanien.<\/p><p data-start=\"1151\" data-end=\"1252\">Ange anskaffningsv\u00e4rde och f\u00f6rs\u00e4ljningsv\u00e4rde nedan f\u00f6r att ber\u00e4kna din uppskattade kapitalvinstskatt.<\/p><p data-start=\"1254\" data-end=\"1361\">Anv\u00e4nd kalkylatorn f\u00f6r att ber\u00e4kna skatt vid bostadsf\u00f6rs\u00e4ljning i Spanien som resident eller icke-resident.<\/p>\t\t\t\t\t\t\t\t<\/div>\n\t\t\t\t<\/div>\n\t\t\t\t\t<\/div>\n\t\t\t\t<\/div>\n\t\t\t\t<section class=\"elementor-section elementor-top-section elementor-element elementor-element-42abdb9d elementor-section-boxed elementor-section-height-default elementor-section-height-default\" data-id=\"42abdb9d\" data-element_type=\"section\" data-e-type=\"section\">\n\t\t\t\t\t\t<div class=\"elementor-container elementor-column-gap-default\">\n\t\t\t\t\t<div class=\"elementor-column elementor-col-100 elementor-top-column elementor-element elementor-element-3e815696\" data-id=\"3e815696\" data-element_type=\"column\" data-e-type=\"column\">\n\t\t\t<div class=\"elementor-widget-wrap elementor-element-populated\">\n\t\t\t\t\t\t<div class=\"elementor-element elementor-element-28522c60 elementor-widget elementor-widget-html\" data-id=\"28522c60\" data-element_type=\"widget\" data-e-type=\"widget\" data-widget_type=\"html.default\">\n\t\t\t\t<div class=\"elementor-widget-container\">\n\t\t\t\t\t<script src=\"https:\/\/www.cognitoforms.com\/f\/seamless.js\" data-key=\"13zT0_A930qptss4osmFMg\" data-form=\"204\"><\/script>\t\t\t\t<\/div>\n\t\t\t\t<\/div>\n\t\t\t\t\t<\/div>\n\t\t<\/div>\n\t\t\t\t\t<\/div>\n\t\t<\/section>\n\t\t<div class=\"elementor-element elementor-element-4a86d6c6 e-flex e-con-boxed e-con e-parent\" data-id=\"4a86d6c6\" data-element_type=\"container\" data-e-type=\"container\">\n\t\t\t\t\t<div class=\"e-con-inner\">\n\t\t\t\t<div class=\"elementor-element elementor-element-32c8ad3c elementor-widget elementor-widget-text-editor\" data-id=\"32c8ad3c\" data-element_type=\"widget\" data-e-type=\"widget\" data-widget_type=\"text-editor.default\">\n\t\t\t\t<div class=\"elementor-widget-container\">\n\t\t\t\t\t\t\t\t\t<div class=\"text-base my-auto mx-auto [--thread-content-margin:var(--thread-content-margin-xs,calc(var(--spacing)*4))] @w-sm\/main:[--thread-content-margin:var(--thread-content-margin-sm,calc(var(--spacing)*6))] @w-lg\/main:[--thread-content-margin:var(--thread-content-margin-lg,calc(var(--spacing)*16))] px-(--thread-content-margin)\">\n<div class=\"[--thread-content-max-width:40rem] @w-lg\/main:[--thread-content-max-width:48rem] mx-auto max-w-(--thread-content-max-width) flex-1 group\/turn-messages focus-visible:outline-hidden relative flex w-full min-w-0 flex-col agent-turn\">\n<div class=\"flex max-w-full flex-col gap-4 grow\">\n<div class=\"min-h-8 text-message relative flex w-full flex-col items-end gap-2 text-start break-words whitespace-normal outline-none keyboard-focused:focus-ring [.text-message+&amp;]:mt-1\" dir=\"auto\" data-message-author-role=\"assistant\" data-message-id=\"a79b5413-6430-408d-a277-a5e4b9e875c3\" data-message-model-slug=\"gpt-5-3\">\n<div class=\"flex w-full flex-col gap-1 empty:hidden\">\n<div class=\"flex flex-col text-sm pb-25\">\n<section class=\"text-token-text-primary w-full focus:outline-none [--shadow-height:45px] has-data-writing-block:pointer-events-none has-data-writing-block:-mt-(--shadow-height) has-data-writing-block:pt-(--shadow-height) [&amp;:has([data-writing-block])&gt;*]:pointer-events-auto scroll-mt-[calc(var(--header-height)+min(200px,max(70px,20svh)))]\" dir=\"auto\" data-turn-id=\"request-69ba7d49-68ac-8394-aa9b-825a48122346-17\" data-testid=\"conversation-turn-298\" data-scroll-anchor=\"true\" data-turn=\"assistant\">\n<div class=\"text-base my-auto mx-auto pb-10 [--thread-content-margin:var(--thread-content-margin-xs,calc(var(--spacing)*4))] @w-sm\/main:[--thread-content-margin:var(--thread-content-margin-sm,calc(var(--spacing)*6))] @w-lg\/main:[--thread-content-margin:var(--thread-content-margin-lg,calc(var(--spacing)*16))] px-(--thread-content-margin)\">\n<div class=\"[--thread-content-max-width:40rem] @w-lg\/main:[--thread-content-max-width:48rem] mx-auto max-w-(--thread-content-max-width) flex-1 group\/turn-messages focus-visible:outline-hidden relative flex w-full min-w-0 flex-col agent-turn\">\n<div class=\"flex max-w-full flex-col gap-4 grow\">\n<div class=\"min-h-8 text-message relative flex w-full flex-col items-end gap-2 text-start break-words whitespace-normal outline-none keyboard-focused:focus-ring [.text-message+&amp;]:mt-1\" dir=\"auto\" tabindex=\"0\" data-message-author-role=\"assistant\" data-message-id=\"84316674-eba4-496e-8b38-552d8c8a2b61\" data-message-model-slug=\"gpt-5-3\" data-turn-start-message=\"true\">\n<div class=\"flex w-full flex-col gap-1 empty:hidden\">\n<div class=\"markdown prose dark:prose-invert w-full wrap-break-word light markdown-new-styling\">\n<h2 data-section-id=\"1574ket\" data-start=\"712\" data-end=\"766\">Hur fungerar kalkylatorn f\u00f6r reavinstskatt i Spanien<\/h2>\n<p data-start=\"768\" data-end=\"818\">Kalkylatorn ber\u00e4knar din reavinstskatt baserat p\u00e5:<\/p>\n<p data-start=\"820\" data-end=\"953\">\u2013 anskaffningsv\u00e4rdet f\u00f6r bostaden<br data-start=\"853\" data-end=\"856\">\u2013 f\u00f6rs\u00e4ljningsv\u00e4rdet f\u00f6r bostaden<br data-start=\"889\" data-end=\"892\">\u2013 kapitalvinsten fr\u00e5n f\u00f6rs\u00e4ljningen<br data-start=\"927\" data-end=\"930\">\u2013 g\u00e4llande skattesats<\/p>\n<p data-start=\"955\" data-end=\"1070\">Den skattepliktiga kapitalvinsten ber\u00e4knas normalt som skillnaden mellan f\u00f6rs\u00e4ljningsv\u00e4rdet och anskaffningsv\u00e4rdet.<\/p>\n<p data-start=\"1072\" data-end=\"1105\">Anskaffningsv\u00e4rdet kan inkludera:<\/p>\n<p data-start=\"1107\" data-end=\"1229\">\u2013 ink\u00f6pspris<br data-start=\"1119\" data-end=\"1122\">\u2013 \u00f6verl\u00e5telseskatt (ITP) eller moms<br data-start=\"1157\" data-end=\"1160\">\u2013 notarieavgifter<br data-start=\"1177\" data-end=\"1180\">\u2013 registreringsavgifter<br data-start=\"1203\" data-end=\"1206\">\u2013 juridiska kostnader<\/p>\n<p data-start=\"1231\" data-end=\"1363\">F\u00f6rs\u00e4ljningsv\u00e4rdet motsvarar normalt slutligt f\u00f6rs\u00e4ljningspris minus direkta kostnader vid f\u00f6rs\u00e4ljningen, till exempel m\u00e4klararvode.<\/p>\n<div class=\"markdown prose dark:prose-invert w-full wrap-break-word light markdown-new-styling\"><br><\/div><br>\n<h2 data-section-id=\"n0la2c\" data-start=\"1370\" data-end=\"1395\">Vad ing\u00e5r i ber\u00e4kningen<\/h2>\n<p data-start=\"1397\" data-end=\"1445\">Denna kalkylator ger en uppskattning baserad p\u00e5:<\/p>\n<p data-start=\"1447\" data-end=\"1547\">\u2013 anskaffningsv\u00e4rde<br data-start=\"1466\" data-end=\"1469\">\u2013 f\u00f6rs\u00e4ljningsv\u00e4rde<br data-start=\"1488\" data-end=\"1491\">\u2013 skattepliktig kapitalvinst<br data-start=\"1519\" data-end=\"1522\">\u2013 till\u00e4mplig skattesats<\/p>\n<p data-start=\"1549\" data-end=\"1572\">Kalkylatorn visar \u00e4ven:<\/p>\n<p data-start=\"1574\" data-end=\"1663\">\u2013 ber\u00e4knad kapitalvinst<br data-start=\"1597\" data-end=\"1600\">\u2013 till\u00e4mpad skattesats<br data-start=\"1622\" data-end=\"1625\">\u2013 uppskattat skattebelopp att betala<\/p>\n<div class=\"markdown prose dark:prose-invert w-full wrap-break-word light markdown-new-styling\"><br><\/div><br>\n<h2 data-section-id=\"19jc0bm\" data-start=\"1670\" data-end=\"1700\">Vad ing\u00e5r inte i ber\u00e4kningen<\/h2>\n<p data-start=\"1702\" data-end=\"1771\">F\u00f6r att g\u00f6ra kalkylatorn enkel att anv\u00e4nda ing\u00e5r inte vissa faktorer:<\/p>\n<p data-start=\"1773\" data-end=\"2032\">\u2013 v\u00e4rdeh\u00f6jande renoveringar som kan vara avdragsgilla<br data-start=\"1826\" data-end=\"1829\">\u2013 ytterligare f\u00f6rs\u00e4ljningskostnader som kan p\u00e5verka vinsten<br data-start=\"1888\" data-end=\"1891\">\u2013 regionala skatteregler<br data-start=\"1915\" data-end=\"1918\">\u2013 avr\u00e4kning f\u00f6r dubbelbeskattning i ditt hemland<br data-start=\"1966\" data-end=\"1969\">\u2013 s\u00e4rskilda skatteundantag<br data-start=\"1995\" data-end=\"1998\">\u2013 f\u00f6rseningsavgifter eller r\u00e4nta<\/p>\n<p data-start=\"2034\" data-end=\"2082\">Dessa faktorer kan p\u00e5verka den slutliga skatten.<\/p>\n<div class=\"markdown prose dark:prose-invert w-full wrap-break-word light markdown-new-styling\"><br><\/div><br>\n<h2 data-section-id=\"36815c\" data-start=\"2089\" data-end=\"2149\">Exempel: reavinstskatt vid f\u00f6rs\u00e4ljning av bostad i Spanien<\/h2>\n<p data-start=\"2151\" data-end=\"2159\">Exempel:<\/p>\n<p data-start=\"2161\" data-end=\"2220\">Anskaffningsv\u00e4rde: 180 000 \u20ac<br data-start=\"2189\" data-end=\"2192\">F\u00f6rs\u00e4ljningsv\u00e4rde: 250 000 \u20ac<\/p>\n<p data-start=\"2222\" data-end=\"2242\">Uppskattat resultat:<\/p>\n<p data-start=\"2244\" data-end=\"2314\">Kapitalvinst: 70 000 \u20ac<br data-start=\"2266\" data-end=\"2269\">Skattesats: 19 %<br data-start=\"2285\" data-end=\"2288\">Skatt att betala: 13 300 \u20ac<\/p>\n<p data-start=\"2316\" data-end=\"2409\">Detta ger en snabb \u00f6versikt \u00f6ver din f\u00f6rv\u00e4ntade skatt vid f\u00f6rs\u00e4ljning av fastighet i Spanien.<\/p>\n<div class=\"markdown prose dark:prose-invert w-full wrap-break-word light markdown-new-styling\"><br><\/div><br>\n<h2 data-section-id=\"ehmey3\" data-start=\"2416\" data-end=\"2459\">Vanliga fr\u00e5gor om reavinstskatt i Spanien<\/h2>\n<h3 data-section-id=\"xa9qu9\" data-start=\"2461\" data-end=\"2495\">Vad \u00e4r reavinstskatt i Spanien?<\/h3>\n<p data-start=\"2497\" data-end=\"2648\">Reavinstskatt \u00e4r skatt p\u00e5 vinsten som uppst\u00e5r n\u00e4r du s\u00e4ljer en bostad. Om f\u00f6rs\u00e4ljningspriset \u00e4r h\u00f6gre \u00e4n ink\u00f6pspriset \u00e4r vinsten normalt skattepliktig.<\/p>\n<div class=\"markdown prose dark:prose-invert w-full wrap-break-word light markdown-new-styling\"><br><\/div><br>\n<h3 data-section-id=\"13mv6r1\" data-start=\"2655\" data-end=\"2695\">Hur ber\u00e4knas reavinstskatt i Spanien?<\/h3>\n<p data-start=\"2697\" data-end=\"2797\">Skatten ber\u00e4knas vanligtvis som skillnaden mellan bostadens f\u00f6rs\u00e4ljningsv\u00e4rde och anskaffningsv\u00e4rde.<\/p>\n<div class=\"markdown prose dark:prose-invert w-full wrap-break-word light markdown-new-styling\"><br><\/div><br>\n<h3 data-section-id=\"ryf6qp\" data-start=\"2804\" data-end=\"2864\">Vad \u00e4r 3 % inneh\u00e5llen skatt f\u00f6r icke-residenta i Spanien?<\/h3>\n<p data-start=\"2866\" data-end=\"3021\">N\u00e4r en icke-resident s\u00e4ljer en bostad i Spanien m\u00e5ste k\u00f6paren h\u00e5lla inne <strong data-start=\"2939\" data-end=\"2968\">3 % av f\u00f6rs\u00e4ljningspriset<\/strong> och betala detta till den spanska skattemyndigheten.<\/p>\n<p data-start=\"3023\" data-end=\"3089\">Denna inneh\u00e5llna skatt r\u00e4knas senare av fr\u00e5n den slutliga skatten.<\/p>\n<div class=\"markdown prose dark:prose-invert w-full wrap-break-word light markdown-new-styling\"><br><\/div><br>\n<h3 data-section-id=\"19neef8\" data-start=\"3096\" data-end=\"3145\">Vad h\u00e4nder om jag s\u00e4ljer bostaden med f\u00f6rlust?<\/h3>\n<p data-start=\"3147\" data-end=\"3310\">Om ingen vinst uppst\u00e5r beh\u00f6ver du normalt inte betala reavinstskatt. Icke-residenta kan dock beh\u00f6va ans\u00f6ka om \u00e5terbetalning av den inneh\u00e5llna 3-procentiga skatten.<\/p>\n<div class=\"markdown prose dark:prose-invert w-full wrap-break-word light markdown-new-styling\"><br><\/div><br>\n<h3 data-section-id=\"10ima90\" data-start=\"3317\" data-end=\"3373\">N\u00e4r ska reavinstskatten deklareras efter f\u00f6rs\u00e4ljning?<\/h3>\n<p data-start=\"3375\" data-end=\"3505\">Efter f\u00f6rs\u00e4ljning av en bostad i Spanien m\u00e5ste deklarationen l\u00e4mnas in inom den lagstadgade tidsfristen efter f\u00f6rs\u00e4ljningsdatumet.<\/p><p data-start=\"3375\" data-end=\"3505\"><br><\/p>\n<h2 data-section-id=\"1dx75wa\" data-start=\"3512\" data-end=\"3573\">Beh\u00f6ver du hj\u00e4lp med att deklarera reavinstskatt i Spanien?<\/h2>\n<p data-start=\"3575\" data-end=\"3711\">Om du vill f\u00e5 en exakt ber\u00e4kning och korrekt deklaration efter f\u00f6rs\u00e4ljning av din bostad i Spanien kan vi hj\u00e4lpa dig med hela processen.<\/p>\n<p data-start=\"3713\" data-end=\"3735\">V\u00e5r tj\u00e4nst inkluderar:<\/p>\n<p data-start=\"3737\" data-end=\"3907\">\u2013 kontroll av anskaffnings- och f\u00f6rs\u00e4ljningsv\u00e4rden<br data-start=\"3787\" data-end=\"3790\">\u2013 ber\u00e4kning av reavinstskatt<br data-start=\"3818\" data-end=\"3821\">\u2013 deklaration f\u00f6r icke-residenta<br data-start=\"3853\" data-end=\"3856\">\u2013 \u00e5terbetalning av 3 % inneh\u00e5llen skatt vid behov<\/p>\n<div class=\"markdown prose dark:prose-invert w-full wrap-break-word light markdown-new-styling\"><br><\/div><br>\n<h3 data-section-id=\"1hirklm\" data-start=\"3914\" data-end=\"3935\">Ansvarsfriskrivning<\/h3>\n<p data-start=\"3937\" data-end=\"4091\" data-is-last-node=\"\" data-is-only-node=\"\">Denna kalkylator ger endast en uppskattning och ers\u00e4tter inte professionell skatter\u00e5dgivning. Alla individuella omst\u00e4ndigheter beaktas inte i ber\u00e4kningen.<\/p>\n<\/div>\n<\/div>\n<\/div>\n<\/div>\n<div class=\"z-0 flex min-h-[46px] justify-start\"><br><\/div><\/div><\/div><\/section><\/div>\n<\/div>\n<\/div>\n<\/div>\n<\/div>\n<\/div>\t\t\t\t\t\t\t\t<\/div>\n\t\t\t\t<\/div>\n\t\t\t\t\t<\/div>\n\t\t\t\t<\/div>\n\t\t\t\t<\/div>\n\t\t","protected":false},"excerpt":{"rendered":"<p>Reavinstskatt Spanien \u2013 ber\u00e4kna skatt vid bostadsf\u00f6rs\u00e4ljning Om du s\u00e4ljer en bostad i Spanien m\u00e5ste du vanligtvis betala reavinstskatt p\u00e5 vinsten fr\u00e5n f\u00f6rs\u00e4ljningen. Denna kalkylator hj\u00e4lper dig att snabbt uppskatta hur mycket skatt du kan beh\u00f6va betala vid f\u00f6rs\u00e4ljning av fastighet i Spanien. Ange anskaffningsv\u00e4rde och f\u00f6rs\u00e4ljningsv\u00e4rde nedan f\u00f6r att ber\u00e4kna din uppskattade kapitalvinstskatt. Anv\u00e4nd [&hellip;]<\/p>\n","protected":false},"author":1,"featured_media":0,"parent":0,"menu_order":0,"comment_status":"closed","ping_status":"closed","template":"","meta":{"footnotes":""},"class_list":["post-20463","page","type-page","status-publish","hentry"],"_links":{"self":[{"href":"https:\/\/taxadora.com\/sv\/wp-json\/wp\/v2\/pages\/20463","targetHints":{"allow":["GET"]}}],"collection":[{"href":"https:\/\/taxadora.com\/sv\/wp-json\/wp\/v2\/pages"}],"about":[{"href":"https:\/\/taxadora.com\/sv\/wp-json\/wp\/v2\/types\/page"}],"author":[{"embeddable":true,"href":"https:\/\/taxadora.com\/sv\/wp-json\/wp\/v2\/users\/1"}],"replies":[{"embeddable":true,"href":"https:\/\/taxadora.com\/sv\/wp-json\/wp\/v2\/comments?post=20463"}],"version-history":[{"count":7,"href":"https:\/\/taxadora.com\/sv\/wp-json\/wp\/v2\/pages\/20463\/revisions"}],"predecessor-version":[{"id":20471,"href":"https:\/\/taxadora.com\/sv\/wp-json\/wp\/v2\/pages\/20463\/revisions\/20471"}],"wp:attachment":[{"href":"https:\/\/taxadora.com\/sv\/wp-json\/wp\/v2\/media?parent=20463"}],"curies":[{"name":"wp","href":"https:\/\/api.w.org\/{rel}","templated":true}]}}