{"id":20395,"date":"2026-03-23T13:48:01","date_gmt":"2026-03-23T12:48:01","guid":{"rendered":"https:\/\/taxadora.com\/?page_id=20395"},"modified":"2026-03-23T14:26:20","modified_gmt":"2026-03-23T13:26:20","slug":"skattkalkylator-uthyrning-spanien","status":"publish","type":"page","link":"https:\/\/taxadora.com\/sv\/skattkalkylator-uthyrning-spanien\/","title":{"rendered":"Skattkalkylator uthyrning Spanien \u2013 Ber\u00e4kna skatt som icke-resident (Modelo 210)"},"content":{"rendered":"\t\t<div data-elementor-type=\"wp-page\" data-elementor-id=\"20395\" class=\"elementor elementor-20395 elementor-20368\" data-elementor-post-type=\"page\">\n\t\t\t\t<div class=\"elementor-element elementor-element-57e83658 e-flex e-con-boxed e-con e-parent\" data-id=\"57e83658\" data-element_type=\"container\" data-e-type=\"container\">\n\t\t\t\t\t<div class=\"e-con-inner\">\n\t\t\t\t<div class=\"elementor-element elementor-element-340bac80 elementor-widget elementor-widget-heading\" data-id=\"340bac80\" data-element_type=\"widget\" data-e-type=\"widget\" data-widget_type=\"heading.default\">\n\t\t\t\t<div class=\"elementor-widget-container\">\n\t\t\t\t\t<h1 class=\"elementor-heading-title elementor-size-default\">Skattkalkylator f\u00f6r uthyrning i Spanien (Modelo 210)<\/h1>\t\t\t\t<\/div>\n\t\t\t\t<\/div>\n\t\t\t\t\t<\/div>\n\t\t\t\t<\/div>\n\t\t<div class=\"elementor-element elementor-element-932b7a e-flex e-con-boxed e-con e-parent\" data-id=\"932b7a\" data-element_type=\"container\" data-e-type=\"container\">\n\t\t\t\t\t<div class=\"e-con-inner\">\n\t\t\t\t<div class=\"elementor-element elementor-element-3343c337 elementor-widget elementor-widget-text-editor\" data-id=\"3343c337\" data-element_type=\"widget\" data-e-type=\"widget\" data-widget_type=\"text-editor.default\">\n\t\t\t\t<div class=\"elementor-widget-container\">\n\t\t\t\t\t\t\t\t\t<p data-start=\"367\" data-end=\"519\">Om du hyr ut en bostad i Spanien som icke-resident m\u00e5ste du normalt deklarera inkomsten med <strong data-start=\"459\" data-end=\"473\">Modelo 210<\/strong> och betala skatt p\u00e5 hyresinkomster i Spanien.<\/p><p data-start=\"521\" data-end=\"646\">Denna skattkalkylator hj\u00e4lper dig att snabbt uppskatta hur mycket skatt du kan beh\u00f6va betala p\u00e5 dina hyresint\u00e4kter i Spanien.<\/p><p data-start=\"648\" data-end=\"794\">Ange dina totala hyresint\u00e4kter och avdragsgilla kostnader nedan f\u00f6r att ber\u00e4kna din uppskattade skatt som <b>icke-resident fastighets\u00e4gare<\/b> i Spanien.<\/p><p data-start=\"796\" data-end=\"911\">Anv\u00e4nd denna Modelo 210-kalkylator f\u00f6r att uppskatta din skatt p\u00e5 hyresinkomster i Spanien f\u00f6r valt beskattnings\u00e5r.<\/p>\t\t\t\t\t\t\t\t<\/div>\n\t\t\t\t<\/div>\n\t\t\t\t\t<\/div>\n\t\t\t\t<\/div>\n\t\t\t\t<section class=\"elementor-section elementor-top-section elementor-element elementor-element-42abdb9d elementor-section-boxed elementor-section-height-default elementor-section-height-default\" data-id=\"42abdb9d\" data-element_type=\"section\" data-e-type=\"section\">\n\t\t\t\t\t\t<div class=\"elementor-container elementor-column-gap-default\">\n\t\t\t\t\t<div class=\"elementor-column elementor-col-100 elementor-top-column elementor-element elementor-element-3e815696\" data-id=\"3e815696\" data-element_type=\"column\" data-e-type=\"column\">\n\t\t\t<div class=\"elementor-widget-wrap elementor-element-populated\">\n\t\t\t\t\t\t<div class=\"elementor-element elementor-element-28522c60 elementor-widget elementor-widget-html\" data-id=\"28522c60\" data-element_type=\"widget\" data-e-type=\"widget\" data-widget_type=\"html.default\">\n\t\t\t\t<div class=\"elementor-widget-container\">\n\t\t\t\t\t<script src=\"https:\/\/www.cognitoforms.com\/f\/seamless.js\" data-key=\"13zT0_A930qptss4osmFMg\" data-form=\"196\"><\/script>\t\t\t\t<\/div>\n\t\t\t\t<\/div>\n\t\t\t\t\t<\/div>\n\t\t<\/div>\n\t\t\t\t\t<\/div>\n\t\t<\/section>\n\t\t<div class=\"elementor-element elementor-element-4a86d6c6 e-flex e-con-boxed e-con e-parent\" data-id=\"4a86d6c6\" data-element_type=\"container\" data-e-type=\"container\">\n\t\t\t\t\t<div class=\"e-con-inner\">\n\t\t\t\t<div class=\"elementor-element elementor-element-32c8ad3c elementor-widget elementor-widget-text-editor\" data-id=\"32c8ad3c\" data-element_type=\"widget\" data-e-type=\"widget\" data-widget_type=\"text-editor.default\">\n\t\t\t\t<div class=\"elementor-widget-container\">\n\t\t\t\t\t\t\t\t\t<h2>Hur skattkalkylatorn f\u00f6r uthyrning i Spanien fungerar<\/h2><p data-start=\"975\" data-end=\"1047\">Kalkylatorn uppskattar din skatt p\u00e5 hyresinkomster i Spanien baserat p\u00e5:<\/p><ul data-start=\"1049\" data-end=\"1216\"><li data-section-id=\"sq4qdq\" data-start=\"1049\" data-end=\"1099\">dina totala hyresint\u00e4kter under beskattnings\u00e5ret<\/li><li data-section-id=\"1u6uuil\" data-start=\"1100\" data-end=\"1141\">avdragsgilla kostnader (om till\u00e4mpligt)<\/li><li data-section-id=\"iq2g3r\" data-start=\"1142\" data-end=\"1172\">ditt skatter\u00e4ttsliga hemvist<\/li><li data-section-id=\"16pwll9\" data-start=\"1173\" data-end=\"1216\">till\u00e4mplig skattesats f\u00f6r icke-residenter<\/li><\/ul><p data-start=\"1218\" data-end=\"1303\">\u00a0<\/p><p data-start=\"1218\" data-end=\"1303\">Om du \u00e4r bosatt inom EU eller EES kan vissa kostnader dras av innan skatten ber\u00e4knas.<\/p><p data-start=\"1305\" data-end=\"1390\">Om du \u00e4r bosatt utanf\u00f6r EU eller EES ber\u00e4knas skatten normalt p\u00e5 bruttohyresint\u00e4kten.<\/p><h1 data-section-id=\"3mvw79\" data-start=\"1397\" data-end=\"1426\">\u00a0<\/h1><h2>Vad som ing\u00e5r i ber\u00e4kningen<\/h2><p data-start=\"1428\" data-end=\"1476\">Denna kalkylator ger en uppskattning baserad p\u00e5:<\/p><ul data-start=\"1478\" data-end=\"1626\"><li data-section-id=\"1ei8dhp\" data-start=\"1478\" data-end=\"1518\">hyresint\u00e4kter fr\u00e5n fastighet i Spanien<\/li><li data-section-id=\"xo0du\" data-start=\"1519\" data-end=\"1560\">avdragsgilla kostnader (EU\/EES-bosatta)<\/li><li data-section-id=\"vte8c1\" data-start=\"1561\" data-end=\"1604\">g\u00e4llande skattesatser f\u00f6r icke-residenter<\/li><li data-section-id=\"1nr16mr\" data-start=\"1605\" data-end=\"1626\">valt beskattnings\u00e5r<\/li><\/ul><p data-start=\"1628\" data-end=\"1651\">\u00a0<\/p><p data-start=\"1628\" data-end=\"1651\">Kalkylatorn visar \u00e4ven:<\/p><ul data-start=\"1653\" data-end=\"1740\"><li data-section-id=\"chlov8\" data-start=\"1653\" data-end=\"1664\">skattebas<\/li><li data-section-id=\"196vlho\" data-start=\"1665\" data-end=\"1689\">avdragsgilla kostnader<\/li><li data-section-id=\"sxruio\" data-start=\"1690\" data-end=\"1712\">till\u00e4mpad skattesats<\/li><li data-section-id=\"1ysjise\" data-start=\"1713\" data-end=\"1740\">ber\u00e4knad skatt att betala<\/li><\/ul><h1 data-section-id=\"15e96oj\" data-start=\"1747\" data-end=\"1781\">\u00a0<\/h1><h2>Vad som inte ing\u00e5r i ber\u00e4kningen<\/h2><p data-start=\"1783\" data-end=\"1846\">F\u00f6r att g\u00f6ra kalkylatorn enkel att anv\u00e4nda ing\u00e5r inte f\u00f6ljande:<\/p><ul data-start=\"1848\" data-end=\"2082\"><li data-section-id=\"1wexqbr\" data-start=\"1848\" data-end=\"1905\"><b>schablonavdrag som vi r\u00e4knar ut \u00e5t er som s\u00e4nker er skatt<\/b><\/li><li data-section-id=\"1wexqbr\" data-start=\"1848\" data-end=\"1905\">ytterligare avdragsm\u00f6jligheter som kan minska din skatt<\/li><li data-section-id=\"q9f2rm\" data-start=\"1906\" data-end=\"1938\">f\u00f6rseningsavgifter eller r\u00e4nta<\/li><li data-section-id=\"1pcswok\" data-start=\"1939\" data-end=\"1985\">s\u00e4rskilda \u00e4garstrukturer (bolag, trust m.m.)<\/li><li data-section-id=\"btyatf\" data-start=\"1986\" data-end=\"2033\">f\u00f6rdelning av inkomster mellan flera del\u00e4gare<\/li><li data-section-id=\"tccubp\" data-start=\"2034\" data-end=\"2082\">avr\u00e4kning f\u00f6r dubbelbeskattning i ditt hemland (i Sverige r\u00e4knar du av den spanska skatten)<\/li><\/ul><p data-start=\"2084\" data-end=\"2132\">\u00a0<\/p><p data-start=\"2084\" data-end=\"2132\">Dessa faktorer kan p\u00e5verka den slutliga skatten.<\/p><h1 data-section-id=\"ddxeqi\" data-start=\"2139\" data-end=\"2203\">\u00a0<\/h1><h2>Exempel: skatt p\u00e5 hyresinkomster i Spanien f\u00f6r icke-residenter<\/h2><p data-start=\"2205\" data-end=\"2213\">Exempel:<\/p><p data-start=\"2215\" data-end=\"2289\">Hyresint\u00e4kter: 10 000 \u20ac<br data-start=\"2238\" data-end=\"2241\" \/>Avdragsgilla kostnader: 4 000 \u20ac<br data-start=\"2272\" data-end=\"2275\" \/>Bosatt inom EU<\/p><p data-start=\"2291\" data-end=\"2309\">Ber\u00e4knat resultat:<\/p><p data-start=\"2311\" data-end=\"2376\">Skattebas: 6 000 \u20ac<br data-start=\"2329\" data-end=\"2332\" \/>Skattesats: 19 %<br data-start=\"2348\" data-end=\"2351\" \/>Skatt att betala: 1 140 \u20ac<\/p><p data-start=\"2378\" data-end=\"2441\">Detta ger en snabb uppskattning av din skatt enligt Modelo 210.<\/p><h1 data-section-id=\"lqjrrm\" data-start=\"2448\" data-end=\"2496\">\u00a0<\/h1><h2>Vanliga fr\u00e5gor om skatt p\u00e5 uthyrning i Spanien<\/h2><h3>M\u00e5ste icke-residenter betala skatt p\u00e5 hyresinkomster i Spanien?<\/h3><p data-start=\"2566\" data-end=\"2701\">Ja. Icke-residenter som har hyresint\u00e4kter fr\u00e5n fastighet i Spanien m\u00e5ste deklarera inkomsten med Modelo 210 och betala skatt i Spanien.<\/p><p data-start=\"2566\" data-end=\"2701\">Den spanska skatten blir avr\u00e4kningsbar i Sverige d\u00e4r du ocks\u00e5 ska deklarera (enligt svenska avdragsregler).<\/p><h2 data-section-id=\"121xp9q\" data-start=\"2708\" data-end=\"2749\">\u00a0<\/h2><h2 data-section-id=\"121xp9q\" data-start=\"2708\" data-end=\"2749\">\u00a0<\/h2><h3>Vilka kostnader f\u00e5r EU-bosatta dra av?<\/h3><p data-start=\"2751\" data-end=\"2853\">Personer bosatta inom EU eller EES kan dra av vissa kostnader kopplade till uthyrningen, till exempel:<\/p><ul data-start=\"2855\" data-end=\"2966\"><li data-section-id=\"190vwrx\" data-start=\"2855\" data-end=\"2878\">samf\u00e4llighetsavgifter<\/li><li data-section-id=\"16elskh\" data-start=\"2879\" data-end=\"2900\">underh\u00e5llskostnader<\/li><li data-section-id=\"nk0dr8\" data-start=\"2901\" data-end=\"2913\">f\u00f6rs\u00e4kring<\/li><li data-section-id=\"hwmmkb\" data-start=\"2914\" data-end=\"2942\">bol\u00e5ner\u00e4nta (i vissa fall)<\/li><li data-section-id=\"189csqv\" data-start=\"2943\" data-end=\"2966\">f\u00f6rvaltningskostnader<\/li><\/ul><h2 data-section-id=\"11o5n22\" data-start=\"2973\" data-end=\"3030\">\u00a0<\/h2><h3>Vilken skattesats g\u00e4ller f\u00f6r hyresinkomster i Spanien?<\/h3><p data-start=\"3032\" data-end=\"3058\">Standardskattesatserna \u00e4r:<\/p><ul data-start=\"3060\" data-end=\"3124\"><li data-section-id=\"1ck4p0w\" data-start=\"3060\" data-end=\"3090\">19 % f\u00f6r bosatta inom EU\/EES<\/li><li data-section-id=\"1roowqf\" data-start=\"3091\" data-end=\"3124\">24 % f\u00f6r bosatta utanf\u00f6r EU\/EES<\/li><\/ul><h2 data-section-id=\"k163a5\" data-start=\"3131\" data-end=\"3168\">\u00a0<\/h2><h3>Hur ofta ska Modelo 210 l\u00e4mnas in?<\/h3><p data-start=\"3170\" data-end=\"3248\">Hyresinkomster deklareras normalt <strong data-start=\"3204\" data-end=\"3214\">\u00e5rsvis<\/strong> n\u00e4r fastigheten har varit uthyrd.<\/p><h1 data-section-id=\"wvw249\" data-start=\"3255\" data-end=\"3302\">\u00a0<\/h1><h2>Beh\u00f6ver du hj\u00e4lp med att l\u00e4mna in Modelo 210?<\/h2><p data-start=\"3304\" data-end=\"3461\">Om du vill f\u00e5 en korrekt ber\u00e4kning och s\u00e4ker deklaration av din skatt p\u00e5 hyresinkomster i Spanien kan vi hj\u00e4lpa dig att uppr\u00e4tta och l\u00e4mna in din Modelo 210.<\/p><p data-start=\"3463\" data-end=\"3485\">V\u00e5r tj\u00e4nst inkluderar:<\/p><ul data-start=\"3487\" data-end=\"3624\"><li data-section-id=\"dory48\" data-start=\"3487\" data-end=\"3523\">ber\u00e4kning av schablonavdrag<\/li><li data-section-id=\"dory48\" data-start=\"3487\" data-end=\"3523\">kontroll av avdragsgilla kostnader<\/li><li data-section-id=\"1c7e8io\" data-start=\"3524\" data-end=\"3541\">skatteber\u00e4kning<\/li><li data-section-id=\"1i8le69\" data-start=\"3542\" data-end=\"3569\">uppr\u00e4ttande av Modelo 210<\/li><li data-section-id=\"43l90j\" data-start=\"3570\" data-end=\"3624\">elektronisk inl\u00e4mning till spanska skattemyndigheten<\/li><\/ul><h1 data-section-id=\"1hirklm\" data-start=\"3631\" data-end=\"3652\">\u00a0<\/h1><h3>Ansvarsfriskrivning<\/h3><p data-start=\"3654\" data-end=\"3814\" data-is-last-node=\"\" data-is-only-node=\"\">Denna kalkylator ger endast en uppskattning och ers\u00e4tter inte professionell skatter\u00e5dgivning. Ber\u00e4kningen tar inte h\u00e4nsyn till alla individuella omst\u00e4ndigheter.<\/p>\t\t\t\t\t\t\t\t<\/div>\n\t\t\t\t<\/div>\n\t\t\t\t\t<\/div>\n\t\t\t\t<\/div>\n\t\t\t\t<\/div>\n\t\t","protected":false},"excerpt":{"rendered":"<p>Skattkalkylator f\u00f6r uthyrning i Spanien (Modelo 210) Om du hyr ut en bostad i Spanien som icke-resident m\u00e5ste du normalt deklarera inkomsten med Modelo 210 och betala skatt p\u00e5 hyresinkomster i Spanien. Denna skattkalkylator hj\u00e4lper dig att snabbt uppskatta hur mycket skatt du kan beh\u00f6va betala p\u00e5 dina hyresint\u00e4kter i Spanien. Ange dina totala hyresint\u00e4kter [&hellip;]<\/p>\n","protected":false},"author":1,"featured_media":0,"parent":0,"menu_order":0,"comment_status":"closed","ping_status":"closed","template":"","meta":{"footnotes":""},"class_list":["post-20395","page","type-page","status-publish","hentry"],"_links":{"self":[{"href":"https:\/\/taxadora.com\/sv\/wp-json\/wp\/v2\/pages\/20395","targetHints":{"allow":["GET"]}}],"collection":[{"href":"https:\/\/taxadora.com\/sv\/wp-json\/wp\/v2\/pages"}],"about":[{"href":"https:\/\/taxadora.com\/sv\/wp-json\/wp\/v2\/types\/page"}],"author":[{"embeddable":true,"href":"https:\/\/taxadora.com\/sv\/wp-json\/wp\/v2\/users\/1"}],"replies":[{"embeddable":true,"href":"https:\/\/taxadora.com\/sv\/wp-json\/wp\/v2\/comments?post=20395"}],"version-history":[{"count":10,"href":"https:\/\/taxadora.com\/sv\/wp-json\/wp\/v2\/pages\/20395\/revisions"}],"predecessor-version":[{"id":20405,"href":"https:\/\/taxadora.com\/sv\/wp-json\/wp\/v2\/pages\/20395\/revisions\/20405"}],"wp:attachment":[{"href":"https:\/\/taxadora.com\/sv\/wp-json\/wp\/v2\/media?parent=20395"}],"curies":[{"name":"wp","href":"https:\/\/api.w.org\/{rel}","templated":true}]}}