{"id":19996,"date":"2026-03-18T14:20:43","date_gmt":"2026-03-18T13:20:43","guid":{"rendered":"https:\/\/taxadora.com\/?page_id=19996"},"modified":"2026-03-19T12:12:38","modified_gmt":"2026-03-19T11:12:38","slug":"sv-skattkalkylator-spanien","status":"publish","type":"page","link":"https:\/\/taxadora.com\/sv\/sv-skattkalkylator-spanien\/","title":{"rendered":"Skattkalkylator Spanien 2026 | Inkomstskatt och Nettol\u00f6n"},"content":{"rendered":"\t\t<div data-elementor-type=\"wp-page\" data-elementor-id=\"19996\" class=\"elementor elementor-19996 elementor-19904\" data-elementor-post-type=\"page\">\n\t\t\t\t<div class=\"elementor-element elementor-element-57e83658 e-flex e-con-boxed e-con e-parent\" data-id=\"57e83658\" data-element_type=\"container\" data-e-type=\"container\">\n\t\t\t\t\t<div class=\"e-con-inner\">\n\t\t\t\t<div class=\"elementor-element elementor-element-340bac80 elementor-widget elementor-widget-heading\" data-id=\"340bac80\" data-element_type=\"widget\" data-e-type=\"widget\" data-widget_type=\"heading.default\">\n\t\t\t\t<div class=\"elementor-widget-container\">\n\t\t\t\t\t<h1 class=\"elementor-heading-title elementor-size-default\">Skattkalkylator Spanien 2026 \u2013 Ber\u00e4kna din inkomstskatt och nettol\u00f6n<\/h1>\t\t\t\t<\/div>\n\t\t\t\t<\/div>\n\t\t\t\t\t<\/div>\n\t\t\t\t<\/div>\n\t\t<div class=\"elementor-element elementor-element-932b7a e-flex e-con-boxed e-con e-parent\" data-id=\"932b7a\" data-element_type=\"container\" data-e-type=\"container\">\n\t\t\t\t\t<div class=\"e-con-inner\">\n\t\t\t\t<div class=\"elementor-element elementor-element-3343c337 elementor-widget elementor-widget-text-editor\" data-id=\"3343c337\" data-element_type=\"widget\" data-e-type=\"widget\" data-widget_type=\"text-editor.default\">\n\t\t\t\t<div class=\"elementor-widget-container\">\n\t\t\t\t\t\t\t\t\t<p>Denna skattkalkylator f\u00f6r Spanien hj\u00e4lper dig att snabbt ber\u00e4kna hur mycket inkomstskatt du betalar p\u00e5 din l\u00f6n eller pension och vad din nettoinkomst blir efter skatt.<\/p><p>Kalkylatorn \u00e4r utformad f\u00f6r personer som bor i Spanien och vill f\u00e5 en snabb och tillf\u00f6rlitlig uppskattning av sin \u00e5rliga skattebelastning.<\/p><p>Ange din bruttol\u00f6n eller pension nedan f\u00f6r att direkt ber\u00e4kna din inkomstskatt och nettoinkomst efter skatt i Spanien.<\/p><p>Anv\u00e4nd denna skattkalkylator f\u00f6r Spanien f\u00f6r att enkelt ber\u00e4kna din nettoinkomst och skatt i Spanien.<\/p>\t\t\t\t\t\t\t\t<\/div>\n\t\t\t\t<\/div>\n\t\t\t\t\t<\/div>\n\t\t\t\t<\/div>\n\t\t\t\t<section class=\"elementor-section elementor-top-section elementor-element elementor-element-42abdb9d elementor-section-boxed elementor-section-height-default elementor-section-height-default\" data-id=\"42abdb9d\" data-element_type=\"section\" data-e-type=\"section\">\n\t\t\t\t\t\t<div class=\"elementor-container elementor-column-gap-default\">\n\t\t\t\t\t<div class=\"elementor-column elementor-col-100 elementor-top-column elementor-element elementor-element-3e815696\" data-id=\"3e815696\" data-element_type=\"column\" data-e-type=\"column\">\n\t\t\t<div class=\"elementor-widget-wrap elementor-element-populated\">\n\t\t\t\t\t\t<div class=\"elementor-element elementor-element-28522c60 elementor-widget elementor-widget-html\" data-id=\"28522c60\" data-element_type=\"widget\" data-e-type=\"widget\" data-widget_type=\"html.default\">\n\t\t\t\t<div class=\"elementor-widget-container\">\n\t\t\t\t\t<script src=\"https:\/\/www.cognitoforms.com\/f\/seamless.js\" data-key=\"13zT0_A930qptss4osmFMg\" data-form=\"194\"><\/script>\t\t\t\t<\/div>\n\t\t\t\t<\/div>\n\t\t\t\t\t<\/div>\n\t\t<\/div>\n\t\t\t\t\t<\/div>\n\t\t<\/section>\n\t\t<div class=\"elementor-element elementor-element-4a86d6c6 e-flex e-con-boxed e-con e-parent\" data-id=\"4a86d6c6\" data-element_type=\"container\" data-e-type=\"container\">\n\t\t\t\t\t<div class=\"e-con-inner\">\n\t\t\t\t<div class=\"elementor-element elementor-element-32c8ad3c elementor-widget elementor-widget-text-editor\" data-id=\"32c8ad3c\" data-element_type=\"widget\" data-e-type=\"widget\" data-widget_type=\"text-editor.default\">\n\t\t\t\t<div class=\"elementor-widget-container\">\n\t\t\t\t\t\t\t\t\t<p>Anv\u00e4nd denna skattkalkylator f\u00f6r Spanien f\u00f6r att uppskatta din nettol\u00f6n och inkomstskatt i Spanien f\u00f6r 2026.<\/p><p>Denna kalkylator baseras p\u00e5 aktuella spanska skatteregler och ger en tillf\u00f6rlitlig uppskattning av din inkomstskatt.<\/p><h2>Hur fungerar skattkalkylatorn f\u00f6r Spanien<\/h2><p>Kalkylatorn ber\u00e4knar din skatt baserat p\u00e5 de viktigaste delarna av det spanska IRPF-systemet:<\/p><p>&#8211; Progressiva skattesatser<br \/>&#8211; Personligt grundavdrag (m\u00ednimo personal)<br \/>&#8211; Avdrag f\u00f6r barn<br \/>&#8211; Sociala avgifter (f\u00f6r anst\u00e4llda)<br \/>&#8211; Arbetsrelaterade skattereduktioner<br \/>&#8211; Beskattning av pensioner<\/p><p>Om du arbetar drar kalkylatorn av sociala avgifter och till\u00e4mpar relevanta avdrag.<\/p><p>Om du \u00e4r pension\u00e4r ber\u00e4knas skatten enligt reglerna f\u00f6r pensionsinkomster.<\/p><h2>Vad ing\u00e5r<\/h2><p>Denna kalkylator ger en realistisk uppskattning baserad p\u00e5:<\/p><p>&#8211; Din bruttol\u00f6n eller pension<br \/>&#8211; Din \u00e5lder<br \/>&#8211; Antalet barn under 25 \u00e5r som bor med dig<br \/>&#8211; Standardavdrag och familjeavdrag<\/p><p>Den visar ocks\u00e5:<\/p><p>&#8211; Total inkomstskatt<br \/>&#8211; Effektiv skattesats (%)<br \/>&#8211; Nettoinkomst efter skatt<\/p><h2>Vad ing\u00e5r inte<\/h2><p>F\u00f6r att h\u00e5lla kalkylatorn enkel och l\u00e4tt att anv\u00e4nda ing\u00e5r inte vissa faktorer:<\/p><p>&#8211; Regionala skillnader (autonoma regioner)<br \/>&#8211; Kapitalvinster (aktier, kryptovalutor etc.)<br \/>&#8211; Hyresinkomster<br \/>&#8211; R\u00e4nte- eller utdelningsinkomster<br \/>&#8211; S\u00e4rskilda skatteregler<\/p><p>Dessa faktorer kan p\u00e5verka din slutliga skatt.<\/p><h2>Exempel: inkomstskatt i Spanien<\/h2><p>Till exempel:<\/p><p>&#8211; L\u00f6n: \u20ac30.000<br \/>&#8211; Inga barn<br \/>&#8211; Under 65 \u00e5r<\/p><p>Kalkylatorn uppskattar:<\/p><p>&#8211; Betald inkomstskatt<br \/>&#8211; Effektiv skattesats<br \/>&#8211; Nettoinkomst efter skatt<\/p><p>Detta ger dig en snabb \u00f6verblick \u00f6ver din skattesituation i Spanien.<\/p><h2>Vanliga fr\u00e5gor om skatt i Spanien<\/h2><h3>Hur ber\u00e4knas inkomstskatt i Spanien?<\/h3><p>Spanien anv\u00e4nder ett progressivt skattesystem. Det inneb\u00e4r att h\u00f6gre inkomster beskattas med h\u00f6gre skattesatser. Din slutliga skatt beror p\u00e5 din inkomst, avdrag och personliga situation.<\/p><h3>Vad \u00e4r IRPF?<\/h3><p>IRPF (Impuesto sobre la Renta de las Personas F\u00edsicas) \u00e4r den huvudsakliga inkomstskatten i Spanien. Den g\u00e4ller f\u00f6r l\u00f6ner, pensioner och andra inkomster.<\/p><h3>Hur mycket skatt betalar man i Spanien?<\/h3><p>Det beror p\u00e5 din inkomst och situation. Som en generell riktlinje ligger den effektiva skatten oftast mellan 15 % och 45 %.<\/p><h3>Beskattas pensioner i Spanien?<\/h3><p>Ja. Pensioner beskattas vanligtvis som arbetsinkomst. I vissa fall kan utl\u00e4ndska pensioner vara undantagna eller ge r\u00e4tt till avr\u00e4kning. L\u00e4s mer h\u00e4r: https:\/\/taxadora.com\/taxes-for-residents-in-spain\/<\/p><h3>Tar denna kalkylator h\u00e4nsyn till alla skatter?<\/h3><p>Nej. Detta \u00e4r en f\u00f6renklad kalkylator som ger en uppskattning. Alla inkomster och individuella situationer tas inte med.<\/p><h2>Beh\u00f6ver du en mer exakt skatteber\u00e4kning?<\/h2><p>Om du beh\u00f6ver en komplett och exakt ber\u00e4kning, inklusive:<\/p><p>&#8211; Kapitalvinster<br \/>&#8211; Hyresinkomster<br \/>&#8211; Internationella inkomster<br \/>&#8211; Skatteplanering<\/p><p>erbjuder vi en fullst\u00e4ndig skattesimulering anpassad efter din situation.<\/p><h3>Ansvarsfriskrivning<\/h3><p>Denna kalkylator ger endast en uppskattning. Den ers\u00e4tter inte professionell skatter\u00e5dgivning och tar inte h\u00e4nsyn till alla m\u00f6jliga variabler eller individuella omst\u00e4ndigheter.<\/p>\t\t\t\t\t\t\t\t<\/div>\n\t\t\t\t<\/div>\n\t\t\t\t\t<\/div>\n\t\t\t\t<\/div>\n\t\t\t\t<\/div>\n\t\t","protected":false},"excerpt":{"rendered":"<p>Skattkalkylator Spanien 2026 \u2013 Ber\u00e4kna din inkomstskatt och nettol\u00f6n Denna skattkalkylator f\u00f6r Spanien hj\u00e4lper dig att snabbt ber\u00e4kna hur mycket inkomstskatt du betalar p\u00e5 din l\u00f6n eller pension och vad din nettoinkomst blir efter skatt. Kalkylatorn \u00e4r utformad f\u00f6r personer som bor i Spanien och vill f\u00e5 en snabb och tillf\u00f6rlitlig uppskattning av sin \u00e5rliga [&hellip;]<\/p>\n","protected":false},"author":1,"featured_media":0,"parent":0,"menu_order":0,"comment_status":"closed","ping_status":"closed","template":"","meta":{"footnotes":""},"class_list":["post-19996","page","type-page","status-publish","hentry"],"_links":{"self":[{"href":"https:\/\/taxadora.com\/sv\/wp-json\/wp\/v2\/pages\/19996","targetHints":{"allow":["GET"]}}],"collection":[{"href":"https:\/\/taxadora.com\/sv\/wp-json\/wp\/v2\/pages"}],"about":[{"href":"https:\/\/taxadora.com\/sv\/wp-json\/wp\/v2\/types\/page"}],"author":[{"embeddable":true,"href":"https:\/\/taxadora.com\/sv\/wp-json\/wp\/v2\/users\/1"}],"replies":[{"embeddable":true,"href":"https:\/\/taxadora.com\/sv\/wp-json\/wp\/v2\/comments?post=19996"}],"version-history":[{"count":7,"href":"https:\/\/taxadora.com\/sv\/wp-json\/wp\/v2\/pages\/19996\/revisions"}],"predecessor-version":[{"id":20003,"href":"https:\/\/taxadora.com\/sv\/wp-json\/wp\/v2\/pages\/19996\/revisions\/20003"}],"wp:attachment":[{"href":"https:\/\/taxadora.com\/sv\/wp-json\/wp\/v2\/media?parent=19996"}],"curies":[{"name":"wp","href":"https:\/\/api.w.org\/{rel}","templated":true}]}}