{"id":1867,"date":"2019-10-23T15:07:28","date_gmt":"2019-10-23T15:07:28","guid":{"rendered":"https:\/\/spanienskatt.se\/?page_id=1867"},"modified":"2025-07-07T15:18:37","modified_gmt":"2025-07-07T13:18:37","slug":"vilka-ar-vi","status":"publish","type":"page","link":"https:\/\/taxadora.com\/sv\/vilka-ar-vi\/","title":{"rendered":"Vilka \u00e4r vi?"},"content":{"rendered":"\t\t<div data-elementor-type=\"wp-page\" data-elementor-id=\"1867\" class=\"elementor elementor-1867 elementor-1924\" data-elementor-post-type=\"page\">\n\t\t\t\t\t\t<section class=\"elementor-section elementor-top-section elementor-element elementor-element-44cdc04 elementor-section-boxed elementor-section-height-default elementor-section-height-default\" data-id=\"44cdc04\" data-element_type=\"section\" data-e-type=\"section\">\n\t\t\t\t\t\t<div class=\"elementor-container elementor-column-gap-default\">\n\t\t\t\t\t<div class=\"elementor-column elementor-col-100 elementor-top-column elementor-element elementor-element-eb4cbd2\" data-id=\"eb4cbd2\" data-element_type=\"column\" data-e-type=\"column\">\n\t\t\t<div class=\"elementor-widget-wrap elementor-element-populated\">\n\t\t\t\t\t\t<div class=\"elementor-element elementor-element-e47c549 elementor-widget elementor-widget-heading\" data-id=\"e47c549\" data-element_type=\"widget\" data-e-type=\"widget\" data-widget_type=\"heading.default\">\n\t\t\t\t<div class=\"elementor-widget-container\">\n\t\t\t\t\t<h2 class=\"elementor-heading-title elementor-size-default\">Vilka \u00e4r vi som hj\u00e4lper dig med din spanska skatt?<\/h2>\t\t\t\t<\/div>\n\t\t\t\t<\/div>\n\t\t\t\t\t<\/div>\n\t\t<\/div>\n\t\t\t\t\t<\/div>\n\t\t<\/section>\n\t\t\t\t<section class=\"elementor-section elementor-top-section elementor-element elementor-element-6d05ccec elementor-section-boxed elementor-section-height-default elementor-section-height-default\" data-id=\"6d05ccec\" data-element_type=\"section\" data-e-type=\"section\">\n\t\t\t\t\t\t<div class=\"elementor-container elementor-column-gap-default\">\n\t\t\t\t\t<div class=\"elementor-column elementor-col-100 elementor-top-column elementor-element elementor-element-62af1125\" data-id=\"62af1125\" data-element_type=\"column\" data-e-type=\"column\">\n\t\t\t<div class=\"elementor-widget-wrap elementor-element-populated\">\n\t\t\t\t\t\t<div class=\"elementor-element elementor-element-3d553393 elementor-widget elementor-widget-text-editor\" data-id=\"3d553393\" data-element_type=\"widget\" data-e-type=\"widget\" data-widget_type=\"text-editor.default\">\n\t\t\t\t<div class=\"elementor-widget-container\">\n\t\t\t\t\t\t\t\t\t<p>Vi \u00e4r en spansk bokf\u00f6ringsbyr\u00e5 och skatter\u00e5dgivare &#8211; p\u00e5 svenska &#8211; p\u00e5 n\u00e4tet.&nbsp;<\/p>\n<p><span style=\"font-family: var( --e-global-typography-text-font-family ), Sans-serif; font-weight: var( --e-global-typography-text-font-weight ); background-color: var( --e-global-color-25ec0930 ); font-size: 1rem;\">Teamet p\u00e5 Taxadora.com best\u00e5r av ekonomer och jurister som har l\u00e5ng erfarenhet av spansk beskattning och bokf\u00f6ring. Vi \u00e4r ocks\u00e5 medlemmar i ett n\u00e4tverk som \u00e4ven inkluderar andra yrkeskategorier som spanska arkitekter. Det \u00e4r ganska vanligt att v\u00e5ra kunder g\u00f6r avdrag f\u00f6r t.ex. reparationer n\u00e4r man hyr ut sin bostad och d\u00e5 \u00e4r det ofta bra att f\u00e5 hj\u00e4lp av en spansk arkitekt som kan regelverken kring t.ex. bygglov.<\/span><\/p>\n<p>F\u00f6r den nordiska kundsupporten ansvarar Vilho Heiskanen som ni s\u00e4kert kommer att vara i kontakt med. Om ni hellre pratar Spanska eller Franska s\u00e5 kommer ni s\u00e4kert i kontakt med Candela eller n\u00e5gon av v\u00e5ra andra medarbetare.<\/p>\n<p><span style=\"font-family: var( --e-global-typography-text-font-family ), Sans-serif; font-weight: var( --e-global-typography-text-font-weight ); background-color: var( --e-global-color-25ec0930 ); font-size: 1rem;\">Vi fokuserar p\u00e5 skatt vilket g\u00f6r att vi f\u00f6r det mesta \u00e4r effektivare och f\u00f6rm\u00e5nligare \u00e4n t.ex. advokatbyr\u00e5er som fokuserar p\u00e5 fastighetstransaktioner. De \u00e4r bra p\u00e5 juridik medan vi \u00e4r bra p\u00e5 skatt.<\/span><\/p>\n<p><span style=\"font-family: var( --e-global-typography-text-font-family ), Sans-serif; font-weight: var( --e-global-typography-text-font-weight ); background-color: var( --e-global-color-25ec0930 ); font-size: 1rem;\">Vi utvecklar ocks\u00e5 egen teknik f\u00f6r att effektivisera skatteprocesser. Detta g\u00f6r vi b\u00e5de i Sverige och Spanien. V\u00e5r huvudsakliga verksamhet utg\u00e5r fr\u00e5n M\u00e1laga i s\u00f6dra Spanien. V\u00e5ra kunder befinner sig i hela Spanien med huvuddelen p\u00e5 Costa del Sol, Costa Blanca och Balearerna.<\/span><\/p>\n<p>Vi fokuserar p\u00e5 skatt men engagerar \u00e4ven jurister och arkitekter vid t.ex. fr\u00e5gest\u00e4llningar som ber\u00f6r byggtillst\u00e5nd eller fastighets\u00f6verl\u00e5telser. Vi bist\u00e5r v\u00e5ra kunder \u00e4ven kring fr\u00e5gor ber\u00f6rande arv, testamenten och f\u00f6rm\u00f6genhetsplanering i samarbete med andra byr\u00e5er.<\/p>\n<p><span style=\"font-size: 1rem;\">Vi \u00e4r ocks\u00e5 medlemmar i en organisation f\u00f6r spanska bokf\u00f6ringsbyr\u00e5er som har expertis vid kniviga skatter\u00e4ttsliga fr\u00e5gest\u00e4llningar.<\/span><\/p>\n<p>Vi har tecknat samarbetsavtal med spanska skatteverket och f\u00f6ljer ett ramverk f\u00f6r spanska redovisningsbyr\u00e5er.&nbsp;<span style=\"font-family: var( --e-global-typography-text-font-family ), Sans-serif; font-weight: var( --e-global-typography-text-font-weight ); background-color: var( --e-global-color-25ec0930 ); font-size: 1rem;\">F\u00f6rutom att vi \u00e4r duktiga p\u00e5 det vi g\u00f6r omfattas vi ocks\u00e5 av en professionsansvarsf\u00f6rs\u00e4kring f\u00f6r skatter\u00e5dgivare i Spanien.<\/span><\/p>\n<p>Undrar du n\u00e5got om oss eller dina spanska skatter, skicka d\u00e5 ett mail till&nbsp;<a href=\"mailto:info@taxadora.com\" target=\"_blank\" rel=\"noopener\">info@taxadora.com<\/a> eller ring +34 611 629 317.<\/p>\n<p>Vi samarbetar g\u00e4rna med andra f\u00f6retag som har n\u00f6jda kunder. Om ni \u00e4r intresserade av samarbete, \u00e4r investerare, journalist eller s\u00f6ker information i annat syfte, ta g\u00e4rna kontakt.<\/p>\t\t\t\t\t\t\t\t<\/div>\n\t\t\t\t<\/div>\n\t\t\t\t\t<\/div>\n\t\t<\/div>\n\t\t\t\t\t<\/div>\n\t\t<\/section>\n\t\t\t\t<\/div>\n\t\t","protected":false},"excerpt":{"rendered":"<p>Vilka \u00e4r vi som hj\u00e4lper dig med din spanska skatt? Vi \u00e4r en spansk bokf\u00f6ringsbyr\u00e5 och skatter\u00e5dgivare &#8211; p\u00e5 svenska &#8211; p\u00e5 n\u00e4tet.&nbsp; Teamet p\u00e5 Taxadora.com best\u00e5r av ekonomer och jurister som har l\u00e5ng erfarenhet av spansk beskattning och bokf\u00f6ring. Vi \u00e4r ocks\u00e5 medlemmar i ett n\u00e4tverk som \u00e4ven inkluderar andra yrkeskategorier som spanska arkitekter. [&hellip;]<\/p>\n","protected":false},"author":3,"featured_media":0,"parent":0,"menu_order":0,"comment_status":"closed","ping_status":"closed","template":"elementor_header_footer","meta":{"footnotes":""},"class_list":["post-1867","page","type-page","status-publish","hentry"],"_links":{"self":[{"href":"https:\/\/taxadora.com\/sv\/wp-json\/wp\/v2\/pages\/1867","targetHints":{"allow":["GET"]}}],"collection":[{"href":"https:\/\/taxadora.com\/sv\/wp-json\/wp\/v2\/pages"}],"about":[{"href":"https:\/\/taxadora.com\/sv\/wp-json\/wp\/v2\/types\/page"}],"author":[{"embeddable":true,"href":"https:\/\/taxadora.com\/sv\/wp-json\/wp\/v2\/users\/3"}],"replies":[{"embeddable":true,"href":"https:\/\/taxadora.com\/sv\/wp-json\/wp\/v2\/comments?post=1867"}],"version-history":[{"count":84,"href":"https:\/\/taxadora.com\/sv\/wp-json\/wp\/v2\/pages\/1867\/revisions"}],"predecessor-version":[{"id":16370,"href":"https:\/\/taxadora.com\/sv\/wp-json\/wp\/v2\/pages\/1867\/revisions\/16370"}],"wp:attachment":[{"href":"https:\/\/taxadora.com\/sv\/wp-json\/wp\/v2\/media?parent=1867"}],"curies":[{"name":"wp","href":"https:\/\/api.w.org\/{rel}","templated":true}]}}