{"id":18059,"date":"2024-10-21T16:13:54","date_gmt":"2024-10-21T14:13:54","guid":{"rendered":"https:\/\/taxadora.com\/blogg\/"},"modified":"2026-03-30T16:27:59","modified_gmt":"2026-03-30T14:27:59","slug":"blogg","status":"publish","type":"page","link":"https:\/\/taxadora.com\/sv\/blogg\/","title":{"rendered":"Blogg"},"content":{"rendered":"\t\t<div data-elementor-type=\"wp-page\" data-elementor-id=\"18059\" class=\"elementor elementor-18059 elementor-13642\" data-elementor-post-type=\"page\">\n\t\t\t\t<div class=\"elementor-element elementor-element-8aae7cc e-flex e-con-boxed e-con e-parent\" data-id=\"8aae7cc\" data-element_type=\"container\" data-e-type=\"container\">\n\t\t\t\t\t<div class=\"e-con-inner\">\n\t\t\t\t<div class=\"elementor-element elementor-element-8667b4b elementor-grid-3 elementor-grid-tablet-2 elementor-grid-mobile-1 elementor-posts--thumbnail-top elementor-card-shadow-yes elementor-posts__hover-gradient elementor-widget elementor-widget-posts\" data-id=\"8667b4b\" data-element_type=\"widget\" data-e-type=\"widget\" data-settings=\"{&quot;pagination_type&quot;:&quot;numbers&quot;,&quot;cards_columns&quot;:&quot;3&quot;,&quot;cards_columns_tablet&quot;:&quot;2&quot;,&quot;cards_columns_mobile&quot;:&quot;1&quot;,&quot;cards_row_gap&quot;:{&quot;unit&quot;:&quot;px&quot;,&quot;size&quot;:35,&quot;sizes&quot;:[]},&quot;cards_row_gap_tablet&quot;:{&quot;unit&quot;:&quot;px&quot;,&quot;size&quot;:&quot;&quot;,&quot;sizes&quot;:[]},&quot;cards_row_gap_mobile&quot;:{&quot;unit&quot;:&quot;px&quot;,&quot;size&quot;:&quot;&quot;,&quot;sizes&quot;:[]}}\" data-widget_type=\"posts.cards\">\n\t\t\t\t<div class=\"elementor-widget-container\">\n\t\t\t\t\t\t\t<div class=\"elementor-posts-container elementor-posts elementor-posts--skin-cards elementor-grid\" role=\"list\">\n\t\t\t\t<article class=\"elementor-post elementor-grid-item post-17925 post type-post status-publish format-standard hentry category-uncategorized-en\" role=\"listitem\">\n\t\t\t<div class=\"elementor-post__card\">\n\t\t\t\t<div class=\"elementor-post__text\">\n\t\t\t\t<h2 class=\"elementor-post__title\">\n\t\t\t<a href=\"https:\/\/taxadora.com\/sv\/blog\/modelo-210-nicht-abgegeben-strafen-risiken-guide\/\">\n\t\t\t\tVad h\u00e4nder om du inte l\u00e4mnar in Modelo 210? B\u00f6ter, p\u00e5f\u00f6ljder och risker f\u00f6rklarade (Guide 2026)\t\t\t<\/a>\n\t\t<\/h2>\n\t\t\t\t<div class=\"elementor-post__excerpt\">\n\t\t\t<p>Vad h\u00e4nder om du inte l\u00e4mnar in Modelo 210? Straff, avgifter och risker Om du \u00e4ger en fastighet i Spanien<\/p>\n\t\t<\/div>\n\t\t\n\t\t<a class=\"elementor-post__read-more\" href=\"https:\/\/taxadora.com\/sv\/blog\/modelo-210-nicht-abgegeben-strafen-risiken-guide\/\" aria-label=\"Read more about Vad h\u00e4nder om du inte l\u00e4mnar in Modelo 210? B\u00f6ter, p\u00e5f\u00f6ljder och risker f\u00f6rklarade (Guide 2026)\" tabindex=\"-1\">\n\t\t\tL\u00e4s mer \u00bb\t\t<\/a>\n\n\t\t\t\t<\/div>\n\t\t\t\t\t<\/div>\n\t\t<\/article>\n\t\t\t\t<article class=\"elementor-post elementor-grid-item post-17843 post type-post status-publish format-standard hentry category-non-classifiee\" role=\"listitem\">\n\t\t\t<div class=\"elementor-post__card\">\n\t\t\t\t<div class=\"elementor-post__text\">\n\t\t\t\t<h2 class=\"elementor-post__title\">\n\t\t\t<a href=\"https:\/\/taxadora.com\/sv\/blog\/spansk-formogenhetsskatt-for-icke-residenter-vad-du-behover-veta\/\">\n\t\t\t\tSpansk f\u00f6rm\u00f6genhetsskatt f\u00f6r icke-residenter: Vad du beh\u00f6ver veta 2026\t\t\t<\/a>\n\t\t<\/h2>\n\t\t\t\t<div class=\"elementor-post__excerpt\">\n\t\t\t<p>Spansk f\u00f6rm\u00f6genhetsskatt f\u00f6r icke-residenter: Vad du beh\u00f6ver veta 2026 Om du \u00e4ger betydande tillg\u00e5ngar i Spanien \u2013 som boende, investerare<\/p>\n\t\t<\/div>\n\t\t\n\t\t<a class=\"elementor-post__read-more\" href=\"https:\/\/taxadora.com\/sv\/blog\/spansk-formogenhetsskatt-for-icke-residenter-vad-du-behover-veta\/\" aria-label=\"Read more about Spansk f\u00f6rm\u00f6genhetsskatt f\u00f6r icke-residenter: Vad du beh\u00f6ver veta 2026\" tabindex=\"-1\">\n\t\t\tL\u00e4s mer \u00bb\t\t<\/a>\n\n\t\t\t\t<\/div>\n\t\t\t\t\t<\/div>\n\t\t<\/article>\n\t\t\t\t<article class=\"elementor-post elementor-grid-item post-17920 post type-post status-publish format-standard hentry category-non-classifiee\" role=\"listitem\">\n\t\t\t<div class=\"elementor-post__card\">\n\t\t\t\t<div class=\"elementor-post__text\">\n\t\t\t\t<h2 class=\"elementor-post__title\">\n\t\t\t<a href=\"https:\/\/taxadora.com\/sv\/blog\/forsaljning-av-fastighet-i-spanien-som-icke-resident-skatteguide\/\">\n\t\t\t\tF\u00f6rs\u00e4ljning av fastighet i Spanien som icke-resident: Skatteguide 2026\t\t\t<\/a>\n\t\t<\/h2>\n\t\t\t\t<div class=\"elementor-post__excerpt\">\n\t\t\t<p>F\u00f6rs\u00e4ljning av fastighet i Spanien som icke-resident: Skatteguide Om du som icke-resident funderar p\u00e5 att s\u00e4lja din spanska fastighet \u00e4r<\/p>\n\t\t<\/div>\n\t\t\n\t\t<a class=\"elementor-post__read-more\" href=\"https:\/\/taxadora.com\/sv\/blog\/forsaljning-av-fastighet-i-spanien-som-icke-resident-skatteguide\/\" aria-label=\"Read more about F\u00f6rs\u00e4ljning av fastighet i Spanien som icke-resident: Skatteguide 2026\" tabindex=\"-1\">\n\t\t\tL\u00e4s mer \u00bb\t\t<\/a>\n\n\t\t\t\t<\/div>\n\t\t\t\t\t<\/div>\n\t\t<\/article>\n\t\t\t\t<article class=\"elementor-post elementor-grid-item post-17974 post type-post status-publish format-standard hentry category-non-classifiee\" role=\"listitem\">\n\t\t\t<div class=\"elementor-post__card\">\n\t\t\t\t<div class=\"elementor-post__text\">\n\t\t\t\t<h2 class=\"elementor-post__title\">\n\t\t\t<a href=\"https:\/\/taxadora.com\/sv\/blog\/fastighetstrender-for-utlandska-kopare-i-spanien-uppdaterad\/\">\n\t\t\t\tFastighetstrender f\u00f6r utl\u00e4ndska k\u00f6pare i Spanien\t\t\t<\/a>\n\t\t<\/h2>\n\t\t\t\t<div class=\"elementor-post__excerpt\">\n\t\t\t<p>Fastighetstrender f\u00f6r utl\u00e4ndska k\u00f6pare i Spanien Den spanska bostadsmarknaden forts\u00e4tter att vara en global hotspot f\u00f6r utl\u00e4ndska k\u00f6pare 2025 \u2013<\/p>\n\t\t<\/div>\n\t\t\n\t\t<a class=\"elementor-post__read-more\" href=\"https:\/\/taxadora.com\/sv\/blog\/fastighetstrender-for-utlandska-kopare-i-spanien-uppdaterad\/\" aria-label=\"Read more about Fastighetstrender f\u00f6r utl\u00e4ndska k\u00f6pare i Spanien\" tabindex=\"-1\">\n\t\t\tL\u00e4s mer \u00bb\t\t<\/a>\n\n\t\t\t\t<\/div>\n\t\t\t\t\t<\/div>\n\t\t<\/article>\n\t\t\t\t<article class=\"elementor-post elementor-grid-item post-17854 post type-post status-publish format-standard hentry category-non-classifiee\" role=\"listitem\">\n\t\t\t<div class=\"elementor-post__card\">\n\t\t\t\t<div class=\"elementor-post__text\">\n\t\t\t\t<h2 class=\"elementor-post__title\">\n\t\t\t<a href=\"https:\/\/taxadora.com\/sv\/blog\/modelo-720-rapportering-av-utlandska-tillgangar-for-nya-residenter-i-spanien\/\">\n\t\t\t\tModelo 720: Rapportering av utl\u00e4ndska tillg\u00e5ngar f\u00f6r nya residenter i Spanien (Guide 2026)\t\t\t<\/a>\n\t\t<\/h2>\n\t\t\t\t<div class=\"elementor-post__excerpt\">\n\t\t\t<p>Modelo 720: Rapportering av utl\u00e4ndska tillg\u00e5ngar f\u00f6r nya residenter i Spanien Om du nyligen har flyttat till Spanien eller planerar<\/p>\n\t\t<\/div>\n\t\t\n\t\t<a class=\"elementor-post__read-more\" href=\"https:\/\/taxadora.com\/sv\/blog\/modelo-720-rapportering-av-utlandska-tillgangar-for-nya-residenter-i-spanien\/\" aria-label=\"Read more about Modelo 720: Rapportering av utl\u00e4ndska tillg\u00e5ngar f\u00f6r nya residenter i Spanien (Guide 2026)\" tabindex=\"-1\">\n\t\t\tL\u00e4s mer \u00bb\t\t<\/a>\n\n\t\t\t\t<\/div>\n\t\t\t\t\t<\/div>\n\t\t<\/article>\n\t\t\t\t<article class=\"elementor-post elementor-grid-item post-18018 post type-post status-publish format-standard hentry category-non-classifiee\" role=\"listitem\">\n\t\t\t<div class=\"elementor-post__card\">\n\t\t\t\t<div class=\"elementor-post__text\">\n\t\t\t\t<h2 class=\"elementor-post__title\">\n\t\t\t<a href=\"https:\/\/taxadora.com\/sv\/blog\/ibi-impuesto-sobre-bienes-inmuebles-den-arliga-fastighetsskatten-som-varje-agare-maste-betala-i-spanien\/\">\n\t\t\t\tIBI (Impuesto sobre Bienes Inmuebles): Den \u00e5rliga fastighetsskatten som varje \u00e4gare m\u00e5ste betala i Spanien\t\t\t<\/a>\n\t\t<\/h2>\n\t\t\t\t<div class=\"elementor-post__excerpt\">\n\t\t\t<p>IBI (Impuesto sobre Bienes Inmuebles): Den \u00e5rliga fastighetsskatten som varje \u00e4gare m\u00e5ste betala i Spanien Om du \u00e4ger en bostad<\/p>\n\t\t<\/div>\n\t\t\n\t\t<a class=\"elementor-post__read-more\" href=\"https:\/\/taxadora.com\/sv\/blog\/ibi-impuesto-sobre-bienes-inmuebles-den-arliga-fastighetsskatten-som-varje-agare-maste-betala-i-spanien\/\" aria-label=\"Read more about IBI (Impuesto sobre Bienes Inmuebles): Den \u00e5rliga fastighetsskatten som varje \u00e4gare m\u00e5ste betala i Spanien\" tabindex=\"-1\">\n\t\t\tL\u00e4s mer \u00bb\t\t<\/a>\n\n\t\t\t\t<\/div>\n\t\t\t\t\t<\/div>\n\t\t<\/article>\n\t\t\t\t<article class=\"elementor-post elementor-grid-item post-17897 post type-post status-publish format-standard hentry category-non-classifiee\" role=\"listitem\">\n\t\t\t<div class=\"elementor-post__card\">\n\t\t\t\t<div class=\"elementor-post__text\">\n\t\t\t\t<h2 class=\"elementor-post__title\">\n\t\t\t<a href=\"https:\/\/taxadora.com\/sv\/blog\/sa-rattar-du-fel-i-modelo-210-andringar-sen-inlamning-pafoljder\/\">\n\t\t\t\tS\u00e5 r\u00e4ttar du fel i Modelo 210 (\u00e4ndringar, sen inl\u00e4mning, p\u00e5f\u00f6ljder) \u2013 Guide 2026\t\t\t<\/a>\n\t\t<\/h2>\n\t\t\t\t<div class=\"elementor-post__excerpt\">\n\t\t\t<p>S\u00e5 r\u00e4ttar du fel i Modelo 210 (\u00e4ndringar, sen inl\u00e4mning, p\u00e5f\u00f6ljder) Om du \u00e4r en icke-resident fastighets\u00e4gare i Spanien har<\/p>\n\t\t<\/div>\n\t\t\n\t\t<a class=\"elementor-post__read-more\" href=\"https:\/\/taxadora.com\/sv\/blog\/sa-rattar-du-fel-i-modelo-210-andringar-sen-inlamning-pafoljder\/\" aria-label=\"Read more about S\u00e5 r\u00e4ttar du fel i Modelo 210 (\u00e4ndringar, sen inl\u00e4mning, p\u00e5f\u00f6ljder) \u2013 Guide 2026\" tabindex=\"-1\">\n\t\t\tL\u00e4s mer \u00bb\t\t<\/a>\n\n\t\t\t\t<\/div>\n\t\t\t\t\t<\/div>\n\t\t<\/article>\n\t\t\t\t<article class=\"elementor-post elementor-grid-item post-17868 post type-post status-publish format-standard hentry category-non-classifiee\" role=\"listitem\">\n\t\t\t<div class=\"elementor-post__card\">\n\t\t\t\t<div class=\"elementor-post__text\">\n\t\t\t\t<h2 class=\"elementor-post__title\">\n\t\t\t<a href=\"https:\/\/taxadora.com\/sv\/blog\/spanien-kraver-online-deklaration-for-inkomstskatt-vad-icke-bosatta-och-utlandsboende-bor-veta\/\">\n\t\t\t\tSpanien kr\u00e4ver online-deklaration f\u00f6r inkomstskatt Vad icke-bosatta och utlandsboende b\u00f6r veta (2026)\t\t\t<\/a>\n\t\t<\/h2>\n\t\t\t\t<div class=\"elementor-post__excerpt\">\n\t\t\t<p>Spanien kr\u00e4ver online-deklaration f\u00f6r inkomstskatt Vad icke-bosatta och utlandsboende b\u00f6r veta Senast uppdaterad: mars 2026 Spaniens skattemyndighet Agencia Tributaria har<\/p>\n\t\t<\/div>\n\t\t\n\t\t<a class=\"elementor-post__read-more\" href=\"https:\/\/taxadora.com\/sv\/blog\/spanien-kraver-online-deklaration-for-inkomstskatt-vad-icke-bosatta-och-utlandsboende-bor-veta\/\" aria-label=\"Read more about Spanien kr\u00e4ver online-deklaration f\u00f6r inkomstskatt Vad icke-bosatta och utlandsboende b\u00f6r veta (2026)\" tabindex=\"-1\">\n\t\t\tL\u00e4s mer \u00bb\t\t<\/a>\n\n\t\t\t\t<\/div>\n\t\t\t\t\t<\/div>\n\t\t<\/article>\n\t\t\t\t<article class=\"elementor-post elementor-grid-item post-17902 post type-post status-publish format-standard hentry category-uncategorized-en\" role=\"listitem\">\n\t\t\t<div class=\"elementor-post__card\">\n\t\t\t\t<div class=\"elementor-post__text\">\n\t\t\t\t<h2 class=\"elementor-post__title\">\n\t\t\t<a href=\"https:\/\/taxadora.com\/sv\/blog\/spaniens-nedslag-mot-airbnb-varfor-icke-residenta-vardar-maste-registrera-sig-och-hur-taxadora-kan-hjalpa\/\">\n\t\t\t\tSpaniens nedslag mot Airbnb 2026: Varf\u00f6r icke-residenta v\u00e4rdar m\u00e5ste registrera sig (och hur Taxadora kan hj\u00e4lpa)\t\t\t<\/a>\n\t\t<\/h2>\n\t\t\t\t<div class=\"elementor-post__excerpt\">\n\t\t\t<p>Spaniens nedslag mot Airbnb: Varf\u00f6r icke-residenta v\u00e4rdar m\u00e5ste registrera sig (och hur Taxadora kan hj\u00e4lpa) Spanien inf\u00f6r banbrytande regler f\u00f6r<\/p>\n\t\t<\/div>\n\t\t\n\t\t<a class=\"elementor-post__read-more\" href=\"https:\/\/taxadora.com\/sv\/blog\/spaniens-nedslag-mot-airbnb-varfor-icke-residenta-vardar-maste-registrera-sig-och-hur-taxadora-kan-hjalpa\/\" aria-label=\"Read more about Spaniens nedslag mot Airbnb 2026: Varf\u00f6r icke-residenta v\u00e4rdar m\u00e5ste registrera sig (och hur Taxadora kan hj\u00e4lpa)\" tabindex=\"-1\">\n\t\t\tL\u00e4s mer \u00bb\t\t<\/a>\n\n\t\t\t\t<\/div>\n\t\t\t\t\t<\/div>\n\t\t<\/article>\n\t\t\t\t<article class=\"elementor-post elementor-grid-item post-17860 post type-post status-publish format-standard hentry category-non-classifiee\" role=\"listitem\">\n\t\t\t<div class=\"elementor-post__card\">\n\t\t\t\t<div class=\"elementor-post__text\">\n\t\t\t\t<h2 class=\"elementor-post__title\">\n\t\t\t<a href=\"https:\/\/taxadora.com\/sv\/blog\/beckham-lagen-uppdaterad-maste-impatriater-i-spanien-nu-betala-skatt-pa-sin-huvudsakliga-bostad\/\">\n\t\t\t\tBeckham-lagen uppdaterad: M\u00e5ste impatriater i Spanien nu betala skatt p\u00e5 sin huvudsakliga bostad?\t\t\t<\/a>\n\t\t<\/h2>\n\t\t\t\t<div class=\"elementor-post__excerpt\">\n\t\t\t<p>Beckham-lagen uppdaterad: M\u00e5ste impatriater i Spanien nu betala skatt p\u00e5 sin huvudsakliga bostad? Spaniens s\u00e4rskilda skatteregim, k\u00e4nd som Beckham-lagen \u2014<\/p>\n\t\t<\/div>\n\t\t\n\t\t<a class=\"elementor-post__read-more\" href=\"https:\/\/taxadora.com\/sv\/blog\/beckham-lagen-uppdaterad-maste-impatriater-i-spanien-nu-betala-skatt-pa-sin-huvudsakliga-bostad\/\" aria-label=\"Read more about Beckham-lagen uppdaterad: M\u00e5ste impatriater i Spanien nu betala skatt p\u00e5 sin huvudsakliga bostad?\" tabindex=\"-1\">\n\t\t\tL\u00e4s mer \u00bb\t\t<\/a>\n\n\t\t\t\t<\/div>\n\t\t\t\t\t<\/div>\n\t\t<\/article>\n\t\t\t\t<article class=\"elementor-post elementor-grid-item post-17953 post type-post status-publish format-standard hentry category-non-classifiee\" role=\"listitem\">\n\t\t\t<div class=\"elementor-post__card\">\n\t\t\t\t<div class=\"elementor-post__text\">\n\t\t\t\t<h2 class=\"elementor-post__title\">\n\t\t\t<a href=\"https:\/\/taxadora.com\/sv\/blog\/den-ultimata-underhallschecklistan-for-ditt-spanska-semesterboende\/\">\n\t\t\t\tDen ultimata underh\u00e5llschecklistan f\u00f6r ditt spanska semesterboende (Guide 2026)\t\t\t<\/a>\n\t\t<\/h2>\n\t\t\t\t<div class=\"elementor-post__excerpt\">\n\t\t\t<p>Den ultimata underh\u00e5llschecklistan f\u00f6r ditt spanska semesterboende (Guide 2025) Att \u00e4ga ett fritidshus i Spanien inneb\u00e4r b\u00e5de fantastiska f\u00f6rdelar och<\/p>\n\t\t<\/div>\n\t\t\n\t\t<a class=\"elementor-post__read-more\" href=\"https:\/\/taxadora.com\/sv\/blog\/den-ultimata-underhallschecklistan-for-ditt-spanska-semesterboende\/\" aria-label=\"Read more about Den ultimata underh\u00e5llschecklistan f\u00f6r ditt spanska semesterboende (Guide 2026)\" tabindex=\"-1\">\n\t\t\tL\u00e4s mer \u00bb\t\t<\/a>\n\n\t\t\t\t<\/div>\n\t\t\t\t\t<\/div>\n\t\t<\/article>\n\t\t\t\t<article class=\"elementor-post elementor-grid-item post-17873 post type-post status-publish format-standard hentry category-non-classifiee\" role=\"listitem\">\n\t\t\t<div class=\"elementor-post__card\">\n\t\t\t\t<div class=\"elementor-post__text\">\n\t\t\t\t<h2 class=\"elementor-post__title\">\n\t\t\t<a href=\"https:\/\/taxadora.com\/sv\/blog\/den-ultimata-guiden-till-bolagsskatt-i-spanien-ars-upplaga\/\">\n\t\t\t\tDen ultimata guiden till bolagsskatt i Spanien (2026 \u00e5rs upplaga)\t\t\t<\/a>\n\t\t<\/h2>\n\t\t\t\t<div class=\"elementor-post__excerpt\">\n\t\t\t<p>Den ultimata guiden till bolagsskatt i Spanien Bolagsskatt i Spanien \u2013 komplett guide till Impuesto sobre Sociedades Senast uppdaterad: mars<\/p>\n\t\t<\/div>\n\t\t\n\t\t<a class=\"elementor-post__read-more\" href=\"https:\/\/taxadora.com\/sv\/blog\/den-ultimata-guiden-till-bolagsskatt-i-spanien-ars-upplaga\/\" aria-label=\"Read more about Den ultimata guiden till bolagsskatt i Spanien (2026 \u00e5rs upplaga)\" tabindex=\"-1\">\n\t\t\tL\u00e4s mer \u00bb\t\t<\/a>\n\n\t\t\t\t<\/div>\n\t\t\t\t\t<\/div>\n\t\t<\/article>\n\t\t\t\t<\/div>\n\t\t\n\t\t\t\t<div class=\"e-load-more-anchor\" data-page=\"1\" data-max-page=\"5\" data-next-page=\"https:\/\/taxadora.com\/sv\/wp-json\/wp\/v2\/pages\/18059\/page\/2\/\"><\/div>\n\t\t\t\t<nav class=\"elementor-pagination\" aria-label=\"Pagination\">\n\t\t\t<span aria-current=\"page\" class=\"page-numbers current\"><span class=\"elementor-screen-only\">Page<\/span>1<\/span>\n<a class=\"page-numbers\" href=\"https:\/\/taxadora.com\/sv\/wp-json\/wp\/v2\/pages\/18059\/page\/2\/\"><span class=\"elementor-screen-only\">Page<\/span>2<\/a>\n<a class=\"page-numbers\" href=\"https:\/\/taxadora.com\/sv\/wp-json\/wp\/v2\/pages\/18059\/page\/3\/\"><span class=\"elementor-screen-only\">Page<\/span>3<\/a>\n<a class=\"page-numbers\" href=\"https:\/\/taxadora.com\/sv\/wp-json\/wp\/v2\/pages\/18059\/page\/4\/\"><span class=\"elementor-screen-only\">Page<\/span>4<\/a>\n<a class=\"page-numbers\" href=\"https:\/\/taxadora.com\/sv\/wp-json\/wp\/v2\/pages\/18059\/page\/5\/\"><span class=\"elementor-screen-only\">Page<\/span>5<\/a>\t\t<\/nav>\n\t\t\t\t\t\t<\/div>\n\t\t\t\t<\/div>\n\t\t\t\t\t<\/div>\n\t\t\t\t<\/div>\n\t\t\t\t<\/div>\n\t\t","protected":false},"excerpt":{"rendered":"","protected":false},"author":14,"featured_media":0,"parent":0,"menu_order":0,"comment_status":"closed","ping_status":"closed","template":"elementor_header_footer","meta":{"footnotes":""},"class_list":["post-18059","page","type-page","status-publish","hentry"],"_links":{"self":[{"href":"https:\/\/taxadora.com\/sv\/wp-json\/wp\/v2\/pages\/18059","targetHints":{"allow":["GET"]}}],"collection":[{"href":"https:\/\/taxadora.com\/sv\/wp-json\/wp\/v2\/pages"}],"about":[{"href":"https:\/\/taxadora.com\/sv\/wp-json\/wp\/v2\/types\/page"}],"author":[{"embeddable":true,"href":"https:\/\/taxadora.com\/sv\/wp-json\/wp\/v2\/users\/14"}],"replies":[{"embeddable":true,"href":"https:\/\/taxadora.com\/sv\/wp-json\/wp\/v2\/comments?post=18059"}],"version-history":[{"count":1,"href":"https:\/\/taxadora.com\/sv\/wp-json\/wp\/v2\/pages\/18059\/revisions"}],"predecessor-version":[{"id":18060,"href":"https:\/\/taxadora.com\/sv\/wp-json\/wp\/v2\/pages\/18059\/revisions\/18060"}],"wp:attachment":[{"href":"https:\/\/taxadora.com\/sv\/wp-json\/wp\/v2\/media?parent=18059"}],"curies":[{"name":"wp","href":"https:\/\/api.w.org\/{rel}","templated":true}]}}