{"id":1366,"date":"2019-10-01T07:43:24","date_gmt":"2019-10-01T07:43:24","guid":{"rendered":"https:\/\/spanienskatt.se\/?page_id=1366"},"modified":"2025-01-27T16:13:25","modified_gmt":"2025-01-27T15:13:25","slug":"ladda-upp-dokument","status":"publish","type":"page","link":"https:\/\/taxadora.com\/sv\/ladda-upp-dokument\/","title":{"rendered":"Ladda upp dokument"},"content":{"rendered":"\t\t<div data-elementor-type=\"wp-post\" data-elementor-id=\"1366\" class=\"elementor elementor-1366 elementor-5227\" data-elementor-post-type=\"page\">\n\t\t\t\t\t\t<section class=\"elementor-section elementor-top-section elementor-element elementor-element-6b5ca4db elementor-section-full_width elementor-hidden-desktop elementor-hidden-tablet elementor-section-height-default elementor-section-height-default\" data-id=\"6b5ca4db\" data-element_type=\"section\" data-e-type=\"section\">\n\t\t\t\t\t\t<div class=\"elementor-container elementor-column-gap-default\">\n\t\t\t\t\t<div class=\"elementor-column elementor-col-50 elementor-top-column elementor-element elementor-element-1acdfb67\" data-id=\"1acdfb67\" data-element_type=\"column\" data-e-type=\"column\">\n\t\t\t<div class=\"elementor-widget-wrap elementor-element-populated\">\n\t\t\t\t\t\t<div class=\"elementor-element elementor-element-7328370 elementor-widget elementor-widget-heading\" data-id=\"7328370\" data-element_type=\"widget\" data-e-type=\"widget\" data-widget_type=\"heading.default\">\n\t\t\t\t<div class=\"elementor-widget-container\">\n\t\t\t\t\t<h2 class=\"elementor-heading-title elementor-size-xl\">tax<\/h2>\t\t\t\t<\/div>\n\t\t\t\t<\/div>\n\t\t\t\t\t<\/div>\n\t\t<\/div>\n\t\t\t\t<div class=\"elementor-column elementor-col-50 elementor-top-column elementor-element elementor-element-6f77328f\" data-id=\"6f77328f\" data-element_type=\"column\" data-e-type=\"column\">\n\t\t\t<div class=\"elementor-widget-wrap elementor-element-populated\">\n\t\t\t\t\t\t<div class=\"elementor-element elementor-element-1503a8d4 elementor-widget elementor-widget-heading\" data-id=\"1503a8d4\" data-element_type=\"widget\" data-e-type=\"widget\" data-widget_type=\"heading.default\">\n\t\t\t\t<div class=\"elementor-widget-container\">\n\t\t\t\t\t<h2 class=\"elementor-heading-title elementor-size-xl\">adora<\/h2>\t\t\t\t<\/div>\n\t\t\t\t<\/div>\n\t\t\t\t\t<\/div>\n\t\t<\/div>\n\t\t\t\t\t<\/div>\n\t\t<\/section>\n\t\t\t\t<section class=\"elementor-section elementor-top-section elementor-element elementor-element-a23e580 elementor-section-boxed elementor-section-height-default elementor-section-height-default\" data-id=\"a23e580\" data-element_type=\"section\" data-e-type=\"section\">\n\t\t\t\t\t\t<div class=\"elementor-container elementor-column-gap-default\">\n\t\t\t\t\t<div class=\"elementor-column elementor-col-100 elementor-top-column elementor-element elementor-element-75f7dae\" data-id=\"75f7dae\" data-element_type=\"column\" data-e-type=\"column\">\n\t\t\t<div class=\"elementor-widget-wrap elementor-element-populated\">\n\t\t\t\t\t\t<div class=\"elementor-element elementor-element-f5cc924 elementor-widget elementor-widget-heading\" data-id=\"f5cc924\" data-element_type=\"widget\" data-e-type=\"widget\" data-widget_type=\"heading.default\">\n\t\t\t\t<div class=\"elementor-widget-container\">\n\t\t\t\t\t<h2 class=\"elementor-heading-title elementor-size-default\">Tack f\u00f6r att du har deklarerat med oss<\/h2>\t\t\t\t<\/div>\n\t\t\t\t<\/div>\n\t\t\t\t\t<\/div>\n\t\t<\/div>\n\t\t\t\t\t<\/div>\n\t\t<\/section>\n\t\t\t\t<section class=\"elementor-section elementor-top-section elementor-element elementor-element-7e8f2ad elementor-section-boxed elementor-section-height-default elementor-section-height-default\" data-id=\"7e8f2ad\" data-element_type=\"section\" data-e-type=\"section\">\n\t\t\t\t\t\t<div class=\"elementor-container elementor-column-gap-default\">\n\t\t\t\t\t<div class=\"elementor-column elementor-col-100 elementor-top-column elementor-element elementor-element-81a207c\" data-id=\"81a207c\" data-element_type=\"column\" data-e-type=\"column\">\n\t\t\t<div class=\"elementor-widget-wrap elementor-element-populated\">\n\t\t\t\t\t\t<div class=\"elementor-element elementor-element-bd9d928 elementor-widget elementor-widget-text-editor\" data-id=\"bd9d928\" data-element_type=\"widget\" data-e-type=\"widget\" data-widget_type=\"text-editor.default\">\n\t\t\t\t<div class=\"elementor-widget-container\">\n\t\t\t\t\t\t\t\t\t<p><strong>F\u00f6rsta g\u00e5ngen du deklarerar<\/strong> med oss beh\u00f6ver vi dokumentet som du hittar l\u00e4ngst ned p\u00e5 sidan med bekr\u00e4ftelsen n\u00e4r du deklarerat.<\/p>\n<p><strong>Vi har ocks\u00e5 skickat dokumentet till dig via e-post.<\/strong><\/p>\n<p>Dokumentet har en spansk version p\u00e5 f\u00f6rsta sidan och en \u00f6vers\u00e4ttning p\u00e5 andra sidan.<strong> Det \u00e4r bara den spanska versionen vi beh\u00f6ver.<\/strong><\/p>\n<ol>\n<li>Skriv ut dokumentet och signera den spanska versionen.<\/li>\n<li>Fota eller scanna och skicka det till oss till info@taxadora.com eller ladda upp nedan.<\/li>\n<\/ol>\n<p>Har du n\u00e5gra fr\u00e5gor, ring eller skicka e-post.<\/p>\n<p>info@taxadora.com<\/p>\n<p>+46 76 344 30 63<\/p>\t\t\t\t\t\t\t\t<\/div>\n\t\t\t\t<\/div>\n\t\t\t\t\t<\/div>\n\t\t<\/div>\n\t\t\t\t\t<\/div>\n\t\t<\/section>\n\t\t\t\t<section class=\"elementor-section elementor-top-section elementor-element elementor-element-73b2d3c elementor-section-boxed elementor-section-height-default elementor-section-height-default\" data-id=\"73b2d3c\" data-element_type=\"section\" data-e-type=\"section\">\n\t\t\t\t\t\t<div class=\"elementor-container elementor-column-gap-default\">\n\t\t\t\t\t<div class=\"elementor-column elementor-col-100 elementor-top-column elementor-element elementor-element-3d9df5b\" data-id=\"3d9df5b\" data-element_type=\"column\" data-e-type=\"column\">\n\t\t\t<div class=\"elementor-widget-wrap elementor-element-populated\">\n\t\t\t\t\t\t<div class=\"elementor-element elementor-element-3db22ae elementor-widget elementor-widget-html\" data-id=\"3db22ae\" data-element_type=\"widget\" data-e-type=\"widget\" data-widget_type=\"html.default\">\n\t\t\t\t<div class=\"elementor-widget-container\">\n\t\t\t\t\t<div class=\"cognito\">\r\n<script src=\"https:\/\/services.cognitoforms.com\/s\/13zT0_A930qptss4osmFMg\"><\/script>\r\n<script>Cognito.load(\"forms\", { id: \"16\" });<\/script>\r\n<\/div>\t\t\t\t<\/div>\n\t\t\t\t<\/div>\n\t\t\t\t\t<\/div>\n\t\t<\/div>\n\t\t\t\t\t<\/div>\n\t\t<\/section>\n\t\t\t\t<\/div>\n\t\t","protected":false},"excerpt":{"rendered":"<p>tax adora Tack f\u00f6r att du har deklarerat med oss F\u00f6rsta g\u00e5ngen du deklarerar med oss beh\u00f6ver vi dokumentet som du hittar l\u00e4ngst ned p\u00e5 sidan med bekr\u00e4ftelsen n\u00e4r du deklarerat. Vi har ocks\u00e5 skickat dokumentet till dig via e-post. Dokumentet har en spansk version p\u00e5 f\u00f6rsta sidan och en \u00f6vers\u00e4ttning p\u00e5 andra sidan. Det [&hellip;]<\/p>\n","protected":false},"author":1,"featured_media":0,"parent":0,"menu_order":0,"comment_status":"closed","ping_status":"closed","template":"elementor_header_footer","meta":{"footnotes":""},"class_list":["post-1366","page","type-page","status-publish","hentry"],"_links":{"self":[{"href":"https:\/\/taxadora.com\/sv\/wp-json\/wp\/v2\/pages\/1366","targetHints":{"allow":["GET"]}}],"collection":[{"href":"https:\/\/taxadora.com\/sv\/wp-json\/wp\/v2\/pages"}],"about":[{"href":"https:\/\/taxadora.com\/sv\/wp-json\/wp\/v2\/types\/page"}],"author":[{"embeddable":true,"href":"https:\/\/taxadora.com\/sv\/wp-json\/wp\/v2\/users\/1"}],"replies":[{"embeddable":true,"href":"https:\/\/taxadora.com\/sv\/wp-json\/wp\/v2\/comments?post=1366"}],"version-history":[{"count":17,"href":"https:\/\/taxadora.com\/sv\/wp-json\/wp\/v2\/pages\/1366\/revisions"}],"predecessor-version":[{"id":15308,"href":"https:\/\/taxadora.com\/sv\/wp-json\/wp\/v2\/pages\/1366\/revisions\/15308"}],"wp:attachment":[{"href":"https:\/\/taxadora.com\/sv\/wp-json\/wp\/v2\/media?parent=1366"}],"curies":[{"name":"wp","href":"https:\/\/api.w.org\/{rel}","templated":true}]}}