{"id":12579,"date":"2022-11-02T16:06:05","date_gmt":"2022-11-02T15:06:05","guid":{"rendered":"https:\/\/taxadora.com\/?page_id=12579"},"modified":"2025-01-27T16:14:40","modified_gmt":"2025-01-27T15:14:40","slug":"modelo-030-anmala-flytt-i-spanien","status":"publish","type":"page","link":"https:\/\/taxadora.com\/sv\/modelo-030-anmala-flytt-i-spanien\/","title":{"rendered":"Modelo 030 &#8211; Anm\u00e4la flytt i Spanien"},"content":{"rendered":"\t\t<div data-elementor-type=\"wp-page\" data-elementor-id=\"12579\" class=\"elementor elementor-12579\" data-elementor-post-type=\"page\">\n\t\t\t\t\t\t<section class=\"elementor-section elementor-top-section elementor-element elementor-element-25cce52 elementor-section-boxed elementor-section-height-default elementor-section-height-default\" data-id=\"25cce52\" data-element_type=\"section\" data-e-type=\"section\">\n\t\t\t\t\t\t<div class=\"elementor-container elementor-column-gap-default\">\n\t\t\t\t\t<div class=\"elementor-column elementor-col-100 elementor-top-column elementor-element elementor-element-bc8c9ac\" data-id=\"bc8c9ac\" data-element_type=\"column\" data-e-type=\"column\">\n\t\t\t<div class=\"elementor-widget-wrap elementor-element-populated\">\n\t\t\t\t\t\t<div class=\"elementor-element elementor-element-67234f0 elementor-widget elementor-widget-heading\" data-id=\"67234f0\" data-element_type=\"widget\" data-e-type=\"widget\" data-widget_type=\"heading.default\">\n\t\t\t\t<div class=\"elementor-widget-container\">\n\t\t\t\t\t<h2 class=\"elementor-heading-title elementor-size-default\">Anm\u00e4la flytt i Spanien<\/h2>\t\t\t\t<\/div>\n\t\t\t\t<\/div>\n\t\t\t\t\t<\/div>\n\t\t<\/div>\n\t\t\t\t\t<\/div>\n\t\t<\/section>\n\t\t\t\t<section class=\"elementor-section elementor-top-section elementor-element elementor-element-996e7f4 elementor-section-boxed elementor-section-height-default elementor-section-height-default\" data-id=\"996e7f4\" data-element_type=\"section\" data-e-type=\"section\">\n\t\t\t\t\t\t<div class=\"elementor-container elementor-column-gap-default\">\n\t\t\t\t\t<div class=\"elementor-column elementor-col-100 elementor-top-column elementor-element elementor-element-e133da3\" data-id=\"e133da3\" data-element_type=\"column\" data-e-type=\"column\">\n\t\t\t<div class=\"elementor-widget-wrap elementor-element-populated\">\n\t\t\t\t\t\t<div class=\"elementor-element elementor-element-1db0aed elementor-widget elementor-widget-text-editor\" data-id=\"1db0aed\" data-element_type=\"widget\" data-e-type=\"widget\" data-widget_type=\"text-editor.default\">\n\t\t\t\t<div class=\"elementor-widget-container\">\n\t\t\t\t\t\t\t\t\t<p><b>Har du flyttat till Spanien, fr\u00e5n Spanien eller inom Spanien?<\/b><\/p><p>D\u00e5 m\u00e5ste du anm\u00e4la din flytt till spanska skatteverket Agencia Tributaria.<\/p><p>Om du flyttat till Spanien eller inom Spanien b\u00f6r du \u00e4ven anm\u00e4la dig som folkbokf\u00f6rd i din kommun. Detta kallas f\u00f6r &#8221;Empadronamiento&#8221; och rutinerna ser lite olika ut i olika kommuner.<\/p><p>N\u00e4r du skriver in dig hos kommunen f\u00e5r du ofta rabatter p\u00e5 t.ex. kommunalskatt, bibliotekskort och kommunala tr\u00e4ningsanl\u00e4ggningar.<\/p><p>Obs, det \u00e4r ingen bra id\u00e9 att skriva in sig hos kommunen om du inte bor i Spanien \/ kommunen permanent. Det anv\u00e4ndas av det statliga skatteverket som bevis f\u00f6r att du ska betala inkomstskatt i Spanien.<\/p><p>F\u00f6r att skriva in dig hos kommunen \u00e4r det b\u00e4st att bes\u00f6ka ditt stadshus f\u00f6r att h\u00f6ra hur rutinerna ser ut just i din kommun. Ofta beh\u00f6ver du ta med pass, NIE dokument och n\u00e5gon form av bevis p\u00e5 att du bor i kommunen eller \u00e4ger ett boende d\u00e4r, t.ex. Nota Simple eller Escritura fr\u00e5n k\u00f6p av bostad eller hyreskontrakt.<\/p><p>Ut\u00f6ver anm\u00e4lan hos kommunen ska du \u00e4ven g\u00f6ra en anm\u00e4lan hos statliga skatteverket Agencia Tributaria. Detta g\u00f6rs p\u00e5 en s\u00e5 kallad &#8221;Modelo 030&#8221; vilket vi g\u00e4rna hj\u00e4lper till med.<\/p><p>Om du vill anv\u00e4nda v\u00e5r tj\u00e4nst f\u00f6r att anm\u00e4la flytt i Spanien kan du fylla i dina uppgifter via nedan formul\u00e4r. V\u00e5rt arvode f\u00f6r flyttanm\u00e4lan \u00e4r 98 \u20ac plus moms per person.<\/p><p>\u00a0<\/p><p><b>F\u00f6r att g\u00f6ra flyttanm\u00e4lan beh\u00f6ver du:<\/b><\/p>\t\t\t\t\t\t\t\t<\/div>\n\t\t\t\t<\/div>\n\t\t\t\t\t<\/div>\n\t\t<\/div>\n\t\t\t\t\t<\/div>\n\t\t<\/section>\n\t\t\t\t<section class=\"elementor-section elementor-top-section elementor-element elementor-element-4210864 elementor-section-boxed elementor-section-height-default elementor-section-height-default\" data-id=\"4210864\" data-element_type=\"section\" data-e-type=\"section\">\n\t\t\t\t\t\t<div class=\"elementor-container elementor-column-gap-default\">\n\t\t\t\t\t<div class=\"elementor-column elementor-col-100 elementor-top-column elementor-element elementor-element-11354d4\" data-id=\"11354d4\" data-element_type=\"column\" data-e-type=\"column\">\n\t\t\t<div class=\"elementor-widget-wrap elementor-element-populated\">\n\t\t\t\t\t\t<div class=\"elementor-element elementor-element-7d7a14c elementor-icon-list--layout-traditional elementor-list-item-link-full_width elementor-widget elementor-widget-icon-list\" data-id=\"7d7a14c\" data-element_type=\"widget\" data-e-type=\"widget\" data-widget_type=\"icon-list.default\">\n\t\t\t\t<div class=\"elementor-widget-container\">\n\t\t\t\t\t\t\t<ul class=\"elementor-icon-list-items\">\n\t\t\t\t\t\t\t<li class=\"elementor-icon-list-item\">\n\t\t\t\t\t\t\t\t\t\t\t<span class=\"elementor-icon-list-icon\">\n\t\t\t\t\t\t\t<svg aria-hidden=\"true\" class=\"e-font-icon-svg e-far-check-circle\" viewBox=\"0 0 512 512\" xmlns=\"http:\/\/www.w3.org\/2000\/svg\"><path d=\"M256 8C119.033 8 8 119.033 8 256s111.033 248 248 248 248-111.033 248-248S392.967 8 256 8zm0 48c110.532 0 200 89.451 200 200 0 110.532-89.451 200-200 200-110.532 0-200-89.451-200-200 0-110.532 89.451-200 200-200m140.204 130.267l-22.536-22.718c-4.667-4.705-12.265-4.736-16.97-.068L215.346 303.697l-59.792-60.277c-4.667-4.705-12.265-4.736-16.97-.069l-22.719 22.536c-4.705 4.667-4.736 12.265-.068 16.971l90.781 91.516c4.667 4.705 12.265 4.736 16.97.068l172.589-171.204c4.704-4.668 4.734-12.266.067-16.971z\"><\/path><\/svg>\t\t\t\t\t\t<\/span>\n\t\t\t\t\t\t\t\t\t\t<span class=\"elementor-icon-list-text\">Scanna in ditt pass och NIE dokument.<\/span>\n\t\t\t\t\t\t\t\t\t<\/li>\n\t\t\t\t\t\t\t\t<li class=\"elementor-icon-list-item\">\n\t\t\t\t\t\t\t\t\t\t\t<span class=\"elementor-icon-list-icon\">\n\t\t\t\t\t\t\t<svg aria-hidden=\"true\" class=\"e-font-icon-svg e-far-check-circle\" viewBox=\"0 0 512 512\" xmlns=\"http:\/\/www.w3.org\/2000\/svg\"><path d=\"M256 8C119.033 8 8 119.033 8 256s111.033 248 248 248 248-111.033 248-248S392.967 8 256 8zm0 48c110.532 0 200 89.451 200 200 0 110.532-89.451 200-200 200-110.532 0-200-89.451-200-200 0-110.532 89.451-200 200-200m140.204 130.267l-22.536-22.718c-4.667-4.705-12.265-4.736-16.97-.068L215.346 303.697l-59.792-60.277c-4.667-4.705-12.265-4.736-16.97-.069l-22.719 22.536c-4.705 4.667-4.736 12.265-.068 16.971l90.781 91.516c4.667 4.705 12.265 4.736 16.97.068l172.589-171.204c4.704-4.668 4.734-12.266.067-16.971z\"><\/path><\/svg>\t\t\t\t\t\t<\/span>\n\t\t\t\t\t\t\t\t\t\t<span class=\"elementor-icon-list-text\">Om du har <b>flyttat fr\u00e5n<\/b> Spanien beh\u00f6ver du sannolikt bifoga ett hemvist intyg fr\u00e5n Sverige eller det land du flyttat till.<\/span>\n\t\t\t\t\t\t\t\t\t<\/li>\n\t\t\t\t\t\t\t\t<li class=\"elementor-icon-list-item\">\n\t\t\t\t\t\t\t\t\t\t\t<span class=\"elementor-icon-list-icon\">\n\t\t\t\t\t\t\t<svg aria-hidden=\"true\" class=\"e-font-icon-svg e-far-check-circle\" viewBox=\"0 0 512 512\" xmlns=\"http:\/\/www.w3.org\/2000\/svg\"><path d=\"M256 8C119.033 8 8 119.033 8 256s111.033 248 248 248 248-111.033 248-248S392.967 8 256 8zm0 48c110.532 0 200 89.451 200 200 0 110.532-89.451 200-200 200-110.532 0-200-89.451-200-200 0-110.532 89.451-200 200-200m140.204 130.267l-22.536-22.718c-4.667-4.705-12.265-4.736-16.97-.068L215.346 303.697l-59.792-60.277c-4.667-4.705-12.265-4.736-16.97-.069l-22.719 22.536c-4.705 4.667-4.736 12.265-.068 16.971l90.781 91.516c4.667 4.705 12.265 4.736 16.97.068l172.589-171.204c4.704-4.668 4.734-12.266.067-16.971z\"><\/path><\/svg>\t\t\t\t\t\t<\/span>\n\t\t\t\t\t\t\t\t\t\t<span class=\"elementor-icon-list-text\">Dina basuppgifter via nedan formul\u00e4r<\/span>\n\t\t\t\t\t\t\t\t\t<\/li>\n\t\t\t\t\t\t<\/ul>\n\t\t\t\t\t\t<\/div>\n\t\t\t\t<\/div>\n\t\t\t\t\t<\/div>\n\t\t<\/div>\n\t\t\t\t\t<\/div>\n\t\t<\/section>\n\t\t\t\t<section class=\"elementor-section elementor-top-section elementor-element elementor-element-0e887f3 elementor-section-boxed elementor-section-height-default elementor-section-height-default\" data-id=\"0e887f3\" data-element_type=\"section\" data-e-type=\"section\">\n\t\t\t\t\t\t<div class=\"elementor-container elementor-column-gap-default\">\n\t\t\t\t\t<div class=\"elementor-column elementor-col-100 elementor-top-column elementor-element elementor-element-c43aecf\" data-id=\"c43aecf\" data-element_type=\"column\" data-e-type=\"column\">\n\t\t\t<div class=\"elementor-widget-wrap elementor-element-populated\">\n\t\t\t\t\t\t<div class=\"elementor-element elementor-element-f9e0f8b elementor-widget elementor-widget-html\" data-id=\"f9e0f8b\" data-element_type=\"widget\" data-e-type=\"widget\" data-widget_type=\"html.default\">\n\t\t\t\t<div class=\"elementor-widget-container\">\n\t\t\t\t\t<script src=\"https:\/\/www.cognitoforms.com\/f\/seamless.js\" data-key=\"13zT0_A930qptss4osmFMg\" data-form=\"90\"><\/script>\t\t\t\t<\/div>\n\t\t\t\t<\/div>\n\t\t\t\t\t<\/div>\n\t\t<\/div>\n\t\t\t\t\t<\/div>\n\t\t<\/section>\n\t\t\t\t<\/div>\n\t\t","protected":false},"excerpt":{"rendered":"<p>Anm\u00e4la flytt i Spanien Har du flyttat till Spanien, fr\u00e5n Spanien eller inom Spanien? D\u00e5 m\u00e5ste du anm\u00e4la din flytt till spanska skatteverket Agencia Tributaria. Om du flyttat till Spanien eller inom Spanien b\u00f6r du \u00e4ven anm\u00e4la dig som folkbokf\u00f6rd i din kommun. Detta kallas f\u00f6r &#8221;Empadronamiento&#8221; och rutinerna ser lite olika ut i olika [&hellip;]<\/p>\n","protected":false},"author":1,"featured_media":0,"parent":0,"menu_order":0,"comment_status":"closed","ping_status":"closed","template":"elementor_header_footer","meta":{"footnotes":""},"class_list":["post-12579","page","type-page","status-publish","hentry"],"_links":{"self":[{"href":"https:\/\/taxadora.com\/sv\/wp-json\/wp\/v2\/pages\/12579","targetHints":{"allow":["GET"]}}],"collection":[{"href":"https:\/\/taxadora.com\/sv\/wp-json\/wp\/v2\/pages"}],"about":[{"href":"https:\/\/taxadora.com\/sv\/wp-json\/wp\/v2\/types\/page"}],"author":[{"embeddable":true,"href":"https:\/\/taxadora.com\/sv\/wp-json\/wp\/v2\/users\/1"}],"replies":[{"embeddable":true,"href":"https:\/\/taxadora.com\/sv\/wp-json\/wp\/v2\/comments?post=12579"}],"version-history":[{"count":28,"href":"https:\/\/taxadora.com\/sv\/wp-json\/wp\/v2\/pages\/12579\/revisions"}],"predecessor-version":[{"id":15312,"href":"https:\/\/taxadora.com\/sv\/wp-json\/wp\/v2\/pages\/12579\/revisions\/15312"}],"wp:attachment":[{"href":"https:\/\/taxadora.com\/sv\/wp-json\/wp\/v2\/media?parent=12579"}],"curies":[{"name":"wp","href":"https:\/\/api.w.org\/{rel}","templated":true}]}}