{"id":1241,"date":"2019-09-23T18:51:02","date_gmt":"2019-09-23T18:51:02","guid":{"rendered":"https:\/\/spanienskatt.se\/?page_id=1241"},"modified":"2019-10-08T07:50:14","modified_gmt":"2019-10-08T07:50:14","slug":"hantering-av-personuppgifter","status":"publish","type":"page","link":"https:\/\/taxadora.com\/sv\/hantering-av-personuppgifter\/","title":{"rendered":"Hantering av personuppgifter"},"content":{"rendered":"\t\t<div data-elementor-type=\"wp-post\" data-elementor-id=\"1241\" class=\"elementor elementor-1241 elementor-2120\" data-elementor-post-type=\"page\">\n\t\t\t\t\t\t<section class=\"elementor-section elementor-top-section elementor-element elementor-element-17e1f02a elementor-section-boxed elementor-section-height-default elementor-section-height-default\" data-id=\"17e1f02a\" data-element_type=\"section\" data-e-type=\"section\">\n\t\t\t\t\t\t<div class=\"elementor-container elementor-column-gap-default\">\n\t\t\t\t\t<div class=\"elementor-column elementor-col-100 elementor-top-column elementor-element elementor-element-46a27765\" data-id=\"46a27765\" data-element_type=\"column\" data-e-type=\"column\">\n\t\t\t<div class=\"elementor-widget-wrap elementor-element-populated\">\n\t\t\t\t\t\t<div class=\"elementor-element elementor-element-59deef69 elementor-button-info elementor-widget elementor-widget-button\" data-id=\"59deef69\" data-element_type=\"widget\" data-e-type=\"widget\" data-widget_type=\"button.default\">\n\t\t\t\t<div class=\"elementor-widget-container\">\n\t\t\t\t\t\t\t\t\t<div class=\"elementor-button-wrapper\">\n\t\t\t\t\t<a class=\"elementor-button elementor-button-link elementor-size-sm\" href=\"https:\/\/spanienskatt.se\" target=\"_blank\" rel=\"noopener\">\n\t\t\t\t\t\t<span class=\"elementor-button-content-wrapper\">\n\t\t\t\t\t\t\t\t\t<span class=\"elementor-button-text\">Tillbaka till f\u00f6rsta sidan<\/span>\n\t\t\t\t\t<\/span>\n\t\t\t\t\t<\/a>\n\t\t\t\t<\/div>\n\t\t\t\t\t\t\t\t<\/div>\n\t\t\t\t<\/div>\n\t\t\t\t\t<\/div>\n\t\t<\/div>\n\t\t\t\t\t<\/div>\n\t\t<\/section>\n\t\t\t\t<section class=\"elementor-section elementor-top-section elementor-element elementor-element-16b9bfe elementor-section-boxed elementor-section-height-default elementor-section-height-default\" data-id=\"16b9bfe\" data-element_type=\"section\" data-e-type=\"section\">\n\t\t\t\t\t\t<div class=\"elementor-container elementor-column-gap-default\">\n\t\t\t\t\t<div class=\"elementor-column elementor-col-100 elementor-top-column elementor-element elementor-element-883b675\" data-id=\"883b675\" data-element_type=\"column\" data-e-type=\"column\">\n\t\t\t<div class=\"elementor-widget-wrap elementor-element-populated\">\n\t\t\t\t\t\t<div class=\"elementor-element elementor-element-859e783 elementor-widget elementor-widget-heading\" data-id=\"859e783\" data-element_type=\"widget\" data-e-type=\"widget\" id=\"pul\" data-widget_type=\"heading.default\">\n\t\t\t\t<div class=\"elementor-widget-container\">\n\t\t\t\t\t<h2 class=\"elementor-heading-title elementor-size-default\">Hantering av personuppgifter - Integritetspolicy\n<\/h2>\t\t\t\t<\/div>\n\t\t\t\t<\/div>\n\t\t\t\t\t<\/div>\n\t\t<\/div>\n\t\t\t\t\t<\/div>\n\t\t<\/section>\n\t\t\t\t<section class=\"elementor-section elementor-top-section elementor-element elementor-element-9477dac elementor-section-boxed elementor-section-height-default elementor-section-height-default\" data-id=\"9477dac\" data-element_type=\"section\" data-e-type=\"section\">\n\t\t\t\t\t\t<div class=\"elementor-container elementor-column-gap-default\">\n\t\t\t\t\t<div class=\"elementor-column elementor-col-100 elementor-top-column elementor-element elementor-element-d4533bc\" data-id=\"d4533bc\" data-element_type=\"column\" data-e-type=\"column\">\n\t\t\t<div class=\"elementor-widget-wrap elementor-element-populated\">\n\t\t\t\t\t\t<div class=\"elementor-element elementor-element-a58f10e elementor-widget elementor-widget-text-editor\" data-id=\"a58f10e\" data-element_type=\"widget\" data-e-type=\"widget\" data-widget_type=\"text-editor.default\">\n\t\t\t\t<div class=\"elementor-widget-container\">\n\t\t\t\t\t\t\t\t\t<section class=\"elementor-element elementor-element-f2e9105 elementor-section-boxed elementor-section-height-default elementor-section-height-default elementor-section elementor-top-section\" data-id=\"f2e9105\" data-element_type=\"section\"><div class=\"elementor-container elementor-column-gap-default\"><div class=\"elementor-row\"><div class=\"elementor-element elementor-element-fef1850 elementor-column elementor-col-100 elementor-top-column\" data-id=\"fef1850\" data-element_type=\"column\"><div class=\"elementor-column-wrap elementor-element-populated\"><div class=\"elementor-widget-wrap\"><div class=\"elementor-element elementor-element-0302681 elementor-widget elementor-widget-heading\" data-id=\"0302681\" data-element_type=\"widget\" data-widget_type=\"heading.default\"><div class=\"elementor-widget-container\"><h2 class=\"elementor-heading-title elementor-size-default\"><span style=\"color: #a5b3c1; font-family: Montserrat, sans-serif; font-weight: 400; font-size: 1rem;\">Vi arbetar f\u00f6r att s\u00e4kerst\u00e4lla en h\u00f6g niv\u00e5 av dataskydd som v\u00e4rnar om din personliga integritet vid anv\u00e4ndning av v\u00e5r webbplats. Denna integritetspolicy f\u00f6rklarar d\u00e4rf\u00f6r hur dina personuppgifter bearbetas och skyddas, dina r\u00e4ttigheter och hur du kan g\u00f6ra dem g\u00e4llande. Vi str\u00e4var efter att du ska k\u00e4nna dig trygg i v\u00e5r behandling av dina personuppgifter. Vid eventuella fr\u00e5gor \u00e4r du v\u00e4lkommen att kontakta oss. V\u00e5ra kontaktuppgifter hittar du l\u00e4ngst ned p\u00e5 denna sida.<\/span><\/h2><\/div><\/div><\/div><\/div><\/div><\/div><\/div><\/section><section class=\"elementor-element elementor-element-4f7df18 elementor-section-boxed elementor-section-height-default elementor-section-height-default elementor-section elementor-top-section\" data-id=\"4f7df18\" data-element_type=\"section\"><div class=\"elementor-container elementor-column-gap-default\"><div class=\"elementor-row\"><div class=\"elementor-element elementor-element-6c96ace elementor-column elementor-col-100 elementor-top-column\" data-id=\"6c96ace\" data-element_type=\"column\"><div class=\"elementor-column-wrap elementor-element-populated\"><div class=\"elementor-widget-wrap\"><div class=\"elementor-element elementor-element-761b81b elementor-widget elementor-widget-text-editor\" data-id=\"761b81b\" data-element_type=\"widget\" data-widget_type=\"text-editor.default\"><div class=\"elementor-widget-container\"><div class=\"elementor-text-editor elementor-clearfix\"><div role=\"tab\" data-tab=\"1\" aria-controls=\"elementor-tab-content-3341\">\u00a0<\/div><div role=\"tab\" data-tab=\"1\" aria-controls=\"elementor-tab-content-3341\"><p><strong>Var lagras dina personuppgifter?<\/strong><\/p><p>Vi efterstr\u00e4var att dina personuppgifter i s\u00e5 h\u00f6g grad som m\u00f6jligt ska behandlas inom det europeiska ekonomiska samarbetsomr\u00e5det (EES) och alla v\u00e5ra egna IT-system, men kan \u00e4ven \u00f6verf\u00f6ras och bearbetas i ett land utanf\u00f6r EES (s.k. \u201dtredje land\u201d). S\u00e5dan \u00f6verf\u00f6ring sker endast till mottagarland med adekvat skyddsniv\u00e5 och i enlighet med g\u00e4llande lagstiftning. Om \u00f6verf\u00f6ring sker till partner f\u00f6r en tj\u00e4nst i USA sker detta endast till f\u00f6retag som omfattas av det s\u00e5 kallade \u201dPrivacy Shield\u201d, vilken \u00e4r en \u00f6verenskommelse om skydd f\u00f6r personuppgifter mellan EU och USA<\/p><p><strong>Vad f\u00f6r slags personuppgifter samlar vi in?<\/strong><\/p><p>Vi samlar in personuppgifter som du skickar till oss n\u00e4r du anv\u00e4nder dig av tj\u00e4nsten p\u00e5 v\u00e5r webbplats eller anm\u00e4ler dig till v\u00e5rt nyhetsbrev. De personuppgifter som du skickar till oss kan till exempel omfatta kontaktinformation, f\u00f6delsedatum och betalningsinformation. Vi kan ocks\u00e5 komma att samla in vissa personuppgifter fr\u00e5n externa partners s\u00e5som adressuppgifter fr\u00e5n offentliga register och uppgifter om kreditv\u00e4rdighet fr\u00e5n kreditv\u00e4rderingsinstitut, banker eller kreditupplysningf\u00f6retag.<\/p><\/div><div class=\"elementor-toggle-item\"><div id=\"elementor-tab-title-3341\" class=\"elementor-tab-title elementor-active\" role=\"tab\" data-tab=\"1\" aria-controls=\"elementor-tab-content-3341\"><strong><a href=\"https:\/\/spanienskatt.se\/\" target=\"_blank\" rel=\"noopener\">Varf\u00f6r<\/a><a href=\"https:\/\/spanienskatt.se\/\" target=\"_blank\" rel=\"noopener\">\u00a0sparar vi dina uppgifter?<\/a><\/strong><\/div><div id=\"elementor-tab-content-3341\" class=\"elementor-tab-content elementor-clearfix elementor-active\" role=\"tabpanel\" data-tab=\"1\" aria-labelledby=\"elementor-tab-title-3341\"><p>Dina personuppgifter sparas av spanienskatt.se.\u00a0Uppgifterna samlas in f\u00f6r att kunna informera och utf\u00f6ra den deklarationstj\u00e4nst som avser att lanseras under h\u00f6sten 2019.<\/p><\/div><\/div><div class=\"elementor-toggle-item\"><div id=\"elementor-tab-title-3342\" class=\"elementor-tab-title\" role=\"tab\" data-tab=\"2\" aria-controls=\"elementor-tab-content-3342\"><div id=\"elementor-tab-title-3342\" class=\"elementor-tab-title elementor-active\" role=\"tab\" data-tab=\"2\" aria-controls=\"elementor-tab-content-3342\"><strong><a href=\"https:\/\/spanienskatt.se\/\" target=\"_blank\" rel=\"noopener\">Hur l\u00e4nge sparar ni mina uppgifter?<\/a><\/strong><\/div><div id=\"elementor-tab-content-3342\" class=\"elementor-tab-content elementor-clearfix elementor-active\" role=\"tabpanel\" data-tab=\"2\" aria-labelledby=\"elementor-tab-title-3342\"><p>Vi beh\u00f6ver spara dina personuppgifter f\u00f6r att ta kontakt med dig n\u00e4r vi lanserar tj\u00e4nsten s\u00e5 att du kan teckna tj\u00e4nsteavtal samt erh\u00e5lla den utlovade rabatten.\u00a0Uppgifterna kommer att sparas som l\u00e4ngst tills tj\u00e4nsten lanseras eller senast \u00e5r 2021. N\u00e4r tj\u00e4nsten lanserats och om du v\u00e4ljer att anv\u00e4nda tj\u00e4nsten kommer du att f\u00e5 m\u00f6jlighet att ta del av kompletta villkor f\u00f6r anv\u00e4ndning av tj\u00e4nsten enligt tj\u00e4nsteavtal.\u00a0Vi kommer att anv\u00e4nda personuppgifterna enbart f\u00f6r att ta kontakt med dig om erbjudanden kring tj\u00e4nsten.<\/p><p>N\u00e4r tj\u00e4nsten har lanserats och du har blivit kund kommer vi att spara dina uppgifter s\u00e5 l\u00e4nge vi \u00e4r skyldiga enligt g\u00e4llande lag i Spanien.<\/p><div id=\"elementor-tab-title-3343\" class=\"elementor-tab-title elementor-active\" role=\"tab\" data-tab=\"3\" aria-controls=\"elementor-tab-content-3343\"><a href=\"https:\/\/spanienskatt.se\/\" target=\"_blank\" rel=\"noopener\"><strong>Om du inte vill att vi sparar dina uppgifter?<\/strong><\/a><\/div><div role=\"tab\" data-tab=\"3\" aria-controls=\"elementor-tab-content-3343\">\u00a0<\/div><div id=\"elementor-tab-content-3343\" class=\"elementor-tab-content elementor-clearfix elementor-active\" role=\"tabpanel\" data-tab=\"3\" aria-labelledby=\"elementor-tab-title-3343\"><p><b>Om du inte vill att vi har kvar dina uppgifter s\u00e5 kan du h\u00f6ra av dig till oss p\u00e5\u00a0info@spanienskatt.se\u00a0s\u00e5 tar vi bort dina kontaktuppgifter.\u00a0<\/b>Du har n\u00e4r som helst m\u00f6jlighet att beg\u00e4ra att f\u00e5 utdrag p\u00e5 de personuppgifter vi har sparat om dig samt r\u00e4tt att vi tar bort de uppgifter.<\/p><div id=\"elementor-tab-title-3344\" class=\"elementor-tab-title elementor-active\" role=\"tab\" data-tab=\"4\" aria-controls=\"elementor-tab-content-3344\"><a href=\"https:\/\/spanienskatt.se\/\" target=\"_blank\" rel=\"noopener\"><strong>Om du vill \u00e4ndra p\u00e5 dina uppgifter?<\/strong><\/a><\/div><div id=\"elementor-tab-content-3344\" class=\"elementor-tab-content elementor-clearfix elementor-active\" role=\"tabpanel\" data-tab=\"4\" aria-labelledby=\"elementor-tab-title-3344\"><p>Om uppgifter skulle visa sig felaktiga eller ofullst\u00e4ndiga har du r\u00e4tt att vi korrigerar dessa.<\/p><\/div><div id=\"elementor-tab-title-3345\" class=\"elementor-tab-title elementor-active\" role=\"tab\" data-tab=\"5\" aria-controls=\"elementor-tab-content-3345\"><a href=\"https:\/\/spanienskatt.se\/\" target=\"_blank\" rel=\"noopener\"><strong>Med vilka delar vi dina uppgifter?<\/strong><\/a><\/div><div id=\"elementor-tab-content-3345\" class=\"elementor-tab-content elementor-clearfix elementor-active\" role=\"tabpanel\" data-tab=\"5\" aria-labelledby=\"elementor-tab-title-3345\"><p>Dina personuppgifter kan komma att delas med tredje part som kr\u00e4vs f\u00f6r att leverera tj\u00e4nsten och informera om tj\u00e4nsten eller nya tj\u00e4nster vi lanserar med eller utan samarbetspartners.<\/p><p>Vi kommer aldrig l\u00e4mna ut dina personuppgifter till annan i annat syfte.<\/p><p>Vi kommer t.ex. aldrig att s\u00e4lja dina uppgifter.<\/p><div id=\"elementor-tab-title-3346\" class=\"elementor-tab-title elementor-active\" role=\"tab\" data-tab=\"6\" aria-controls=\"elementor-tab-content-3346\"><strong><a href=\"https:\/\/spanienskatt.se\/\" target=\"_blank\" rel=\"noopener\">Anv\u00e4ndning av kakor \u2013\u00a0<\/a><\/strong><strong>Cookies<\/strong><\/div><div id=\"elementor-tab-content-3346\" class=\"elementor-tab-content elementor-clearfix elementor-active\" role=\"tabpanel\" data-tab=\"6\" aria-labelledby=\"elementor-tab-title-3346\"><p>En cookie (eller kaka) \u00e4r en liten textfil som en webbplats sparar p\u00e5 bes\u00f6karens dator. Cookies anv\u00e4nds p\u00e5 m\u00e5nga webbplatser f\u00f6r att ge en bes\u00f6kare tillg\u00e5ng till olika funktioner. Informationen i en cookie kan ocks\u00e5 anv\u00e4ndas f\u00f6r att f\u00f6lja en anv\u00e4ndares surfande p\u00e5 webbplatser som anv\u00e4nder samma cookie.<\/p><p><strong>M\u00e5ste jag till\u00e5ta cookies?<\/strong><\/p><p>Denna webbplats anv\u00e4nder cookies f\u00f6r funktionalitet kritisk f\u00f6r att det ska g\u00e5 att utf\u00f6ra tj\u00e4nsten. Om du blockerar cookies kan du d\u00e4rf\u00f6r ej heller utf\u00f6ra tj\u00e4nsten. Utan cookies kan du dock fortfarande titta p\u00e5 sidor och artiklar, men vissa funktioner kan bete sig ov\u00e4ntat.<\/p><p>Om du vill bes\u00f6ka sidan men inte vill att n\u00e5gra cookies ska sparas p\u00e5 din dator n\u00e4r du st\u00e4nger din webbl\u00e4sare s\u00e5 kan du bes\u00f6ka sidan i privat l\u00e4ge. Detta l\u00e4ge kallas olika saker beroende p\u00e5 din webbl\u00e4sare: \u201cInkognitof\u00f6nster\u201d (Chrome), \u201cPrivat f\u00f6nster\u201d (Firefox) eller \u201cInPrivate-f\u00f6nster\u201d (Microsoft Edge). Alla cookies som satts under bes\u00f6ket i privat l\u00e4ge raderas d\u00e5 ifr\u00e5n din dator n\u00e4r du st\u00e4nger din webbl\u00e4sare.<\/p><p><strong>Hur anv\u00e4nder vi cookies?<\/strong><\/p><p>Denna webbplats anv\u00e4nder cookies f\u00f6r att utf\u00f6ra tj\u00e4nsten, inloggning p\u00e5 \u201cmina sidor\u201d och f\u00f6r vissa funktioner som endast ska visas en g\u00e5ng per bes\u00f6kare. Om du st\u00e4nger din webbl\u00e4sare och senare kommer tillbaka till butiken s\u00e5 sparas dina inst\u00e4llningar med hj\u00e4lp av cookies. Vi anv\u00e4nder \u00e4ven cookies f\u00f6r att kunna anpassa och g\u00f6ra information och marknadsf\u00f6ring s\u00e5 relevant som m\u00f6jligt f\u00f6r dig.<\/p><p>Informationen om inloggning p\u00e5 \u201cmina sidor\u201d lagras i en s\u00e5 kallad sessionscookie och raderas d\u00e4rf\u00f6r n\u00e4r du st\u00e4nger din webbl\u00e4sare. V\u00e5ra \u00f6vriga cookies lagrar inte information f\u00f6r att identifiera dig.<\/p><p>Vi anv\u00e4nder \u00e4ven cookies som statistikunderlag, till exempel f\u00f6r att se vilka artiklar samma bes\u00f6kare tittar p\u00e5 f\u00f6r att kunna erbjuda automatiska produktrekommendationer.<\/p><p><strong>Tredjepartscookies<\/strong><\/p><p>Vi anv\u00e4nder Google Analytics och Ads som ocks\u00e5 s\u00e4tter cookies, detta f\u00f6r att f\u00e5 en bild av hur v\u00e5ra bes\u00f6kare anv\u00e4nder webbplatsen samt f\u00f6r v\u00e5r marknadsf\u00f6ring. Dessa cookies inneh\u00e5ller inte heller identifierande information om vem du som bes\u00f6karen \u00e4r.<\/p><p>V\u00e5ra social media-kopplingar till exempel Facebook, Google+, Twitter och Instagram s\u00e4tter ocks\u00e5 cookies. Dessa cookies inneh\u00e5ller inte heller identifierande information om vem du som bes\u00f6karen \u00e4r.<\/p><\/div><p><strong>Kontaktuppgifter<\/strong><\/p><p>info@spanienskatt.se<\/p><p>0046 76 344 30 63<\/p><\/div><\/div><\/div><\/div><\/div><\/div><\/div><\/div><\/div><\/div><\/div><\/div><\/div><\/section>\t\t\t\t\t\t\t\t<\/div>\n\t\t\t\t<\/div>\n\t\t\t\t\t<\/div>\n\t\t<\/div>\n\t\t\t\t\t<\/div>\n\t\t<\/section>\n\t\t\t\t<\/div>\n\t\t","protected":false},"excerpt":{"rendered":"<p>Tillbaka till f\u00f6rsta sidan Hantering av personuppgifter &#8211; Integritetspolicy Vi arbetar f\u00f6r att s\u00e4kerst\u00e4lla en h\u00f6g niv\u00e5 av dataskydd som v\u00e4rnar om din personliga integritet vid anv\u00e4ndning av v\u00e5r webbplats. Denna integritetspolicy f\u00f6rklarar d\u00e4rf\u00f6r hur dina personuppgifter bearbetas och skyddas, dina r\u00e4ttigheter och hur du kan g\u00f6ra dem g\u00e4llande. Vi str\u00e4var efter att du ska [&hellip;]<\/p>\n","protected":false},"author":1,"featured_media":0,"parent":0,"menu_order":0,"comment_status":"closed","ping_status":"closed","template":"elementor_canvas","meta":{"footnotes":""},"class_list":["post-1241","page","type-page","status-publish","hentry"],"_links":{"self":[{"href":"https:\/\/taxadora.com\/sv\/wp-json\/wp\/v2\/pages\/1241","targetHints":{"allow":["GET"]}}],"collection":[{"href":"https:\/\/taxadora.com\/sv\/wp-json\/wp\/v2\/pages"}],"about":[{"href":"https:\/\/taxadora.com\/sv\/wp-json\/wp\/v2\/types\/page"}],"author":[{"embeddable":true,"href":"https:\/\/taxadora.com\/sv\/wp-json\/wp\/v2\/users\/1"}],"replies":[{"embeddable":true,"href":"https:\/\/taxadora.com\/sv\/wp-json\/wp\/v2\/comments?post=1241"}],"version-history":[{"count":9,"href":"https:\/\/taxadora.com\/sv\/wp-json\/wp\/v2\/pages\/1241\/revisions"}],"predecessor-version":[{"id":1489,"href":"https:\/\/taxadora.com\/sv\/wp-json\/wp\/v2\/pages\/1241\/revisions\/1489"}],"wp:attachment":[{"href":"https:\/\/taxadora.com\/sv\/wp-json\/wp\/v2\/media?parent=1241"}],"curies":[{"name":"wp","href":"https:\/\/api.w.org\/{rel}","templated":true}]}}