{"id":18525,"date":"2025-10-16T11:38:23","date_gmt":"2025-10-16T09:38:23","guid":{"rendered":"https:\/\/taxadora.com\/podatki-od-spadkow-i-darowizn-w-hiszpanii\/"},"modified":"2025-12-13T19:14:13","modified_gmt":"2025-12-13T18:14:13","slug":"podatki-od-spadkow-i-darowizn-w-hiszpanii","status":"publish","type":"page","link":"https:\/\/taxadora.com\/pl\/podatki-od-spadkow-i-darowizn-w-hiszpanii\/","title":{"rendered":"Podatki od spadk\u00f3w i darowizn w Hiszpanii"},"content":{"rendered":"\t\t<div data-elementor-type=\"wp-page\" data-elementor-id=\"18525\" class=\"elementor elementor-18525 elementor-17233\" data-elementor-post-type=\"page\">\n\t\t\t\t<div class=\"elementor-element elementor-element-1c9d0ba e-flex e-con-boxed e-con e-parent\" data-id=\"1c9d0ba\" data-element_type=\"container\" data-e-type=\"container\">\n\t\t\t\t\t<div class=\"e-con-inner\">\n\t\t<div class=\"elementor-element elementor-element-76e06a9e e-con-full e-flex e-con e-child\" data-id=\"76e06a9e\" data-element_type=\"container\" data-e-type=\"container\">\n\t\t<div class=\"elementor-element elementor-element-4a7d9662 e-con-full e-flex e-con e-child\" data-id=\"4a7d9662\" data-element_type=\"container\" data-e-type=\"container\" data-settings=\"{&quot;background_background&quot;:&quot;classic&quot;,&quot;position&quot;:&quot;absolute&quot;}\">\n\t\t\t\t<div class=\"elementor-element elementor-element-5c0a2e83 elementor-widget elementor-widget-heading\" data-id=\"5c0a2e83\" data-element_type=\"widget\" data-e-type=\"widget\" data-widget_type=\"heading.default\">\n\t\t\t\t<div class=\"elementor-widget-container\">\n\t\t\t\t\t<div class=\"elementor-heading-title elementor-size-xxl\">Wsp\u00f3\u0142pracownik hiszpa\u0144skiego urz\u0119du skarbowego<\/div>\t\t\t\t<\/div>\n\t\t\t\t<\/div>\n\t\t\t\t<div class=\"elementor-element elementor-element-7d1eea9a elementor-widget elementor-widget-image\" data-id=\"7d1eea9a\" data-element_type=\"widget\" data-e-type=\"widget\" data-widget_type=\"image.default\">\n\t\t\t\t<div class=\"elementor-widget-container\">\n\t\t\t\t\t\t\t\t\t\t\t\t\t\t\t<img fetchpriority=\"high\" decoding=\"async\" width=\"500\" height=\"500\" src=\"https:\/\/taxadora.com\/wp-content\/uploads\/2024\/10\/taxadora-tax-office-collaborator-1.png\" class=\"attachment-full size-full wp-image-18514\" alt=\"\" srcset=\"https:\/\/taxadora.com\/wp-content\/uploads\/2024\/10\/taxadora-tax-office-collaborator-1.png 500w, https:\/\/taxadora.com\/wp-content\/uploads\/2024\/10\/taxadora-tax-office-collaborator-1-300x300.png 300w, https:\/\/taxadora.com\/wp-content\/uploads\/2024\/10\/taxadora-tax-office-collaborator-1-150x150.png 150w\" sizes=\"(max-width: 500px) 100vw, 500px\">\t\t\t\t\t\t\t\t\t\t\t\t\t\t\t<\/div>\n\t\t\t\t<\/div>\n\t\t\t\t<div class=\"elementor-element elementor-element-1e63a71 elementor-widget elementor-widget-heading\" data-id=\"1e63a71\" data-element_type=\"widget\" data-e-type=\"widget\" data-widget_type=\"heading.default\">\n\t\t\t\t<div class=\"elementor-widget-container\">\n\t\t\t\t\t<h2 class=\"elementor-heading-title elementor-size-default\">agencja podatkowa<\/h2>\t\t\t\t<\/div>\n\t\t\t\t<\/div>\n\t\t\t\t<\/div>\n\t\t\t\t<div class=\"elementor-element elementor-element-10a21a46 elementor-widget elementor-widget-image\" data-id=\"10a21a46\" data-element_type=\"widget\" data-e-type=\"widget\" data-widget_type=\"image.default\">\n\t\t\t\t<div class=\"elementor-widget-container\">\n\t\t\t\t\t\t\t\t\t\t\t\t\t\t\t<img decoding=\"async\" src=\"https:\/\/taxadora.com\/wp-content\/uploads\/2025\/10\/rental-income-taxes-spain-taxes-taxadora.webp\" title=\"\" alt=\"rental income taxes spain online\" loading=\"lazy\" \/>\t\t\t\t\t\t\t\t\t\t\t\t\t\t\t<\/div>\n\t\t\t\t<\/div>\n\t\t\t\t<\/div>\n\t\t<div class=\"elementor-element elementor-element-17f27075 e-con-full e-flex e-con e-child\" data-id=\"17f27075\" data-element_type=\"container\" data-e-type=\"container\">\n\t\t\t\t<div class=\"elementor-element elementor-element-44256678 elementor-widget elementor-widget-heading\" data-id=\"44256678\" data-element_type=\"widget\" data-e-type=\"widget\" data-widget_type=\"heading.default\">\n\t\t\t\t<div class=\"elementor-widget-container\">\n\t\t\t\t\t<h1 class=\"elementor-heading-title elementor-size-xxl\">Dziedziczenie i darowizny w Hiszpanii<\/h1>\t\t\t\t<\/div>\n\t\t\t\t<\/div>\n\t\t\t\t<div class=\"elementor-element elementor-element-68aaf1cd elementor-widget elementor-widget-heading\" data-id=\"68aaf1cd\" data-element_type=\"widget\" data-e-type=\"widget\" data-widget_type=\"heading.default\">\n\t\t\t\t<div class=\"elementor-widget-container\">\n\t\t\t\t\t<h2 class=\"elementor-heading-title elementor-size-xxl\">Podatki od spadk\u00f3w i darowizn w Hiszpanii<\/h2>\t\t\t\t<\/div>\n\t\t\t\t<\/div>\n\t\t\t\t<div class=\"elementor-element elementor-element-b237a10 elementor-widget elementor-widget-heading\" data-id=\"b237a10\" data-element_type=\"widget\" data-e-type=\"widget\" data-widget_type=\"heading.default\">\n\t\t\t\t<div class=\"elementor-widget-container\">\n\t\t\t\t\t<h2 class=\"elementor-heading-title elementor-size-xxl\">Z\u0142o\u017cymy Twoje hiszpa\u0144skie zeznania podatkowe\n- zajmie to 5 minut!<\/h2>\t\t\t\t<\/div>\n\t\t\t\t<\/div>\n\t\t\t\t<div class=\"elementor-element elementor-element-782ca12e elementor-widget elementor-widget-text-editor\" data-id=\"782ca12e\" data-element_type=\"widget\" data-e-type=\"widget\" data-widget_type=\"text-editor.default\">\n\t\t\t\t<div class=\"elementor-widget-container\">\n\t\t\t\t\t\t\t\t\t<p>W Hiszpanii opodatkowane s\u0105 dziedziczenie i darowizny.<\/p><p>Wysoko\u015b\u0107 podatku zale\u017cy od regionu, w kt\u00f3rym mieszkasz, a w wielu regionach obowi\u0105zuj\u0105 znaczne ulgi. W wielu przypadkach nie musisz p\u0142aci\u0107 wi\u0119cej ni\u017c niewielk\u0105 kwot\u0119 \u2013 mimo \u017ce musisz zadeklarowa\u0107 podatek. <\/p><p>Je\u015bli na co dzie\u0144 mieszkasz poza Hiszpani\u0105, b\u0119dziesz musia\u0142 zap\u0142aci\u0107 za nieruchomo\u015b\u0107 w Hiszpanii, na przyk\u0142ad dom wakacyjny. Je\u015bli odbiorca spadku lub darowizny mieszka w Hiszpanii przez ponad po\u0142ow\u0119 roku, b\u0119dzie musia\u0142 zap\u0142aci\u0107 podatki w Hiszpanii, nawet je\u015bli nieruchomo\u015b\u0107 znajduje si\u0119 poza Hiszpani\u0105. <\/p>\t\t\t\t\t\t\t\t<\/div>\n\t\t\t\t<\/div>\n\t\t\t\t<div class=\"elementor-element elementor-element-15e3ff1d elementor-widget elementor-widget-shortcode\" data-id=\"15e3ff1d\" data-element_type=\"widget\" data-e-type=\"widget\" data-widget_type=\"shortcode.default\">\n\t\t\t\t<div class=\"elementor-widget-container\">\n\t\t\t\t\t\t\t<div class=\"elementor-shortcode\"><script defer async src='https:\/\/cdn.trustindex.io\/loader.js?34e923736e691441d94666dbf63'><\/script><\/div>\n\t\t\t\t\t\t<\/div>\n\t\t\t\t<\/div>\n\t\t\t\t<\/div>\n\t\t\t\t\t<\/div>\n\t\t\t\t<\/div>\n\t\t\t\t<section class=\"elementor-section elementor-top-section elementor-element elementor-element-44bbed83 elementor-section-boxed elementor-section-height-default elementor-section-height-default\" data-id=\"44bbed83\" data-element_type=\"section\" data-e-type=\"section\">\n\t\t\t\t\t\t<div class=\"elementor-container elementor-column-gap-default\">\n\t\t\t\t\t<div class=\"elementor-column elementor-col-100 elementor-top-column elementor-element elementor-element-211ae3bc\" data-id=\"211ae3bc\" data-element_type=\"column\" data-e-type=\"column\">\n\t\t\t<div class=\"elementor-widget-wrap elementor-element-populated\">\n\t\t\t\t\t\t<div class=\"elementor-element elementor-element-61e8aa69 elementor-widget elementor-widget-heading\" data-id=\"61e8aa69\" data-element_type=\"widget\" data-e-type=\"widget\" data-widget_type=\"heading.default\">\n\t\t\t\t<div class=\"elementor-widget-container\">\n\t\t\t\t\t<h2 class=\"elementor-heading-title elementor-size-xxl\">podatki od darowizn i spadk\u00f3w w Hiszpanii<\/h2>\t\t\t\t<\/div>\n\t\t\t\t<\/div>\n\t\t\t\t<div class=\"elementor-element elementor-element-613aae09 elementor-widget elementor-widget-heading\" data-id=\"613aae09\" data-element_type=\"widget\" data-e-type=\"widget\" data-widget_type=\"heading.default\">\n\t\t\t\t<div class=\"elementor-widget-container\">\n\t\t\t\t\t<h2 class=\"elementor-heading-title elementor-size-xxl\">Ponad 5000 zadowolonych klient\u00f3w<\/h2>\t\t\t\t<\/div>\n\t\t\t\t<\/div>\n\t\t\t\t\t<\/div>\n\t\t<\/div>\n\t\t\t\t\t<\/div>\n\t\t<\/section>\n\t\t\t\t<section class=\"elementor-section elementor-top-section elementor-element elementor-element-448bf346 elementor-section-boxed elementor-section-height-default elementor-section-height-default\" data-id=\"448bf346\" data-element_type=\"section\" data-e-type=\"section\">\n\t\t\t\t\t\t<div class=\"elementor-container elementor-column-gap-default\">\n\t\t\t\t\t<div class=\"elementor-column elementor-col-100 elementor-top-column elementor-element elementor-element-5bdd8a2d\" data-id=\"5bdd8a2d\" data-element_type=\"column\" data-e-type=\"column\">\n\t\t\t<div class=\"elementor-widget-wrap elementor-element-populated\">\n\t\t\t\t\t\t<div class=\"elementor-element elementor-element-5d2d1b98 elementor-widget elementor-widget-shortcode\" data-id=\"5d2d1b98\" data-element_type=\"widget\" data-e-type=\"widget\" data-widget_type=\"shortcode.default\">\n\t\t\t\t<div class=\"elementor-widget-container\">\n\t\t\t\t\t\t\t<div class=\"elementor-shortcode\"><script defer async src='https:\/\/cdn.trustindex.io\/loader.js?29ee23e3642d1458e236875d03a'><\/script><\/div>\n\t\t\t\t\t\t<\/div>\n\t\t\t\t<\/div>\n\t\t\t\t\t<\/div>\n\t\t<\/div>\n\t\t\t\t\t<\/div>\n\t\t<\/section>\n\t\t\t\t<section class=\"elementor-section elementor-top-section elementor-element elementor-element-b7e66e8 elementor-section-boxed elementor-section-height-default elementor-section-height-default\" data-id=\"b7e66e8\" data-element_type=\"section\" data-e-type=\"section\">\n\t\t\t\t\t\t<div class=\"elementor-container elementor-column-gap-default\">\n\t\t\t\t\t<div class=\"elementor-column elementor-col-100 elementor-top-column elementor-element elementor-element-dbf1d43\" data-id=\"dbf1d43\" data-element_type=\"column\" data-e-type=\"column\">\n\t\t\t<div class=\"elementor-widget-wrap elementor-element-populated\">\n\t\t\t\t\t\t<div class=\"elementor-element elementor-element-519de67 elementor-widget elementor-widget-heading\" data-id=\"519de67\" data-element_type=\"widget\" data-e-type=\"widget\" data-widget_type=\"heading.default\">\n\t\t\t\t<div class=\"elementor-widget-container\">\n\t\t\t\t\t<div class=\"elementor-heading-title elementor-size-xxl\">Skontaktuj si\u0119 z nami<\/div>\t\t\t\t<\/div>\n\t\t\t\t<\/div>\n\t\t\t\t\t<\/div>\n\t\t<\/div>\n\t\t\t\t\t<\/div>\n\t\t<\/section>\n\t\t<div class=\"elementor-element elementor-element-dc24ac5 e-flex e-con-boxed e-con e-parent\" data-id=\"dc24ac5\" data-element_type=\"container\" data-e-type=\"container\">\n\t\t\t\t\t<div class=\"e-con-inner\">\n\t\t\t\t<div class=\"elementor-element elementor-element-e299f04 elementor-widget elementor-widget-html\" data-id=\"e299f04\" data-element_type=\"widget\" data-e-type=\"widget\" data-widget_type=\"html.default\">\n\t\t\t\t<div class=\"elementor-widget-container\">\n\t\t\t\t\t<script src=\"https:\/\/www.cognitoforms.com\/f\/seamless.js\" data-key=\"13zT0_A930qptss4osmFMg\" data-form=\"148\"><\/script>\t\t\t\t<\/div>\n\t\t\t\t<\/div>\n\t\t\t\t\t<\/div>\n\t\t\t\t<\/div>\n\t\t\t\t<\/div>\n\t\t","protected":false},"excerpt":{"rendered":"<p>Wsp\u00f3\u0142pracownik hiszpa\u0144skiego urz\u0119du skarbowego agencja podatkowa Dziedziczenie i darowizny w Hiszpanii Podatki od spadk\u00f3w i darowizn w Hiszpanii Z\u0142o\u017cymy Twoje hiszpa\u0144skie zeznania podatkowe &#8211; zajmie to 5 minut! W Hiszpanii opodatkowane s\u0105 dziedziczenie i darowizny. Wysoko\u015b\u0107 podatku zale\u017cy od regionu, w kt\u00f3rym mieszkasz, a w wielu regionach obowi\u0105zuj\u0105 znaczne ulgi. W wielu przypadkach nie musisz [&hellip;]<\/p>\n","protected":false},"author":1,"featured_media":17341,"parent":0,"menu_order":0,"comment_status":"closed","ping_status":"closed","template":"elementor_header_footer","meta":{"footnotes":""},"class_list":["post-18525","page","type-page","status-publish","has-post-thumbnail","hentry"],"_links":{"self":[{"href":"https:\/\/taxadora.com\/pl\/wp-json\/wp\/v2\/pages\/18525","targetHints":{"allow":["GET"]}}],"collection":[{"href":"https:\/\/taxadora.com\/pl\/wp-json\/wp\/v2\/pages"}],"about":[{"href":"https:\/\/taxadora.com\/pl\/wp-json\/wp\/v2\/types\/page"}],"author":[{"embeddable":true,"href":"https:\/\/taxadora.com\/pl\/wp-json\/wp\/v2\/users\/1"}],"replies":[{"embeddable":true,"href":"https:\/\/taxadora.com\/pl\/wp-json\/wp\/v2\/comments?post=18525"}],"version-history":[{"count":1,"href":"https:\/\/taxadora.com\/pl\/wp-json\/wp\/v2\/pages\/18525\/revisions"}],"predecessor-version":[{"id":18526,"href":"https:\/\/taxadora.com\/pl\/wp-json\/wp\/v2\/pages\/18525\/revisions\/18526"}],"wp:featuredmedia":[{"embeddable":true,"href":"https:\/\/taxadora.com\/pl\/wp-json\/wp\/v2\/media\/17341"}],"wp:attachment":[{"href":"https:\/\/taxadora.com\/pl\/wp-json\/wp\/v2\/media?parent=18525"}],"curies":[{"name":"wp","href":"https:\/\/api.w.org\/{rel}","templated":true}]}}