{"id":18459,"date":"2019-10-31T12:58:55","date_gmt":"2019-10-31T11:58:55","guid":{"rendered":"https:\/\/taxadora.com\/kim-jestesmy\/"},"modified":"2025-12-10T17:18:02","modified_gmt":"2025-12-10T16:18:02","slug":"kim-jestesmy","status":"publish","type":"page","link":"https:\/\/taxadora.com\/pl\/kim-jestesmy\/","title":{"rendered":"Kim jeste\u015bmy?"},"content":{"rendered":"\t\t<div data-elementor-type=\"wp-page\" data-elementor-id=\"18459\" class=\"elementor elementor-18459 elementor-1924\" data-elementor-post-type=\"page\">\n\t\t\t\t\t\t<section class=\"elementor-section elementor-top-section elementor-element elementor-element-3613b336 elementor-hidden-desktop elementor-hidden-tablet elementor-hidden-phone elementor-section-boxed elementor-section-height-default elementor-section-height-default\" data-id=\"3613b336\" data-element_type=\"section\" data-e-type=\"section\">\n\t\t\t\t\t\t<div class=\"elementor-container elementor-column-gap-default\">\n\t\t\t\t\t<div class=\"elementor-column elementor-col-100 elementor-top-column elementor-element elementor-element-45ecd121\" data-id=\"45ecd121\" data-element_type=\"column\" data-e-type=\"column\">\n\t\t\t<div class=\"elementor-widget-wrap elementor-element-populated\">\n\t\t\t\t\t\t<div class=\"elementor-element elementor-element-689c4e0d elementor-widget elementor-widget-html\" data-id=\"689c4e0d\" data-element_type=\"widget\" data-e-type=\"widget\" data-widget_type=\"html.default\">\n\t\t\t\t<div class=\"elementor-widget-container\">\n\t\t\t\t\t<!-- Global site tag (gtag.js) - Google Analytics -->\r\n<script async=\"\" src=\"https:\/\/www.googletagmanager.com\/gtag\/js?id=UA-143577333-3\"><\/script>\r\n<script>\r\n  window.dataLayer = window.dataLayer || [];\r\n  function gtag(){dataLayer.push(arguments);}\r\n  gtag('js', new Date());\r\n\r\n  gtag('config', 'UA-143577333-3');\r\n<\/script>\r\n\t\t\t\t<\/div>\n\t\t\t\t<\/div>\n\t\t\t\t\t<\/div>\n\t\t<\/div>\n\t\t\t\t\t<\/div>\n\t\t<\/section>\n\t\t\t\t<section class=\"elementor-section elementor-top-section elementor-element elementor-element-27265a6 elementor-section-boxed elementor-section-height-default elementor-section-height-default\" data-id=\"27265a6\" data-element_type=\"section\" data-e-type=\"section\">\n\t\t\t\t\t\t<div class=\"elementor-container elementor-column-gap-default\">\n\t\t\t\t\t<div class=\"elementor-column elementor-col-100 elementor-top-column elementor-element elementor-element-dfa0cf1\" data-id=\"dfa0cf1\" data-element_type=\"column\" data-e-type=\"column\">\n\t\t\t<div class=\"elementor-widget-wrap elementor-element-populated\">\n\t\t\t\t\t\t<div class=\"elementor-element elementor-element-2041015 elementor-widget elementor-widget-heading\" data-id=\"2041015\" data-element_type=\"widget\" data-e-type=\"widget\" data-widget_type=\"heading.default\">\n\t\t\t\t<div class=\"elementor-widget-container\">\n\t\t\t\t\t<h2 class=\"elementor-heading-title elementor-size-xxl\">Zesp\u00f3\u0142 Taxadora.com<\/h2>\t\t\t\t<\/div>\n\t\t\t\t<\/div>\n\t\t\t\t\t<\/div>\n\t\t<\/div>\n\t\t\t\t\t<\/div>\n\t\t<\/section>\n\t\t\t\t<section class=\"elementor-section elementor-top-section elementor-element elementor-element-578d769f elementor-section-boxed elementor-section-height-default elementor-section-height-default\" data-id=\"578d769f\" data-element_type=\"section\" data-e-type=\"section\">\n\t\t\t\t\t\t<div class=\"elementor-container elementor-column-gap-default\">\n\t\t\t\t\t<div class=\"elementor-column elementor-col-100 elementor-top-column elementor-element elementor-element-13abd7f4\" data-id=\"13abd7f4\" data-element_type=\"column\" data-e-type=\"column\">\n\t\t\t<div class=\"elementor-widget-wrap elementor-element-populated\">\n\t\t\t\t\t\t<div class=\"elementor-element elementor-element-319fb364 elementor-widget elementor-widget-text-editor\" data-id=\"319fb364\" data-element_type=\"widget\" data-e-type=\"widget\" data-widget_type=\"text-editor.default\">\n\t\t\t\t<div class=\"elementor-widget-container\">\n\t\t\t\t\t\t\t\t\t<p>Dzi\u0119ki Taxadora mo\u017cesz cieszy\u0107 si\u0119 czasem w Hiszpanii bez martwienia si\u0119 o hiszpa\u0144skie podatki.<\/p>\n<p>Zesp\u00f3\u0142 Taxadora sk\u0142ada si\u0119 z ksi\u0119gowych, ekonomist\u00f3w, prawnik\u00f3w podatkowych i architekt\u00f3w, a tak\u017ce specjalist\u00f3w ds. danych. Nasza siedziba znajduje si\u0119 w Maladze, na po\u0142udniu Hiszpanii. Obs\u0142ugujemy klient\u00f3w w ca\u0142ej Hiszpanii, z najwi\u0119ksz\u0105 liczb\u0105 w Costa del Sol, Costa Blanca oraz na Balearach.  <\/p>\n<p>Kierownikiem angloj\u0119zycznego dzia\u0142u obs\u0142ugi klienta jest Vilho Heiskanen, kt\u00f3ry najprawdopodobniej pomo\u017ce Ci w razie jakichkolwiek pyta\u0144. Je\u015bli wolisz komunikacj\u0119 po francusku, hiszpa\u0144sku lub w innych j\u0119zykach, mo\u017cesz skontaktowa\u0107 si\u0119 z Carolin\u0105 lub innymi cz\u0142onkami naszego wspania\u0142ego zespo\u0142u. <\/p>\n<p><span style=\"font-family: var( --e-global-typography-text-font-family ), Sans-serif; font-size: 1rem; font-weight: var( --e-global-typography-text-font-weight ); background-color: var( --e-global-color-25ec0930 );\">Podpisali\u015bmy umow\u0119 o wsp\u00f3\u0142pracy z hiszpa\u0144skim urz\u0119dem skarbowym i dzia\u0142amy zgodnie z ramami obowi\u0105zuj\u0105cymi hiszpa\u0144skich ksi\u0119gowych. Opr\u00f3cz wykonywania naszej pracy na bardzo wysokim poziomie posiadamy r\u00f3wnie\u017c ubezpieczenie od odpowiedzialno\u015bci zawodowej dla ka\u017cdej sk\u0142adanej przez nas deklaracji. &nbsp;<\/span><span style=\"font-size: 1rem;\">Jeste\u015bmy cz\u0142onkiem hiszpa\u0144skiej organizacji zrzeszaj\u0105cej ksi\u0119gowych i posiadamy specjalistyczn\u0105 wiedz\u0119, dzi\u0119ki kt\u00f3rej mo\u017cemy pomaga\u0107 klientom w rozwi\u0105zywaniu nawet najbardziej skomplikowanych kwestii podatkowych.&nbsp;<\/span><\/p>\n<p>Skupiamy si\u0119 na podatkach, ale wsp\u00f3\u0142pracujemy tak\u017ce z prawnikami i architektami, gdy klienci maj\u0105 pytania dotycz\u0105ce pozwole\u0144 budowlanych lub licencji na wynajem nieruchomo\u015bci. Pomagamy r\u00f3wnie\u017c w kwestiach zwi\u0105zanych z testamentami, planowaniem spadkowym oraz zarz\u0105dzaniem maj\u0105tkiem. <\/p>\n<p>Wszyscy cz\u0142onkowie zespo\u0142u s\u0105 ekspertami w swoich dziedzinach, z co najmniej 10-letnim do\u015bwiadczeniem zawodowym \u2014 zdobytym w hiszpa\u0144skich kancelariach prawnych, bankach lub pokrewnych sektorach.<\/p>\n<p><span style=\"font-size: 1rem;\">Je\u015bli masz jakiekolwiek pytania dotycz\u0105ce nas lub swoich hiszpa\u0144skich podatk\u00f3w, wy\u015blij e-mail na adres info@taxadora.com lub zadzwo\u0144 pod numer +34 611 629 317.<\/span><\/p>\n<p><span style=\"font-size: 1rem;\">Ch\u0119tnie wsp\u00f3\u0142pracujemy z firmami, kt\u00f3re maj\u0105 zadowolonych klient\u00f3w. Je\u015bli jeste\u015b zainteresowany wsp\u00f3\u0142prac\u0105, jeste\u015b inwestorem, dziennikarzem lub poszukujesz informacji w innej roli, skontaktuj si\u0119 z nami. <\/span><\/p>\t\t\t\t\t\t\t\t<\/div>\n\t\t\t\t<\/div>\n\t\t\t\t\t<\/div>\n\t\t<\/div>\n\t\t\t\t\t<\/div>\n\t\t<\/section>\n\t\t\t\t<section class=\"elementor-section elementor-top-section elementor-element elementor-element-22ce007 elementor-section-boxed elementor-section-height-default elementor-section-height-default\" data-id=\"22ce007\" data-element_type=\"section\" data-e-type=\"section\">\n\t\t\t\t\t\t<div class=\"elementor-container elementor-column-gap-default\">\n\t\t\t\t\t<div class=\"elementor-column elementor-col-100 elementor-top-column elementor-element elementor-element-07441d6\" data-id=\"07441d6\" data-element_type=\"column\" data-e-type=\"column\">\n\t\t\t<div class=\"elementor-widget-wrap elementor-element-populated\">\n\t\t\t\t\t\t<div class=\"elementor-element elementor-element-940e256 elementor-widget elementor-widget-shortcode\" data-id=\"940e256\" data-element_type=\"widget\" data-e-type=\"widget\" data-widget_type=\"shortcode.default\">\n\t\t\t\t<div class=\"elementor-widget-container\">\n\t\t\t\t\t\t\t<div class=\"elementor-shortcode\"><script defer async src='https:\/\/cdn.trustindex.io\/loader.js?29ee23e3642d1458e236875d03a'><\/script><\/div>\n\t\t\t\t\t\t<\/div>\n\t\t\t\t<\/div>\n\t\t\t\t\t<\/div>\n\t\t<\/div>\n\t\t\t\t\t<\/div>\n\t\t<\/section>\n\t\t\t\t<\/div>\n\t\t","protected":false},"excerpt":{"rendered":"<p>Zesp\u00f3\u0142 Taxadora.com Dzi\u0119ki Taxadora mo\u017cesz cieszy\u0107 si\u0119 czasem w Hiszpanii bez martwienia si\u0119 o hiszpa\u0144skie podatki. Zesp\u00f3\u0142 Taxadora sk\u0142ada si\u0119 z ksi\u0119gowych, ekonomist\u00f3w, prawnik\u00f3w podatkowych i architekt\u00f3w, a tak\u017ce specjalist\u00f3w ds. danych. Nasza siedziba znajduje si\u0119 w Maladze, na po\u0142udniu Hiszpanii. Obs\u0142ugujemy klient\u00f3w w ca\u0142ej Hiszpanii, z najwi\u0119ksz\u0105 liczb\u0105 w Costa del Sol, Costa Blanca [&hellip;]<\/p>\n","protected":false},"author":1,"featured_media":0,"parent":0,"menu_order":0,"comment_status":"closed","ping_status":"closed","template":"elementor_header_footer","meta":{"footnotes":""},"class_list":["post-18459","page","type-page","status-publish","hentry"],"_links":{"self":[{"href":"https:\/\/taxadora.com\/pl\/wp-json\/wp\/v2\/pages\/18459","targetHints":{"allow":["GET"]}}],"collection":[{"href":"https:\/\/taxadora.com\/pl\/wp-json\/wp\/v2\/pages"}],"about":[{"href":"https:\/\/taxadora.com\/pl\/wp-json\/wp\/v2\/types\/page"}],"author":[{"embeddable":true,"href":"https:\/\/taxadora.com\/pl\/wp-json\/wp\/v2\/users\/1"}],"replies":[{"embeddable":true,"href":"https:\/\/taxadora.com\/pl\/wp-json\/wp\/v2\/comments?post=18459"}],"version-history":[{"count":1,"href":"https:\/\/taxadora.com\/pl\/wp-json\/wp\/v2\/pages\/18459\/revisions"}],"predecessor-version":[{"id":18460,"href":"https:\/\/taxadora.com\/pl\/wp-json\/wp\/v2\/pages\/18459\/revisions\/18460"}],"wp:attachment":[{"href":"https:\/\/taxadora.com\/pl\/wp-json\/wp\/v2\/media?parent=18459"}],"curies":[{"name":"wp","href":"https:\/\/api.w.org\/{rel}","templated":true}]}}