{"id":8597,"date":"2021-09-10T17:16:11","date_gmt":"2021-09-10T15:16:11","guid":{"rendered":"https:\/\/taxadora.com\/?page_id=8597"},"modified":"2025-01-27T17:24:10","modified_gmt":"2025-01-27T16:24:10","slug":"lequipe-taxadora","status":"publish","type":"page","link":"https:\/\/taxadora.com\/fr\/lequipe-taxadora\/","title":{"rendered":"Qui sommes nous?"},"content":{"rendered":"\t\t<div data-elementor-type=\"wp-page\" data-elementor-id=\"8597\" class=\"elementor elementor-8597 elementor-1924\" data-elementor-post-type=\"page\">\n\t\t\t\t\t\t<section class=\"elementor-section elementor-top-section elementor-element elementor-element-8105c33 elementor-section-boxed elementor-section-height-default elementor-section-height-default\" data-id=\"8105c33\" data-element_type=\"section\" data-e-type=\"section\">\n\t\t\t\t\t\t<div class=\"elementor-container elementor-column-gap-default\">\n\t\t\t\t\t<div class=\"elementor-column elementor-col-100 elementor-top-column elementor-element elementor-element-423a202\" data-id=\"423a202\" data-element_type=\"column\" data-e-type=\"column\">\n\t\t\t<div class=\"elementor-widget-wrap elementor-element-populated\">\n\t\t\t\t\t\t<div class=\"elementor-element elementor-element-db98d2c elementor-widget elementor-widget-heading\" data-id=\"db98d2c\" data-element_type=\"widget\" data-e-type=\"widget\" data-widget_type=\"heading.default\">\n\t\t\t\t<div class=\"elementor-widget-container\">\n\t\t\t\t\t<h2 class=\"elementor-heading-title elementor-size-default\">Qui sommes nous?<\/h2>\t\t\t\t<\/div>\n\t\t\t\t<\/div>\n\t\t\t\t\t<\/div>\n\t\t<\/div>\n\t\t\t\t\t<\/div>\n\t\t<\/section>\n\t\t\t\t<section class=\"elementor-section elementor-top-section elementor-element elementor-element-578d769f elementor-section-boxed elementor-section-height-default elementor-section-height-default\" data-id=\"578d769f\" data-element_type=\"section\" data-e-type=\"section\">\n\t\t\t\t\t\t<div class=\"elementor-container elementor-column-gap-default\">\n\t\t\t\t\t<div class=\"elementor-column elementor-col-100 elementor-top-column elementor-element elementor-element-13abd7f4\" data-id=\"13abd7f4\" data-element_type=\"column\" data-e-type=\"column\">\n\t\t\t<div class=\"elementor-widget-wrap elementor-element-populated\">\n\t\t\t\t\t\t<div class=\"elementor-element elementor-element-319fb364 elementor-widget elementor-widget-text-editor\" data-id=\"319fb364\" data-element_type=\"widget\" data-e-type=\"widget\" data-widget_type=\"text-editor.default\">\n\t\t\t\t<div class=\"elementor-widget-container\">\n\t\t\t\t\t\t\t\t\t<p><span>Avec Taxadora, vous pouvez profiter de votre s\u00e9jour en Espagne sans vous soucier des imp\u00f4ts espagnols.<\/span><\/p><p><span><span class=\"\">L&rsquo;\u00e9quipe de Taxadora se compose d&rsquo;un r\u00e9seau d&rsquo;\u00e9conomistes, d&rsquo;avocats et d&rsquo;architectes ainsi que de data scientists.\u00a0<\/span>Nous sommes bas\u00e9s \u00e0 Malaga, au sud de l&rsquo;Espagne.\u00a0Nos clients sont situ\u00e9s dans toute l&rsquo;Espagne, la plupart d&rsquo;entre eux sur la Costa del Sol, la Costa Blanca et les \u00eeles Bal\u00e9ares.<\/span><\/p><p><span>Le responsable du support client anglophone est Vilho Heiskanen qui vous aidera tr\u00e8s probablement pour toutes vos questions.\u00a0Si vous pr\u00e9f\u00e9rez le fran\u00e7ais, l&rsquo;espagnol ou d&rsquo;autres langues, vous pouvez entrer en contact avec Carolina ou nos autres merveilleux membres du personnel.<\/span><\/p><p><span>Nous avons sign\u00e9 un accord de coop\u00e9ration avec l&rsquo;administration fiscale espagnole et suivons un cadre pour les comptables espagnols.\u00a0En plus de faire tr\u00e8s bien notre travail, nous avons \u00e9galement une assurance responsabilit\u00e9 civile professionnelle pour chaque d\u00e9p\u00f4t que nous faisons.\u00a0<\/span><span>Nous sommes membre d&rsquo;une organisation d&rsquo;experts-comptables en Espagne et avons des connaissances approfondies lorsque nos clients posent des questions difficiles sur leur fiscalit\u00e9.\u00a0<\/span><\/p><p><span>Nous nous concentrons sur les imp\u00f4ts, mais faisons \u00e9galement appel \u00e0 des avocats et des architectes lorsque les clients ont des questions sur les permis de construire ou les licences pour louer leurs propri\u00e9t\u00e9s.\u00a0Nous aidons \u00e9galement nos clients avec des questions li\u00e9es aux testaments, \u00e0 la planification successorale et au patrimoine.<\/span><\/p><p><span>Tous les membres de l&rsquo;\u00e9quipe sont des experts dans leur domaine avec au moins 10 ans d&rsquo;exp\u00e9rience professionnelle, dans des cabinets d&rsquo;avocats espagnols, des banques ou des professions apparent\u00e9es.<\/span><\/p><p><span>Si vous avez des questions sur nous ou sur vos imp\u00f4ts espagnols, n&rsquo;h\u00e9sitez pas \u00e0 envoyer un e-mail \u00e0 info@taxadora.com ou \u00e0 appeler le +34 611 629 317.<\/span><\/p><p><span>Nous sommes heureux de coop\u00e9rer avec d&rsquo;autres entreprises qui ont des clients satisfaits.\u00a0Si vous \u00eates int\u00e9ress\u00e9 \u00e0 coop\u00e9rer, \u00eates investisseur, journaliste ou recherchez des informations \u00e0 un autre titre, veuillez nous contacter.<\/span><\/p>\t\t\t\t\t\t\t\t<\/div>\n\t\t\t\t<\/div>\n\t\t\t\t\t<\/div>\n\t\t<\/div>\n\t\t\t\t\t<\/div>\n\t\t<\/section>\n\t\t\t\t<\/div>\n\t\t","protected":false},"excerpt":{"rendered":"<p>Qui sommes nous? Avec Taxadora, vous pouvez profiter de votre s\u00e9jour en Espagne sans vous soucier des imp\u00f4ts espagnols. L&rsquo;\u00e9quipe de Taxadora se compose d&rsquo;un r\u00e9seau d&rsquo;\u00e9conomistes, d&rsquo;avocats et d&rsquo;architectes ainsi que de data scientists.\u00a0Nous sommes bas\u00e9s \u00e0 Malaga, au sud de l&rsquo;Espagne.\u00a0Nos clients sont situ\u00e9s dans toute l&rsquo;Espagne, la plupart d&rsquo;entre eux sur la [&hellip;]<\/p>\n","protected":false},"author":1,"featured_media":0,"parent":0,"menu_order":0,"comment_status":"closed","ping_status":"closed","template":"elementor_header_footer","meta":{"footnotes":""},"class_list":["post-8597","page","type-page","status-publish","hentry"],"_links":{"self":[{"href":"https:\/\/taxadora.com\/fr\/wp-json\/wp\/v2\/pages\/8597","targetHints":{"allow":["GET"]}}],"collection":[{"href":"https:\/\/taxadora.com\/fr\/wp-json\/wp\/v2\/pages"}],"about":[{"href":"https:\/\/taxadora.com\/fr\/wp-json\/wp\/v2\/types\/page"}],"author":[{"embeddable":true,"href":"https:\/\/taxadora.com\/fr\/wp-json\/wp\/v2\/users\/1"}],"replies":[{"embeddable":true,"href":"https:\/\/taxadora.com\/fr\/wp-json\/wp\/v2\/comments?post=8597"}],"version-history":[{"count":11,"href":"https:\/\/taxadora.com\/fr\/wp-json\/wp\/v2\/pages\/8597\/revisions"}],"predecessor-version":[{"id":17011,"href":"https:\/\/taxadora.com\/fr\/wp-json\/wp\/v2\/pages\/8597\/revisions\/17011"}],"wp:attachment":[{"href":"https:\/\/taxadora.com\/fr\/wp-json\/wp\/v2\/media?parent=8597"}],"curies":[{"name":"wp","href":"https:\/\/api.w.org\/{rel}","templated":true}]}}