{"id":21201,"date":"2026-04-24T12:09:50","date_gmt":"2026-04-24T10:09:50","guid":{"rendered":"https:\/\/taxadora.com\/?page_id=21201"},"modified":"2026-04-24T12:56:33","modified_gmt":"2026-04-24T10:56:33","slug":"calculateur-impot-immobilier-espagne-non-resident","status":"publish","type":"page","link":"https:\/\/taxadora.com\/fr\/calculateur-impot-immobilier-espagne-non-resident\/","title":{"rendered":"Calculateur Imp\u00f4t Immobilier Espagne Non-R\u00e9sident (Modelo 210)"},"content":{"rendered":"\t\t<div data-elementor-type=\"wp-page\" data-elementor-id=\"21201\" class=\"elementor elementor-21201 elementor-21144\" data-elementor-post-type=\"page\">\n\t\t\t\t<div class=\"elementor-element elementor-element-f7946e6 e-flex e-con-boxed e-con e-parent\" data-id=\"f7946e6\" data-element_type=\"container\" data-e-type=\"container\">\n\t\t\t\t\t<div class=\"e-con-inner\">\n\t\t\t\t<div class=\"elementor-element elementor-element-5486c8e elementor-widget elementor-widget-heading\" data-id=\"5486c8e\" data-element_type=\"widget\" data-e-type=\"widget\" data-widget_type=\"heading.default\">\n\t\t\t\t<div class=\"elementor-widget-container\">\n\t\t\t\t\t<h1 class=\"elementor-heading-title elementor-size-default\">Calculateur d\u2019imp\u00f4t immobilier en Espagne pour non-r\u00e9sidents (Modelo 210)<\/h1>\t\t\t\t<\/div>\n\t\t\t\t<\/div>\n\t\t\t\t\t<\/div>\n\t\t\t\t<\/div>\n\t\t<div class=\"elementor-element elementor-element-3084a20c e-flex e-con-boxed e-con e-parent\" data-id=\"3084a20c\" data-element_type=\"container\" data-e-type=\"container\">\n\t\t\t\t\t<div class=\"e-con-inner\">\n\t\t\t\t<div class=\"elementor-element elementor-element-7012bb52 elementor-widget elementor-widget-text-editor\" data-id=\"7012bb52\" data-element_type=\"widget\" data-e-type=\"widget\" data-widget_type=\"text-editor.default\">\n\t\t\t\t<div class=\"elementor-widget-container\">\n\t\t\t\t\t\t\t\t\t<p data-start=\"665\" data-end=\"851\">Si vous poss\u00e9dez un bien immobilier en Espagne mais que vous n\u2019y r\u00e9sidez pas, vous devez g\u00e9n\u00e9ralement d\u00e9poser chaque ann\u00e9e une <strong data-start=\"792\" data-end=\"818\">d\u00e9claration Modelo 210<\/strong>, m\u00eame si le bien n\u2019est pas lou\u00e9.<\/p>\n<p data-start=\"853\" data-end=\"982\">L\u2019Espagne applique en effet un imp\u00f4t bas\u00e9 sur un <strong data-start=\"902\" data-end=\"936\">revenu imput\u00e9 (imputed income)<\/strong> pour les biens d\u00e9tenus par des non-r\u00e9sidents.<\/p>\n<p data-start=\"984\" data-end=\"1125\">Ce calculateur vous permet d\u2019estimer rapidement le montant de l\u2019imp\u00f4t immobilier espagnol que vous pourriez devoir payer selon le Modelo 210.<\/p>\n<p data-start=\"1127\" data-end=\"1282\">Indiquez la valor catastral, la p\u00e9riode de d\u00e9tention, les \u00e9ventuels jours de location et votre pays de r\u00e9sidence pour obtenir imm\u00e9diatement une estimation.<\/p>\n<p data-start=\"1284\" data-end=\"1328\">Le calculateur applique les taux officiels :<\/p>\n<ul data-start=\"1330\" data-end=\"1405\">\n<li data-section-id=\"14cstc\" data-start=\"1330\" data-end=\"1367\">19 % pour les r\u00e9sidents de l\u2019UE\/EEE<\/li>\n<li data-section-id=\"1wwza3g\" data-start=\"1368\" data-end=\"1405\">24 % pour les r\u00e9sidents hors UE\/EEE<\/li>\n<\/ul>\n<p data-start=\"1407\" data-end=\"1486\"><br><\/p><p data-start=\"1407\" data-end=\"1486\">Le r\u00e9sultat donne une estimation r\u00e9aliste de votre obligation fiscale annuelle.<\/p>\t\t\t\t\t\t\t\t<\/div>\n\t\t\t\t<\/div>\n\t\t\t\t\t<\/div>\n\t\t\t\t<\/div>\n\t\t<div class=\"elementor-element elementor-element-43db2c6 e-flex e-con-boxed e-con e-parent\" data-id=\"43db2c6\" data-element_type=\"container\" data-e-type=\"container\">\n\t\t\t\t\t<div class=\"e-con-inner\">\n\t\t\t\t<div class=\"elementor-element elementor-element-0cb772c elementor-widget__width-inherit elementor-widget elementor-widget-html\" data-id=\"0cb772c\" data-element_type=\"widget\" data-e-type=\"widget\" data-widget_type=\"html.default\">\n\t\t\t\t<div class=\"elementor-widget-container\">\n\t\t\t\t\t<script src=\"https:\/\/www.cognitoforms.com\/f\/seamless.js\" data-key=\"13zT0_A930qptss4osmFMg\" data-form=\"213\"><\/script>\t\t\t\t<\/div>\n\t\t\t\t<\/div>\n\t\t\t\t\t<\/div>\n\t\t\t\t<\/div>\n\t\t<div class=\"elementor-element elementor-element-8e7d3c8 e-flex e-con-boxed e-con e-parent\" data-id=\"8e7d3c8\" data-element_type=\"container\" data-e-type=\"container\">\n\t\t\t\t\t<div class=\"e-con-inner\">\n\t\t\t\t<div class=\"elementor-element elementor-element-3f7aec8 elementor-widget elementor-widget-text-editor\" data-id=\"3f7aec8\" data-element_type=\"widget\" data-e-type=\"widget\" data-widget_type=\"text-editor.default\">\n\t\t\t\t<div class=\"elementor-widget-container\">\n\t\t\t\t\t\t\t\t\t<h2 data-section-id=\"14xadhp\" data-start=\"1493\" data-end=\"1528\">Qui doit d\u00e9poser le Modelo 210 ?<\/h2><p data-start=\"1530\" data-end=\"1580\">Vous devez g\u00e9n\u00e9ralement d\u00e9poser le Modelo 210 si :<\/p><ul data-start=\"1582\" data-end=\"1763\"><li data-section-id=\"m4b1jx\" data-start=\"1582\" data-end=\"1611\">vous r\u00e9sidez hors d\u2019Espagne<\/li><li data-section-id=\"kgpc0u\" data-start=\"1612\" data-end=\"1657\">vous poss\u00e9dez un bien immobilier en Espagne<\/li><li data-section-id=\"18woa1l\" data-start=\"1658\" data-end=\"1698\">le bien n\u2019a pas \u00e9t\u00e9 lou\u00e9 toute l\u2019ann\u00e9e<\/li><li data-section-id=\"cd2z0a\" data-start=\"1699\" data-end=\"1763\">le bien est utilis\u00e9 comme r\u00e9sidence secondaire ou reste vacant<\/li><\/ul><p data-start=\"1765\" data-end=\"1866\">\u00a0<\/p><p data-start=\"1765\" data-end=\"1866\">L\u2019administration fiscale espagnole consid\u00e8re cela comme un <strong data-start=\"1824\" data-end=\"1841\">revenu imput\u00e9<\/strong>, imposable chaque ann\u00e9e.<\/p><p data-start=\"1765\" data-end=\"1866\">\u00a0<\/p><h2 data-section-id=\"3f0jny\" data-start=\"1873\" data-end=\"1943\">Comment l\u2019imp\u00f4t immobilier des non-r\u00e9sidents est calcul\u00e9 en Espagne<\/h2><p data-start=\"1945\" data-end=\"1980\">Le calcul repose g\u00e9n\u00e9ralement sur :<\/p><ul data-start=\"1982\" data-end=\"2294\"><li data-section-id=\"hyfv6l\" data-start=\"1982\" data-end=\"2010\">la valor catastral du bien<\/li><li data-section-id=\"1uv9x89\" data-start=\"2011\" data-end=\"2072\">le fait que cette valeur ait \u00e9t\u00e9 r\u00e9vis\u00e9e ou non depuis 2012<\/li><li data-section-id=\"1j54bdo\" data-start=\"2073\" data-end=\"2134\">le prix d\u2019achat (si la valor catastral n\u2019existe pas encore)<\/li><li data-section-id=\"q5it3g\" data-start=\"2135\" data-end=\"2192\">le nombre de jours de d\u00e9tention pendant l\u2019ann\u00e9e fiscale<\/li><li data-section-id=\"4y46yc\" data-start=\"2193\" data-end=\"2225\">le nombre de jours de location<\/li><li data-section-id=\"1qhbvw7\" data-start=\"2226\" data-end=\"2259\">votre pays de r\u00e9sidence fiscale<\/li><li data-section-id=\"1ofto3a\" data-start=\"2260\" data-end=\"2294\">le taux applicable du Modelo 210<\/li><\/ul><p data-start=\"2296\" data-end=\"2341\">\u00a0<\/p><p data-start=\"2296\" data-end=\"2341\">La base imposable correspond g\u00e9n\u00e9ralement \u00e0 :<\/p><ul data-start=\"2343\" data-end=\"2434\"><li data-section-id=\"oe7g4p\" data-start=\"2343\" data-end=\"2405\">1,1 % de la valor catastral si elle a \u00e9t\u00e9 r\u00e9vis\u00e9e apr\u00e8s 2012<\/li><li data-section-id=\"egap70\" data-start=\"2406\" data-end=\"2434\">2 % si ce n\u2019est pas le cas<\/li><\/ul><p data-start=\"2436\" data-end=\"2571\">\u00a0<\/p><p data-start=\"2436\" data-end=\"2571\">Si le bien ne dispose pas encore de valor catastral, l\u2019administration utilise en g\u00e9n\u00e9ral <strong data-start=\"2525\" data-end=\"2549\">50 % du prix d\u2019achat<\/strong> comme base de calcul.<\/p><p data-start=\"2573\" data-end=\"2627\">Ce revenu imput\u00e9 est ensuite impos\u00e9 via le Modelo 210.<\/p><p data-start=\"2573\" data-end=\"2627\">\u00a0<\/p><h2 data-section-id=\"hrdjqu\" data-start=\"2634\" data-end=\"2671\">Diff\u00e9rence entre Modelo 210 et IBI<\/h2><p data-start=\"2673\" data-end=\"2749\">Cet imp\u00f4t n\u2019est pas identique \u00e0 la taxe fonci\u00e8re municipale appel\u00e9e <strong data-start=\"2741\" data-end=\"2748\">IBI<\/strong>.<\/p><ul data-start=\"2751\" data-end=\"2880\"><li data-section-id=\"spu0zh\" data-start=\"2751\" data-end=\"2799\">l\u2019IBI est pay\u00e9 \u00e0 la mairie o\u00f9 se situe le bien<\/li><li data-section-id=\"1wz1zks\" data-start=\"2800\" data-end=\"2880\">le Modelo 210 est un imp\u00f4t national applicable aux propri\u00e9taires non-r\u00e9sidents<\/li><\/ul><p data-start=\"2882\" data-end=\"2944\">\u00a0<\/p><p data-start=\"2882\" data-end=\"2944\">La plupart des propri\u00e9taires \u00e9trangers doivent payer les deux.<\/p><p data-start=\"2882\" data-end=\"2944\">\u00a0<\/p><h2 data-section-id=\"brwzym\" data-start=\"2951\" data-end=\"2982\">Ce que ce calculateur inclut<\/h2><p data-start=\"2984\" data-end=\"3007\">Ce calculateur estime :<\/p><ul data-start=\"3009\" data-end=\"3306\"><li data-section-id=\"fip62a\" data-start=\"3009\" data-end=\"3061\">le revenu imput\u00e9 sur un bien immobilier en Espagne<\/li><li data-section-id=\"1air0xt\" data-start=\"3062\" data-end=\"3131\">la base imposable \u00e0 partir de la valor catastral ou du prix d\u2019achat<\/li><li data-section-id=\"1xcul51\" data-start=\"3132\" data-end=\"3174\">l\u2019ajustement selon la dur\u00e9e de d\u00e9tention<\/li><li data-section-id=\"1r9yr5h\" data-start=\"3175\" data-end=\"3218\">l\u2019ajustement selon la p\u00e9riode de location<\/li><li data-section-id=\"16g2qkq\" data-start=\"3219\" data-end=\"3269\">le taux applicable selon votre r\u00e9sidence fiscale<\/li><li data-section-id=\"vf033b\" data-start=\"3270\" data-end=\"3306\">l\u2019imp\u00f4t estim\u00e9 selon le Modelo 210<\/li><\/ul><p data-start=\"3308\" data-end=\"3383\">\u00a0<\/p><p data-start=\"3308\" data-end=\"3383\">Cela vous donne une estimation fiable de votre obligation fiscale annuelle.<\/p><p data-start=\"3308\" data-end=\"3383\">\u00a0<\/p><h2 data-section-id=\"6c7btn\" data-start=\"3390\" data-end=\"3427\">Ce que ce calculateur n\u2019inclut pas<\/h2><p data-start=\"3429\" data-end=\"3512\">Afin de simplifier l\u2019estimation, les \u00e9l\u00e9ments suivants ne sont pas pris en compte :<\/p><ul data-start=\"3514\" data-end=\"3840\"><li data-section-id=\"1o6nwjx\" data-start=\"3514\" data-end=\"3562\">la r\u00e9partition entre plusieurs copropri\u00e9taires<\/li><li data-section-id=\"nxpsbe\" data-start=\"3563\" data-end=\"3588\">les p\u00e9nalit\u00e9s de retard<\/li><li data-section-id=\"p3h0n6\" data-start=\"3589\" data-end=\"3613\">les int\u00e9r\u00eats de retard<\/li><li data-section-id=\"1wpphsx\" data-start=\"3614\" data-end=\"3649\">l\u2019imp\u00f4t sur la fortune en Espagne<\/li><li data-section-id=\"qatx9u\" data-start=\"3650\" data-end=\"3688\">les sp\u00e9cificit\u00e9s fiscales r\u00e9gionales<\/li><li data-section-id=\"1psyj09\" data-start=\"3689\" data-end=\"3739\">les cr\u00e9dits d\u2019imp\u00f4t dans votre pays de r\u00e9sidence<\/li><li data-section-id=\"x1dv68\" data-start=\"3740\" data-end=\"3789\">les r\u00e9visions ult\u00e9rieures de la valor catastral<\/li><li data-section-id=\"1czcv4d\" data-start=\"3790\" data-end=\"3840\">la d\u00e9tention du bien via une soci\u00e9t\u00e9 ou un trust<\/li><\/ul><p data-start=\"3842\" data-end=\"3899\">\u00a0<\/p><p data-start=\"3842\" data-end=\"3899\">Ces \u00e9l\u00e9ments peuvent influencer le montant final \u00e0 payer.<\/p><p data-start=\"3842\" data-end=\"3899\">\u00a0<\/p><h2 data-section-id=\"kedvur\" data-start=\"3906\" data-end=\"3959\">Exemple de calcul de l\u2019imp\u00f4t immobilier en Espagne<\/h2><p data-start=\"3961\" data-end=\"3970\">Exemple :<\/p><p data-start=\"3972\" data-end=\"4089\">Valor catastral : 120 000 \u20ac<br data-start=\"3999\" data-end=\"4002\" \/>R\u00e9vis\u00e9e apr\u00e8s 2012<br data-start=\"4020\" data-end=\"4023\" \/>Propri\u00e9t\u00e9 d\u00e9tenue toute l\u2019ann\u00e9e<br data-start=\"4054\" data-end=\"4057\" \/>Bien non lou\u00e9<br data-start=\"4070\" data-end=\"4073\" \/>R\u00e9sident de l\u2019UE<\/p><p data-start=\"4091\" data-end=\"4108\">R\u00e9sultat estim\u00e9 :<\/p><p data-start=\"4110\" data-end=\"4175\">Base imposable : 1 320 \u20ac<br data-start=\"4134\" data-end=\"4137\" \/>Taux : 19 %<br data-start=\"4148\" data-end=\"4151\" \/>Imp\u00f4t \u00e0 payer : 250,80 \u20ac<\/p><p data-start=\"4177\" data-end=\"4266\">Cet exemple donne une estimation claire de votre obligation annuelle selon le Modelo 210.<\/p><p data-start=\"4177\" data-end=\"4266\">\u00a0<\/p><h2 data-section-id=\"lbkew8\" data-start=\"4273\" data-end=\"4296\">Questions fr\u00e9quentes<\/h2><h3 data-section-id=\"1hlwaf8\" data-start=\"4298\" data-end=\"4353\">Dois-je payer un imp\u00f4t si mon bien n\u2019est pas lou\u00e9 ?<\/h3><p data-start=\"4355\" data-end=\"4484\">Oui. L\u2019Espagne applique un imp\u00f4t sur le revenu imput\u00e9 pour les biens d\u00e9tenus par des non-r\u00e9sidents, m\u00eame s\u2019ils ne sont pas lou\u00e9s.<\/p><p data-start=\"4486\" data-end=\"4545\">Cet imp\u00f4t doit \u00eatre d\u00e9clar\u00e9 chaque ann\u00e9e via le Modelo 210.<\/p><h3 data-section-id=\"1xbyfae\" data-start=\"4552\" data-end=\"4588\">\u00a0<\/h3><h3 data-section-id=\"1xbyfae\" data-start=\"4552\" data-end=\"4588\">Qu\u2019est-ce que le revenu imput\u00e9 ?<\/h3><p data-start=\"4590\" data-end=\"4699\">Le revenu imput\u00e9 est un revenu th\u00e9orique attribu\u00e9 par l\u2019administration fiscale espagnole aux biens non lou\u00e9s.<\/p><p data-start=\"4701\" data-end=\"4775\">Il sert de base au calcul de l\u2019imp\u00f4t pour les propri\u00e9taires non-r\u00e9sidents.<\/p><p data-start=\"4701\" data-end=\"4775\">\u00a0<\/p><p data-start=\"4701\" data-end=\"4775\">\u00a0<\/p><h3 data-section-id=\"tu7dhq\" data-start=\"4782\" data-end=\"4849\">Que se passe-t-il si le bien a \u00e9t\u00e9 lou\u00e9 une partie de l\u2019ann\u00e9e ?<\/h3><p data-start=\"4851\" data-end=\"4967\">Dans ce cas, l\u2019imp\u00f4t sur le revenu imput\u00e9 s\u2019applique uniquement aux jours pendant lesquels le bien n\u2019\u00e9tait pas lou\u00e9.<\/p><p data-start=\"4969\" data-end=\"5041\">Les revenus locatifs doivent \u00eatre d\u00e9clar\u00e9s s\u00e9par\u00e9ment via le Modelo 210.<\/p><p data-start=\"4969\" data-end=\"5041\"><a href=\"https:\/\/taxadora.com\/fr\/impots-sur-les-revenus-locatifs-en-espagne\/\">https:\/\/taxadora.com\/fr\/impots-sur-les-revenus-locatifs-en-espagne\/<\/a><\/p><p data-start=\"4969\" data-end=\"5041\">\u00a0<\/p><h3 data-section-id=\"iuhl8b\" data-start=\"5048\" data-end=\"5109\">\u00a0<\/h3><h3 data-section-id=\"iuhl8b\" data-start=\"5048\" data-end=\"5109\">Que faire si mon bien n\u2019a pas encore de valor catastral ?<\/h3><p data-start=\"5111\" data-end=\"5256\">Si le bien est neuf et ne dispose pas encore de valor catastral, l\u2019administration utilise g\u00e9n\u00e9ralement 50 % du prix d\u2019achat comme base de calcul.<\/p><p data-start=\"5111\" data-end=\"5256\">\u00a0<\/p><h3 data-section-id=\"1eat92b\" data-start=\"5263\" data-end=\"5302\">Quel taux d\u2019imposition s\u2019applique ?<\/h3><p data-start=\"5304\" data-end=\"5329\">Les taux standards sont :<\/p><ul data-start=\"5331\" data-end=\"5406\"><li data-section-id=\"14cstc\" data-start=\"5331\" data-end=\"5368\">19 % pour les r\u00e9sidents de l\u2019UE\/EEE<\/li><li data-section-id=\"1wwza3g\" data-start=\"5369\" data-end=\"5406\">24 % pour les r\u00e9sidents hors UE\/EEE<\/li><li data-section-id=\"1wwza3g\" data-start=\"5369\" data-end=\"5406\">\u00a0<\/li><\/ul><h3 data-section-id=\"orkb4k\" data-start=\"5413\" data-end=\"5454\">Quand faut-il d\u00e9poser le Modelo 210 ?<\/h3><p data-start=\"5456\" data-end=\"5561\">La d\u00e9claration doit normalement \u00eatre d\u00e9pos\u00e9e avant le <strong data-start=\"5510\" data-end=\"5560\">31 d\u00e9cembre de l\u2019ann\u00e9e suivant l\u2019ann\u00e9e fiscale<\/strong>.<\/p><p data-start=\"5456\" data-end=\"5561\">\u00a0<\/p><p data-start=\"5456\" data-end=\"5561\">\u00a0<\/p><h2 data-section-id=\"1p28hlh\" data-start=\"5568\" data-end=\"5616\">Besoin d\u2019aide pour d\u00e9poser votre Modelo 210 ?<\/h2><p data-start=\"5618\" data-end=\"5667\">Ce calculateur fournit uniquement une estimation.<\/p><p data-start=\"5669\" data-end=\"5753\">Taxadora peut pr\u00e9parer et d\u00e9poser votre d\u00e9claration Modelo 210 enti\u00e8rement en ligne.<\/p><p data-start=\"5755\" data-end=\"5776\">Le service comprend :<\/p><ul data-start=\"5778\" data-end=\"5938\"><li data-section-id=\"1tfmft7\" data-start=\"5778\" data-end=\"5808\">le calcul correct de l\u2019imp\u00f4t<\/li><li data-section-id=\"969le\" data-start=\"5809\" data-end=\"5839\">la pr\u00e9paration du Modelo 210<\/li><li data-section-id=\"11joi8r\" data-start=\"5840\" data-end=\"5907\">la transmission \u00e9lectronique \u00e0 l\u2019administration fiscale espagnole<\/li><li data-section-id=\"7vpa1o\" data-start=\"5908\" data-end=\"5938\">une confirmation apr\u00e8s d\u00e9p\u00f4t<\/li><\/ul><p data-start=\"5940\" data-end=\"5979\">\u00a0<\/p><p data-start=\"5940\" data-end=\"5979\">D\u00e9posez votre Modelo 210 en ligne ici :<\/p><p data-start=\"5940\" data-end=\"5979\"><a href=\"https:\/\/taxadora.com\/fr\/impot-des-non-residents-modelo-210-espagne\/\">https:\/\/taxadora.com\/fr\/impot-des-non-residents-modelo-210-espagne\/<\/a><\/p><p data-start=\"5940\" data-end=\"5979\">\u00a0<\/p><h2 data-section-id=\"1t7ujz\" data-start=\"6043\" data-end=\"6059\">Avertissement<\/h2><p data-start=\"6061\" data-end=\"6240\" data-is-last-node=\"\" data-is-only-node=\"\">Ce calculateur fournit uniquement une estimation et ne remplace pas un conseil fiscal personnalis\u00e9. Votre situation personnelle peut influencer le montant r\u00e9el de l\u2019imp\u00f4t \u00e0 payer.<\/p>\t\t\t\t\t\t\t\t<\/div>\n\t\t\t\t<\/div>\n\t\t\t\t\t<\/div>\n\t\t\t\t<\/div>\n\t\t\t\t<\/div>\n\t\t","protected":false},"excerpt":{"rendered":"<p>Calculateur d\u2019imp\u00f4t immobilier en Espagne pour non-r\u00e9sidents (Modelo 210) Si vous poss\u00e9dez un bien immobilier en Espagne mais que vous n\u2019y r\u00e9sidez pas, vous devez g\u00e9n\u00e9ralement d\u00e9poser chaque ann\u00e9e une d\u00e9claration Modelo 210, m\u00eame si le bien n\u2019est pas lou\u00e9. L\u2019Espagne applique en effet un imp\u00f4t bas\u00e9 sur un revenu imput\u00e9 (imputed income) pour les [&hellip;]<\/p>\n","protected":false},"author":1,"featured_media":0,"parent":0,"menu_order":0,"comment_status":"closed","ping_status":"closed","template":"","meta":{"footnotes":""},"class_list":["post-21201","page","type-page","status-publish","hentry"],"_links":{"self":[{"href":"https:\/\/taxadora.com\/fr\/wp-json\/wp\/v2\/pages\/21201","targetHints":{"allow":["GET"]}}],"collection":[{"href":"https:\/\/taxadora.com\/fr\/wp-json\/wp\/v2\/pages"}],"about":[{"href":"https:\/\/taxadora.com\/fr\/wp-json\/wp\/v2\/types\/page"}],"author":[{"embeddable":true,"href":"https:\/\/taxadora.com\/fr\/wp-json\/wp\/v2\/users\/1"}],"replies":[{"embeddable":true,"href":"https:\/\/taxadora.com\/fr\/wp-json\/wp\/v2\/comments?post=21201"}],"version-history":[{"count":7,"href":"https:\/\/taxadora.com\/fr\/wp-json\/wp\/v2\/pages\/21201\/revisions"}],"predecessor-version":[{"id":21214,"href":"https:\/\/taxadora.com\/fr\/wp-json\/wp\/v2\/pages\/21201\/revisions\/21214"}],"wp:attachment":[{"href":"https:\/\/taxadora.com\/fr\/wp-json\/wp\/v2\/media?parent=21201"}],"curies":[{"name":"wp","href":"https:\/\/api.w.org\/{rel}","templated":true}]}}