{"id":20944,"date":"2026-04-15T10:46:48","date_gmt":"2026-04-15T08:46:48","guid":{"rendered":"https:\/\/taxadora.com\/?page_id=20944"},"modified":"2026-05-06T12:16:02","modified_gmt":"2026-05-06T10:16:02","slug":"calculateurs-impots-espagne","status":"publish","type":"page","link":"https:\/\/taxadora.com\/fr\/calculateurs-impots-espagne\/","title":{"rendered":"Calculateurs d\u2019imp\u00f4ts Espagne \u2013 Estimez vos imp\u00f4ts en Espagne"},"content":{"rendered":"\t\t<div data-elementor-type=\"wp-page\" data-elementor-id=\"20944\" class=\"elementor elementor-20944 elementor-20876\" data-elementor-post-type=\"page\">\n\t\t\t\t<div class=\"elementor-element elementor-element-57e83658 e-flex e-con-boxed e-con e-parent\" data-id=\"57e83658\" data-element_type=\"container\" data-e-type=\"container\">\n\t\t\t\t\t<div class=\"e-con-inner\">\n\t\t\t\t<div class=\"elementor-element elementor-element-340bac80 elementor-widget elementor-widget-heading\" data-id=\"340bac80\" data-element_type=\"widget\" data-e-type=\"widget\" data-widget_type=\"heading.default\">\n\t\t\t\t<div class=\"elementor-widget-container\">\n\t\t\t\t\t<h1 class=\"elementor-heading-title elementor-size-default\">Calculateurs d\u2019imp\u00f4ts Espagne \u2013 Estimez vos imp\u00f4ts en Espagne<\/h1>\t\t\t\t<\/div>\n\t\t\t\t<\/div>\n\t\t\t\t\t<\/div>\n\t\t\t\t<\/div>\n\t\t<div class=\"elementor-element elementor-element-4a86d6c6 e-flex e-con-boxed e-con e-parent\" data-id=\"4a86d6c6\" data-element_type=\"container\" data-e-type=\"container\">\n\t\t\t\t\t<div class=\"e-con-inner\">\n\t\t\t\t<div class=\"elementor-element elementor-element-32c8ad3c elementor-widget elementor-widget-text-editor\" data-id=\"32c8ad3c\" data-element_type=\"widget\" data-e-type=\"widget\" data-widget_type=\"text-editor.default\">\n\t\t\t\t<div class=\"elementor-widget-container\">\n\t\t\t\t\t\t\t\t\t<p data-start=\"566\" data-end=\"667\">Utilisez nos calculateurs d\u2019imp\u00f4ts en Espagne pour estimer rapidement et facilement votre imposition.<\/p>\n<p data-start=\"669\" data-end=\"890\">Ces outils aident les r\u00e9sidents, non-r\u00e9sidents et expatri\u00e9s \u00e0 calculer l\u2019imp\u00f4t sur le revenu en Espagne, l\u2019imp\u00f4t sur les revenus locatifs, l\u2019imp\u00f4t sur la plus-value immobili\u00e8re ainsi que l\u2019imposition selon la loi Beckham.<\/p>\n<p data-start=\"892\" data-end=\"967\">S\u00e9lectionnez un calculateur ci-dessous pour estimer votre imp\u00f4t en Espagne.<\/p>\n<p data-start=\"892\" data-end=\"967\"><br><\/p>\n<h2 data-section-id=\"auiltf\" data-start=\"69\" data-end=\"123\">Calculateur imp\u00f4t non-r\u00e9sident Espagne (Modelo 210)<\/h2>\n<p data-start=\"125\" data-end=\"220\">Calculez l\u2019imp\u00f4t annuel d\u00fb par les non-r\u00e9sidents propri\u00e9taires d\u2019un bien immobilier en Espagne.<\/p>\n<p data-start=\"222\" data-end=\"335\">Adapt\u00e9 aux propri\u00e9taires de r\u00e9sidences secondaires et maisons de vacances en Espagne qui ne louent pas leur bien.<\/p>\n<p data-start=\"337\" data-end=\"445\">Inclut les diff\u00e9rences de taux entre r\u00e9sidents UE\/EEE et hors UE ainsi que l\u2019imposition des revenus imput\u00e9s.<\/p>\n<p data-start=\"892\" data-end=\"967\">\n<\/p><p data-start=\"447\" data-end=\"485\"><a href=\"https:\/\/taxadora.com\/nl\/spaanse-vastgoedbelasting-niet-resident-calculator\/\">Calculateur imp\u00f4t non-r\u00e9sident Espagne<\/a><\/p>\n<p data-start=\"447\" data-end=\"485\"><br><\/p>\n<h1 data-start=\"974\" data-end=\"994\"><span style=\"color: #1569ae; font-family: 'Work Sans', sans-serif; font-size: 2rem; font-weight: 600;\">Calculateur d\u2019imp\u00f4t sur le revenu Espagne (IRPF)<\/span><\/h1>\n<p data-start=\"1049\" data-end=\"1152\">Estimez l\u2019imp\u00f4t sur votre salaire ou votre pension en Espagne et calculez votre revenu net apr\u00e8s imp\u00f4t.<\/p>\n<p data-start=\"1154\" data-end=\"1217\">Adapt\u00e9 aux salari\u00e9s, retrait\u00e9s et r\u00e9sidents fiscaux en Espagne.<\/p>\n<p data-start=\"1219\" data-end=\"1263\"><a href=\"https:\/\/taxadora.com\/fr\/fr-simulateur-impot-espagne\/\" target=\"_blank\" rel=\"noopener\">Calculateur d\u2019imp\u00f4t sur le revenu Espagne<\/a><\/p>\n<p data-start=\"1219\" data-end=\"1263\"><br><\/p>\n<h2 data-start=\"1270\" data-end=\"1304\">Calculateur loi Beckham Espagne<\/h2>\n<p data-start=\"1306\" data-end=\"1469\">Estimez votre imposition selon le r\u00e9gime fiscal sp\u00e9cial des expatri\u00e9s (loi Beckham), incluant les salaires, revenus locatifs en Espagne, dividendes et plus-values.<\/p>\n<p data-start=\"1471\" data-end=\"1541\">Adapt\u00e9 aux professionnels qui s\u2019installent en Espagne pour travailler.<\/p>\n<p data-start=\"1543\" data-end=\"1577\"><a href=\"https:\/\/taxadora.com\/fr\/calculateur-loi-beckham-espagne\/\" target=\"_blank\" rel=\"noopener\">Calculateur loi Beckham Espagne<\/a><\/p>\n<p data-start=\"1543\" data-end=\"1577\"><br><\/p>\n<h2 data-start=\"1584\" data-end=\"1642\">Calculateur imp\u00f4t revenus locatifs Espagne (Modelo 210)<\/h2>\n<p data-start=\"1644\" data-end=\"1759\">Calculez l\u2019imp\u00f4t d\u00fb par les non-r\u00e9sidents sur les revenus locatifs provenant d\u2019un bien immobilier situ\u00e9 en Espagne.<\/p>\n<p data-start=\"1761\" data-end=\"1826\">Inclut les diff\u00e9rences de taux entre r\u00e9sidents UE\/EEE et hors UE.<\/p>\n<p data-start=\"1828\" data-end=\"1873\"><a href=\"https:\/\/taxadora.com\/fr\/calculateur-impot-location-espagne\/\" target=\"_blank\" rel=\"noopener\">Calculateur imp\u00f4t revenus locatifs Espagne<\/a><\/p>\n<p data-start=\"1828\" data-end=\"1873\"><br><\/p>\n<h2 data-start=\"1880\" data-end=\"1941\">Calculateur plus-value immobili\u00e8re Espagne (vente de bien)<\/h2>\n<p data-start=\"1943\" data-end=\"2063\">Estimez l\u2019imp\u00f4t sur la plus-value lors de la vente d\u2019un bien immobilier en Espagne en tant que r\u00e9sident ou non-r\u00e9sident.<\/p>\n<p data-start=\"2065\" data-end=\"2108\">Inclut les frais d\u2019acquisition et de vente.<\/p>\n<p data-start=\"2110\" data-end=\"2155\"><a href=\"https:\/\/taxadora.com\/fr\/calculateur-plus-value-immobiliere-espagne\/\" target=\"_blank\" rel=\"noopener\">Calculateur plus-value immobili\u00e8re Espagne<\/a><\/p>\n<p data-start=\"2110\" data-end=\"2155\"><br><\/p>\n<h1 data-start=\"2162\" data-end=\"2175\"><span style=\"color: #1569ae; font-family: 'Work Sans', sans-serif; font-size: 2rem; font-weight: 600;\">Pourquoi utiliser ces calculateurs d\u2019imp\u00f4ts pour l\u2019Espagne ?<\/span><\/h1>\n<p data-start=\"2242\" data-end=\"2374\">Nos calculateurs d\u2019imp\u00f4ts en Espagne fournissent une estimation rapide et fiable bas\u00e9e sur les r\u00e8gles fiscales espagnoles actuelles.<\/p>\n<p data-start=\"2376\" data-end=\"2400\">Ils vous permettent de :<\/p>\n<ul data-start=\"2402\" data-end=\"2683\">\n<li data-start=\"2402\" data-end=\"2452\">estimer votre salaire net apr\u00e8s imp\u00f4t en Espagne<\/li>\n<li data-section-id=\"i6f7eh\" data-start=\"565\" data-end=\"633\">calculer l\u2019imp\u00f4t annuel des propri\u00e9taires non-r\u00e9sidents en Espagne<\/li>\n<li data-section-id=\"i6f7eh\" data-start=\"565\" data-end=\"633\">calculer l\u2019imp\u00f4t sur les revenus locatifs en tant que non-r\u00e9sident<\/li>\n<li data-start=\"2522\" data-end=\"2580\">estimer l\u2019imp\u00f4t sur la plus-value immobili\u00e8re en Espagne<\/li>\n<li data-start=\"2581\" data-end=\"2629\">calculer votre imposition selon la loi Beckham<\/li>\n<li data-start=\"2630\" data-end=\"2683\">pr\u00e9parer votre d\u00e9claration Modelo 210 ou Modelo 151<\/li>\n<\/ul>\n<p data-start=\"2685\" data-end=\"2820\">Ces outils sont particuli\u00e8rement utiles si vous pr\u00e9voyez de vous installer en Espagne, d\u2019investir en Espagne ou si vous y r\u00e9sidez d\u00e9j\u00e0.<\/p>\n<p data-start=\"2685\" data-end=\"2820\"><br><\/p>\n<h1 data-start=\"2827\" data-end=\"2840\"><span style=\"color: #1569ae; font-family: 'Work Sans', sans-serif; font-size: 2rem; font-weight: 600;\">\u00c0 qui s\u2019adressent ces calculateurs d\u2019imp\u00f4ts en Espagne ?<\/span><\/h1>\n<p data-start=\"2903\" data-end=\"2955\">Ces calculateurs sont particuli\u00e8rement utiles pour :<\/p>\n<ul data-start=\"2957\" data-end=\"3201\">\n<li data-start=\"2957\" data-end=\"2992\">expatri\u00e9s s\u2019installant en Espagne<\/li>\n<li data-start=\"2993\" data-end=\"3026\">salari\u00e9s travaillant en Espagne<\/li>\n<li data-section-id=\"j40iu1\" data-start=\"1291\" data-end=\"1343\">propri\u00e9taires de r\u00e9sidences secondaires en Espagne\n<\/li>\n<li data-start=\"3027\" data-end=\"3056\">retrait\u00e9s vivant en Espagne<\/li>\n<li data-start=\"3057\" data-end=\"3097\">propri\u00e9taires non-r\u00e9sidents en Espagne<\/li>\n<li data-start=\"3098\" data-end=\"3151\">investisseurs vendant un bien immobilier en Espagne<\/li>\n<li data-start=\"3152\" data-end=\"3201\">travailleurs internationaux et nomades digitaux<\/li>\n<\/ul>\n<h1 data-start=\"3208\" data-end=\"3234\"><span style=\"color: #1569ae; font-family: 'Work Sans', sans-serif; font-size: 2rem; font-weight: 600;\">&nbsp;<\/span><\/h1>\n<h1 data-start=\"3208\" data-end=\"3234\"><span style=\"color: #1569ae; font-family: 'Work Sans', sans-serif; font-size: 2rem; font-weight: 600;\">Quel calculateur d\u2019imp\u00f4ts en Espagne choisir ?<\/span><\/h1>\n<p data-start=\"3287\" data-end=\"3387\">Utilisez le calculateur d\u2019imp\u00f4t sur le revenu si vous travaillez ou percevez une pension en Espagne.<\/p>\n<p data-start=\"3389\" data-end=\"3512\">Utilisez le calculateur loi Beckham si vous vous installez en Espagne dans le cadre du r\u00e9gime fiscal sp\u00e9cial des expatri\u00e9s.<\/p>\n<p data-start=\"3514\" data-end=\"3624\">Utilisez le calculateur revenus locatifs si vous louez un bien immobilier en Espagne en tant que non-r\u00e9sident.<\/p>\n<p data-start=\"3626\" data-end=\"3718\">Utilisez le calculateur plus-value immobili\u00e8re si vous vendez un bien immobilier en Espagne.<\/p><p data-start=\"3626\" data-end=\"3718\"><span style=\"font-size: 1rem;\">Utilisez le calculateur imp\u00f4t non-r\u00e9sident si vous poss\u00e9dez un bien immobilier en Espagne en tant que non-r\u00e9sident sans le louer.<\/span><\/p>\n<h1 data-start=\"3725\" data-end=\"3743\"><span style=\"color: #1569ae; font-family: 'Work Sans', sans-serif; font-size: 2rem; font-weight: 600;\">Ces calculateurs d\u2019imp\u00f4ts en Espagne sont-ils fiables ?<\/span><\/h1>\n<p data-start=\"3805\" data-end=\"3908\">Nos calculateurs fournissent une estimation r\u00e9aliste bas\u00e9e sur les r\u00e8gles fiscales espagnoles standard.<\/p>\n<p data-start=\"3910\" data-end=\"3993\">Cependant, ils ne prennent pas en compte certains \u00e9l\u00e9ments sp\u00e9cifiques, notamment :<\/p>\n<ul data-start=\"3995\" data-end=\"4163\">\n<li data-start=\"3995\" data-end=\"4045\">diff\u00e9rences fiscales entre Communaut\u00e9s autonomes<\/li>\n<li data-start=\"4046\" data-end=\"4084\">conventions fiscales internationales<\/li>\n<li data-start=\"4085\" data-end=\"4107\">d\u00e9ductions complexes<\/li>\n<li data-start=\"4108\" data-end=\"4138\">r\u00e9gimes fiscaux particuliers<\/li>\n<li data-start=\"4139\" data-end=\"4163\">d\u00e9tention via soci\u00e9t\u00e9s<\/li>\n<\/ul>\n<p data-start=\"4165\" data-end=\"4283\">Pour une estimation compl\u00e8te et personnalis\u00e9e, nous pouvons r\u00e9aliser une simulation fiscale adapt\u00e9e \u00e0 votre situation.<\/p>\n<p data-start=\"4165\" data-end=\"4283\"><br><\/p>\n<h1 data-start=\"4290\" data-end=\"4303\"><span style=\"color: #1569ae; font-family: 'Work Sans', sans-serif; font-size: 2rem; font-weight: 600;\">Besoin d\u2019un calcul fiscal pr\u00e9cis ?<\/span><\/h1>\n<p data-start=\"4344\" data-end=\"4540\">Si vous avez besoin d\u2019une estimation compl\u00e8te incluant revenus internationaux, plus-values ou planification fiscale immobili\u00e8re, nous proposons une simulation fiscale personnalis\u00e9e pour l\u2019Espagne.<\/p>\n<p data-start=\"4542\" data-end=\"4603\">Contactez-nous pour une estimation adapt\u00e9e \u00e0 votre situation.<\/p>\n<p data-start=\"4542\" data-end=\"4603\"><br><\/p>\n<h1 data-start=\"4610\" data-end=\"4636\"><span style=\"color: #1569ae; font-family: 'Work Sans', sans-serif; font-size: 2rem; font-weight: 600;\">Calculs fiscaux les plus fr\u00e9quents en Espagne pour les expatri\u00e9s<\/span><\/h1>\n<p data-start=\"4707\" data-end=\"4770\">Les visiteurs utilisent souvent nos calculateurs pour estimer :<\/p>\n<ul data-start=\"4772\" data-end=\"4966\">\n<li data-start=\"4772\" data-end=\"4811\">le salaire net apr\u00e8s imp\u00f4t en Espagne<\/li>\n<li data-start=\"4812\" data-end=\"4847\">l\u2019imposition selon la loi Beckham<\/li>\n<li data-section-id=\"jeg9tz\" data-start=\"1433\" data-end=\"1485\">l\u2019imp\u00f4t des propri\u00e9taires non-r\u00e9sidents en Espagne\n<\/li>\n<p data-start=\"1487\" data-end=\"1519\">\n<\/p><li data-start=\"4848\" data-end=\"4900\">l\u2019imp\u00f4t sur les revenus locatifs des non-r\u00e9sidents<\/li>\n<li data-start=\"4901\" data-end=\"4966\">l\u2019imp\u00f4t sur la plus-value lors de la vente d\u2019un bien en Espagne<\/li>\n<\/ul>\n<p data-start=\"4968\" data-end=\"5019\" data-is-last-node=\"\" data-is-only-node=\"\">Choisissez un calculateur ci-dessus pour commencer.<\/p>\t\t\t\t\t\t\t\t<\/div>\n\t\t\t\t<\/div>\n\t\t\t\t\t<\/div>\n\t\t\t\t<\/div>\n\t\t\t\t<\/div>\n\t\t","protected":false},"excerpt":{"rendered":"<p>Calculateurs d\u2019imp\u00f4ts Espagne \u2013 Estimez vos imp\u00f4ts en Espagne Utilisez nos calculateurs d\u2019imp\u00f4ts en Espagne pour estimer rapidement et facilement votre imposition. Ces outils aident les r\u00e9sidents, non-r\u00e9sidents et expatri\u00e9s \u00e0 calculer l\u2019imp\u00f4t sur le revenu en Espagne, l\u2019imp\u00f4t sur les revenus locatifs, l\u2019imp\u00f4t sur la plus-value immobili\u00e8re ainsi que l\u2019imposition selon la loi Beckham. [&hellip;]<\/p>\n","protected":false},"author":1,"featured_media":0,"parent":0,"menu_order":0,"comment_status":"closed","ping_status":"closed","template":"","meta":{"footnotes":""},"class_list":["post-20944","page","type-page","status-publish","hentry"],"_links":{"self":[{"href":"https:\/\/taxadora.com\/fr\/wp-json\/wp\/v2\/pages\/20944","targetHints":{"allow":["GET"]}}],"collection":[{"href":"https:\/\/taxadora.com\/fr\/wp-json\/wp\/v2\/pages"}],"about":[{"href":"https:\/\/taxadora.com\/fr\/wp-json\/wp\/v2\/types\/page"}],"author":[{"embeddable":true,"href":"https:\/\/taxadora.com\/fr\/wp-json\/wp\/v2\/users\/1"}],"replies":[{"embeddable":true,"href":"https:\/\/taxadora.com\/fr\/wp-json\/wp\/v2\/comments?post=20944"}],"version-history":[{"count":13,"href":"https:\/\/taxadora.com\/fr\/wp-json\/wp\/v2\/pages\/20944\/revisions"}],"predecessor-version":[{"id":21257,"href":"https:\/\/taxadora.com\/fr\/wp-json\/wp\/v2\/pages\/20944\/revisions\/21257"}],"wp:attachment":[{"href":"https:\/\/taxadora.com\/fr\/wp-json\/wp\/v2\/media?parent=20944"}],"curies":[{"name":"wp","href":"https:\/\/api.w.org\/{rel}","templated":true}]}}