{"id":20827,"date":"2026-04-07T16:07:34","date_gmt":"2026-04-07T14:07:34","guid":{"rendered":"https:\/\/taxadora.com\/?page_id=20827"},"modified":"2026-04-07T18:14:09","modified_gmt":"2026-04-07T16:14:09","slug":"calculateur-loi-beckham-espagne","status":"publish","type":"page","link":"https:\/\/taxadora.com\/fr\/calculateur-loi-beckham-espagne\/","title":{"rendered":"Calculateur loi Beckham Espagne | Estimez votre imp\u00f4t sous le r\u00e9gime expat"},"content":{"rendered":"\t\t<div data-elementor-type=\"wp-page\" data-elementor-id=\"20827\" class=\"elementor elementor-20827 elementor-20795\" data-elementor-post-type=\"page\">\n\t\t\t\t<div class=\"elementor-element elementor-element-57e83658 e-flex e-con-boxed e-con e-parent\" data-id=\"57e83658\" data-element_type=\"container\" data-e-type=\"container\">\n\t\t\t\t\t<div class=\"e-con-inner\">\n\t\t\t\t<div class=\"elementor-element elementor-element-340bac80 elementor-widget elementor-widget-heading\" data-id=\"340bac80\" data-element_type=\"widget\" data-e-type=\"widget\" data-widget_type=\"heading.default\">\n\t\t\t\t<div class=\"elementor-widget-container\">\n\t\t\t\t\t<h1 class=\"elementor-heading-title elementor-size-default\">Calculateur loi Beckham Espagne | Estimez votre imp\u00f4t sous le r\u00e9gime expat<\/h1>\t\t\t\t<\/div>\n\t\t\t\t<\/div>\n\t\t\t\t\t<\/div>\n\t\t\t\t<\/div>\n\t\t<div class=\"elementor-element elementor-element-932b7a e-flex e-con-boxed e-con e-parent\" data-id=\"932b7a\" data-element_type=\"container\" data-e-type=\"container\">\n\t\t\t\t\t<div class=\"e-con-inner\">\n\t\t\t\t<div class=\"elementor-element elementor-element-3343c337 elementor-widget elementor-widget-text-editor\" data-id=\"3343c337\" data-element_type=\"widget\" data-e-type=\"widget\" data-widget_type=\"text-editor.default\">\n\t\t\t\t<div class=\"elementor-widget-container\">\n\t\t\t\t\t\t\t\t\t<p data-start=\"827\" data-end=\"996\"><a href=\"https:\/\/taxadora.com\/fr\/calculateur-loi-beckham-espagne\/\">Ce calculateur vous permet d\u2019estimer rapidement votre imp\u00f4t en Espagne selon la <strong data-start=\"907\" data-end=\"922\">loi Beckham<\/strong>, \u00e9galement appel\u00e9e r\u00e9gime fiscal sp\u00e9cial pour les travailleurs expatri\u00e9s.<\/a><\/p><p data-start=\"998\" data-end=\"1107\">Saisissez votre revenu annuel afin d\u2019estimer votre imp\u00f4t total et votre revenu net en Espagne sous ce r\u00e9gime.<\/p><p data-start=\"1109\" data-end=\"1289\">Le calculateur prend en compte les revenus salariaux mondiaux ainsi que certains revenus de source espagnole, comme les revenus locatifs, les plus-values et les revenus financiers.<\/p><p data-start=\"1109\" data-end=\"1289\">Ce calculateur de la loi Beckham en Espagne permet aux expatri\u00e9s d\u2019estimer leur imp\u00f4t sur le revenu, leur salaire net apr\u00e8s imp\u00f4t ainsi que l\u2019imposition des revenus de source espagnole dans le cadre du r\u00e9gime fiscal sp\u00e9cial des impatri\u00e9s.<\/p>\t\t\t\t\t\t\t\t<\/div>\n\t\t\t\t<\/div>\n\t\t\t\t\t<\/div>\n\t\t\t\t<\/div>\n\t\t\t\t<section class=\"elementor-section elementor-top-section elementor-element elementor-element-42abdb9d elementor-section-boxed elementor-section-height-default elementor-section-height-default\" data-id=\"42abdb9d\" data-element_type=\"section\" data-e-type=\"section\">\n\t\t\t\t\t\t<div class=\"elementor-container elementor-column-gap-default\">\n\t\t\t\t\t<div class=\"elementor-column elementor-col-100 elementor-top-column elementor-element elementor-element-3e815696\" data-id=\"3e815696\" data-element_type=\"column\" data-e-type=\"column\">\n\t\t\t<div class=\"elementor-widget-wrap elementor-element-populated\">\n\t\t\t\t\t\t<div class=\"elementor-element elementor-element-28522c60 elementor-widget elementor-widget-html\" data-id=\"28522c60\" data-element_type=\"widget\" data-e-type=\"widget\" data-widget_type=\"html.default\">\n\t\t\t\t<div class=\"elementor-widget-container\">\n\t\t\t\t\t<script src=\"https:\/\/www.cognitoforms.com\/f\/seamless.js\" data-key=\"13zT0_A930qptss4osmFMg\" data-form=\"209\"><\/script>\t\t\t\t<\/div>\n\t\t\t\t<\/div>\n\t\t\t\t\t<\/div>\n\t\t<\/div>\n\t\t\t\t\t<\/div>\n\t\t<\/section>\n\t\t<div class=\"elementor-element elementor-element-4a86d6c6 e-flex e-con-boxed e-con e-parent\" data-id=\"4a86d6c6\" data-element_type=\"container\" data-e-type=\"container\">\n\t\t\t\t\t<div class=\"e-con-inner\">\n\t\t\t\t<div class=\"elementor-element elementor-element-32c8ad3c elementor-widget elementor-widget-text-editor\" data-id=\"32c8ad3c\" data-element_type=\"widget\" data-e-type=\"widget\" data-widget_type=\"text-editor.default\">\n\t\t\t\t<div class=\"elementor-widget-container\">\n\t\t\t\t\t\t\t\t\t<h2 data-section-id=\"1arjfys\" data-start=\"1531\" data-end=\"1583\">Quand utiliser ce calculateur de la loi Beckham ?<\/h2>\n<p data-start=\"1587\" data-end=\"1805\">Ce calculateur est utile si vous vous installez en Espagne pour travailler, si vous b\u00e9n\u00e9ficiez d\u00e9j\u00e0 du r\u00e9gime Beckham ou si vous souhaitez comparer ce r\u00e9gime avec l\u2019imposition classique des r\u00e9sidents en Espagne (IRPF).<\/p>\n<p data-start=\"1810\" data-end=\"1909\">Il vous permet d\u2019estimer votre imp\u00f4t avant de d\u00e9poser votre d\u00e9claration annuelle via le Modelo 151.<\/p>\n<p data-start=\"1810\" data-end=\"1909\">\n<\/p><h2>Comment fonctionne le calculateur loi Beckham<\/h2>\n<p data-start=\"1345\" data-end=\"1430\">Ce calculateur estime votre imposition selon le <strong data-start=\"1393\" data-end=\"1429\">r\u00e9gime fiscal Beckham en Espagne<\/strong>.<\/p>\n<p data-start=\"1432\" data-end=\"1448\">Dans ce r\u00e9gime :<\/p>\n<p data-start=\"1450\" data-end=\"1864\">\u2013 les revenus du travail sont impos\u00e9s \u00e0 <strong data-start=\"1490\" data-end=\"1516\">24 % jusqu\u2019\u00e0 600 000 \u20ac<\/strong><br data-start=\"1516\" data-end=\"1519\">\u2013 les revenus sup\u00e9rieurs \u00e0 600 000 \u20ac sont impos\u00e9s \u00e0 <strong data-start=\"1571\" data-end=\"1579\">47 %<\/strong><br data-start=\"1579\" data-end=\"1582\">\u2013 les revenus locatifs provenant d\u2019Espagne restent imposables en Espagne<br data-start=\"1654\" data-end=\"1657\">\u2013 les plus-values r\u00e9alis\u00e9es en Espagne restent imposables<br data-start=\"1714\" data-end=\"1717\">\u2013 les int\u00e9r\u00eats et dividendes de source espagnole restent imposables<br data-start=\"1784\" data-end=\"1787\">\u2013 les revenus de source \u00e9trang\u00e8re ne sont g\u00e9n\u00e9ralement pas impos\u00e9s en Espagne<\/p>\n<p data-start=\"1866\" data-end=\"1916\">Le calculateur estime votre imp\u00f4t sur la base de :<\/p>\n<p data-start=\"1918\" data-end=\"2098\">\u2013 vos revenus salariaux mondiaux<br data-start=\"1950\" data-end=\"1953\">\u2013 vos revenus locatifs en Espagne<br data-start=\"1986\" data-end=\"1989\">\u2013 vos plus-values en Espagne<br data-start=\"2017\" data-end=\"2020\">\u2013 vos revenus financiers en Espagne<br data-start=\"2055\" data-end=\"2058\">\u2013 les taux applicables du r\u00e9gime Beckham<\/p>\n<p data-start=\"2100\" data-end=\"2176\">Il calcule ensuite votre imp\u00f4t total estim\u00e9 et votre revenu net apr\u00e8s imp\u00f4t.<\/p><p data-start=\"2100\" data-end=\"2241\">Les plus-values provenant d\u2019actifs situ\u00e9s en Espagne restent imposables dans le cadre du r\u00e9gime Beckham et sont incluses dans ce calculateur.<\/p><p data-start=\"2100\" data-end=\"2176\">\n<\/p><p data-start=\"2246\" data-end=\"2385\">Les dividendes et int\u00e9r\u00eats provenant de sources espagnoles sont \u00e9galement pris en compte selon les taux applicables aux revenus du capital.<\/p><p data-start=\"2100\" data-end=\"2176\"><br><\/p>\n<h2>Ce qui est inclus dans le calcul<\/h2>\n<p data-start=\"2219\" data-end=\"2268\">Ce calculateur fournit une estimation bas\u00e9e sur :<\/p>\n<p data-start=\"2270\" data-end=\"2528\">\u2013 les revenus salariaux mondiaux sous le r\u00e9gime Beckham<br data-start=\"2325\" data-end=\"2328\">\u2013 les revenus locatifs de biens situ\u00e9s en Espagne<br data-start=\"2377\" data-end=\"2380\">\u2013 les plus-values de source espagnole<br data-start=\"2417\" data-end=\"2420\">\u2013 les int\u00e9r\u00eats et dividendes de source espagnole<br data-start=\"2468\" data-end=\"2471\">\u2013 la structure d\u2019imposition forfaitaire du r\u00e9gime sp\u00e9cial<\/p>\n<p data-start=\"2530\" data-end=\"2564\">Le calculateur affiche \u00e9galement :<\/p>\n<p data-start=\"2566\" data-end=\"2662\">\u2013 l\u2019imp\u00f4t total estim\u00e9<br data-start=\"2588\" data-end=\"2591\">\u2013 le taux effectif d\u2019imposition<br data-start=\"2622\" data-end=\"2625\">\u2013 le revenu net estim\u00e9 apr\u00e8s imp\u00f4t&nbsp;<\/p>\n<p data-start=\"2664\" data-end=\"2757\">Cela permet d\u2019obtenir une estimation r\u00e9aliste de votre situation fiscale sous la loi Beckham.<\/p>\n<h2>Ce qui n\u2019est pas inclus dans le calcul<\/h2>\n<p data-start=\"2806\" data-end=\"2911\">Afin de garder le calculateur simple et facile \u00e0 utiliser, certains \u00e9l\u00e9ments ne sont pas pris en compte :<\/p>\n<p data-start=\"2913\" data-end=\"3216\">\u2013 la v\u00e9rification de l\u2019\u00e9ligibilit\u00e9 au r\u00e9gime Beckham<br data-start=\"2965\" data-end=\"2968\">\u2013 les cotisations de s\u00e9curit\u00e9 sociale<br data-start=\"3005\" data-end=\"3008\">\u2013 les stock-options ou bonus complexes<br data-start=\"3046\" data-end=\"3049\">\u2013 les carried interests ou revenus de participation<br data-start=\"3100\" data-end=\"3103\">\u2013 les cr\u00e9dits d\u2019imp\u00f4t \u00e9trangers<br data-start=\"3134\" data-end=\"3137\">\u2013 l\u2019imp\u00f4t sur la fortune en Espagne<br data-start=\"3172\" data-end=\"3175\">\u2013 certaines r\u00e8gles r\u00e9gionales sp\u00e9cifiques<\/p>\n<p data-start=\"3218\" data-end=\"3274\">Ces \u00e9l\u00e9ments peuvent influencer votre imposition finale.<\/p>\n<h2>Exemple : imposition sous la loi Beckham en Espagne<\/h2>\n<p data-start=\"3336\" data-end=\"3345\">Exemple :<\/p>\n<p data-start=\"3347\" data-end=\"3459\">Revenus salariaux : 180 000 \u20ac<br data-start=\"3376\" data-end=\"3379\">Revenus locatifs en Espagne : 12 000 \u20ac<br data-start=\"3417\" data-end=\"3420\">Revenus financiers en Espagne : 8 000 \u20ac<\/p>\n<p data-start=\"3461\" data-end=\"3478\">R\u00e9sultat estim\u00e9 :<\/p>\n<p data-start=\"3480\" data-end=\"3678\">Imp\u00f4t sur les revenus salariaux : 43 200 \u20ac<br data-start=\"3522\" data-end=\"3525\">Imp\u00f4t sur les revenus financiers : calcul\u00e9 selon les taux de l\u2019\u00e9pargne<br data-start=\"3595\" data-end=\"3598\">Imp\u00f4t total estim\u00e9 : environ 47 000 \u20ac<br data-start=\"3635\" data-end=\"3638\">Revenu net estim\u00e9 : environ 153 000 \u20ac&nbsp;<\/p>\n<p data-start=\"3680\" data-end=\"3770\">Cet exemple illustre comment diff\u00e9rents types de revenus sont impos\u00e9s sous la loi Beckham.<\/p>\n<h2>Questions fr\u00e9quentes sur la loi Beckham en Espagne<\/h2>\n<h3>Qu\u2019est-ce que la loi Beckham en Espagne ?<\/h3>\n<p data-start=\"3877\" data-end=\"4069\">La loi Beckham est un r\u00e9gime fiscal sp\u00e9cial destin\u00e9 aux personnes qui s\u2019installent en Espagne pour travailler. Elle permet d\u2019\u00eatre impos\u00e9 selon des r\u00e8gles sp\u00e9cifiques pendant une dur\u00e9e limit\u00e9e.<\/p>\n<p data-start=\"4071\" data-end=\"4158\">Elle peut entra\u00eener une imposition plus avantageuse que le r\u00e9gime progressif classique.<\/p>\n<h3>Qui peut b\u00e9n\u00e9ficier de la loi Beckham ?<\/h3>\n<p data-start=\"4209\" data-end=\"4364\">Ce r\u00e9gime concerne g\u00e9n\u00e9ralement les salari\u00e9s qui s\u2019installent en Espagne et qui n\u2019\u00e9taient pas r\u00e9sidents fiscaux en Espagne au cours des ann\u00e9es pr\u00e9c\u00e9dentes.<\/p>\n<p data-start=\"4366\" data-end=\"4418\">L\u2019\u00e9ligibilit\u00e9 d\u00e9pend de votre situation personnelle.<\/p>\n<h3>Combien de temps dure le r\u00e9gime Beckham ?<\/h3>\n<p data-start=\"4471\" data-end=\"4576\">Le r\u00e9gime s\u2019applique normalement pendant <strong data-start=\"4512\" data-end=\"4535\">six ann\u00e9es fiscales<\/strong>, y compris l\u2019ann\u00e9e d\u2019arriv\u00e9e en Espagne.<\/p>\n<h3>Les revenus \u00e9trangers sont-ils impos\u00e9s sous la loi Beckham ?<\/h3>\n<p data-start=\"4648\" data-end=\"4813\">Dans de nombreux cas, les revenus de source \u00e9trang\u00e8re ne sont pas impos\u00e9s en Espagne sous ce r\u00e9gime. En revanche, les revenus de source espagnole restent imposables.<\/p>\n<h3>La loi Beckham est-elle toujours avantageuse ?<\/h3>\n<p data-start=\"4871\" data-end=\"5052\">Pour les contribuables \u00e0 revenus \u00e9lev\u00e9s, ce r\u00e9gime peut r\u00e9duire significativement la charge fiscale. Toutefois, une analyse personnalis\u00e9e est recommand\u00e9e pour confirmer son int\u00e9r\u00eat.<\/p>\n<h2>Besoin d\u2019aide pour appliquer la loi Beckham en Espagne ?<\/h2>\n<p data-start=\"5119\" data-end=\"5269\">Si vous pr\u00e9voyez de vous installer en Espagne ou si vous venez d\u2019y d\u00e9m\u00e9nager, nous pouvons v\u00e9rifier votre \u00e9ligibilit\u00e9 et estimer votre charge fiscale.<\/p>\n<p data-start=\"5271\" data-end=\"5295\">Notre service comprend :<\/p>\n<p data-start=\"5297\" data-end=\"5463\">\u2013 analyse d\u2019\u00e9ligibilit\u00e9<br data-start=\"5320\" data-end=\"5323\">\u2013 comparaison entre r\u00e9gimes fiscaux<br data-start=\"5358\" data-end=\"5361\">\u2013 simulation fiscale personnalis\u00e9e<br data-start=\"5395\" data-end=\"5398\">\u2013 assistance pour la demande<br data-start=\"5426\" data-end=\"5429\">\u2013 accompagnement fiscal continu&nbsp;<\/p>\n<h3>Avertissement<\/h3>\n<p data-start=\"5487\" data-end=\"5660\" data-is-last-node=\"\" data-is-only-node=\"\">Ce calculateur fournit uniquement une estimation et ne remplace pas un conseil fiscal professionnel. Il ne tient pas compte de toutes les situations individuelles possibles.<\/p>\t\t\t\t\t\t\t\t<\/div>\n\t\t\t\t<\/div>\n\t\t\t\t\t<\/div>\n\t\t\t\t<\/div>\n\t\t\t\t<\/div>\n\t\t","protected":false},"excerpt":{"rendered":"<p>Calculateur loi Beckham Espagne | Estimez votre imp\u00f4t sous le r\u00e9gime expat Ce calculateur vous permet d\u2019estimer rapidement votre imp\u00f4t en Espagne selon la loi Beckham, \u00e9galement appel\u00e9e r\u00e9gime fiscal sp\u00e9cial pour les travailleurs expatri\u00e9s. Saisissez votre revenu annuel afin d\u2019estimer votre imp\u00f4t total et votre revenu net en Espagne sous ce r\u00e9gime. Le calculateur [&hellip;]<\/p>\n","protected":false},"author":1,"featured_media":0,"parent":0,"menu_order":0,"comment_status":"closed","ping_status":"closed","template":"","meta":{"footnotes":""},"class_list":["post-20827","page","type-page","status-publish","hentry"],"_links":{"self":[{"href":"https:\/\/taxadora.com\/fr\/wp-json\/wp\/v2\/pages\/20827","targetHints":{"allow":["GET"]}}],"collection":[{"href":"https:\/\/taxadora.com\/fr\/wp-json\/wp\/v2\/pages"}],"about":[{"href":"https:\/\/taxadora.com\/fr\/wp-json\/wp\/v2\/types\/page"}],"author":[{"embeddable":true,"href":"https:\/\/taxadora.com\/fr\/wp-json\/wp\/v2\/users\/1"}],"replies":[{"embeddable":true,"href":"https:\/\/taxadora.com\/fr\/wp-json\/wp\/v2\/comments?post=20827"}],"version-history":[{"count":17,"href":"https:\/\/taxadora.com\/fr\/wp-json\/wp\/v2\/pages\/20827\/revisions"}],"predecessor-version":[{"id":20868,"href":"https:\/\/taxadora.com\/fr\/wp-json\/wp\/v2\/pages\/20827\/revisions\/20868"}],"wp:attachment":[{"href":"https:\/\/taxadora.com\/fr\/wp-json\/wp\/v2\/media?parent=20827"}],"curies":[{"name":"wp","href":"https:\/\/api.w.org\/{rel}","templated":true}]}}