{"id":20447,"date":"2026-03-23T16:45:20","date_gmt":"2026-03-23T15:45:20","guid":{"rendered":"https:\/\/taxadora.com\/?page_id=20447"},"modified":"2026-03-23T17:15:20","modified_gmt":"2026-03-23T16:15:20","slug":"calculateur-plus-value-immobiliere-espagne","status":"publish","type":"page","link":"https:\/\/taxadora.com\/fr\/calculateur-plus-value-immobiliere-espagne\/","title":{"rendered":"Calculateur plus-value immobili\u00e8re Espagne | Vente immobili\u00e8re non-r\u00e9sidents"},"content":{"rendered":"\t\t<div data-elementor-type=\"wp-page\" data-elementor-id=\"20447\" class=\"elementor elementor-20447 elementor-20431\" data-elementor-post-type=\"page\">\n\t\t\t\t<div class=\"elementor-element elementor-element-57e83658 e-flex e-con-boxed e-con e-parent\" data-id=\"57e83658\" data-element_type=\"container\" data-e-type=\"container\">\n\t\t\t\t\t<div class=\"e-con-inner\">\n\t\t\t\t<div class=\"elementor-element elementor-element-340bac80 elementor-widget elementor-widget-heading\" data-id=\"340bac80\" data-element_type=\"widget\" data-e-type=\"widget\" data-widget_type=\"heading.default\">\n\t\t\t\t<div class=\"elementor-widget-container\">\n\t\t\t\t\t<h1 class=\"elementor-heading-title elementor-size-default\">Calculateur d\u2019imp\u00f4t sur la plus-value immobili\u00e8re en Espagne<\/h1>\t\t\t\t<\/div>\n\t\t\t\t<\/div>\n\t\t\t\t\t<\/div>\n\t\t\t\t<\/div>\n\t\t<div class=\"elementor-element elementor-element-932b7a e-flex e-con-boxed e-con e-parent\" data-id=\"932b7a\" data-element_type=\"container\" data-e-type=\"container\">\n\t\t\t\t\t<div class=\"e-con-inner\">\n\t\t\t\t<div class=\"elementor-element elementor-element-3343c337 elementor-widget elementor-widget-text-editor\" data-id=\"3343c337\" data-element_type=\"widget\" data-e-type=\"widget\" data-widget_type=\"text-editor.default\">\n\t\t\t\t<div class=\"elementor-widget-container\">\n\t\t\t\t\t\t\t\t\t<p data-start=\"299\" data-end=\"447\">Si vous vendez un bien immobilier en Espagne, vous devez g\u00e9n\u00e9ralement payer un <strong data-start=\"378\" data-end=\"405\">imp\u00f4t sur la plus-value<\/strong> sur le b\u00e9n\u00e9fice r\u00e9alis\u00e9 lors de la vente.<\/p><p data-start=\"449\" data-end=\"599\">Ce calculateur vous permet d\u2019estimer rapidement le montant de l\u2019imp\u00f4t que vous pourriez devoir payer lors de la vente d\u2019un bien immobilier en Espagne.<\/p><p data-start=\"601\" data-end=\"726\">Saisissez ci-dessous la valeur d\u2019acquisition et la valeur de cession afin d\u2019estimer votre imp\u00f4t sur la plus-value en Espagne.<\/p><p data-start=\"728\" data-end=\"851\">Utilisez ce calculateur pour estimer l\u2019imp\u00f4t sur la plus-value immobili\u00e8re en Espagne en tant que r\u00e9sident ou non-r\u00e9sident.<\/p>\t\t\t\t\t\t\t\t<\/div>\n\t\t\t\t<\/div>\n\t\t\t\t\t<\/div>\n\t\t\t\t<\/div>\n\t\t\t\t<section class=\"elementor-section elementor-top-section elementor-element elementor-element-42abdb9d elementor-section-boxed elementor-section-height-default elementor-section-height-default\" data-id=\"42abdb9d\" data-element_type=\"section\" data-e-type=\"section\">\n\t\t\t\t\t\t<div class=\"elementor-container elementor-column-gap-default\">\n\t\t\t\t\t<div class=\"elementor-column elementor-col-100 elementor-top-column elementor-element elementor-element-3e815696\" data-id=\"3e815696\" data-element_type=\"column\" data-e-type=\"column\">\n\t\t\t<div class=\"elementor-widget-wrap elementor-element-populated\">\n\t\t\t\t\t\t<div class=\"elementor-element elementor-element-28522c60 elementor-widget elementor-widget-html\" data-id=\"28522c60\" data-element_type=\"widget\" data-e-type=\"widget\" data-widget_type=\"html.default\">\n\t\t\t\t<div class=\"elementor-widget-container\">\n\t\t\t\t\t<script src=\"https:\/\/www.cognitoforms.com\/f\/seamless.js\" data-key=\"13zT0_A930qptss4osmFMg\" data-form=\"202\"><\/script>\t\t\t\t<\/div>\n\t\t\t\t<\/div>\n\t\t\t\t\t<\/div>\n\t\t<\/div>\n\t\t\t\t\t<\/div>\n\t\t<\/section>\n\t\t<div class=\"elementor-element elementor-element-4a86d6c6 e-flex e-con-boxed e-con e-parent\" data-id=\"4a86d6c6\" data-element_type=\"container\" data-e-type=\"container\">\n\t\t\t\t\t<div class=\"e-con-inner\">\n\t\t\t\t<div class=\"elementor-element elementor-element-32c8ad3c elementor-widget elementor-widget-text-editor\" data-id=\"32c8ad3c\" data-element_type=\"widget\" data-e-type=\"widget\" data-widget_type=\"text-editor.default\">\n\t\t\t\t<div class=\"elementor-widget-container\">\n\t\t\t\t\t\t\t\t\t<div class=\"text-base my-auto mx-auto [--thread-content-margin:var(--thread-content-margin-xs,calc(var(--spacing)*4))] @w-sm\/main:[--thread-content-margin:var(--thread-content-margin-sm,calc(var(--spacing)*6))] @w-lg\/main:[--thread-content-margin:var(--thread-content-margin-lg,calc(var(--spacing)*16))] px-(--thread-content-margin)\"><div class=\"[--thread-content-max-width:40rem] @w-lg\/main:[--thread-content-max-width:48rem] mx-auto max-w-(--thread-content-max-width) flex-1 group\/turn-messages focus-visible:outline-hidden relative flex w-full min-w-0 flex-col agent-turn\"><div class=\"flex max-w-full flex-col gap-4 grow\"><div class=\"min-h-8 text-message relative flex w-full flex-col items-end gap-2 text-start break-words whitespace-normal outline-none keyboard-focused:focus-ring [.text-message+&amp;]:mt-1\" dir=\"auto\" data-message-author-role=\"assistant\" data-message-id=\"a79b5413-6430-408d-a277-a5e4b9e875c3\" data-message-model-slug=\"gpt-5-3\"><div class=\"flex w-full flex-col gap-1 empty:hidden\"><div class=\"text-base my-auto mx-auto [--thread-content-margin:var(--thread-content-margin-xs,calc(var(--spacing)*4))] @w-sm\/main:[--thread-content-margin:var(--thread-content-margin-sm,calc(var(--spacing)*6))] @w-lg\/main:[--thread-content-margin:var(--thread-content-margin-lg,calc(var(--spacing)*16))] px-(--thread-content-margin)\"><div class=\"[--thread-content-max-width:40rem] @w-lg\/main:[--thread-content-max-width:48rem] mx-auto max-w-(--thread-content-max-width) flex-1 group\/turn-messages focus-visible:outline-hidden relative flex w-full min-w-0 flex-col agent-turn\"><div class=\"flex max-w-full flex-col gap-4 grow\"><div class=\"min-h-8 text-message relative flex w-full flex-col items-end gap-2 text-start break-words whitespace-normal outline-none keyboard-focused:focus-ring [.text-message+&amp;]:mt-1\" dir=\"auto\" data-message-author-role=\"assistant\" data-message-id=\"0ad659ec-ca71-46b5-929d-e795d351c139\" data-message-model-slug=\"gpt-5-3\"><div class=\"flex w-full flex-col gap-1 empty:hidden\"><div class=\"markdown prose dark:prose-invert w-full wrap-break-word light markdown-new-styling\"><h2>Comment fonctionne le calculateur d\u2019imp\u00f4t sur la plus-value en Espagne<\/h2><p data-start=\"932\" data-end=\"1001\">Le calculateur estime votre imp\u00f4t sur la base des \u00e9l\u00e9ments suivants :<\/p><ul data-start=\"1003\" data-end=\"1165\"><li data-section-id=\"1nvkl0m\" data-start=\"1003\" data-end=\"1047\">la valeur d\u2019acquisition du bien immobilier<\/li><li data-section-id=\"1ntxy8t\" data-start=\"1048\" data-end=\"1089\">la valeur de cession du bien immobilier<\/li><li data-section-id=\"125mv2z\" data-start=\"1090\" data-end=\"1131\">la plus-value r\u00e9alis\u00e9e lors de la vente<\/li><li data-section-id=\"dbuol0\" data-start=\"1132\" data-end=\"1165\">le taux d\u2019imposition applicable<\/li><\/ul><p data-start=\"1167\" data-end=\"1285\">La plus-value imposable correspond g\u00e9n\u00e9ralement \u00e0 la diff\u00e9rence entre la valeur de cession et la valeur d\u2019acquisition.<\/p><p data-start=\"1287\" data-end=\"1325\">La valeur d\u2019acquisition peut inclure :<\/p><ul data-start=\"1327\" data-end=\"1477\"><li data-section-id=\"p4fi6o\" data-start=\"1327\" data-end=\"1344\">le prix d\u2019achat<\/li><li data-section-id=\"4v6v0t\" data-start=\"1345\" data-end=\"1385\">les droits de mutation (ITP) ou la TVA<\/li><li data-section-id=\"1ckh2xi\" data-start=\"1386\" data-end=\"1408\">les frais de notaire<\/li><li data-section-id=\"1998zs7\" data-start=\"1409\" data-end=\"1454\">les frais d\u2019inscription au registre foncier<\/li><li data-section-id=\"1tcxkw6\" data-start=\"1455\" data-end=\"1477\">les frais juridiques<\/li><\/ul><p data-start=\"1479\" data-end=\"1639\">La valeur de cession correspond g\u00e9n\u00e9ralement au prix de vente final diminu\u00e9 des frais directement li\u00e9s \u00e0 la vente, tels que les honoraires d\u2019agence immobili\u00e8re.<\/p><hr data-start=\"1641\" data-end=\"1644\" \/><h2>Ce qui est inclus dans le calcul<\/h2><p data-start=\"1682\" data-end=\"1731\">Ce calculateur fournit une estimation bas\u00e9e sur :<\/p><ul data-start=\"1733\" data-end=\"1841\"><li data-section-id=\"4rjnew\" data-start=\"1733\" data-end=\"1758\">la valeur d\u2019acquisition<\/li><li data-section-id=\"1mz09xv\" data-start=\"1759\" data-end=\"1781\">la valeur de cession<\/li><li data-section-id=\"1c5twyj\" data-start=\"1782\" data-end=\"1807\">la plus-value imposable<\/li><li data-section-id=\"dbuol0\" data-start=\"1808\" data-end=\"1841\">le taux d\u2019imposition applicable<\/li><\/ul><p data-start=\"1843\" data-end=\"1877\">Le calculateur affiche \u00e9galement :<\/p><ul data-start=\"1879\" data-end=\"1973\"><li data-section-id=\"bt69eb\" data-start=\"1879\" data-end=\"1902\">la plus-value estim\u00e9e<\/li><li data-section-id=\"88anhs\" data-start=\"1903\" data-end=\"1934\">le taux d\u2019imposition appliqu\u00e9<\/li><li data-section-id=\"1xkmd3m\" data-start=\"1935\" data-end=\"1973\">le montant estim\u00e9 de l\u2019imp\u00f4t \u00e0 payer<\/li><\/ul><hr data-start=\"1975\" data-end=\"1978\" \/><h2>Ce qui n\u2019est pas inclus dans le calcul<\/h2><p data-start=\"2022\" data-end=\"2127\">Afin de garder ce calculateur simple et facile \u00e0 utiliser, certains \u00e9l\u00e9ments ne sont pas pris en compte :<\/p><ul data-start=\"2129\" data-end=\"2482\"><li data-section-id=\"1g0xcdf\" data-start=\"2129\" data-end=\"2199\">les travaux d\u2019am\u00e9lioration pouvant augmenter la valeur d\u2019acquisition<\/li><li data-section-id=\"z1iusk\" data-start=\"2200\" data-end=\"2255\">les frais suppl\u00e9mentaires d\u00e9ductibles li\u00e9s \u00e0 la vente<\/li><li data-section-id=\"t7ie35\" data-start=\"2256\" data-end=\"2293\">les diff\u00e9rences fiscales r\u00e9gionales<\/li><li data-section-id=\"p591xu\" data-start=\"2294\" data-end=\"2362\">l\u2019\u00e9limination de la double imposition dans votre pays de r\u00e9sidence<\/li><li data-section-id=\"10rezih\" data-start=\"2363\" data-end=\"2424\">certaines exon\u00e9rations applicables dans des cas sp\u00e9cifiques<\/li><li data-section-id=\"1jy6mhq\" data-start=\"2425\" data-end=\"2482\">les p\u00e9nalit\u00e9s ou int\u00e9r\u00eats en cas de d\u00e9claration tardive<\/li><\/ul><p data-start=\"2484\" data-end=\"2548\">Ces \u00e9l\u00e9ments peuvent influencer le montant final de votre imp\u00f4t.<\/p><hr data-start=\"2550\" data-end=\"2553\" \/><h2>Exemple : imp\u00f4t sur la plus-value immobili\u00e8re en Espagne<\/h2><p data-start=\"2615\" data-end=\"2624\">Exemple :<\/p><p data-start=\"2626\" data-end=\"2690\">Valeur d\u2019acquisition : 180 000 \u20ac<br data-start=\"2658\" data-end=\"2661\" \/>Valeur de cession : 250 000 \u20ac<\/p><p data-start=\"2692\" data-end=\"2709\">R\u00e9sultat estim\u00e9 :<\/p><p data-start=\"2711\" data-end=\"2785\">Plus-value : 70 000 \u20ac<br data-start=\"2732\" data-end=\"2735\" \/>Taux d\u2019imposition : 19 %<br data-start=\"2759\" data-end=\"2762\" \/>Imp\u00f4t estim\u00e9 : 13 300 \u20ac<\/p><p data-start=\"2787\" data-end=\"2890\">Cet exemple donne une estimation rapide de l\u2019imp\u00f4t d\u00fb lors de la vente d\u2019un bien immobilier en Espagne.<\/p><hr data-start=\"2892\" data-end=\"2895\" \/><h2>Questions fr\u00e9quentes sur l\u2019imp\u00f4t sur la plus-value en Espagne<\/h2><h3>Qu\u2019est-ce que l\u2019imp\u00f4t sur la plus-value immobili\u00e8re en Espagne ?<\/h3><p data-start=\"3031\" data-end=\"3237\">L\u2019imp\u00f4t sur la plus-value est l\u2019imp\u00f4t d\u00fb sur le b\u00e9n\u00e9fice r\u00e9alis\u00e9 lors de la vente d\u2019un bien immobilier. Si le prix de vente est sup\u00e9rieur \u00e0 la valeur d\u2019acquisition, la plus-value est g\u00e9n\u00e9ralement imposable.<\/p><hr data-start=\"3239\" data-end=\"3242\" \/><h3>Comment est calcul\u00e9 l\u2019imp\u00f4t sur la plus-value en Espagne ?<\/h3><p data-start=\"3307\" data-end=\"3431\">L\u2019imp\u00f4t est g\u00e9n\u00e9ralement calcul\u00e9 sur la diff\u00e9rence entre la valeur de cession et la valeur d\u2019acquisition du bien immobilier.<\/p><hr data-start=\"3433\" data-end=\"3436\" \/><h3>Quel est le taux d\u2019imposition sur la plus-value immobili\u00e8re en Espagne ?<\/h3><p data-start=\"3515\" data-end=\"3600\">Pour une estimation simple, ce calculateur applique un taux d\u2019imposition de <strong data-start=\"3591\" data-end=\"3599\">19 %<\/strong>.<\/p><hr data-start=\"3602\" data-end=\"3605\" \/><h3>Qu\u2019est-ce que la retenue de 3 % pour les non-r\u00e9sidents en Espagne ?<\/h3><p data-start=\"3679\" data-end=\"3837\">Lorsqu\u2019un non-r\u00e9sident vend un bien immobilier en Espagne, l\u2019acheteur doit retenir <strong data-start=\"3762\" data-end=\"3786\">3 % du prix de vente<\/strong> et le verser \u00e0 l\u2019administration fiscale espagnole.<\/p><p data-start=\"3839\" data-end=\"3898\">Cette retenue est ensuite d\u00e9duite de l\u2019imp\u00f4t final \u00e0 payer.<\/p><hr data-start=\"3900\" data-end=\"3903\" \/><h3>Que se passe-t-il si je vends le bien avec une perte ?<\/h3><p data-start=\"3964\" data-end=\"4119\">Si aucune plus-value n\u2019est r\u00e9alis\u00e9e, aucun imp\u00f4t n\u2019est g\u00e9n\u00e9ralement d\u00fb. Les non-r\u00e9sidents peuvent toutefois demander le remboursement de la retenue de 3 %.<\/p><hr data-start=\"4121\" data-end=\"4124\" \/><h3>Quand faut-il d\u00e9clarer l\u2019imp\u00f4t apr\u00e8s la vente d\u2019un bien immobilier en Espagne ?<\/h3><p data-start=\"4210\" data-end=\"4345\">Apr\u00e8s la vente d\u2019un bien immobilier en Espagne, la d\u00e9claration fiscale doit \u00eatre d\u00e9pos\u00e9e dans le d\u00e9lai l\u00e9gal applicable apr\u00e8s la vente.<\/p><hr data-start=\"4347\" data-end=\"4350\" \/><h2>Besoin d\u2019aide pour calculer ou d\u00e9clarer votre imp\u00f4t sur la plus-value en Espagne ?<\/h2><p data-start=\"4438\" data-end=\"4650\">Si vous souhaitez une estimation pr\u00e9cise et une d\u00e9claration conforme apr\u00e8s la vente de votre bien immobilier en Espagne, nous pouvons vous accompagner dans la pr\u00e9paration et le d\u00e9p\u00f4t de votre d\u00e9claration fiscale.<\/p><p data-start=\"4652\" data-end=\"4676\">Notre service comprend :<\/p><ul data-start=\"4678\" data-end=\"4871\"><li data-section-id=\"bdia0f\" data-start=\"4678\" data-end=\"4732\">v\u00e9rification des valeurs d\u2019acquisition et de cession<\/li><li data-section-id=\"n2ofqx\" data-start=\"4733\" data-end=\"4770\">calcul de l\u2019imp\u00f4t sur la plus-value<\/li><li data-section-id=\"14ox9pq\" data-start=\"4771\" data-end=\"4821\">assistance pour la d\u00e9claration des non-r\u00e9sidents<\/li><li data-section-id=\"yd837r\" data-start=\"4822\" data-end=\"4871\">aide pour le remboursement de la retenue de 3 %<\/li><\/ul><hr data-start=\"4873\" data-end=\"4876\" \/><h3>Avertissement<\/h3><p data-start=\"4895\" data-end=\"5068\" data-is-last-node=\"\" data-is-only-node=\"\">Ce calculateur fournit uniquement une estimation et ne remplace pas un conseil fiscal professionnel. Il ne tient pas compte de toutes les situations individuelles possibles.<\/p><\/div><\/div><\/div><\/div><div class=\"z-0 flex min-h-[46px] justify-start\">\u00a0<\/div><\/div><\/div><\/div><\/div><\/div><\/div><\/div>\t\t\t\t\t\t\t\t<\/div>\n\t\t\t\t<\/div>\n\t\t\t\t\t<\/div>\n\t\t\t\t<\/div>\n\t\t\t\t<\/div>\n\t\t","protected":false},"excerpt":{"rendered":"<p>Calculateur d\u2019imp\u00f4t sur la plus-value immobili\u00e8re en Espagne Si vous vendez un bien immobilier en Espagne, vous devez g\u00e9n\u00e9ralement payer un imp\u00f4t sur la plus-value sur le b\u00e9n\u00e9fice r\u00e9alis\u00e9 lors de la vente. Ce calculateur vous permet d\u2019estimer rapidement le montant de l\u2019imp\u00f4t que vous pourriez devoir payer lors de la vente d\u2019un bien immobilier [&hellip;]<\/p>\n","protected":false},"author":1,"featured_media":0,"parent":0,"menu_order":0,"comment_status":"closed","ping_status":"closed","template":"","meta":{"footnotes":""},"class_list":["post-20447","page","type-page","status-publish","hentry"],"_links":{"self":[{"href":"https:\/\/taxadora.com\/fr\/wp-json\/wp\/v2\/pages\/20447","targetHints":{"allow":["GET"]}}],"collection":[{"href":"https:\/\/taxadora.com\/fr\/wp-json\/wp\/v2\/pages"}],"about":[{"href":"https:\/\/taxadora.com\/fr\/wp-json\/wp\/v2\/types\/page"}],"author":[{"embeddable":true,"href":"https:\/\/taxadora.com\/fr\/wp-json\/wp\/v2\/users\/1"}],"replies":[{"embeddable":true,"href":"https:\/\/taxadora.com\/fr\/wp-json\/wp\/v2\/comments?post=20447"}],"version-history":[{"count":7,"href":"https:\/\/taxadora.com\/fr\/wp-json\/wp\/v2\/pages\/20447\/revisions"}],"predecessor-version":[{"id":20454,"href":"https:\/\/taxadora.com\/fr\/wp-json\/wp\/v2\/pages\/20447\/revisions\/20454"}],"wp:attachment":[{"href":"https:\/\/taxadora.com\/fr\/wp-json\/wp\/v2\/media?parent=20447"}],"curies":[{"name":"wp","href":"https:\/\/api.w.org\/{rel}","templated":true}]}}