{"id":20423,"date":"2026-03-23T13:48:01","date_gmt":"2026-03-23T12:48:01","guid":{"rendered":"https:\/\/taxadora.com\/?page_id=20423"},"modified":"2026-03-23T16:29:23","modified_gmt":"2026-03-23T15:29:23","slug":"calculateur-impot-location-espagne","status":"publish","type":"page","link":"https:\/\/taxadora.com\/fr\/calculateur-impot-location-espagne\/","title":{"rendered":"Calculateur d\u2019imp\u00f4t sur les revenus locatifs en Espagne (Modelo 210) | Non-r\u00e9sidents"},"content":{"rendered":"\t\t<div data-elementor-type=\"wp-page\" data-elementor-id=\"20423\" class=\"elementor elementor-20423 elementor-20368\" data-elementor-post-type=\"page\">\n\t\t\t\t<div class=\"elementor-element elementor-element-57e83658 e-flex e-con-boxed e-con e-parent\" data-id=\"57e83658\" data-element_type=\"container\" data-e-type=\"container\">\n\t\t\t\t\t<div class=\"e-con-inner\">\n\t\t\t\t<div class=\"elementor-element elementor-element-340bac80 elementor-widget elementor-widget-heading\" data-id=\"340bac80\" data-element_type=\"widget\" data-e-type=\"widget\" data-widget_type=\"heading.default\">\n\t\t\t\t<div class=\"elementor-widget-container\">\n\t\t\t\t\t<h1 class=\"elementor-heading-title elementor-size-default\">Calculateur d\u2019imp\u00f4t sur les revenus locatifs en Espagne (Modelo 210)<\/h1>\t\t\t\t<\/div>\n\t\t\t\t<\/div>\n\t\t\t\t\t<\/div>\n\t\t\t\t<\/div>\n\t\t<div class=\"elementor-element elementor-element-932b7a e-flex e-con-boxed e-con e-parent\" data-id=\"932b7a\" data-element_type=\"container\" data-e-type=\"container\">\n\t\t\t\t\t<div class=\"e-con-inner\">\n\t\t\t\t<div class=\"elementor-element elementor-element-3343c337 elementor-widget elementor-widget-text-editor\" data-id=\"3343c337\" data-element_type=\"widget\" data-e-type=\"widget\" data-widget_type=\"text-editor.default\">\n\t\t\t\t<div class=\"elementor-widget-container\">\n\t\t\t\t\t\t\t\t\t<p data-start=\"394\" data-end=\"582\">Si vous louez un bien immobilier en Espagne en tant que non-r\u00e9sident, vous devez g\u00e9n\u00e9ralement d\u00e9clarer les revenus via le <strong data-start=\"516\" data-end=\"530\">Modelo 210<\/strong> et payer l\u2019imp\u00f4t espagnol sur les revenus locatifs.<\/p><p data-start=\"584\" data-end=\"721\">Ce calculateur vous permet d\u2019estimer rapidement le montant de l\u2019imp\u00f4t que vous pourriez devoir payer sur vos revenus locatifs en Espagne.<\/p><p data-start=\"723\" data-end=\"896\">Saisissez ci-dessous vos revenus locatifs totaux et vos d\u00e9penses d\u00e9ductibles afin de calculer une estimation de votre imp\u00f4t en tant que propri\u00e9taire non-r\u00e9sident en Espagne.<\/p><p data-start=\"898\" data-end=\"1028\">Utilisez ce calculateur Modelo 210 pour estimer votre imp\u00f4t sur les revenus locatifs en Espagne pour l\u2019ann\u00e9e fiscale s\u00e9lectionn\u00e9e.<\/p>\t\t\t\t\t\t\t\t<\/div>\n\t\t\t\t<\/div>\n\t\t\t\t\t<\/div>\n\t\t\t\t<\/div>\n\t\t\t\t<section class=\"elementor-section elementor-top-section elementor-element elementor-element-42abdb9d elementor-section-boxed elementor-section-height-default elementor-section-height-default\" data-id=\"42abdb9d\" data-element_type=\"section\" data-e-type=\"section\">\n\t\t\t\t\t\t<div class=\"elementor-container elementor-column-gap-default\">\n\t\t\t\t\t<div class=\"elementor-column elementor-col-100 elementor-top-column elementor-element elementor-element-3e815696\" data-id=\"3e815696\" data-element_type=\"column\" data-e-type=\"column\">\n\t\t\t<div class=\"elementor-widget-wrap elementor-element-populated\">\n\t\t\t\t\t\t<div class=\"elementor-element elementor-element-28522c60 elementor-widget elementor-widget-html\" data-id=\"28522c60\" data-element_type=\"widget\" data-e-type=\"widget\" data-widget_type=\"html.default\">\n\t\t\t\t<div class=\"elementor-widget-container\">\n\t\t\t\t\t<script src=\"https:\/\/www.cognitoforms.com\/f\/seamless.js\" data-key=\"13zT0_A930qptss4osmFMg\" data-form=\"199\"><\/script>\t\t\t\t<\/div>\n\t\t\t\t<\/div>\n\t\t\t\t\t<\/div>\n\t\t<\/div>\n\t\t\t\t\t<\/div>\n\t\t<\/section>\n\t\t<div class=\"elementor-element elementor-element-4a86d6c6 e-flex e-con-boxed e-con e-parent\" data-id=\"4a86d6c6\" data-element_type=\"container\" data-e-type=\"container\">\n\t\t\t\t\t<div class=\"e-con-inner\">\n\t\t\t\t<div class=\"elementor-element elementor-element-32c8ad3c elementor-widget elementor-widget-text-editor\" data-id=\"32c8ad3c\" data-element_type=\"widget\" data-e-type=\"widget\" data-widget_type=\"text-editor.default\">\n\t\t\t\t<div class=\"elementor-widget-container\">\n\t\t\t\t\t\t\t\t\t<div class=\"text-base my-auto mx-auto [--thread-content-margin:var(--thread-content-margin-xs,calc(var(--spacing)*4))] @w-sm\/main:[--thread-content-margin:var(--thread-content-margin-sm,calc(var(--spacing)*6))] @w-lg\/main:[--thread-content-margin:var(--thread-content-margin-lg,calc(var(--spacing)*16))] px-(--thread-content-margin)\"><div class=\"[--thread-content-max-width:40rem] @w-lg\/main:[--thread-content-max-width:48rem] mx-auto max-w-(--thread-content-max-width) flex-1 group\/turn-messages focus-visible:outline-hidden relative flex w-full min-w-0 flex-col agent-turn\"><div class=\"flex max-w-full flex-col gap-4 grow\"><div class=\"min-h-8 text-message relative flex w-full flex-col items-end gap-2 text-start break-words whitespace-normal outline-none keyboard-focused:focus-ring [.text-message+&amp;]:mt-1\" dir=\"auto\" data-message-author-role=\"assistant\" data-message-id=\"a79b5413-6430-408d-a277-a5e4b9e875c3\" data-message-model-slug=\"gpt-5-3\"><div class=\"flex w-full flex-col gap-1 empty:hidden\"><div class=\"markdown prose dark:prose-invert w-full wrap-break-word light markdown-new-styling\"><h2 data-section-id=\"o1hbke\" data-start=\"1035\" data-end=\"1114\">Comment fonctionne le calculateur d\u2019imp\u00f4t sur les revenus locatifs en Espagne<\/h2><p data-start=\"1116\" data-end=\"1185\">Le calculateur estime votre imp\u00f4t sur la base des \u00e9l\u00e9ments suivants :<\/p><ul data-start=\"1187\" data-end=\"1377\"><li data-section-id=\"lqjsix\" data-start=\"1187\" data-end=\"1247\">vos revenus locatifs totaux per\u00e7us pendant l\u2019ann\u00e9e fiscale<\/li><li data-section-id=\"dplmoy\" data-start=\"1248\" data-end=\"1291\">vos d\u00e9penses d\u00e9ductibles (le cas \u00e9ch\u00e9ant)<\/li><li data-section-id=\"1qhbvw7\" data-start=\"1292\" data-end=\"1325\">votre pays de r\u00e9sidence fiscale<\/li><li data-section-id=\"1x7guer\" data-start=\"1326\" data-end=\"1377\">le taux d\u2019imposition applicable aux non-r\u00e9sidents<\/li><\/ul><p data-start=\"1379\" data-end=\"1483\">\u00a0<\/p><p data-start=\"1379\" data-end=\"1483\">Si vous r\u00e9sidez dans l\u2019UE ou l\u2019EEE, certaines d\u00e9penses peuvent \u00eatre d\u00e9duites avant le calcul de l\u2019imp\u00f4t.<\/p><p data-start=\"1485\" data-end=\"1592\">Si vous r\u00e9sidez en dehors de l\u2019UE ou de l\u2019EEE, l\u2019imp\u00f4t est g\u00e9n\u00e9ralement calcul\u00e9 sur le revenu locatif brut.<\/p><div class=\"markdown prose dark:prose-invert w-full wrap-break-word light markdown-new-styling\">\u00a0<\/div><br \/><h2 data-section-id=\"1drzd0k\" data-start=\"1599\" data-end=\"1633\">Ce qui est inclus dans le calcul<\/h2><p data-start=\"1635\" data-end=\"1684\">Ce calculateur fournit une estimation bas\u00e9e sur :<\/p><ul data-start=\"1686\" data-end=\"1876\"><li data-section-id=\"1pstbt4\" data-start=\"1686\" data-end=\"1745\">les revenus locatifs provenant d\u2019un bien situ\u00e9 en Espagne<\/li><li data-section-id=\"i574rt\" data-start=\"1746\" data-end=\"1791\">les d\u00e9penses d\u00e9ductibles (r\u00e9sidents UE\/EEE)<\/li><li data-section-id=\"bhu1zn\" data-start=\"1792\" data-end=\"1845\">les taux d\u2019imposition applicables aux non-r\u00e9sidents<\/li><li data-section-id=\"bht36x\" data-start=\"1846\" data-end=\"1876\">l\u2019ann\u00e9e fiscale s\u00e9lectionn\u00e9e<\/li><\/ul><p data-start=\"1878\" data-end=\"1912\">\u00a0<\/p><p data-start=\"1878\" data-end=\"1912\">Le calculateur affiche \u00e9galement :<\/p><ul data-start=\"1914\" data-end=\"2031\"><li data-section-id=\"1f3mlki\" data-start=\"1914\" data-end=\"1933\">la base imposable<\/li><li data-section-id=\"b04ziz\" data-start=\"1934\" data-end=\"1960\">les d\u00e9penses d\u00e9ductibles<\/li><li data-section-id=\"88anhs\" data-start=\"1961\" data-end=\"1992\">le taux d\u2019imposition appliqu\u00e9<\/li><li data-section-id=\"1xkmd3m\" data-start=\"1993\" data-end=\"2031\">le montant estim\u00e9 de l\u2019imp\u00f4t \u00e0 payer<\/li><\/ul><div class=\"markdown prose dark:prose-invert w-full wrap-break-word light markdown-new-styling\">\u00a0<\/div><br \/><h2 data-section-id=\"hs24lt\" data-start=\"2038\" data-end=\"2078\">Ce qui n\u2019est pas inclus dans le calcul<\/h2><p data-start=\"2080\" data-end=\"2185\">Afin de garder ce calculateur simple et facile \u00e0 utiliser, certains \u00e9l\u00e9ments ne sont pas pris en compte :<\/p><ul data-start=\"2187\" data-end=\"2493\"><li data-section-id=\"188df62\" data-start=\"2187\" data-end=\"2254\">des d\u00e9penses suppl\u00e9mentaires pouvant r\u00e9duire votre base imposable<\/li><li data-section-id=\"1jy6mhq\" data-start=\"2255\" data-end=\"2312\">les p\u00e9nalit\u00e9s ou int\u00e9r\u00eats en cas de d\u00e9claration tardive<\/li><li data-section-id=\"n0qrjx\" data-start=\"2313\" data-end=\"2373\">les structures de d\u00e9tention sp\u00e9cifiques (soci\u00e9t\u00e9s, trusts)<\/li><li data-section-id=\"1yaizwx\" data-start=\"2374\" data-end=\"2424\">la r\u00e9partition des revenus entre copropri\u00e9taires<\/li><li data-section-id=\"p591xu\" data-start=\"2425\" data-end=\"2493\">l\u2019\u00e9limination de la double imposition dans votre pays de r\u00e9sidence<\/li><\/ul><p data-start=\"2495\" data-end=\"2559\">\u00a0<\/p><p data-start=\"2495\" data-end=\"2559\">Ces \u00e9l\u00e9ments peuvent influencer le montant final de votre imp\u00f4t.<\/p><p data-start=\"2495\" data-end=\"2559\">\u00a0<\/p><h2 data-section-id=\"1aqsqhy\" data-start=\"2566\" data-end=\"2642\">Exemple : imp\u00f4t sur les revenus locatifs en Espagne pour les non-r\u00e9sidents<\/h2><p data-start=\"2644\" data-end=\"2653\">Exemple :<\/p><p data-start=\"2655\" data-end=\"2729\">Revenus locatifs : 10 000 \u20ac<br data-start=\"2682\" data-end=\"2685\" \/>D\u00e9penses d\u00e9ductibles : 4 000 \u20ac<br data-start=\"2715\" data-end=\"2718\" \/>R\u00e9sident UE<\/p><p data-start=\"2731\" data-end=\"2748\">R\u00e9sultat estim\u00e9 :<\/p><p data-start=\"2750\" data-end=\"2827\">Base imposable : 6 000 \u20ac<br data-start=\"2774\" data-end=\"2777\" \/>Taux d\u2019imposition : 19 %<br data-start=\"2801\" data-end=\"2804\" \/>Imp\u00f4t \u00e0 payer : 1 140 \u20ac<\/p><p data-start=\"2829\" data-end=\"2904\">Cet exemple donne une estimation rapide de votre imp\u00f4t selon le Modelo 210.<\/p><p data-start=\"2829\" data-end=\"2904\">\u00a0<\/p><h2 data-section-id=\"1ouy0g0\" data-start=\"2911\" data-end=\"2982\">Questions fr\u00e9quentes sur l\u2019imposition des revenus locatifs en Espagne<\/h2><h3 data-section-id=\"vx19q2\" data-start=\"2984\" data-end=\"3071\">Les non-r\u00e9sidents doivent-ils payer des imp\u00f4ts sur les revenus locatifs en Espagne ?<\/h3><p data-start=\"3073\" data-end=\"3245\">Oui. Les non-r\u00e9sidents percevant des revenus locatifs provenant d\u2019un bien situ\u00e9 en Espagne doivent les d\u00e9clarer via le Modelo 210 et payer l\u2019imp\u00f4t correspondant en Espagne.<\/p><div class=\"markdown prose dark:prose-invert w-full wrap-break-word light markdown-new-styling\">\u00a0<\/div><br \/><h3 data-section-id=\"748aal\" data-start=\"3252\" data-end=\"3321\">Quelles d\u00e9penses peuvent \u00eatre d\u00e9duites par les r\u00e9sidents de l\u2019UE ?<\/h3><p data-start=\"3323\" data-end=\"3438\">Les r\u00e9sidents de l\u2019UE ou de l\u2019EEE peuvent d\u00e9duire certaines d\u00e9penses directement li\u00e9es \u00e0 la location, par exemple :<\/p><ul data-start=\"3440\" data-end=\"3570\"><li data-section-id=\"owx5z2\" data-start=\"3440\" data-end=\"3464\">charges de copropri\u00e9t\u00e9<\/li><li data-section-id=\"1aejjt0\" data-start=\"3465\" data-end=\"3484\">frais d\u2019entretien<\/li><li data-section-id=\"7i7l3o\" data-start=\"3485\" data-end=\"3497\">assurances<\/li><li data-section-id=\"da25hg\" data-start=\"3498\" data-end=\"3542\">int\u00e9r\u00eats hypoth\u00e9caires (dans certains cas)<\/li><li data-section-id=\"wm0wlg\" data-start=\"3543\" data-end=\"3570\">frais de gestion locative<\/li><\/ul><div class=\"markdown prose dark:prose-invert w-full wrap-break-word light markdown-new-styling\">\u00a0<\/div><br \/><h3 data-section-id=\"nrxqzt\" data-start=\"3577\" data-end=\"3647\">Quel taux d\u2019imposition s\u2019applique aux revenus locatifs en Espagne ?<\/h3><p data-start=\"3649\" data-end=\"3674\">Les taux standards sont :<\/p><ul data-start=\"3676\" data-end=\"3746\"><li data-section-id=\"nupa50\" data-start=\"3676\" data-end=\"3708\">19 % pour les r\u00e9sidents UE\/EEE<\/li><li data-section-id=\"1wwza3g\" data-start=\"3709\" data-end=\"3746\">24 % pour les r\u00e9sidents hors UE\/EEE<\/li><\/ul><div class=\"markdown prose dark:prose-invert w-full wrap-break-word light markdown-new-styling\">\u00a0<\/div><br \/><h3 data-section-id=\"wvd1u0\" data-start=\"3753\" data-end=\"3806\">\u00c0 quelle fr\u00e9quence faut-il d\u00e9poser le Modelo 210 ?<\/h3><p data-start=\"3808\" data-end=\"3903\">Les revenus locatifs sont g\u00e9n\u00e9ralement d\u00e9clar\u00e9s <strong data-start=\"3856\" data-end=\"3875\">une fois par an<\/strong> lorsque le bien a \u00e9t\u00e9 lou\u00e9.<\/p><p data-start=\"3808\" data-end=\"3903\">\u00a0<\/p><h2 data-section-id=\"errw6u\" data-start=\"3910\" data-end=\"3957\">Besoin d\u2019aide pour d\u00e9poser votre Modelo 210 ?<\/h2><p data-start=\"3959\" data-end=\"4124\">Si vous souhaitez une estimation pr\u00e9cise et une d\u00e9claration conforme de vos revenus locatifs en Espagne, nous pouvons pr\u00e9parer et d\u00e9poser votre Modelo 210 pour vous.<\/p><p data-start=\"4126\" data-end=\"4150\">Notre service comprend :<\/p><ul data-start=\"4152\" data-end=\"4305\"><li data-section-id=\"3fdgxy\" data-start=\"4152\" data-end=\"4191\">v\u00e9rification des d\u00e9penses d\u00e9ductibles<\/li><li data-section-id=\"1kdfh18\" data-start=\"4192\" data-end=\"4211\">calcul de l\u2019imp\u00f4t<\/li><li data-section-id=\"18q33en\" data-start=\"4212\" data-end=\"4239\">pr\u00e9paration du Modelo 210<\/li><li data-section-id=\"1l0ttpt\" data-start=\"4240\" data-end=\"4305\">d\u00e9p\u00f4t \u00e9lectronique aupr\u00e8s de l\u2019administration fiscale espagnole<\/li><\/ul><br \/><h3 data-section-id=\"ay2iks\" data-start=\"4312\" data-end=\"4327\">Avertissement<\/h3><p data-start=\"4329\" data-end=\"4502\" data-is-last-node=\"\" data-is-only-node=\"\">Ce calculateur fournit uniquement une estimation et ne remplace pas un conseil fiscal professionnel. Il ne tient pas compte de toutes les situations individuelles possibles.<\/p><\/div><\/div><\/div><\/div><div class=\"z-0 flex min-h-[46px] justify-start\">\u00a0<\/div><\/div><\/div>\t\t\t\t\t\t\t\t<\/div>\n\t\t\t\t<\/div>\n\t\t\t\t\t<\/div>\n\t\t\t\t<\/div>\n\t\t\t\t<\/div>\n\t\t","protected":false},"excerpt":{"rendered":"<p>Calculateur d\u2019imp\u00f4t sur les revenus locatifs en Espagne (Modelo 210) Si vous louez un bien immobilier en Espagne en tant que non-r\u00e9sident, vous devez g\u00e9n\u00e9ralement d\u00e9clarer les revenus via le Modelo 210 et payer l\u2019imp\u00f4t espagnol sur les revenus locatifs. Ce calculateur vous permet d\u2019estimer rapidement le montant de l\u2019imp\u00f4t que vous pourriez devoir payer [&hellip;]<\/p>\n","protected":false},"author":1,"featured_media":0,"parent":0,"menu_order":0,"comment_status":"closed","ping_status":"closed","template":"","meta":{"footnotes":""},"class_list":["post-20423","page","type-page","status-publish","hentry"],"_links":{"self":[{"href":"https:\/\/taxadora.com\/fr\/wp-json\/wp\/v2\/pages\/20423","targetHints":{"allow":["GET"]}}],"collection":[{"href":"https:\/\/taxadora.com\/fr\/wp-json\/wp\/v2\/pages"}],"about":[{"href":"https:\/\/taxadora.com\/fr\/wp-json\/wp\/v2\/types\/page"}],"author":[{"embeddable":true,"href":"https:\/\/taxadora.com\/fr\/wp-json\/wp\/v2\/users\/1"}],"replies":[{"embeddable":true,"href":"https:\/\/taxadora.com\/fr\/wp-json\/wp\/v2\/comments?post=20423"}],"version-history":[{"count":7,"href":"https:\/\/taxadora.com\/fr\/wp-json\/wp\/v2\/pages\/20423\/revisions"}],"predecessor-version":[{"id":20430,"href":"https:\/\/taxadora.com\/fr\/wp-json\/wp\/v2\/pages\/20423\/revisions\/20430"}],"wp:attachment":[{"href":"https:\/\/taxadora.com\/fr\/wp-json\/wp\/v2\/media?parent=20423"}],"curies":[{"name":"wp","href":"https:\/\/api.w.org\/{rel}","templated":true}]}}