{"id":19966,"date":"2026-03-18T14:20:43","date_gmt":"2026-03-18T13:20:43","guid":{"rendered":"https:\/\/taxadora.com\/?page_id=19966"},"modified":"2026-03-19T11:22:03","modified_gmt":"2026-03-19T10:22:03","slug":"fr-simulateur-impot-espagne","status":"publish","type":"page","link":"https:\/\/taxadora.com\/fr\/fr-simulateur-impot-espagne\/","title":{"rendered":"Simulateur Imp\u00f4t Espagne 2026 | Calcul IRPF et Salaire Net"},"content":{"rendered":"\t\t<div data-elementor-type=\"wp-page\" data-elementor-id=\"19966\" class=\"elementor elementor-19966 elementor-19904\" data-elementor-post-type=\"page\">\n\t\t\t\t<div class=\"elementor-element elementor-element-57e83658 e-flex e-con-boxed e-con e-parent\" data-id=\"57e83658\" data-element_type=\"container\" data-e-type=\"container\">\n\t\t\t\t\t<div class=\"e-con-inner\">\n\t\t\t\t<div class=\"elementor-element elementor-element-340bac80 elementor-widget elementor-widget-heading\" data-id=\"340bac80\" data-element_type=\"widget\" data-e-type=\"widget\" data-widget_type=\"heading.default\">\n\t\t\t\t<div class=\"elementor-widget-container\">\n\t\t\t\t\t<h1 class=\"elementor-heading-title elementor-size-default\">Simulateur Imp\u00f4t Espagne 2026 (IRPF) \u2013 Salaire Net<\/h1>\t\t\t\t<\/div>\n\t\t\t\t<\/div>\n\t\t\t\t\t<\/div>\n\t\t\t\t<\/div>\n\t\t<div class=\"elementor-element elementor-element-932b7a e-flex e-con-boxed e-con e-parent\" data-id=\"932b7a\" data-element_type=\"container\" data-e-type=\"container\">\n\t\t\t\t\t<div class=\"e-con-inner\">\n\t\t\t\t<div class=\"elementor-element elementor-element-3343c337 elementor-widget elementor-widget-text-editor\" data-id=\"3343c337\" data-element_type=\"widget\" data-e-type=\"widget\" data-widget_type=\"text-editor.default\">\n\t\t\t\t<div class=\"elementor-widget-container\">\n\t\t\t\t\t\t\t\t\t<p>Ce <strong>simulateur d\u2019imp\u00f4t en Espagne (IRPF)<\/strong> vous permet d\u2019estimer rapidement le montant de l\u2019imp\u00f4t que vous payez sur votre salaire ou votre pension et de calculer votre salaire net apr\u00e8s imp\u00f4t.<\/p><p>Il est con\u00e7u pour les personnes vivant en Espagne qui souhaitent obtenir une estimation rapide et fiable de leur imposition annuelle.<\/p><p>Saisissez votre salaire brut ou votre pension pour calculer instantan\u00e9ment votre imp\u00f4t en Espagne et votre salaire net.<\/p><p><strong style=\"font-size: 1rem;\">Utilisez ce simulateur IRPF pour calculer rapidement votre salaire net et votre imp\u00f4t en Espagne.<\/strong><\/p><p>Simulateur Imp\u00f4t Espagne 2026 (IRPF) \u2013 Salaire Net<\/p>\t\t\t\t\t\t\t\t<\/div>\n\t\t\t\t<\/div>\n\t\t\t\t\t<\/div>\n\t\t\t\t<\/div>\n\t\t\t\t<section class=\"elementor-section elementor-top-section elementor-element elementor-element-42abdb9d elementor-section-boxed elementor-section-height-default elementor-section-height-default\" data-id=\"42abdb9d\" data-element_type=\"section\" data-e-type=\"section\">\n\t\t\t\t\t\t<div class=\"elementor-container elementor-column-gap-default\">\n\t\t\t\t\t<div class=\"elementor-column elementor-col-100 elementor-top-column elementor-element elementor-element-3e815696\" data-id=\"3e815696\" data-element_type=\"column\" data-e-type=\"column\">\n\t\t\t<div class=\"elementor-widget-wrap elementor-element-populated\">\n\t\t\t\t\t\t<div class=\"elementor-element elementor-element-28522c60 elementor-widget elementor-widget-html\" data-id=\"28522c60\" data-element_type=\"widget\" data-e-type=\"widget\" data-widget_type=\"html.default\">\n\t\t\t\t<div class=\"elementor-widget-container\">\n\t\t\t\t\t<script src=\"https:\/\/www.cognitoforms.com\/f\/seamless.js\" data-key=\"13zT0_A930qptss4osmFMg\" data-form=\"191\"><\/script>\t\t\t\t<\/div>\n\t\t\t\t<\/div>\n\t\t\t\t\t<\/div>\n\t\t<\/div>\n\t\t\t\t\t<\/div>\n\t\t<\/section>\n\t\t<div class=\"elementor-element elementor-element-4a86d6c6 e-flex e-con-boxed e-con e-parent\" data-id=\"4a86d6c6\" data-element_type=\"container\" data-e-type=\"container\">\n\t\t\t\t\t<div class=\"e-con-inner\">\n\t\t\t\t<div class=\"elementor-element elementor-element-32c8ad3c elementor-widget elementor-widget-text-editor\" data-id=\"32c8ad3c\" data-element_type=\"widget\" data-e-type=\"widget\" data-widget_type=\"text-editor.default\">\n\t\t\t\t<div class=\"elementor-widget-container\">\n\t\t\t\t\t\t\t\t\t<p><strong>Utilisez ce simulateur d\u2019imp\u00f4t en Espagne pour estimer votre salaire net et votre IRPF pour 2026.<\/strong><\/p><p>Ce simulateur est bas\u00e9 sur les r\u00e8gles fiscales espagnoles actuelles et fournit une estimation fiable de votre imp\u00f4t sur le revenu.<\/p><h2>Comment fonctionne le simulateur d\u2019imp\u00f4t en Espagne<\/h2><p>Le simulateur estime votre imp\u00f4t en fonction des principaux \u00e9l\u00e9ments du syst\u00e8me IRPF espagnol :<\/p><p>&#8211; Bar\u00e8me progressif de l\u2019imp\u00f4t<br \/>&#8211; Abattement personnel (m\u00ednimo personal)<br \/>&#8211; Abattements pour enfants<br \/>&#8211; Cotisations de S\u00e9curit\u00e9 sociale (pour les salari\u00e9s)<br \/>&#8211; R\u00e9ductions li\u00e9es au travail<br \/>&#8211; Traitement fiscal des pensions<\/p><p>Si vous travaillez, le simulateur d\u00e9duit les cotisations de S\u00e9curit\u00e9 sociale et applique les r\u00e9ductions correspondantes.<\/p><p>Si vous \u00eates retrait\u00e9, il calcule votre imp\u00f4t selon les r\u00e8gles applicables aux pensions.<\/p><h2>Ce qui est inclus<\/h2><p>Ce simulateur fournit une estimation r\u00e9aliste bas\u00e9e sur :<\/p><p>&#8211; Votre salaire brut ou votre pension<br \/>&#8211; Votre \u00e2ge<br \/>&#8211; Le nombre d\u2019enfants de moins de 25 ans vivant avec vous<br \/>&#8211; Les abattements personnels et familiaux standards<\/p><p>Il affiche \u00e9galement :<\/p><p>&#8211; Le montant total de l\u2019imp\u00f4t<br \/>&#8211; Le taux effectif (%)<br \/>&#8211; Le revenu net apr\u00e8s imp\u00f4t<\/p><h2>Ce qui n\u2019est pas inclus<\/h2><p>Afin de garder le simulateur simple et facile \u00e0 utiliser, certains \u00e9l\u00e9ments ne sont pas pris en compte :<\/p><p>&#8211; Les diff\u00e9rences fiscales r\u00e9gionales (Communaut\u00e9s autonomes)<br \/>&#8211; Les plus-values (actions, crypto, etc.)<br \/>&#8211; Les revenus locatifs<br \/>&#8211; Les int\u00e9r\u00eats ou dividendes<br \/>&#8211; Les r\u00e9gimes fiscaux sp\u00e9cifiques<\/p><p>Ces \u00e9l\u00e9ments peuvent influencer le montant final de votre imp\u00f4t.<\/p><h2>Exemple : imp\u00f4t sur le revenu en Espagne<\/h2><p>Par exemple :<\/p><p>&#8211; Salaire : 30 000 \u20ac<br \/>&#8211; Aucun enfant<br \/>&#8211; Moins de 65 ans<\/p><p>Le simulateur estimera :<\/p><p>&#8211; L\u2019imp\u00f4t \u00e0 payer<br \/>&#8211; Le taux effectif<br \/>&#8211; Le salaire net apr\u00e8s imp\u00f4t<\/p><p>Cela vous donne une vue rapide de votre situation fiscale en Espagne.<\/p><h2>Questions fr\u00e9quentes<\/h2><h3>Comment est calcul\u00e9 l\u2019imp\u00f4t en Espagne ?<\/h3><p>L\u2019Espagne utilise un syst\u00e8me d\u2019imposition progressif : les revenus plus \u00e9lev\u00e9s sont tax\u00e9s \u00e0 des taux plus \u00e9lev\u00e9s. Le montant final d\u00e9pend de vos revenus, de vos abattements et de votre situation personnelle.<\/p><h3>Qu\u2019est-ce que l\u2019IRPF ?<\/h3><p>L\u2019IRPF (Impuesto sobre la Renta de las Personas F\u00edsicas) est l\u2019imp\u00f4t principal sur le revenu en Espagne. Il s\u2019applique aux salaires, aux pensions et \u00e0 d\u2019autres types de revenus.<\/p><h3>Combien d\u2019imp\u00f4t dois-je payer en Espagne ?<\/h3><p>Cela d\u00e9pend de vos revenus et de votre situation personnelle. \u00c0 titre indicatif, le taux effectif se situe g\u00e9n\u00e9ralement entre 15 % et 45 %.<\/p><h3>Les pensions sont-elles impos\u00e9es en Espagne ?<\/h3><p>Oui. Les pensions sont g\u00e9n\u00e9ralement impos\u00e9es comme des revenus du travail. Dans certains cas, les pensions \u00e9trang\u00e8res peuvent \u00eatre exon\u00e9r\u00e9es en Espagne ou donner droit \u00e0 un cr\u00e9dit d\u2019imp\u00f4t. Nous sommes sp\u00e9cialis\u00e9s dans la fiscalit\u00e9 des pensions internationales en Espagne : https:\/\/taxadora.com\/taxes-for-residents-in-spain\/<\/p><h3>Ce simulateur inclut-il tous les imp\u00f4ts ?<\/h3><p>Non. Il s\u2019agit d\u2019un outil simplifi\u00e9 destin\u00e9 \u00e0 fournir une estimation. Il ne prend pas en compte tous les types de revenus ni toutes les situations personnelles.<\/p><h2>Besoin d\u2019un calcul plus pr\u00e9cis ?<\/h2><p>Si vous souhaitez une simulation compl\u00e8te incluant :<\/p><p>&#8211; Plus-values<br \/>&#8211; Revenus locatifs<br \/>&#8211; Revenus internationaux<br \/>&#8211; Strat\u00e9gies d\u2019optimisation fiscale<\/p><p>Nous proposons un service de simulation fiscale en Espagne adapt\u00e9 \u00e0 votre situation.<\/p><h3>Avertissement<\/h3><p>Ce simulateur fournit une estimation uniquement. Il ne remplace pas un conseil fiscal professionnel et ne tient pas compte de toutes les variables ou situations individuelles.<\/p>\t\t\t\t\t\t\t\t<\/div>\n\t\t\t\t<\/div>\n\t\t\t\t\t<\/div>\n\t\t\t\t<\/div>\n\t\t\t\t<\/div>\n\t\t","protected":false},"excerpt":{"rendered":"<p>Simulateur Imp\u00f4t Espagne 2026 (IRPF) \u2013 Salaire Net Ce simulateur d\u2019imp\u00f4t en Espagne (IRPF) vous permet d\u2019estimer rapidement le montant de l\u2019imp\u00f4t que vous payez sur votre salaire ou votre pension et de calculer votre salaire net apr\u00e8s imp\u00f4t. Il est con\u00e7u pour les personnes vivant en Espagne qui souhaitent obtenir une estimation rapide et [&hellip;]<\/p>\n","protected":false},"author":1,"featured_media":0,"parent":0,"menu_order":0,"comment_status":"closed","ping_status":"closed","template":"","meta":{"footnotes":""},"class_list":["post-19966","page","type-page","status-publish","hentry"],"_links":{"self":[{"href":"https:\/\/taxadora.com\/fr\/wp-json\/wp\/v2\/pages\/19966","targetHints":{"allow":["GET"]}}],"collection":[{"href":"https:\/\/taxadora.com\/fr\/wp-json\/wp\/v2\/pages"}],"about":[{"href":"https:\/\/taxadora.com\/fr\/wp-json\/wp\/v2\/types\/page"}],"author":[{"embeddable":true,"href":"https:\/\/taxadora.com\/fr\/wp-json\/wp\/v2\/users\/1"}],"replies":[{"embeddable":true,"href":"https:\/\/taxadora.com\/fr\/wp-json\/wp\/v2\/comments?post=19966"}],"version-history":[{"count":11,"href":"https:\/\/taxadora.com\/fr\/wp-json\/wp\/v2\/pages\/19966\/revisions"}],"predecessor-version":[{"id":19978,"href":"https:\/\/taxadora.com\/fr\/wp-json\/wp\/v2\/pages\/19966\/revisions\/19978"}],"wp:attachment":[{"href":"https:\/\/taxadora.com\/fr\/wp-json\/wp\/v2\/media?parent=19966"}],"curies":[{"name":"wp","href":"https:\/\/api.w.org\/{rel}","templated":true}]}}