{"id":18053,"date":"2024-10-21T16:13:54","date_gmt":"2024-10-21T14:13:54","guid":{"rendered":"https:\/\/taxadora.com\/blog\/"},"modified":"2026-03-30T16:24:23","modified_gmt":"2026-03-30T14:24:23","slug":"blog","status":"publish","type":"page","link":"https:\/\/taxadora.com\/fr\/blog\/","title":{"rendered":"Blog"},"content":{"rendered":"\t\t<div data-elementor-type=\"wp-page\" data-elementor-id=\"18053\" class=\"elementor elementor-18053 elementor-13642\" data-elementor-post-type=\"page\">\n\t\t\t\t<div class=\"elementor-element elementor-element-8aae7cc e-flex e-con-boxed e-con e-parent\" data-id=\"8aae7cc\" data-element_type=\"container\" data-e-type=\"container\">\n\t\t\t\t\t<div class=\"e-con-inner\">\n\t\t\t\t<div class=\"elementor-element elementor-element-8667b4b elementor-grid-3 elementor-grid-tablet-2 elementor-grid-mobile-1 elementor-posts--thumbnail-top elementor-card-shadow-yes elementor-posts__hover-gradient elementor-widget elementor-widget-posts\" data-id=\"8667b4b\" data-element_type=\"widget\" data-e-type=\"widget\" data-settings=\"{&quot;pagination_type&quot;:&quot;numbers&quot;,&quot;cards_columns&quot;:&quot;3&quot;,&quot;cards_columns_tablet&quot;:&quot;2&quot;,&quot;cards_columns_mobile&quot;:&quot;1&quot;,&quot;cards_row_gap&quot;:{&quot;unit&quot;:&quot;px&quot;,&quot;size&quot;:35,&quot;sizes&quot;:[]},&quot;cards_row_gap_tablet&quot;:{&quot;unit&quot;:&quot;px&quot;,&quot;size&quot;:&quot;&quot;,&quot;sizes&quot;:[]},&quot;cards_row_gap_mobile&quot;:{&quot;unit&quot;:&quot;px&quot;,&quot;size&quot;:&quot;&quot;,&quot;sizes&quot;:[]}}\" data-widget_type=\"posts.cards\">\n\t\t\t\t<div class=\"elementor-widget-container\">\n\t\t\t\t\t\t\t<div class=\"elementor-posts-container elementor-posts elementor-posts--skin-cards elementor-grid\" role=\"list\">\n\t\t\t\t<article class=\"elementor-post elementor-grid-item post-19748 post type-post status-publish format-standard hentry category-non-classifiee\" role=\"listitem\">\n\t\t\t<div class=\"elementor-post__card\">\n\t\t\t\t<div class=\"elementor-post__text\">\n\t\t\t\t<h2 class=\"elementor-post__title\">\n\t\t\t<a href=\"https:\/\/taxadora.com\/fr\/blog\/impot-sur-la-fortune-en-espagne-pour-les-non-residents-2026-guide-complet\/\" >\n\t\t\t\tImp\u00f4t sur la Fortune en Espagne pour les Non-R\u00e9sidents (2026) : Guide Complet\t\t\t<\/a>\n\t\t<\/h2>\n\t\t\t\t<div class=\"elementor-post__excerpt\">\n\t\t\t<p>Imp\u00f4t sur la Fortune en Espagne pour les Non-R\u00e9sidents (2026) : Guide Complet Mis \u00e0 jour : 2026 Aper\u00e7u rapide<\/p>\n\t\t<\/div>\n\t\t\n\t\t<a class=\"elementor-post__read-more\" href=\"https:\/\/taxadora.com\/fr\/blog\/impot-sur-la-fortune-en-espagne-pour-les-non-residents-2026-guide-complet\/\" aria-label=\"Read more about Imp\u00f4t sur la Fortune en Espagne pour les Non-R\u00e9sidents (2026) : Guide Complet\" tabindex=\"-1\" >\n\t\t\tLire plus \u00bb\t\t<\/a>\n\n\t\t\t\t<\/div>\n\t\t\t\t\t<\/div>\n\t\t<\/article>\n\t\t\t\t<article class=\"elementor-post elementor-grid-item post-19753 post type-post status-publish format-standard hentry category-non-classifiee\" role=\"listitem\">\n\t\t\t<div class=\"elementor-post__card\">\n\t\t\t\t<div class=\"elementor-post__text\">\n\t\t\t\t<h2 class=\"elementor-post__title\">\n\t\t\t<a href=\"https:\/\/taxadora.com\/fr\/blog\/vendre-un-bien-immobilier-en-espagne-en-tant-que-non-resident-taxes-retenue-de-3-et-modelo-210-guide-2026\/\" >\n\t\t\t\tVendre un Bien Immobilier en Espagne en tant que Non-R\u00e9sident : Taxes, Retenue de 3% et Modelo 210 (Guide 2026)\t\t\t<\/a>\n\t\t<\/h2>\n\t\t\t\t<div class=\"elementor-post__excerpt\">\n\t\t\t<p>Vendre un Bien Immobilier en Espagne en tant que Non-R\u00e9sident : Taxes, Retenue de 3% et Modelo 210 (Guide 2026)<\/p>\n\t\t<\/div>\n\t\t\n\t\t<a class=\"elementor-post__read-more\" href=\"https:\/\/taxadora.com\/fr\/blog\/vendre-un-bien-immobilier-en-espagne-en-tant-que-non-resident-taxes-retenue-de-3-et-modelo-210-guide-2026\/\" aria-label=\"Read more about Vendre un Bien Immobilier en Espagne en tant que Non-R\u00e9sident : Taxes, Retenue de 3% et Modelo 210 (Guide 2026)\" tabindex=\"-1\" >\n\t\t\tLire plus \u00bb\t\t<\/a>\n\n\t\t\t\t<\/div>\n\t\t\t\t\t<\/div>\n\t\t<\/article>\n\t\t\t\t<article class=\"elementor-post elementor-grid-item post-19758 post type-post status-publish format-standard hentry category-non-classifiee\" role=\"listitem\">\n\t\t\t<div class=\"elementor-post__card\">\n\t\t\t\t<div class=\"elementor-post__text\">\n\t\t\t\t<h2 class=\"elementor-post__title\">\n\t\t\t<a href=\"https:\/\/taxadora.com\/fr\/blog\/modelo-720-en-espagne-declaration-des-biens-a-letranger-pour-nouveaux-residents-guide-2026\/\" >\n\t\t\t\tModelo 720 en Espagne : D\u00e9claration des Biens \u00e0 l\u2019\u00c9tranger pour Nouveaux R\u00e9sidents (Guide 2026)\t\t\t<\/a>\n\t\t<\/h2>\n\t\t\t\t<div class=\"elementor-post__excerpt\">\n\t\t\t<p>Modelo 720 en Espagne : D\u00e9claration des Biens \u00e0 l\u2019\u00c9tranger pour Nouveaux R\u00e9sidents (Guide 2026) Mis \u00e0 jour : 2026<\/p>\n\t\t<\/div>\n\t\t\n\t\t<a class=\"elementor-post__read-more\" href=\"https:\/\/taxadora.com\/fr\/blog\/modelo-720-en-espagne-declaration-des-biens-a-letranger-pour-nouveaux-residents-guide-2026\/\" aria-label=\"Read more about Modelo 720 en Espagne : D\u00e9claration des Biens \u00e0 l\u2019\u00c9tranger pour Nouveaux R\u00e9sidents (Guide 2026)\" tabindex=\"-1\" >\n\t\t\tLire plus \u00bb\t\t<\/a>\n\n\t\t\t\t<\/div>\n\t\t\t\t\t<\/div>\n\t\t<\/article>\n\t\t\t\t<article class=\"elementor-post elementor-grid-item post-19763 post type-post status-publish format-standard hentry category-non-classifiee\" role=\"listitem\">\n\t\t\t<div class=\"elementor-post__card\">\n\t\t\t\t<div class=\"elementor-post__text\">\n\t\t\t\t<h2 class=\"elementor-post__title\">\n\t\t\t<a href=\"https:\/\/taxadora.com\/fr\/blog\/checklist-dentretien-ultime-pour-une-location-saisonniere-en-espagne-guide-2026\/\" >\n\t\t\t\tChecklist d\u2019Entretien Ultime pour une Location Saisonni\u00e8re en Espagne (Guide 2026)\t\t\t<\/a>\n\t\t<\/h2>\n\t\t\t\t<div class=\"elementor-post__excerpt\">\n\t\t\t<p>Checklist d\u2019Entretien Ultime pour une Location Saisonni\u00e8re en Espagne (Guide 2026) Mis \u00e0 jour : 2026 Introduction Poss\u00e9der une r\u00e9sidence<\/p>\n\t\t<\/div>\n\t\t\n\t\t<a class=\"elementor-post__read-more\" href=\"https:\/\/taxadora.com\/fr\/blog\/checklist-dentretien-ultime-pour-une-location-saisonniere-en-espagne-guide-2026\/\" aria-label=\"Read more about Checklist d\u2019Entretien Ultime pour une Location Saisonni\u00e8re en Espagne (Guide 2026)\" tabindex=\"-1\" >\n\t\t\tLire plus \u00bb\t\t<\/a>\n\n\t\t\t\t<\/div>\n\t\t\t\t\t<\/div>\n\t\t<\/article>\n\t\t\t\t<article class=\"elementor-post elementor-grid-item post-19768 post type-post status-publish format-standard hentry category-non-classifiee\" role=\"listitem\">\n\t\t\t<div class=\"elementor-post__card\">\n\t\t\t\t<div class=\"elementor-post__text\">\n\t\t\t\t<h2 class=\"elementor-post__title\">\n\t\t\t<a href=\"https:\/\/taxadora.com\/fr\/blog\/guide-complet-de-limpot-sur-les-societes-en-espagne-2026\/\" >\n\t\t\t\tGuide Complet de l\u2019Imp\u00f4t sur les Soci\u00e9t\u00e9s en Espagne (2026)\t\t\t<\/a>\n\t\t<\/h2>\n\t\t\t\t<div class=\"elementor-post__excerpt\">\n\t\t\t<p>Guide Complet de l\u2019Imp\u00f4t sur les Soci\u00e9t\u00e9s en Espagne (2026) Mis \u00e0 jour : 2026 Aper\u00e7u rapide Taux standard :<\/p>\n\t\t<\/div>\n\t\t\n\t\t<a class=\"elementor-post__read-more\" href=\"https:\/\/taxadora.com\/fr\/blog\/guide-complet-de-limpot-sur-les-societes-en-espagne-2026\/\" aria-label=\"Read more about Guide Complet de l\u2019Imp\u00f4t sur les Soci\u00e9t\u00e9s en Espagne (2026)\" tabindex=\"-1\" >\n\t\t\tLire plus \u00bb\t\t<\/a>\n\n\t\t\t\t<\/div>\n\t\t\t\t\t<\/div>\n\t\t<\/article>\n\t\t\t\t<article class=\"elementor-post elementor-grid-item post-19773 post type-post status-publish format-standard hentry category-non-classifiee\" role=\"listitem\">\n\t\t\t<div class=\"elementor-post__card\">\n\t\t\t\t<div class=\"elementor-post__text\">\n\t\t\t\t<h2 class=\"elementor-post__title\">\n\t\t\t<a href=\"https:\/\/taxadora.com\/fr\/blog\/exoneration-fiscale-pour-travail-a-letranger-en-espagne-lavantage-des-60-100-e-guide-2026\/\" >\n\t\t\t\tExon\u00e9ration Fiscale pour Travail \u00e0 l\u2019\u00c9tranger en Espagne : L\u2019Avantage des 60 100 \u20ac (Guide 2026)\t\t\t<\/a>\n\t\t<\/h2>\n\t\t\t\t<div class=\"elementor-post__excerpt\">\n\t\t\t<p>Exon\u00e9ration Fiscale pour Travail \u00e0 l\u2019\u00c9tranger en Espagne : L\u2019Avantage des 60 100 \u20ac (Guide 2026) Mis \u00e0 jour :<\/p>\n\t\t<\/div>\n\t\t\n\t\t<a class=\"elementor-post__read-more\" href=\"https:\/\/taxadora.com\/fr\/blog\/exoneration-fiscale-pour-travail-a-letranger-en-espagne-lavantage-des-60-100-e-guide-2026\/\" aria-label=\"Read more about Exon\u00e9ration Fiscale pour Travail \u00e0 l\u2019\u00c9tranger en Espagne : L\u2019Avantage des 60 100 \u20ac (Guide 2026)\" tabindex=\"-1\" >\n\t\t\tLire plus \u00bb\t\t<\/a>\n\n\t\t\t\t<\/div>\n\t\t\t\t\t<\/div>\n\t\t<\/article>\n\t\t\t\t<article class=\"elementor-post elementor-grid-item post-19788 post type-post status-publish format-standard hentry category-non-classifiee\" role=\"listitem\">\n\t\t\t<div class=\"elementor-post__card\">\n\t\t\t\t<div class=\"elementor-post__text\">\n\t\t\t\t<h2 class=\"elementor-post__title\">\n\t\t\t<a href=\"https:\/\/taxadora.com\/fr\/blog\/guide-complet-de-litp-en-espagne-2026-taxe-sur-lachat-immobilier\/\" >\n\t\t\t\tGuide Complet de l\u2019ITP en Espagne (2026) : Taxe sur l\u2019Achat Immobilier\t\t\t<\/a>\n\t\t<\/h2>\n\t\t\t\t<div class=\"elementor-post__excerpt\">\n\t\t\t<p>Guide Complet de l\u2019ITP en Espagne (2026) : Taxe sur l\u2019Achat Immobilier Mis \u00e0 jour : 2026 Aper\u00e7u rapide Taxe<\/p>\n\t\t<\/div>\n\t\t\n\t\t<a class=\"elementor-post__read-more\" href=\"https:\/\/taxadora.com\/fr\/blog\/guide-complet-de-litp-en-espagne-2026-taxe-sur-lachat-immobilier\/\" aria-label=\"Read more about Guide Complet de l\u2019ITP en Espagne (2026) : Taxe sur l\u2019Achat Immobilier\" tabindex=\"-1\" >\n\t\t\tLire plus \u00bb\t\t<\/a>\n\n\t\t\t\t<\/div>\n\t\t\t\t\t<\/div>\n\t\t<\/article>\n\t\t\t\t<article class=\"elementor-post elementor-grid-item post-19783 post type-post status-publish format-standard hentry category-non-classifiee\" role=\"listitem\">\n\t\t\t<div class=\"elementor-post__card\">\n\t\t\t\t<div class=\"elementor-post__text\">\n\t\t\t\t<h2 class=\"elementor-post__title\">\n\t\t\t<a href=\"https:\/\/taxadora.com\/fr\/blog\/charges-salariales-en-espagne-2026-guide-complet-pour-employeurs-salaries-et-teletravailleurs\/\" >\n\t\t\t\tCharges Salariales en Espagne (2026) : Guide Complet pour Employeurs, Salari\u00e9s et T\u00e9l\u00e9travailleurs\t\t\t<\/a>\n\t\t<\/h2>\n\t\t\t\t<div class=\"elementor-post__excerpt\">\n\t\t\t<p>Charges Salariales en Espagne (2026) : Guide Complet pour Employeurs, Salari\u00e9s et T\u00e9l\u00e9travailleurs Mis \u00e0 jour : 2026 Aper\u00e7u rapide<\/p>\n\t\t<\/div>\n\t\t\n\t\t<a class=\"elementor-post__read-more\" href=\"https:\/\/taxadora.com\/fr\/blog\/charges-salariales-en-espagne-2026-guide-complet-pour-employeurs-salaries-et-teletravailleurs\/\" aria-label=\"Read more about Charges Salariales en Espagne (2026) : Guide Complet pour Employeurs, Salari\u00e9s et T\u00e9l\u00e9travailleurs\" tabindex=\"-1\" >\n\t\t\tLire plus \u00bb\t\t<\/a>\n\n\t\t\t\t<\/div>\n\t\t\t\t\t<\/div>\n\t\t<\/article>\n\t\t\t\t<article class=\"elementor-post elementor-grid-item post-19778 post type-post status-publish format-standard hentry category-non-classifiee\" role=\"listitem\">\n\t\t\t<div class=\"elementor-post__card\">\n\t\t\t\t<div class=\"elementor-post__text\">\n\t\t\t\t<h2 class=\"elementor-post__title\">\n\t\t\t<a href=\"https:\/\/taxadora.com\/fr\/blog\/guide-complet-des-formulaires-fiscaux-en-espagne-2026-pme-et-independants\/\" >\n\t\t\t\tGuide Complet des Formulaires Fiscaux en Espagne (2026) : PME et Ind\u00e9pendants\t\t\t<\/a>\n\t\t<\/h2>\n\t\t\t\t<div class=\"elementor-post__excerpt\">\n\t\t\t<p>Guide Complet des Formulaires Fiscaux en Espagne (2026) : PME et Ind\u00e9pendants Mis \u00e0 jour : 2026 Aper\u00e7u rapide Plus<\/p>\n\t\t<\/div>\n\t\t\n\t\t<a class=\"elementor-post__read-more\" href=\"https:\/\/taxadora.com\/fr\/blog\/guide-complet-des-formulaires-fiscaux-en-espagne-2026-pme-et-independants\/\" aria-label=\"Read more about Guide Complet des Formulaires Fiscaux en Espagne (2026) : PME et Ind\u00e9pendants\" tabindex=\"-1\" >\n\t\t\tLire plus \u00bb\t\t<\/a>\n\n\t\t\t\t<\/div>\n\t\t\t\t\t<\/div>\n\t\t<\/article>\n\t\t\t\t<article class=\"elementor-post elementor-grid-item post-19793 post type-post status-publish format-standard hentry category-non-classifiee\" role=\"listitem\">\n\t\t\t<div class=\"elementor-post__card\">\n\t\t\t\t<div class=\"elementor-post__text\">\n\t\t\t\t<h2 class=\"elementor-post__title\">\n\t\t\t<a href=\"https:\/\/taxadora.com\/fr\/blog\/dates-fiscales-en-espagne-2026-calendrier-complet-pour-residents-non-residents-et-entreprises\/\" >\n\t\t\t\tDates Fiscales en Espagne 2026 : Calendrier Complet pour R\u00e9sidents, Non-R\u00e9sidents et Entreprises\t\t\t<\/a>\n\t\t<\/h2>\n\t\t\t\t<div class=\"elementor-post__excerpt\">\n\t\t\t<p>Dates Fiscales en Espagne 2026 : Calendrier Complet pour R\u00e9sidents, Non-R\u00e9sidents et Entreprises Mis \u00e0 jour : 2026 Aper\u00e7u rapide<\/p>\n\t\t<\/div>\n\t\t\n\t\t<a class=\"elementor-post__read-more\" href=\"https:\/\/taxadora.com\/fr\/blog\/dates-fiscales-en-espagne-2026-calendrier-complet-pour-residents-non-residents-et-entreprises\/\" aria-label=\"Read more about Dates Fiscales en Espagne 2026 : Calendrier Complet pour R\u00e9sidents, Non-R\u00e9sidents et Entreprises\" tabindex=\"-1\" >\n\t\t\tLire plus \u00bb\t\t<\/a>\n\n\t\t\t\t<\/div>\n\t\t\t\t\t<\/div>\n\t\t<\/article>\n\t\t\t\t<article class=\"elementor-post elementor-grid-item post-19798 post type-post status-publish format-standard hentry category-non-classifiee\" role=\"listitem\">\n\t\t\t<div class=\"elementor-post__card\">\n\t\t\t\t<div class=\"elementor-post__text\">\n\t\t\t\t<h2 class=\"elementor-post__title\">\n\t\t\t<a href=\"https:\/\/taxadora.com\/fr\/blog\/acheter-un-bien-immobilier-en-espagne-en-tant-quetranger-guide-2026\/\" >\n\t\t\t\tAcheter un Bien Immobilier en Espagne en tant qu\u2019\u00c9tranger (Guide 2026)\t\t\t<\/a>\n\t\t<\/h2>\n\t\t\t\t<div class=\"elementor-post__excerpt\">\n\t\t\t<p>Acheter un Bien Immobilier en Espagne en tant qu\u2019\u00c9tranger (Guide 2026) Deed (\u00ab\u00a0Escritura de Compraventa\u00a0\u00bb) \u00a0Mis \u00e0 jour : 2026<\/p>\n\t\t<\/div>\n\t\t\n\t\t<a class=\"elementor-post__read-more\" href=\"https:\/\/taxadora.com\/fr\/blog\/acheter-un-bien-immobilier-en-espagne-en-tant-quetranger-guide-2026\/\" aria-label=\"Read more about Acheter un Bien Immobilier en Espagne en tant qu\u2019\u00c9tranger (Guide 2026)\" tabindex=\"-1\" >\n\t\t\tLire plus \u00bb\t\t<\/a>\n\n\t\t\t\t<\/div>\n\t\t\t\t\t<\/div>\n\t\t<\/article>\n\t\t\t\t<article class=\"elementor-post elementor-grid-item post-19804 post type-post status-publish format-standard hentry category-non-classifiee\" role=\"listitem\">\n\t\t\t<div class=\"elementor-post__card\">\n\t\t\t\t<div class=\"elementor-post__text\">\n\t\t\t\t<h2 class=\"elementor-post__title\">\n\t\t\t<a href=\"https:\/\/taxadora.com\/fr\/blog\/comment-payer-ses-taxes-immobilieres-en-espagne-en-ligne-guide-2026-pour-non-residents\/\" >\n\t\t\t\tComment Payer ses Taxes Immobili\u00e8res en Espagne en Ligne (Guide 2026 pour Non-R\u00e9sidents)\t\t\t<\/a>\n\t\t<\/h2>\n\t\t\t\t<div class=\"elementor-post__excerpt\">\n\t\t\t<p>Comment Payer ses Taxes Immobili\u00e8res en Espagne en Ligne (Guide 2026 pour Non-R\u00e9sidents) Mis \u00e0 jour : 2026 Aper\u00e7u rapide<\/p>\n\t\t<\/div>\n\t\t\n\t\t<a class=\"elementor-post__read-more\" href=\"https:\/\/taxadora.com\/fr\/blog\/comment-payer-ses-taxes-immobilieres-en-espagne-en-ligne-guide-2026-pour-non-residents\/\" aria-label=\"Read more about Comment Payer ses Taxes Immobili\u00e8res en Espagne en Ligne (Guide 2026 pour Non-R\u00e9sidents)\" tabindex=\"-1\" >\n\t\t\tLire plus \u00bb\t\t<\/a>\n\n\t\t\t\t<\/div>\n\t\t\t\t\t<\/div>\n\t\t<\/article>\n\t\t\t\t<\/div>\n\t\t\n\t\t\t\t<div class=\"e-load-more-anchor\" data-page=\"1\" data-max-page=\"2\" data-next-page=\"https:\/\/taxadora.com\/fr\/wp-json\/wp\/v2\/pages\/18053\/page\/2\/\"><\/div>\n\t\t\t\t<nav class=\"elementor-pagination\" aria-label=\"Pagination\">\n\t\t\t<span aria-current=\"page\" class=\"page-numbers current\"><span class=\"elementor-screen-only\">Page<\/span>1<\/span>\n<a class=\"page-numbers\" href=\"https:\/\/taxadora.com\/fr\/wp-json\/wp\/v2\/pages\/18053\/page\/2\/\"><span class=\"elementor-screen-only\">Page<\/span>2<\/a>\t\t<\/nav>\n\t\t\t\t\t\t<\/div>\n\t\t\t\t<\/div>\n\t\t\t\t\t<\/div>\n\t\t\t\t<\/div>\n\t\t\t\t<\/div>\n\t\t","protected":false},"excerpt":{"rendered":"","protected":false},"author":14,"featured_media":0,"parent":0,"menu_order":0,"comment_status":"closed","ping_status":"closed","template":"elementor_header_footer","meta":{"footnotes":""},"class_list":["post-18053","page","type-page","status-publish","hentry"],"_links":{"self":[{"href":"https:\/\/taxadora.com\/fr\/wp-json\/wp\/v2\/pages\/18053","targetHints":{"allow":["GET"]}}],"collection":[{"href":"https:\/\/taxadora.com\/fr\/wp-json\/wp\/v2\/pages"}],"about":[{"href":"https:\/\/taxadora.com\/fr\/wp-json\/wp\/v2\/types\/page"}],"author":[{"embeddable":true,"href":"https:\/\/taxadora.com\/fr\/wp-json\/wp\/v2\/users\/14"}],"replies":[{"embeddable":true,"href":"https:\/\/taxadora.com\/fr\/wp-json\/wp\/v2\/comments?post=18053"}],"version-history":[{"count":1,"href":"https:\/\/taxadora.com\/fr\/wp-json\/wp\/v2\/pages\/18053\/revisions"}],"predecessor-version":[{"id":18054,"href":"https:\/\/taxadora.com\/fr\/wp-json\/wp\/v2\/pages\/18053\/revisions\/18054"}],"wp:attachment":[{"href":"https:\/\/taxadora.com\/fr\/wp-json\/wp\/v2\/media?parent=18053"}],"curies":[{"name":"wp","href":"https:\/\/api.w.org\/{rel}","templated":true}]}}