{"id":17506,"date":"2025-10-16T11:38:23","date_gmt":"2025-10-16T09:38:23","guid":{"rendered":"https:\/\/taxadora.com\/impots-sur-les-successions-et-les-dons-en-espagne\/"},"modified":"2025-11-28T10:52:34","modified_gmt":"2025-11-28T09:52:34","slug":"heritage-et-donations","status":"publish","type":"page","link":"https:\/\/taxadora.com\/fr\/heritage-et-donations\/","title":{"rendered":"Imp\u00f4ts sur les successions et les dons en Espagne"},"content":{"rendered":"\t\t<div data-elementor-type=\"wp-page\" data-elementor-id=\"17506\" class=\"elementor elementor-17506 elementor-17233\" data-elementor-post-type=\"page\">\n\t\t\t\t<div class=\"elementor-element elementor-element-1c9d0ba e-flex e-con-boxed e-con e-parent\" data-id=\"1c9d0ba\" data-element_type=\"container\" data-e-type=\"container\">\n\t\t\t\t\t<div class=\"e-con-inner\">\n\t\t<div class=\"elementor-element elementor-element-76e06a9e e-con-full e-flex e-con e-child\" data-id=\"76e06a9e\" data-element_type=\"container\" data-e-type=\"container\">\n\t\t<div class=\"elementor-element elementor-element-4a7d9662 e-con-full e-flex e-con e-child\" data-id=\"4a7d9662\" data-element_type=\"container\" data-e-type=\"container\" data-settings=\"{&quot;background_background&quot;:&quot;classic&quot;,&quot;position&quot;:&quot;absolute&quot;}\">\n\t\t\t\t<div class=\"elementor-element elementor-element-5c0a2e83 elementor-widget elementor-widget-heading\" data-id=\"5c0a2e83\" data-element_type=\"widget\" data-e-type=\"widget\" data-widget_type=\"heading.default\">\n\t\t\t\t<div class=\"elementor-widget-container\">\n\t\t\t\t\t<div class=\"elementor-heading-title elementor-size-xxl\">Collaborateur de l\u2019administration fiscale<\/div>\t\t\t\t<\/div>\n\t\t\t\t<\/div>\n\t\t\t\t<div class=\"elementor-element elementor-element-7d1eea9a elementor-widget elementor-widget-image\" data-id=\"7d1eea9a\" data-element_type=\"widget\" data-e-type=\"widget\" data-widget_type=\"image.default\">\n\t\t\t\t<div class=\"elementor-widget-container\">\n\t\t\t\t\t\t\t\t\t\t\t\t\t\t\t<img fetchpriority=\"high\" decoding=\"async\" width=\"500\" height=\"500\" src=\"https:\/\/taxadora.com\/wp-content\/uploads\/2024\/10\/taxadora-tax-office-collaborator-1.png\" class=\"attachment-full size-full wp-image-19005\" alt=\"\" srcset=\"https:\/\/taxadora.com\/wp-content\/uploads\/2024\/10\/taxadora-tax-office-collaborator-1.png 500w, https:\/\/taxadora.com\/wp-content\/uploads\/2024\/10\/taxadora-tax-office-collaborator-1-300x300.png 300w, https:\/\/taxadora.com\/wp-content\/uploads\/2024\/10\/taxadora-tax-office-collaborator-1-150x150.png 150w\" sizes=\"(max-width: 500px) 100vw, 500px\">\t\t\t\t\t\t\t\t\t\t\t\t\t\t\t<\/div>\n\t\t\t\t<\/div>\n\t\t\t\t<div class=\"elementor-element elementor-element-1e63a71 elementor-widget elementor-widget-heading\" data-id=\"1e63a71\" data-element_type=\"widget\" data-e-type=\"widget\" data-widget_type=\"heading.default\">\n\t\t\t\t<div class=\"elementor-widget-container\">\n\t\t\t\t\t<h2 class=\"elementor-heading-title elementor-size-default\">Administration fiscale espagnole<\/h2>\t\t\t\t<\/div>\n\t\t\t\t<\/div>\n\t\t\t\t<\/div>\n\t\t\t\t<div class=\"elementor-element elementor-element-10a21a46 elementor-widget elementor-widget-image\" data-id=\"10a21a46\" data-element_type=\"widget\" data-e-type=\"widget\" data-widget_type=\"image.default\">\n\t\t\t\t<div class=\"elementor-widget-container\">\n\t\t\t\t\t\t\t\t\t\t\t\t\t\t\t<img decoding=\"async\" src=\"https:\/\/taxadora.com\/wp-content\/uploads\/2025\/10\/rental-income-taxes-spain-taxes-taxadora.webp\" title=\"\" alt=\"rental income taxes spain online\" loading=\"lazy\" \/>\t\t\t\t\t\t\t\t\t\t\t\t\t\t\t<\/div>\n\t\t\t\t<\/div>\n\t\t\t\t<\/div>\n\t\t<div class=\"elementor-element elementor-element-17f27075 e-con-full e-flex e-con e-child\" data-id=\"17f27075\" data-element_type=\"container\" data-e-type=\"container\">\n\t\t\t\t<div class=\"elementor-element elementor-element-44256678 elementor-widget elementor-widget-heading\" data-id=\"44256678\" data-element_type=\"widget\" data-e-type=\"widget\" data-widget_type=\"heading.default\">\n\t\t\t\t<div class=\"elementor-widget-container\">\n\t\t\t\t\t<h1 class=\"elementor-heading-title elementor-size-xxl\">Successions et dons en Espagne<\/h1>\t\t\t\t<\/div>\n\t\t\t\t<\/div>\n\t\t\t\t<div class=\"elementor-element elementor-element-68aaf1cd elementor-widget elementor-widget-heading\" data-id=\"68aaf1cd\" data-element_type=\"widget\" data-e-type=\"widget\" data-widget_type=\"heading.default\">\n\t\t\t\t<div class=\"elementor-widget-container\">\n\t\t\t\t\t<h2 class=\"elementor-heading-title elementor-size-xxl\">Imp\u00f4ts sur les successions et les dons en Espagne<\/h2>\t\t\t\t<\/div>\n\t\t\t\t<\/div>\n\t\t\t\t<div class=\"elementor-element elementor-element-b237a10 elementor-widget elementor-widget-heading\" data-id=\"b237a10\" data-element_type=\"widget\" data-e-type=\"widget\" data-widget_type=\"heading.default\">\n\t\t\t\t<div class=\"elementor-widget-container\">\n\t\t\t\t\t<h2 class=\"elementor-heading-title elementor-size-xxl\">Nous d\u00e9poserons vos d\u00e9clarations fiscales espagnoles<br>- le tout en seulement 5 minutes!<\/h2>\t\t\t\t<\/div>\n\t\t\t\t<\/div>\n\t\t\t\t<div class=\"elementor-element elementor-element-782ca12e elementor-widget elementor-widget-text-editor\" data-id=\"782ca12e\" data-element_type=\"widget\" data-e-type=\"widget\" data-widget_type=\"text-editor.default\">\n\t\t\t\t<div class=\"elementor-widget-container\">\n\t\t\t\t\t\t\t\t\t<p>En Espagne, les h\u00e9ritages et les dons sont soumis \u00e0 l\u2019imp\u00f4t.<\/p>\n<p>Le montant de l\u2019imp\u00f4t d\u00e9pend de la r\u00e9gion o\u00f9 vous vivez, et il existe d\u2019importantes d\u00e9ductions dans de nombreuses r\u00e9gions. Dans de nombreux cas, vous n\u2019aurez \u00e0 payer qu\u2019un petit montant \u2013 m\u00eame si vous devez tout de m\u00eame d\u00e9clarer l\u2019imp\u00f4t.<\/p>\n<p>Si vous r\u00e9sidez habituellement en dehors de l\u2019Espagne, vous devrez payer des imp\u00f4ts pour les biens situ\u00e9s en Espagne, par exemple une r\u00e9sidence secondaire. Si le b\u00e9n\u00e9ficiaire de l\u2019h\u00e9ritage ou du don vit plus de la moiti\u00e9 de l\u2019ann\u00e9e en Espagne, il devra payer des imp\u00f4ts en Espagne, m\u00eame si le bien se trouve \u00e0 l\u2019\u00e9tranger.<\/p>\t\t\t\t\t\t\t\t<\/div>\n\t\t\t\t<\/div>\n\t\t\t\t<div class=\"elementor-element elementor-element-15e3ff1d elementor-widget elementor-widget-shortcode\" data-id=\"15e3ff1d\" data-element_type=\"widget\" data-e-type=\"widget\" data-widget_type=\"shortcode.default\">\n\t\t\t\t<div class=\"elementor-widget-container\">\n\t\t\t\t\t\t\t<div class=\"elementor-shortcode\"><script defer async src='https:\/\/cdn.trustindex.io\/loader.js?34e923736e691441d94666dbf63'><\/script><\/div>\n\t\t\t\t\t\t<\/div>\n\t\t\t\t<\/div>\n\t\t\t\t<\/div>\n\t\t\t\t\t<\/div>\n\t\t\t\t<\/div>\n\t\t\t\t<section class=\"elementor-section elementor-top-section elementor-element elementor-element-44bbed83 elementor-section-boxed elementor-section-height-default elementor-section-height-default\" data-id=\"44bbed83\" data-element_type=\"section\" data-e-type=\"section\">\n\t\t\t\t\t\t<div class=\"elementor-container elementor-column-gap-default\">\n\t\t\t\t\t<div class=\"elementor-column elementor-col-100 elementor-top-column elementor-element elementor-element-211ae3bc\" data-id=\"211ae3bc\" data-element_type=\"column\" data-e-type=\"column\">\n\t\t\t<div class=\"elementor-widget-wrap elementor-element-populated\">\n\t\t\t\t\t\t<div class=\"elementor-element elementor-element-61e8aa69 elementor-widget elementor-widget-heading\" data-id=\"61e8aa69\" data-element_type=\"widget\" data-e-type=\"widget\" data-widget_type=\"heading.default\">\n\t\t\t\t<div class=\"elementor-widget-container\">\n\t\t\t\t\t<h2 class=\"elementor-heading-title elementor-size-xxl\">imp\u00f4ts sur les dons et les successions en Espagne<\/h2>\t\t\t\t<\/div>\n\t\t\t\t<\/div>\n\t\t\t\t<div class=\"elementor-element elementor-element-613aae09 elementor-widget elementor-widget-heading\" data-id=\"613aae09\" data-element_type=\"widget\" data-e-type=\"widget\" data-widget_type=\"heading.default\">\n\t\t\t\t<div class=\"elementor-widget-container\">\n\t\t\t\t\t<h2 class=\"elementor-heading-title elementor-size-xxl\">+5000 clients satisfaits<\/h2>\t\t\t\t<\/div>\n\t\t\t\t<\/div>\n\t\t\t\t\t<\/div>\n\t\t<\/div>\n\t\t\t\t\t<\/div>\n\t\t<\/section>\n\t\t\t\t<section class=\"elementor-section elementor-top-section elementor-element elementor-element-448bf346 elementor-section-boxed elementor-section-height-default elementor-section-height-default\" data-id=\"448bf346\" data-element_type=\"section\" data-e-type=\"section\">\n\t\t\t\t\t\t<div class=\"elementor-container elementor-column-gap-default\">\n\t\t\t\t\t<div class=\"elementor-column elementor-col-100 elementor-top-column elementor-element elementor-element-5bdd8a2d\" data-id=\"5bdd8a2d\" data-element_type=\"column\" data-e-type=\"column\">\n\t\t\t<div class=\"elementor-widget-wrap elementor-element-populated\">\n\t\t\t\t\t\t<div class=\"elementor-element elementor-element-5d2d1b98 elementor-widget elementor-widget-shortcode\" data-id=\"5d2d1b98\" data-element_type=\"widget\" data-e-type=\"widget\" data-widget_type=\"shortcode.default\">\n\t\t\t\t<div class=\"elementor-widget-container\">\n\t\t\t\t\t\t\t<div class=\"elementor-shortcode\"><script defer async src='https:\/\/cdn.trustindex.io\/loader.js?29ee23e3642d1458e236875d03a'><\/script><\/div>\n\t\t\t\t\t\t<\/div>\n\t\t\t\t<\/div>\n\t\t\t\t\t<\/div>\n\t\t<\/div>\n\t\t\t\t\t<\/div>\n\t\t<\/section>\n\t\t\t\t<section class=\"elementor-section elementor-top-section elementor-element elementor-element-b7e66e8 elementor-section-boxed elementor-section-height-default elementor-section-height-default\" data-id=\"b7e66e8\" data-element_type=\"section\" data-e-type=\"section\">\n\t\t\t\t\t\t<div class=\"elementor-container elementor-column-gap-default\">\n\t\t\t\t\t<div class=\"elementor-column elementor-col-100 elementor-top-column elementor-element elementor-element-dbf1d43\" data-id=\"dbf1d43\" data-element_type=\"column\" data-e-type=\"column\">\n\t\t\t<div class=\"elementor-widget-wrap elementor-element-populated\">\n\t\t\t\t\t\t<div class=\"elementor-element elementor-element-519de67 elementor-widget elementor-widget-heading\" data-id=\"519de67\" data-element_type=\"widget\" data-e-type=\"widget\" data-widget_type=\"heading.default\">\n\t\t\t\t<div class=\"elementor-widget-container\">\n\t\t\t\t\t<div class=\"elementor-heading-title elementor-size-xxl\">Contactez-nous<\/div>\t\t\t\t<\/div>\n\t\t\t\t<\/div>\n\t\t\t\t\t<\/div>\n\t\t<\/div>\n\t\t\t\t\t<\/div>\n\t\t<\/section>\n\t\t<div class=\"elementor-element elementor-element-dc24ac5 e-flex e-con-boxed e-con e-parent\" data-id=\"dc24ac5\" data-element_type=\"container\" data-e-type=\"container\">\n\t\t\t\t\t<div class=\"e-con-inner\">\n\t\t\t\t<div class=\"elementor-element elementor-element-e299f04 elementor-widget elementor-widget-html\" data-id=\"e299f04\" data-element_type=\"widget\" data-e-type=\"widget\" data-widget_type=\"html.default\">\n\t\t\t\t<div class=\"elementor-widget-container\">\n\t\t\t\t\t<script src=\"https:\/\/www.cognitoforms.com\/f\/seamless.js\" data-key=\"13zT0_A930qptss4osmFMg\" data-form=\"148\"><\/script>\t\t\t\t<\/div>\n\t\t\t\t<\/div>\n\t\t\t\t\t<\/div>\n\t\t\t\t<\/div>\n\t\t\t\t<\/div>\n\t\t","protected":false},"excerpt":{"rendered":"<p>Collaborateur de l\u2019administration fiscale Administration fiscale espagnole Successions et dons en Espagne Imp\u00f4ts sur les successions et les dons en Espagne Nous d\u00e9poserons vos d\u00e9clarations fiscales espagnoles&#8211; le tout en seulement 5 minutes! En Espagne, les h\u00e9ritages et les dons sont soumis \u00e0 l\u2019imp\u00f4t. Le montant de l\u2019imp\u00f4t d\u00e9pend de la r\u00e9gion o\u00f9 vous vivez, [&hellip;]<\/p>\n","protected":false},"author":1,"featured_media":17507,"parent":0,"menu_order":0,"comment_status":"closed","ping_status":"closed","template":"elementor_header_footer","meta":{"footnotes":""},"class_list":["post-17506","page","type-page","status-publish","has-post-thumbnail","hentry"],"_links":{"self":[{"href":"https:\/\/taxadora.com\/fr\/wp-json\/wp\/v2\/pages\/17506","targetHints":{"allow":["GET"]}}],"collection":[{"href":"https:\/\/taxadora.com\/fr\/wp-json\/wp\/v2\/pages"}],"about":[{"href":"https:\/\/taxadora.com\/fr\/wp-json\/wp\/v2\/types\/page"}],"author":[{"embeddable":true,"href":"https:\/\/taxadora.com\/fr\/wp-json\/wp\/v2\/users\/1"}],"replies":[{"embeddable":true,"href":"https:\/\/taxadora.com\/fr\/wp-json\/wp\/v2\/comments?post=17506"}],"version-history":[{"count":5,"href":"https:\/\/taxadora.com\/fr\/wp-json\/wp\/v2\/pages\/17506\/revisions"}],"predecessor-version":[{"id":18140,"href":"https:\/\/taxadora.com\/fr\/wp-json\/wp\/v2\/pages\/17506\/revisions\/18140"}],"wp:featuredmedia":[{"embeddable":true,"href":"https:\/\/taxadora.com\/fr\/wp-json\/wp\/v2\/media\/17507"}],"wp:attachment":[{"href":"https:\/\/taxadora.com\/fr\/wp-json\/wp\/v2\/media?parent=17506"}],"curies":[{"name":"wp","href":"https:\/\/api.w.org\/{rel}","templated":true}]}}