{"id":12125,"date":"2020-02-18T14:46:10","date_gmt":"2020-02-18T13:46:10","guid":{"rendered":"https:\/\/taxadora.com\/?page_id=12125"},"modified":"2022-08-04T10:16:45","modified_gmt":"2022-08-04T08:16:45","slug":"investisseur-media-a-la-recherche-dun-partenariat-ou-dun-emploi","status":"publish","type":"page","link":"https:\/\/taxadora.com\/fr\/investisseur-media-a-la-recherche-dun-partenariat-ou-dun-emploi\/","title":{"rendered":"Investisseur, m\u00e9dia, \u00e0 la recherche d&rsquo;un partenariat ou d&rsquo;un emploi ?"},"content":{"rendered":"\t\t<div data-elementor-type=\"wp-page\" data-elementor-id=\"12125\" class=\"elementor elementor-12125 elementor-3553\" data-elementor-post-type=\"page\">\n\t\t\t\t\t\t<section class=\"elementor-section elementor-top-section elementor-element elementor-element-4c50bee5 elementor-section-full_width elementor-section-height-default elementor-section-height-default\" data-id=\"4c50bee5\" data-element_type=\"section\" data-e-type=\"section\" data-settings=\"{&quot;background_background&quot;:&quot;classic&quot;}\">\n\t\t\t\t\t\t<div class=\"elementor-container elementor-column-gap-default\">\n\t\t\t\t\t<div class=\"elementor-column elementor-col-50 elementor-top-column elementor-element elementor-element-3687c600 elementor-hidden-phone\" data-id=\"3687c600\" data-element_type=\"column\" data-e-type=\"column\">\n\t\t\t<div class=\"elementor-widget-wrap elementor-element-populated\">\n\t\t\t\t\t\t<div class=\"elementor-element elementor-element-ea962fc elementor-widget elementor-widget-image\" data-id=\"ea962fc\" data-element_type=\"widget\" data-e-type=\"widget\" data-widget_type=\"image.default\">\n\t\t\t\t<div class=\"elementor-widget-container\">\n\t\t\t\t\t\t\t\t\t\t\t\t\t\t\t<img decoding=\"async\" src=\"https:\/\/taxadora.com\/wp-content\/uploads\/elementor\/thumbs\/taxadoralogopdf-1-1-pc74jhztg5gv2gc66txje36skzfdrd8xnn0lztup1e.png\" title=\"taxadoralogopdf-1\" alt=\"taxadoralogopdf-1\" loading=\"lazy\" \/>\t\t\t\t\t\t\t\t\t\t\t\t\t\t\t<\/div>\n\t\t\t\t<\/div>\n\t\t\t\t\t<\/div>\n\t\t<\/div>\n\t\t\t\t<div class=\"elementor-column elementor-col-50 elementor-top-column elementor-element elementor-element-430f45cd\" data-id=\"430f45cd\" data-element_type=\"column\" data-e-type=\"column\">\n\t\t\t<div class=\"elementor-widget-wrap elementor-element-populated\">\n\t\t\t\t\t\t<div class=\"elementor-element elementor-element-4fed7902 elementor-widget elementor-widget-wp-widget-maxmegamenu\" data-id=\"4fed7902\" data-element_type=\"widget\" data-e-type=\"widget\" data-widget_type=\"wp-widget-maxmegamenu.default\">\n\t\t\t\t<div class=\"elementor-widget-container\">\n\t\t\t\t\t<div id=\"mega-menu-wrap-menu-1\" class=\"mega-menu-wrap\"><div class=\"mega-menu-toggle\"><div class=\"mega-toggle-blocks-left\"><\/div><div class=\"mega-toggle-blocks-center\"><\/div><div class=\"mega-toggle-blocks-right\"><div class='mega-toggle-block mega-menu-toggle-block mega-toggle-block-1' id='mega-toggle-block-1'><button class='mega-toggle-standard mega-toggle-label' aria-haspopup='true' aria-expanded='false' aria-controls='mega-menu-menu-1'><span class='mega-toggle-label-closed'><\/span><span class='mega-toggle-label-open'><\/span><\/button><\/div><\/div><\/div><ul id=\"mega-menu-menu-1\" class=\"mega-menu max-mega-menu mega-menu-horizontal mega-no-js\" data-event=\"hover_intent\" data-effect=\"fade_up\" data-effect-speed=\"200\" data-effect-mobile=\"disabled\" data-effect-speed-mobile=\"0\" data-mobile-force-width=\"false\" data-second-click=\"go\" data-document-click=\"collapse\" data-vertical-behaviour=\"standard\" data-breakpoint=\"600\" data-unbind=\"true\" data-mobile-state=\"collapse_all\" data-mobile-direction=\"vertical\" data-hover-intent-timeout=\"300\" data-hover-intent-interval=\"100\"><li class=\"mega-menu-item mega-menu-item-type-post_type mega-menu-item-object-page mega-menu-item-has-children mega-align-bottom-left mega-menu-flyout mega-menu-item-17060 menu-item\" id=\"mega-menu-item-17060\"><a class=\"mega-menu-link\" href=\"https:\/\/taxadora.com\/non-resident-tax-modelo-210-spain\/\" aria-expanded=\"false\" aria-controls=\"mega-sub-menu-17060\"><i class=\"_mi _before dashicons dashicons-format-aside\" aria-hidden=\"true\"><\/i><span>Spanish taxes<\/span><span class=\"mega-indicator\" aria-hidden=\"true\"><\/span><\/a>\n<ul class=\"mega-sub-menu\" id='mega-sub-menu-17060'>\n<li class=\"mega-menu-item mega-menu-item-type-post_type mega-menu-item-object-page mega-menu-item-16539 menu-item\" id=\"mega-menu-item-16539\"><a class=\"mega-menu-link\" href=\"https:\/\/taxadora.com\/non-resident-tax-modelo-210-spain\/\"><i class=\"_mi _before dashicons dashicons-admin-home\" aria-hidden=\"true\"><\/i><span>Non resident Tax Modelo 210 Spain<\/span><\/a><\/li><li class=\"mega-menu-item mega-menu-item-type-post_type mega-menu-item-object-page mega-menu-item-17589 menu-item\" id=\"mega-menu-item-17589\"><a class=\"mega-menu-link\" href=\"https:\/\/taxadora.com\/rental-income-taxes-in-spain\/\"><i class=\"_mi _before dashicons dashicons-calendar-alt\" aria-hidden=\"true\"><\/i><span>Rental Income Taxes<\/span><\/a><\/li><li class=\"mega-menu-item mega-menu-item-type-post_type mega-menu-item-object-page mega-menu-item-17510 menu-item\" id=\"mega-menu-item-17510\"><a class=\"mega-menu-link\" href=\"https:\/\/taxadora.com\/capital-gains-taxes\/\"><i class=\"_mi _before dashicons dashicons-admin-multisite\" aria-hidden=\"true\"><\/i><span>Capital Gains Tax from sale of property<\/span><\/a><\/li><li class=\"mega-menu-item mega-menu-item-type-post_type mega-menu-item-object-page mega-has-icon mega-icon-left mega-menu-item-3466 menu-item\" id=\"mega-menu-item-3466\"><a class=\"dashicons-admin-users mega-menu-link\" href=\"https:\/\/taxadora.com\/taxes-for-residents-in-spain\/\"><i class=\"_mi _before dashicons dashicons-admin-users\" aria-hidden=\"true\" style=\"font-size:1em;\"><\/i><span>Income taxes for Residents<\/span><\/a><\/li><li class=\"mega-menu-item mega-menu-item-type-post_type mega-menu-item-object-page mega-has-icon mega-icon-left mega-menu-item-5331 menu-item\" id=\"mega-menu-item-5331\"><a class=\"dashicons-welcome-add-page mega-menu-link\" href=\"https:\/\/taxadora.com\/modelo-720-declaring-foreign-assets\/\"><i class=\"_mi _before dashicons dashicons-welcome-edit-page\" aria-hidden=\"true\" style=\"font-size:1em;\"><\/i><span>Declare foreign assets - Modelo 720<\/span><\/a><\/li><li class=\"mega-menu-item mega-menu-item-type-post_type mega-menu-item-object-page mega-menu-item-18697 menu-item\" id=\"mega-menu-item-18697\"><a class=\"mega-menu-link\" href=\"https:\/\/taxadora.com\/double-taxation\/\"><i class=\"_mi _before dashicons dashicons-update\" aria-hidden=\"true\"><\/i><span>Double taxation<\/span><\/a><\/li><li class=\"mega-menu-item mega-menu-item-type-post_type mega-menu-item-object-page mega-menu-item-17696 menu-item\" id=\"mega-menu-item-17696\"><a class=\"mega-menu-link\" href=\"https:\/\/taxadora.com\/taxes-for-businesses\/\"><i class=\"_mi _before dashicons dashicons-businessman\" aria-hidden=\"true\"><\/i><span>Accounting and taxes for Businesses<\/span><\/a><\/li><li class=\"mega-menu-item mega-menu-item-type-post_type mega-menu-item-object-page mega-menu-item-17497 menu-item\" id=\"mega-menu-item-17497\"><a class=\"mega-menu-link\" href=\"https:\/\/taxadora.com\/inheritance-and-donations\/\"><i class=\"_mi _before dashicons dashicons-money\" aria-hidden=\"true\"><\/i><span>Inheritance and donations<\/span><\/a><\/li><li class=\"mega-menu-item mega-menu-item-type-post_type mega-menu-item-object-page mega-menu-item-18381 menu-item\" id=\"mega-menu-item-18381\"><a class=\"mega-menu-link\" href=\"https:\/\/taxadora.com\/beckham-law-spain\/\"><i class=\"_mi _before dashicons dashicons-welcome-edit-page\" aria-hidden=\"true\"><\/i><span>Beckham Law Spain<\/span><\/a><\/li><li class=\"mega-menu-item mega-menu-item-type-post_type mega-menu-item-object-page mega-menu-item-18951 menu-item\" id=\"mega-menu-item-18951\"><a class=\"mega-menu-link\" href=\"https:\/\/taxadora.com\/wealth-tax-spain\/\"><i class=\"_mi _before dashicons dashicons-admin-multisite\" aria-hidden=\"true\"><\/i><span>Wealth Tax<\/span><\/a><\/li><\/ul>\n<\/li><li class=\"mega-menu-item mega-menu-item-type-custom mega-menu-item-object-custom mega-menu-item-has-children mega-align-bottom-left mega-menu-flyout mega-menu-item-16110 menu-item\" id=\"mega-menu-item-16110\"><a class=\"mega-menu-link\" href=\"#\" aria-expanded=\"false\" aria-controls=\"mega-sub-menu-16110\">How it works<span class=\"mega-indicator\" aria-hidden=\"true\"><\/span><\/a>\n<ul class=\"mega-sub-menu\" id='mega-sub-menu-16110'>\n<li class=\"mega-menu-item mega-menu-item-type-custom mega-menu-item-object-custom mega-has-icon mega-icon-left mega-menu-item-3522 menu-item\" id=\"mega-menu-item-3522\"><a class=\"dashicons-info mega-menu-link\" href=\"https:\/\/taxadora.com\/non-resident-tax-modelo-210-spain\/#howitworks\"><i class=\"_mi _before dashicons dashicons-info\" aria-hidden=\"true\" style=\"font-size:1em;\"><\/i><span>How does it work?<\/span><\/a><\/li><li class=\"mega-menu-item mega-menu-item-type-custom mega-menu-item-object-custom mega-has-icon mega-icon-left mega-menu-item-3528 menu-item\" id=\"mega-menu-item-3528\"><a target=\"_blank\" class=\"dashicons-format-chat mega-menu-link\" href=\"https:\/\/taxadora.com\/#generalqa\"><i class=\"_mi _before dashicons dashicons-format-chat\" aria-hidden=\"true\" style=\"font-size:1em;\"><\/i><span>Frequently asked questions<\/span><\/a><\/li><li class=\"mega-menu-item mega-menu-item-type-post_type mega-menu-item-object-post mega-has-icon mega-icon-left mega-menu-item-5335 menu-item\" id=\"mega-menu-item-5335\"><a class=\"dashicons-clipboard mega-menu-link\" href=\"https:\/\/taxadora.com\/blog\/what-is-valor-catastral-and-how-do-i-find-it\/\"><i class=\"_mi _before dashicons dashicons-list-view\" aria-hidden=\"true\" style=\"font-size:1em;\"><\/i><span>What is IBI? Valor Catastral?<\/span><\/a><\/li><li class=\"mega-menu-item mega-menu-item-type-post_type mega-menu-item-object-post mega-has-icon mega-icon-left mega-menu-item-5334 menu-item\" id=\"mega-menu-item-5334\"><a class=\"dashicons-store mega-menu-link\" href=\"https:\/\/taxadora.com\/blog\/modelo-210-explained\/\"><i class=\"_mi _before dashicons dashicons-store\" aria-hidden=\"true\" style=\"font-size:1em;\"><\/i><span>Modelo 210 Explained<\/span><\/a><\/li><li class=\"mega-menu-item mega-menu-item-type-post_type mega-menu-item-object-page mega-has-icon mega-icon-left mega-menu-item-5336 menu-item\" id=\"mega-menu-item-5336\"><a class=\"dashicons-tag mega-menu-link\" href=\"https:\/\/taxadora.com\/our-fees\/\"><i class=\"_mi _before dashicons dashicons-tag\" aria-hidden=\"true\" style=\"font-size:1em;\"><\/i><span>How much does it cost?<\/span><\/a><\/li><\/ul>\n<\/li><li class=\"mega-menu-item mega-menu-item-type-post_type mega-menu-item-object-page mega-menu-item-has-children mega-align-bottom-left mega-menu-flyout mega-has-icon mega-icon-left mega-menu-item-3471 menu-item\" id=\"mega-menu-item-3471\"><a class=\"dashicons-businessperson mega-menu-link\" href=\"https:\/\/taxadora.com\/who-are-we\/\" aria-expanded=\"false\" aria-controls=\"mega-sub-menu-3471\"><i class=\"_mi _before dashicons dashicons-info\" aria-hidden=\"true\" style=\"font-size:1em;\"><\/i><span>About Taxadora<\/span><span class=\"mega-indicator\" aria-hidden=\"true\"><\/span><\/a>\n<ul class=\"mega-sub-menu\" id='mega-sub-menu-3471'>\n<li class=\"mega-menu-item mega-menu-item-type-custom mega-menu-item-object-custom mega-menu-item-15955 menu-item\" id=\"mega-menu-item-15955\"><a class=\"mega-menu-link\" href=\"https:\/\/taxadora.com\/contact\/\"><i class=\"_mi _before dashicons dashicons-admin-comments\" aria-hidden=\"true\"><\/i><span>Contact<\/span><\/a><\/li><\/ul>\n<\/li><li class=\"mega-menu-item mega-wpml-ls-slot-27 mega-wpml-ls-item mega-wpml-ls-item-fr mega-wpml-ls-current-language mega-wpml-ls-menu-item mega-menu-item-type-wpml_ls_menu_item mega-menu-item-object-wpml_ls_menu_item mega-menu-item-has-children mega-menu-flyout mega-align-bottom-left mega-menu-flyout mega-menu-item-wpml-ls-27-fr menu-item\" id=\"mega-menu-item-wpml-ls-27-fr\"><a class=\"mega-menu-link\" href=\"https:\/\/taxadora.com\/fr\/\" aria-expanded=\"false\" aria-controls=\"mega-sub-menu-wpml-ls-27-fr\">\n                        <img decoding=\"async\"\n            class=\"wpml-ls-flag\"\n            src=\"https:\/\/taxadora.com\/wp-content\/plugins\/sitepress-multilingual-cms\/res\/flags\/fr.svg\"\n            alt=\"\"\n            loading=\"lazy\"\n            width=21\n            \n    \/><span class=\"wpml-ls-native\" lang=\"fr\">Fran\u00e7ais<\/span><span class=\"mega-indicator\" aria-hidden=\"true\"><\/span><\/a>\n<ul class=\"mega-sub-menu\" id='mega-sub-menu-wpml-ls-27-fr'>\n<li class=\"mega-menu-item mega-wpml-ls-slot-27 mega-wpml-ls-item mega-wpml-ls-item-nl mega-wpml-ls-menu-item mega-wpml-ls-first-item mega-menu-item-type-wpml_ls_menu_item mega-menu-item-object-wpml_ls_menu_item mega-menu-flyout mega-menu-item-wpml-ls-27-nl menu-item\" id=\"mega-menu-item-wpml-ls-27-nl\"><a title=\"Passer \u00e0 N\u00e9erlandais (Nederlands)\" class=\"mega-menu-link\" href=\"https:\/\/taxadora.com\/nl\/\">\n                        <img decoding=\"async\"\n            class=\"wpml-ls-flag\"\n            src=\"https:\/\/taxadora.com\/wp-content\/plugins\/sitepress-multilingual-cms\/res\/flags\/nl.svg\"\n            alt=\"\"\n            loading=\"lazy\"\n            width=21\n            \n    \/><span class=\"wpml-ls-native\" lang=\"nl\">Nederlands<\/span><span class=\"wpml-ls-display\"><span class=\"wpml-ls-bracket\"> (<\/span>N\u00e9erlandais<span class=\"wpml-ls-bracket\">)<\/span><\/span><\/a><\/li><li class=\"mega-menu-item mega-wpml-ls-slot-27 mega-wpml-ls-item mega-wpml-ls-item-en mega-wpml-ls-menu-item mega-menu-item-type-wpml_ls_menu_item mega-menu-item-object-wpml_ls_menu_item mega-menu-flyout mega-menu-item-wpml-ls-27-en menu-item\" id=\"mega-menu-item-wpml-ls-27-en\"><a title=\"Passer \u00e0 Anglais (English)\" class=\"mega-menu-link\" href=\"https:\/\/taxadora.com\/\">\n                        <img decoding=\"async\"\n            class=\"wpml-ls-flag\"\n            src=\"https:\/\/taxadora.com\/wp-content\/plugins\/sitepress-multilingual-cms\/res\/flags\/en.svg\"\n            alt=\"\"\n            loading=\"lazy\"\n            width=21\n            \n    \/><span class=\"wpml-ls-native\" lang=\"en\">English<\/span><span class=\"wpml-ls-display\"><span class=\"wpml-ls-bracket\"> (<\/span>Anglais<span class=\"wpml-ls-bracket\">)<\/span><\/span><\/a><\/li><li class=\"mega-menu-item mega-wpml-ls-slot-27 mega-wpml-ls-item mega-wpml-ls-item-de mega-wpml-ls-menu-item mega-menu-item-type-wpml_ls_menu_item mega-menu-item-object-wpml_ls_menu_item mega-menu-flyout mega-menu-item-wpml-ls-27-de menu-item\" id=\"mega-menu-item-wpml-ls-27-de\"><a title=\"Passer \u00e0 Allemand (Deutsch)\" class=\"mega-menu-link\" href=\"https:\/\/taxadora.com\/de\/\">\n                        <img decoding=\"async\"\n            class=\"wpml-ls-flag\"\n            src=\"https:\/\/taxadora.com\/wp-content\/plugins\/sitepress-multilingual-cms\/res\/flags\/de.svg\"\n            alt=\"\"\n            loading=\"lazy\"\n            width=21\n            \n    \/><span class=\"wpml-ls-native\" lang=\"de\">Deutsch<\/span><span class=\"wpml-ls-display\"><span class=\"wpml-ls-bracket\"> (<\/span>Allemand<span class=\"wpml-ls-bracket\">)<\/span><\/span><\/a><\/li><li class=\"mega-menu-item mega-wpml-ls-slot-27 mega-wpml-ls-item mega-wpml-ls-item-sv mega-wpml-ls-menu-item mega-menu-item-type-wpml_ls_menu_item mega-menu-item-object-wpml_ls_menu_item mega-menu-flyout mega-menu-item-wpml-ls-27-sv menu-item\" id=\"mega-menu-item-wpml-ls-27-sv\"><a title=\"Passer \u00e0 Su\u00e9dois (Svenska)\" class=\"mega-menu-link\" href=\"https:\/\/taxadora.com\/sv\/\">\n                        <img decoding=\"async\"\n            class=\"wpml-ls-flag\"\n            src=\"https:\/\/taxadora.com\/wp-content\/plugins\/sitepress-multilingual-cms\/res\/flags\/sv.svg\"\n            alt=\"\"\n            loading=\"lazy\"\n            width=21\n            \n    \/><span class=\"wpml-ls-native\" lang=\"sv\">Svenska<\/span><span class=\"wpml-ls-display\"><span class=\"wpml-ls-bracket\"> (<\/span>Su\u00e9dois<span class=\"wpml-ls-bracket\">)<\/span><\/span><\/a><\/li><li class=\"mega-menu-item mega-wpml-ls-slot-27 mega-wpml-ls-item mega-wpml-ls-item-fi mega-wpml-ls-menu-item mega-menu-item-type-wpml_ls_menu_item mega-menu-item-object-wpml_ls_menu_item mega-menu-flyout mega-menu-item-wpml-ls-27-fi menu-item\" id=\"mega-menu-item-wpml-ls-27-fi\"><a title=\"Passer \u00e0 Finnois (Suomi)\" class=\"mega-menu-link\" href=\"https:\/\/taxadora.com\/fi\/\">\n                        <img decoding=\"async\"\n            class=\"wpml-ls-flag\"\n            src=\"https:\/\/taxadora.com\/wp-content\/plugins\/sitepress-multilingual-cms\/res\/flags\/fi.svg\"\n            alt=\"\"\n            loading=\"lazy\"\n            width=21\n            \n    \/><span class=\"wpml-ls-native\" lang=\"fi\">Suomi<\/span><span class=\"wpml-ls-display\"><span class=\"wpml-ls-bracket\"> (<\/span>Finnois<span class=\"wpml-ls-bracket\">)<\/span><\/span><\/a><\/li><li class=\"mega-menu-item mega-wpml-ls-slot-27 mega-wpml-ls-item mega-wpml-ls-item-pl mega-wpml-ls-menu-item mega-wpml-ls-last-item mega-menu-item-type-wpml_ls_menu_item mega-menu-item-object-wpml_ls_menu_item mega-menu-flyout mega-menu-item-wpml-ls-27-pl menu-item\" id=\"mega-menu-item-wpml-ls-27-pl\"><a title=\"Passer \u00e0 Polonais (Polski)\" class=\"mega-menu-link\" href=\"https:\/\/taxadora.com\/pl\/\">\n                        <img decoding=\"async\"\n            class=\"wpml-ls-flag\"\n            src=\"https:\/\/taxadora.com\/wp-content\/plugins\/sitepress-multilingual-cms\/res\/flags\/pl.svg\"\n            alt=\"\"\n            loading=\"lazy\"\n            width=21\n            \n    \/><span class=\"wpml-ls-native\" lang=\"pl\">Polski<\/span><span class=\"wpml-ls-display\"><span class=\"wpml-ls-bracket\"> (<\/span>Polonais<span class=\"wpml-ls-bracket\">)<\/span><\/span><\/a><\/li><\/ul>\n<\/li><\/ul><\/div>\t\t\t\t<\/div>\n\t\t\t\t<\/div>\n\t\t\t\t\t<\/div>\n\t\t<\/div>\n\t\t\t\t\t<\/div>\n\t\t<\/section>\n\t\t\t\t<div class=\"elementor-section elementor-top-section elementor-element elementor-element-3371f75f elementor-section-boxed elementor-section-height-default elementor-section-height-default\" data-id=\"3371f75f\" data-element_type=\"section\" data-e-type=\"section\" data-settings=\"{&quot;background_background&quot;:&quot;classic&quot;}\">\n\t\t\t\t\t\t\t<div class=\"elementor-background-overlay\"><\/div>\n\t\t\t\t\t\t\t<div class=\"elementor-container elementor-column-gap-default\">\n\t\t\t\t\t<div class=\"elementor-column elementor-col-100 elementor-top-column elementor-element elementor-element-34f2e67\" data-id=\"34f2e67\" data-element_type=\"column\" data-e-type=\"column\">\n\t\t\t<div class=\"elementor-widget-wrap elementor-element-populated\">\n\t\t\t\t\t\t<div class=\"elementor-element elementor-element-5e7f75ad elementor-widget elementor-widget-heading\" data-id=\"5e7f75ad\" data-element_type=\"widget\" data-e-type=\"widget\" data-widget_type=\"heading.default\">\n\t\t\t\t<div class=\"elementor-widget-container\">\n\t\t\t\t\t<h2 class=\"elementor-heading-title elementor-size-default\">Investor, media, looking for a partnership or job?<\/h2>\t\t\t\t<\/div>\n\t\t\t\t<\/div>\n\t\t\t\t\t<\/div>\n\t\t<\/div>\n\t\t\t\t\t<\/div>\n\t\t<\/div>\n\t\t\t\t<section class=\"elementor-section elementor-top-section elementor-element elementor-element-22fe7116 elementor-section-boxed elementor-section-height-default elementor-section-height-default\" data-id=\"22fe7116\" data-element_type=\"section\" data-e-type=\"section\" data-settings=\"{&quot;background_background&quot;:&quot;classic&quot;}\">\n\t\t\t\t\t\t<div class=\"elementor-container elementor-column-gap-default\">\n\t\t\t\t\t<div class=\"elementor-column elementor-col-100 elementor-top-column elementor-element elementor-element-7822617e\" data-id=\"7822617e\" data-element_type=\"column\" data-e-type=\"column\">\n\t\t\t<div class=\"elementor-widget-wrap elementor-element-populated\">\n\t\t\t\t\t\t<div class=\"elementor-element elementor-element-30ce0755 elementor-widget elementor-widget-text-editor\" data-id=\"30ce0755\" data-element_type=\"widget\" data-e-type=\"widget\" data-widget_type=\"text-editor.default\">\n\t\t\t\t<div class=\"elementor-widget-container\">\n\t\t\t\t\t\t\t\t\t<h3>Investisseur?<\/h3><p>Pour le moment, nous ne cherchons pas de financement, mais nous appr\u00e9cions l&rsquo;int\u00e9r\u00eat. Veuillez nous contacter si vous \u00eates int\u00e9ress\u00e9 par une entreprise Taxtech en phase de croissance.<\/p><p>info@taxadora.com\u00a0<\/p><p>+34 611629 317 <strong>(anglais)<\/strong><\/p><p>\u00a0<\/p><h3>M\u00e9dias?<\/h3><p>\u00cates-vous un journaliste, un pigiste, un blogueur, un podder ou un influenceur et souhaitez-vous en savoir plus sur nous ? Veuillez envoyer un e-mail \u00e0 info@taxadora.com ou appelez-nous au +34 611 629 317 <strong>(anglais)<\/strong> pour nous contacter.<\/p><p>\u00a0<\/p><h3>\u00c0 la recherche d&rsquo;un emploi?<\/h3><p>Vous \u00eates \u00e0 la recherche d&rsquo;un emploi et aimez les imp\u00f4ts et la technologie?<\/p><p>Nous embauchons \u00e0 temps partiel ou \u00e0 temps plein au sein de<\/p><p>&#8211; Support client et administration &#8211; les langues sont un plus (allemand, fran\u00e7ais, n\u00e9erlandais, nordique ou espagnol).<\/p><p>&#8211; Marketing digital, SEO, Google Ads, Facebook ads, Contenu et d\u00e9veloppeurs.<\/p><p>Si vous \u00eates int\u00e9ress\u00e9 \u00e0 travailler dans une start-up technologique \u00e0 croissance rapide, veuillez nous envoyer votre CV et une lettre personnelle nous parlant un peu de vous \u00e0 info@taxadora.com.<\/p><p>Vous travaillez avec une entreprise et souhaitez coop\u00e9rer avec nous ?<br \/>Voulez-vous travailler avec nous?. Nous sommes heureux de travailler avec d&rsquo;autres pour offrir \u00e0 nos clients de bonnes solutions \u00e0 leurs probl\u00e8mes concernant la vie en Espagne. Nous travaillons \u00e0 la fois avec des agents immobiliers, des cabinets d&rsquo;avocats et d&rsquo;autres fournisseurs. Ce que nous demandons, c&rsquo;est que vous offriez un service de haute qualit\u00e9 avec des clients satisfaits.<\/p>\t\t\t\t\t\t\t\t<\/div>\n\t\t\t\t<\/div>\n\t\t\t\t\t<\/div>\n\t\t<\/div>\n\t\t\t\t\t<\/div>\n\t\t<\/section>\n\t\t\t\t<section class=\"elementor-section elementor-top-section elementor-element elementor-element-f09508d elementor-hidden-desktop elementor-hidden-tablet elementor-hidden-phone elementor-section-boxed elementor-section-height-default elementor-section-height-default\" data-id=\"f09508d\" data-element_type=\"section\" data-e-type=\"section\">\n\t\t\t\t\t\t<div class=\"elementor-container elementor-column-gap-default\">\n\t\t\t\t\t<div class=\"elementor-column elementor-col-100 elementor-top-column elementor-element elementor-element-3be61f1f\" data-id=\"3be61f1f\" data-element_type=\"column\" data-e-type=\"column\">\n\t\t\t<div class=\"elementor-widget-wrap elementor-element-populated\">\n\t\t\t\t\t\t<div class=\"elementor-element elementor-element-2347d829 elementor-widget elementor-widget-html\" data-id=\"2347d829\" data-element_type=\"widget\" data-e-type=\"widget\" data-widget_type=\"html.default\">\n\t\t\t\t<div class=\"elementor-widget-container\">\n\t\t\t\t\t<!-- Global site tag (gtag.js) - Google Analytics -->\r\n<script async src=\"https:\/\/www.googletagmanager.com\/gtag\/js?id=UA-143577333-3\"><\/script>\r\n<script>\r\n  window.dataLayer = window.dataLayer || [];\r\n  function gtag(){dataLayer.push(arguments);}\r\n  gtag('js', new Date());\r\n\r\n  gtag('config', 'UA-143577333-3');\r\n<\/script>\r\n\t\t\t\t<\/div>\n\t\t\t\t<\/div>\n\t\t\t\t\t<\/div>\n\t\t<\/div>\n\t\t\t\t\t<\/div>\n\t\t<\/section>\n\t\t\t\t<\/div>\n\t\t","protected":false},"excerpt":{"rendered":"<p>Investor, media, looking for a partnership or job? Investisseur? Pour le moment, nous ne cherchons pas de financement, mais nous appr\u00e9cions l&rsquo;int\u00e9r\u00eat. Veuillez nous contacter si vous \u00eates int\u00e9ress\u00e9 par une entreprise Taxtech en phase de croissance. info@taxadora.com\u00a0 +34 611629 317 (anglais) \u00a0 M\u00e9dias? \u00cates-vous un journaliste, un pigiste, un blogueur, un podder ou un [&hellip;]<\/p>\n","protected":false},"author":1,"featured_media":0,"parent":0,"menu_order":0,"comment_status":"closed","ping_status":"closed","template":"elementor_header_footer","meta":{"footnotes":""},"class_list":["post-12125","page","type-page","status-publish","hentry"],"_links":{"self":[{"href":"https:\/\/taxadora.com\/fr\/wp-json\/wp\/v2\/pages\/12125","targetHints":{"allow":["GET"]}}],"collection":[{"href":"https:\/\/taxadora.com\/fr\/wp-json\/wp\/v2\/pages"}],"about":[{"href":"https:\/\/taxadora.com\/fr\/wp-json\/wp\/v2\/types\/page"}],"author":[{"embeddable":true,"href":"https:\/\/taxadora.com\/fr\/wp-json\/wp\/v2\/users\/1"}],"replies":[{"embeddable":true,"href":"https:\/\/taxadora.com\/fr\/wp-json\/wp\/v2\/comments?post=12125"}],"version-history":[{"count":4,"href":"https:\/\/taxadora.com\/fr\/wp-json\/wp\/v2\/pages\/12125\/revisions"}],"predecessor-version":[{"id":12129,"href":"https:\/\/taxadora.com\/fr\/wp-json\/wp\/v2\/pages\/12125\/revisions\/12129"}],"wp:attachment":[{"href":"https:\/\/taxadora.com\/fr\/wp-json\/wp\/v2\/media?parent=12125"}],"curies":[{"name":"wp","href":"https:\/\/api.w.org\/{rel}","templated":true}]}}