{"id":12059,"date":"2020-02-10T18:04:18","date_gmt":"2020-02-10T17:04:18","guid":{"rendered":"https:\/\/taxadora.com\/?page_id=12059"},"modified":"2026-03-19T13:00:43","modified_gmt":"2026-03-19T12:00:43","slug":"a-combien-selevent-vos-honoraires","status":"publish","type":"page","link":"https:\/\/taxadora.com\/fr\/a-combien-selevent-vos-honoraires\/","title":{"rendered":"A combien s&rsquo;\u00e9l\u00e8vent vos honoraires ?"},"content":{"rendered":"\t\t<div data-elementor-type=\"wp-page\" data-elementor-id=\"12059\" class=\"elementor elementor-12059 elementor-3410\" data-elementor-post-type=\"page\">\n\t\t\t\t\t\t<div class=\"elementor-section elementor-top-section elementor-element elementor-element-2fd43a6 elementor-section-boxed elementor-section-height-default elementor-section-height-default\" data-id=\"2fd43a6\" data-element_type=\"section\" data-e-type=\"section\" data-settings=\"{&quot;background_background&quot;:&quot;classic&quot;}\">\n\t\t\t\t\t\t\t<div class=\"elementor-background-overlay\"><\/div>\n\t\t\t\t\t\t\t<div class=\"elementor-container elementor-column-gap-default\">\n\t\t\t\t\t<div class=\"elementor-column elementor-col-100 elementor-top-column elementor-element elementor-element-546799f\" data-id=\"546799f\" data-element_type=\"column\" data-e-type=\"column\">\n\t\t\t<div class=\"elementor-widget-wrap elementor-element-populated\">\n\t\t\t\t\t\t<div class=\"elementor-element elementor-element-eb2ef72 elementor-widget elementor-widget-heading\" data-id=\"eb2ef72\" data-element_type=\"widget\" data-e-type=\"widget\" data-widget_type=\"heading.default\">\n\t\t\t\t<div class=\"elementor-widget-container\">\n\t\t\t\t\t<h2 class=\"elementor-heading-title elementor-size-default\">Que facturons-nous ?<\/h2>\t\t\t\t<\/div>\n\t\t\t\t<\/div>\n\t\t\t\t\t<\/div>\n\t\t<\/div>\n\t\t\t\t\t<\/div>\n\t\t<\/div>\n\t\t\t\t<section class=\"elementor-section elementor-top-section elementor-element elementor-element-426fd9f elementor-section-boxed elementor-section-height-default elementor-section-height-default\" data-id=\"426fd9f\" data-element_type=\"section\" data-e-type=\"section\" data-settings=\"{&quot;background_background&quot;:&quot;classic&quot;}\">\n\t\t\t\t\t\t<div class=\"elementor-container elementor-column-gap-default\">\n\t\t\t\t\t<div class=\"elementor-column elementor-col-100 elementor-top-column elementor-element elementor-element-b9404bd\" data-id=\"b9404bd\" data-element_type=\"column\" data-e-type=\"column\">\n\t\t\t<div class=\"elementor-widget-wrap elementor-element-populated\">\n\t\t\t\t\t\t<div class=\"elementor-element elementor-element-0b6eae1 elementor-widget elementor-widget-text-editor\" data-id=\"0b6eae1\" data-element_type=\"widget\" data-e-type=\"widget\" data-widget_type=\"text-editor.default\">\n\t\t\t\t<div class=\"elementor-widget-container\">\n\t\t\t\t\t\t\t\t\t<h5>Combien cela co\u00fbte-t-il d&rsquo;obtenir notre aide?<\/h5>\n<p>Nous voulons qu&rsquo;il soit facile de d\u00e9clarer vos imp\u00f4ts espagnols mais aussi abordable.<\/p>\n<p>Nous voulons qu&rsquo;il soit facile de g\u00e9rer vos imp\u00f4ts espagnols, mais aussi qu&rsquo;ils soient abordables. Nous ne voulons pas que des frais surprenants surviennent par la suite, et vous devez savoir imm\u00e9diatement ce qu&rsquo;il en co\u00fbte pour obtenir de l&rsquo;aide. C&rsquo;est pourquoi nous choisissons le paiement par carte et n&rsquo;envoyons pas par ex. une facture apr\u00e8s la r\u00e9alisation de la prestation.<\/p>\n<p>Nous pensons que nos prix sont comp\u00e9titifs et sommes heureux de partager vos commentaires sur les prix.<\/p>\n<h5>D\u00e9claration annuelle pour les propri\u00e9taires en tant que non-r\u00e9sidents<\/h5>\n<p><strong>Par propri\u00e9t\u00e9\/an.<\/strong><\/p>\n<p>Un propri\u00e9taire 34,95 euros plus TVA (42,29 \u20ac TVA incluse).<\/p>\n<p>Deux propri\u00e9taires&nbsp;49&nbsp;euro plus TVA&nbsp;(59,29&nbsp;\u20ac TVA incluse).<\/p>\n<p>Trois propri\u00e9taires&nbsp;75&nbsp;euros plus TVA&nbsp;(90,75 \u20ac TVA incluse).<\/p>\n<p>Quatre propri\u00e9taires, 99&nbsp;euros HT&nbsp;(119,79&nbsp;\u20ac TTC).<\/p>\n<p><br><\/p>\n<p><b>D\u00e9claration des revenus locatifs<\/b><\/p>\n<p><span style=\"font-size: 1rem;\">Les revenus locatifs \u00e0 partir de 2024 doivent \u00eatre d\u00e9clar\u00e9s annuellement par propri\u00e9taire. Nos honoraires s&rsquo;\u00e9l\u00e8vent \u00e0 98 \u20ac HT par d\u00e9claration.<\/span><\/p>\n<p><span style=\"font-size: 1rem;\">Les revenus locatifs per\u00e7us en 2023 et avant doivent \u00eatre d\u00e9clar\u00e9s trimestriellement.<\/span><\/p>\n<p><span style=\"font-size: 1rem;\">D\u00e9claration trimestrielle \u00e0 partir de 49 \u20ac par personne et par bien, plus 21 % de TVA (59,29 \u20ac TTC).<\/span><\/p>\n<p><span style=\"font-size: 1rem;\">Nous n&rsquo;appliquons pas de r\u00e9duction pour les biens multiples ou les propri\u00e9taires multiples concernant l&rsquo;imp\u00f4t sur les revenus locatifs<\/span><\/p>\n<p><br><\/p>\n<p>&nbsp;<span style=\"color: inherit; font-family: inherit; font-size: 1.25rem;\">Taxes pour les r\u00e9sidents<\/span><\/p>\n<p>Notre tarif de base pour les r\u00e9sidents est de 123 euros plus IVA par personne. Si vous \u00eates un couple, nous proposons des tarifs r\u00e9duits en fonction de votre situation.<\/p>\n<h5>Pourquoi n&rsquo;est-ce pas moins cher ?<\/h5>\n<p>Parfois, nous avons des clients qui nous envoient une d\u00e9claration de revenus presque termin\u00e9e par e-mail et veulent que nous l&rsquo;envoyions simplement. Parfois, ces informations peuvent nous aider, mais g\u00e9n\u00e9ralement c&rsquo;est toujours le m\u00eame travail qui doit \u00eatre fait, diff\u00e9rents contr\u00f4les doivent \u00eatre effectu\u00e9s. \u00eatre fait pour s&rsquo;assurer que les donn\u00e9es et les calculs sont exacts.<\/p>\n<h5>Pourquoi est-ce si bon march\u00e9 ?<\/h5>\n<p>Nous recevons souvent des questions de la part des clients sur la fa\u00e7on dont cela peut \u00eatre si bon march\u00e9&nbsp;? Ils ont d\u00e9j\u00e0 pay\u00e9 jusqu&rsquo;\u00e0 100 \u00e0 300 euros pour une d\u00e9claration de revenus \u00e0 leur cabinet d&rsquo;avocats.<\/p>\n<p>Si nous sommes si comp\u00e9titifs, c&rsquo;est simplement parce que nous nous concentrons sur la fiscalit\u00e9. Pour de nombreux cabinets d&rsquo;avocats, leur objectif principal est l&rsquo;achat \/ la vente de biens et d&rsquo;autres services juridiques, ce qui signifie que leur traitement des imp\u00f4ts n&rsquo;est pas toujours aussi efficace. Ils sont bons en droit, nous sommes bons en fiscalit\u00e9.<\/p>\n<p>Nous d\u00e9veloppons \u00e9galement en permanence une technologie qui nous aide \u00e0 d\u00e9clarer aussi efficacement que possible.<\/p>\n<p>Que voulez-vous dire lorsque vous pr\u00e9cisez que le prix se r\u00e9f\u00e8re \u00e0 \u00ab\u00a0\u00e0 partir de x euro\u00a0\u00bb&nbsp;?<br>Lorsque nous \u00e9crivons \u00aboff\u00bb sur la premi\u00e8re page, c&rsquo;est simplement parce qu&rsquo;il fait r\u00e9f\u00e9rence \u00e0 une personne et \u00e0 une d\u00e9claration. \u00cates-vous plusieurs personnes avec plusieurs d\u00e9clarations, par exemple plusieurs propri\u00e9t\u00e9s qui doivent \u00eatre d\u00e9clar\u00e9es ou plusieurs membres de la famille propri\u00e9taires d&rsquo;une propri\u00e9t\u00e9 peuvent souvent b\u00e9n\u00e9ficier d&rsquo;une \u00ab&nbsp;r\u00e9duction de quantit\u00e9&nbsp;\u00bb, ce qui signifie que les prix sont en fait inf\u00e9rieurs \u00e0 \u00ab&nbsp;\u00e0 partir du prix&nbsp;\u00bb par d\u00e9claration.<\/p>\n<h5>La TVA est-elle incluse ?<\/h5>\n<p>Nous choisissons d&rsquo;afficher nos prix TTC et hors TVA. Il doit toujours \u00eatre clair que la TVA est ajout\u00e9e l\u00e0 o\u00f9 elle n&rsquo;est pas indiqu\u00e9e en premier. Le fait que nous affichions des prix sans TVA est simplement d\u00fb au fait qu&rsquo;il s&rsquo;agit d&rsquo;une mani\u00e8re plus courante d&rsquo;afficher les prix des services en Espagne et que nombre de nos concurrents &#8211; des cabinets d&rsquo;avocats espagnols &#8211; affichent leurs prix sans TVA. Nous voulons que ce soit facile \u00e0 comparer.<\/p>\n<p>Cliquez sur les images ci-dessus pour savoir ce qu&rsquo;il en co\u00fbte exactement pour ce dont vous avez besoin d&rsquo;aide.<\/p>\t\t\t\t\t\t\t\t<\/div>\n\t\t\t\t<\/div>\n\t\t\t\t\t<\/div>\n\t\t<\/div>\n\t\t\t\t\t<\/div>\n\t\t<\/section>\n\t\t\t\t<div class=\"elementor-section elementor-top-section elementor-element elementor-element-10428f4 elementor-section-boxed elementor-section-height-default elementor-section-height-default\" data-id=\"10428f4\" data-element_type=\"section\" data-e-type=\"section\" data-settings=\"{&quot;background_background&quot;:&quot;classic&quot;}\">\n\t\t\t\t\t\t<div class=\"elementor-container elementor-column-gap-default\">\n\t\t\t\t\t<div class=\"elementor-column elementor-col-100 elementor-top-column elementor-element elementor-element-2dfee06\" data-id=\"2dfee06\" data-element_type=\"column\" data-e-type=\"column\">\n\t\t\t<div class=\"elementor-widget-wrap elementor-element-populated\">\n\t\t\t\t\t\t<div class=\"elementor-element elementor-element-de4d6dc elementor-button-danger elementor-align-center elementor-widget elementor-widget-button\" data-id=\"de4d6dc\" data-element_type=\"widget\" data-e-type=\"widget\" data-widget_type=\"button.default\">\n\t\t\t\t<div class=\"elementor-widget-container\">\n\t\t\t\t\t\t\t\t\t<div class=\"elementor-button-wrapper\">\n\t\t\t\t\t<a class=\"elementor-button elementor-button-link elementor-size-xl elementor-animation-shrink\" href=\"https:\/\/taxadora.com\/fr\/\">\n\t\t\t\t\t\t<span class=\"elementor-button-content-wrapper\">\n\t\t\t\t\t\t<span class=\"elementor-button-icon\">\n\t\t\t\t<svg aria-hidden=\"true\" class=\"e-font-icon-svg e-fas-calculator\" viewBox=\"0 0 448 512\" xmlns=\"http:\/\/www.w3.org\/2000\/svg\"><path d=\"M400 0H48C22.4 0 0 22.4 0 48v416c0 25.6 22.4 48 48 48h352c25.6 0 48-22.4 48-48V48c0-25.6-22.4-48-48-48zM128 435.2c0 6.4-6.4 12.8-12.8 12.8H76.8c-6.4 0-12.8-6.4-12.8-12.8v-38.4c0-6.4 6.4-12.8 12.8-12.8h38.4c6.4 0 12.8 6.4 12.8 12.8v38.4zm0-128c0 6.4-6.4 12.8-12.8 12.8H76.8c-6.4 0-12.8-6.4-12.8-12.8v-38.4c0-6.4 6.4-12.8 12.8-12.8h38.4c6.4 0 12.8 6.4 12.8 12.8v38.4zm128 128c0 6.4-6.4 12.8-12.8 12.8h-38.4c-6.4 0-12.8-6.4-12.8-12.8v-38.4c0-6.4 6.4-12.8 12.8-12.8h38.4c6.4 0 12.8 6.4 12.8 12.8v38.4zm0-128c0 6.4-6.4 12.8-12.8 12.8h-38.4c-6.4 0-12.8-6.4-12.8-12.8v-38.4c0-6.4 6.4-12.8 12.8-12.8h38.4c6.4 0 12.8 6.4 12.8 12.8v38.4zm128 128c0 6.4-6.4 12.8-12.8 12.8h-38.4c-6.4 0-12.8-6.4-12.8-12.8V268.8c0-6.4 6.4-12.8 12.8-12.8h38.4c6.4 0 12.8 6.4 12.8 12.8v166.4zm0-256c0 6.4-6.4 12.8-12.8 12.8H76.8c-6.4 0-12.8-6.4-12.8-12.8V76.8C64 70.4 70.4 64 76.8 64h294.4c6.4 0 12.8 6.4 12.8 12.8v102.4z\"><\/path><\/svg>\t\t\t<\/span>\n\t\t\t\t\t\t\t\t\t<span class=\"elementor-button-text\">Quels imp\u00f4ts dois-je payer ?<\/span>\n\t\t\t\t\t<\/span>\n\t\t\t\t\t<\/a>\n\t\t\t\t<\/div>\n\t\t\t\t\t\t\t\t<\/div>\n\t\t\t\t<\/div>\n\t\t\t\t\t<\/div>\n\t\t<\/div>\n\t\t\t\t\t<\/div>\n\t\t<\/div>\n\t\t\t\t<\/div>\n\t\t","protected":false},"excerpt":{"rendered":"<p>Que facturons-nous ? Combien cela co\u00fbte-t-il d&rsquo;obtenir notre aide? Nous voulons qu&rsquo;il soit facile de d\u00e9clarer vos imp\u00f4ts espagnols mais aussi abordable. Nous voulons qu&rsquo;il soit facile de g\u00e9rer vos imp\u00f4ts espagnols, mais aussi qu&rsquo;ils soient abordables. Nous ne voulons pas que des frais surprenants surviennent par la suite, et vous devez savoir imm\u00e9diatement ce [&hellip;]<\/p>\n","protected":false},"author":1,"featured_media":0,"parent":0,"menu_order":0,"comment_status":"closed","ping_status":"closed","template":"elementor_header_footer","meta":{"footnotes":""},"class_list":["post-12059","page","type-page","status-publish","hentry"],"_links":{"self":[{"href":"https:\/\/taxadora.com\/fr\/wp-json\/wp\/v2\/pages\/12059","targetHints":{"allow":["GET"]}}],"collection":[{"href":"https:\/\/taxadora.com\/fr\/wp-json\/wp\/v2\/pages"}],"about":[{"href":"https:\/\/taxadora.com\/fr\/wp-json\/wp\/v2\/types\/page"}],"author":[{"embeddable":true,"href":"https:\/\/taxadora.com\/fr\/wp-json\/wp\/v2\/users\/1"}],"replies":[{"embeddable":true,"href":"https:\/\/taxadora.com\/fr\/wp-json\/wp\/v2\/comments?post=12059"}],"version-history":[{"count":28,"href":"https:\/\/taxadora.com\/fr\/wp-json\/wp\/v2\/pages\/12059\/revisions"}],"predecessor-version":[{"id":20015,"href":"https:\/\/taxadora.com\/fr\/wp-json\/wp\/v2\/pages\/12059\/revisions\/20015"}],"wp:attachment":[{"href":"https:\/\/taxadora.com\/fr\/wp-json\/wp\/v2\/media?parent=12059"}],"curies":[{"name":"wp","href":"https:\/\/api.w.org\/{rel}","templated":true}]}}