{"id":18523,"date":"2025-10-16T11:38:23","date_gmt":"2025-10-16T09:38:23","guid":{"rendered":"https:\/\/taxadora.com\/perinto-ja-lahjoitusverot-espanjassa\/"},"modified":"2025-12-13T19:12:43","modified_gmt":"2025-12-13T18:12:43","slug":"perinto-ja-lahjoitusverot-espanjassa","status":"publish","type":"page","link":"https:\/\/taxadora.com\/fi\/perinto-ja-lahjoitusverot-espanjassa\/","title":{"rendered":"Perint\u00f6- ja lahjoitusverot Espanjassa"},"content":{"rendered":"\t\t<div data-elementor-type=\"wp-page\" data-elementor-id=\"18523\" class=\"elementor elementor-18523 elementor-17233\" data-elementor-post-type=\"page\">\n\t\t\t\t<div class=\"elementor-element elementor-element-1c9d0ba e-flex e-con-boxed e-con e-parent\" data-id=\"1c9d0ba\" data-element_type=\"container\" data-e-type=\"container\">\n\t\t\t\t\t<div class=\"e-con-inner\">\n\t\t<div class=\"elementor-element elementor-element-76e06a9e e-con-full e-flex e-con e-child\" data-id=\"76e06a9e\" data-element_type=\"container\" data-e-type=\"container\">\n\t\t<div class=\"elementor-element elementor-element-4a7d9662 e-con-full e-flex e-con e-child\" data-id=\"4a7d9662\" data-element_type=\"container\" data-e-type=\"container\" data-settings=\"{&quot;background_background&quot;:&quot;classic&quot;,&quot;position&quot;:&quot;absolute&quot;}\">\n\t\t\t\t<div class=\"elementor-element elementor-element-5c0a2e83 elementor-widget elementor-widget-heading\" data-id=\"5c0a2e83\" data-element_type=\"widget\" data-e-type=\"widget\" data-widget_type=\"heading.default\">\n\t\t\t\t<div class=\"elementor-widget-container\">\n\t\t\t\t\t<div class=\"elementor-heading-title elementor-size-xxl\">Espanjan veroviraston yhteisty\u00f6kumppani<\/div>\t\t\t\t<\/div>\n\t\t\t\t<\/div>\n\t\t\t\t<div class=\"elementor-element elementor-element-7d1eea9a elementor-widget elementor-widget-image\" data-id=\"7d1eea9a\" data-element_type=\"widget\" data-e-type=\"widget\" data-widget_type=\"image.default\">\n\t\t\t\t<div class=\"elementor-widget-container\">\n\t\t\t\t\t\t\t\t\t\t\t\t\t\t\t<img fetchpriority=\"high\" decoding=\"async\" width=\"500\" height=\"500\" src=\"https:\/\/taxadora.com\/wp-content\/uploads\/2024\/10\/taxadora-tax-office-collaborator-1.png\" class=\"attachment-full size-full wp-image-18501\" alt=\"\" srcset=\"https:\/\/taxadora.com\/wp-content\/uploads\/2024\/10\/taxadora-tax-office-collaborator-1.png 500w, https:\/\/taxadora.com\/wp-content\/uploads\/2024\/10\/taxadora-tax-office-collaborator-1-300x300.png 300w, https:\/\/taxadora.com\/wp-content\/uploads\/2024\/10\/taxadora-tax-office-collaborator-1-150x150.png 150w\" sizes=\"(max-width: 500px) 100vw, 500px\">\t\t\t\t\t\t\t\t\t\t\t\t\t\t\t<\/div>\n\t\t\t\t<\/div>\n\t\t\t\t<div class=\"elementor-element elementor-element-1e63a71 elementor-widget elementor-widget-heading\" data-id=\"1e63a71\" data-element_type=\"widget\" data-e-type=\"widget\" data-widget_type=\"heading.default\">\n\t\t\t\t<div class=\"elementor-widget-container\">\n\t\t\t\t\t<h2 class=\"elementor-heading-title elementor-size-default\">Agencia sivujoki<\/h2>\t\t\t\t<\/div>\n\t\t\t\t<\/div>\n\t\t\t\t<\/div>\n\t\t\t\t<div class=\"elementor-element elementor-element-10a21a46 elementor-widget elementor-widget-image\" data-id=\"10a21a46\" data-element_type=\"widget\" data-e-type=\"widget\" data-widget_type=\"image.default\">\n\t\t\t\t<div class=\"elementor-widget-container\">\n\t\t\t\t\t\t\t\t\t\t\t\t\t\t\t<img decoding=\"async\" src=\"https:\/\/taxadora.com\/wp-content\/uploads\/2025\/10\/rental-income-taxes-spain-taxes-taxadora.webp\" title=\"\" alt=\"rental income taxes spain online\" loading=\"lazy\" \/>\t\t\t\t\t\t\t\t\t\t\t\t\t\t\t<\/div>\n\t\t\t\t<\/div>\n\t\t\t\t<\/div>\n\t\t<div class=\"elementor-element elementor-element-17f27075 e-con-full e-flex e-con e-child\" data-id=\"17f27075\" data-element_type=\"container\" data-e-type=\"container\">\n\t\t\t\t<div class=\"elementor-element elementor-element-44256678 elementor-widget elementor-widget-heading\" data-id=\"44256678\" data-element_type=\"widget\" data-e-type=\"widget\" data-widget_type=\"heading.default\">\n\t\t\t\t<div class=\"elementor-widget-container\">\n\t\t\t\t\t<h1 class=\"elementor-heading-title elementor-size-xxl\">Perint\u00f6 ja lahjoitukset Espanjassa<\/h1>\t\t\t\t<\/div>\n\t\t\t\t<\/div>\n\t\t\t\t<div class=\"elementor-element elementor-element-68aaf1cd elementor-widget elementor-widget-heading\" data-id=\"68aaf1cd\" data-element_type=\"widget\" data-e-type=\"widget\" data-widget_type=\"heading.default\">\n\t\t\t\t<div class=\"elementor-widget-container\">\n\t\t\t\t\t<h2 class=\"elementor-heading-title elementor-size-xxl\">Perint\u00f6- ja lahjoitusverot Espanjassa<\/h2>\t\t\t\t<\/div>\n\t\t\t\t<\/div>\n\t\t\t\t<div class=\"elementor-element elementor-element-b237a10 elementor-widget elementor-widget-heading\" data-id=\"b237a10\" data-element_type=\"widget\" data-e-type=\"widget\" data-widget_type=\"heading.default\">\n\t\t\t\t<div class=\"elementor-widget-container\">\n\t\t\t\t\t<h2 class=\"elementor-heading-title elementor-size-xxl\">Teemme Espanjan veroilmoituksesi \n- se hoituu viidess\u00e4 minuutissa!<\/h2>\t\t\t\t<\/div>\n\t\t\t\t<\/div>\n\t\t\t\t<div class=\"elementor-element elementor-element-782ca12e elementor-widget elementor-widget-text-editor\" data-id=\"782ca12e\" data-element_type=\"widget\" data-e-type=\"widget\" data-widget_type=\"text-editor.default\">\n\t\t\t\t<div class=\"elementor-widget-container\">\n\t\t\t\t\t\t\t\t\t<p>Espanjassa perinn\u00f6st\u00e4 ja lahjoituksista\/perinn\u00f6ist\u00e4 maksetaan veroa.<\/p><p>Veron m\u00e4\u00e4r\u00e4 riippuu asuinalueestasi, ja monilla alueilla on huomattavia v\u00e4hennyksi\u00e4. Monissa tapauksissa sinun ei tarvitse maksaa enemp\u00e4\u00e4 kuin pienen summan \u2013 vaikka vero onkin ilmoitettava.The amount of tax depends on in which region you are living in and there are considerable deduccions in many regions. In many cases you do not have to pay more than a small amount \u2013 even though you do have to declare the tax. <\/p><p>Jos asut normaalisti Espanjan ulkopuolella, sinun on maksettava kiinteist\u00f6st\u00e4 Espanjassa, esimerkiksi loma-asunnosta. Jos perinn\u00f6n tai lahjoituksen saaja asuu yli puolet vuodesta Espanjassa, h\u00e4nen on maksettava veroja Espanjaan, vaikka kiinteist\u00f6 olisikin Espanjan ulkopuolella. <\/p>\t\t\t\t\t\t\t\t<\/div>\n\t\t\t\t<\/div>\n\t\t\t\t<div class=\"elementor-element elementor-element-15e3ff1d elementor-widget elementor-widget-shortcode\" data-id=\"15e3ff1d\" data-element_type=\"widget\" data-e-type=\"widget\" data-widget_type=\"shortcode.default\">\n\t\t\t\t<div class=\"elementor-widget-container\">\n\t\t\t\t\t\t\t<div class=\"elementor-shortcode\"><script defer async src='https:\/\/cdn.trustindex.io\/loader.js?34e923736e691441d94666dbf63'><\/script><\/div>\n\t\t\t\t\t\t<\/div>\n\t\t\t\t<\/div>\n\t\t\t\t<\/div>\n\t\t\t\t\t<\/div>\n\t\t\t\t<\/div>\n\t\t\t\t<section class=\"elementor-section elementor-top-section elementor-element elementor-element-44bbed83 elementor-section-boxed elementor-section-height-default elementor-section-height-default\" data-id=\"44bbed83\" data-element_type=\"section\" data-e-type=\"section\">\n\t\t\t\t\t\t<div class=\"elementor-container elementor-column-gap-default\">\n\t\t\t\t\t<div class=\"elementor-column elementor-col-100 elementor-top-column elementor-element elementor-element-211ae3bc\" data-id=\"211ae3bc\" data-element_type=\"column\" data-e-type=\"column\">\n\t\t\t<div class=\"elementor-widget-wrap elementor-element-populated\">\n\t\t\t\t\t\t<div class=\"elementor-element elementor-element-61e8aa69 elementor-widget elementor-widget-heading\" data-id=\"61e8aa69\" data-element_type=\"widget\" data-e-type=\"widget\" data-widget_type=\"heading.default\">\n\t\t\t\t<div class=\"elementor-widget-container\">\n\t\t\t\t\t<h2 class=\"elementor-heading-title elementor-size-xxl\">Lahjoitusten ja perinn\u00f6n verot Espanjassa<\/h2>\t\t\t\t<\/div>\n\t\t\t\t<\/div>\n\t\t\t\t<div class=\"elementor-element elementor-element-613aae09 elementor-widget elementor-widget-heading\" data-id=\"613aae09\" data-element_type=\"widget\" data-e-type=\"widget\" data-widget_type=\"heading.default\">\n\t\t\t\t<div class=\"elementor-widget-container\">\n\t\t\t\t\t<h2 class=\"elementor-heading-title elementor-size-xxl\">yli 5000 tyytyv\u00e4ist\u00e4 asiakasta<\/h2>\t\t\t\t<\/div>\n\t\t\t\t<\/div>\n\t\t\t\t\t<\/div>\n\t\t<\/div>\n\t\t\t\t\t<\/div>\n\t\t<\/section>\n\t\t\t\t<section class=\"elementor-section elementor-top-section elementor-element elementor-element-448bf346 elementor-section-boxed elementor-section-height-default elementor-section-height-default\" data-id=\"448bf346\" data-element_type=\"section\" data-e-type=\"section\">\n\t\t\t\t\t\t<div class=\"elementor-container elementor-column-gap-default\">\n\t\t\t\t\t<div class=\"elementor-column elementor-col-100 elementor-top-column elementor-element elementor-element-5bdd8a2d\" data-id=\"5bdd8a2d\" data-element_type=\"column\" data-e-type=\"column\">\n\t\t\t<div class=\"elementor-widget-wrap elementor-element-populated\">\n\t\t\t\t\t\t<div class=\"elementor-element elementor-element-5d2d1b98 elementor-widget elementor-widget-shortcode\" data-id=\"5d2d1b98\" data-element_type=\"widget\" data-e-type=\"widget\" data-widget_type=\"shortcode.default\">\n\t\t\t\t<div class=\"elementor-widget-container\">\n\t\t\t\t\t\t\t<div class=\"elementor-shortcode\"><script defer async src='https:\/\/cdn.trustindex.io\/loader.js?29ee23e3642d1458e236875d03a'><\/script><\/div>\n\t\t\t\t\t\t<\/div>\n\t\t\t\t<\/div>\n\t\t\t\t\t<\/div>\n\t\t<\/div>\n\t\t\t\t\t<\/div>\n\t\t<\/section>\n\t\t\t\t<section class=\"elementor-section elementor-top-section elementor-element elementor-element-b7e66e8 elementor-section-boxed elementor-section-height-default elementor-section-height-default\" data-id=\"b7e66e8\" data-element_type=\"section\" data-e-type=\"section\">\n\t\t\t\t\t\t<div class=\"elementor-container elementor-column-gap-default\">\n\t\t\t\t\t<div class=\"elementor-column elementor-col-100 elementor-top-column elementor-element elementor-element-dbf1d43\" data-id=\"dbf1d43\" data-element_type=\"column\" data-e-type=\"column\">\n\t\t\t<div class=\"elementor-widget-wrap elementor-element-populated\">\n\t\t\t\t\t\t<div class=\"elementor-element elementor-element-519de67 elementor-widget elementor-widget-heading\" data-id=\"519de67\" data-element_type=\"widget\" data-e-type=\"widget\" data-widget_type=\"heading.default\">\n\t\t\t\t<div class=\"elementor-widget-container\">\n\t\t\t\t\t<div class=\"elementor-heading-title elementor-size-xxl\">Ota yhteytt\u00e4<\/div>\t\t\t\t<\/div>\n\t\t\t\t<\/div>\n\t\t\t\t\t<\/div>\n\t\t<\/div>\n\t\t\t\t\t<\/div>\n\t\t<\/section>\n\t\t<div class=\"elementor-element elementor-element-dc24ac5 e-flex e-con-boxed e-con e-parent\" data-id=\"dc24ac5\" data-element_type=\"container\" data-e-type=\"container\">\n\t\t\t\t\t<div class=\"e-con-inner\">\n\t\t\t\t<div class=\"elementor-element elementor-element-e299f04 elementor-widget elementor-widget-html\" data-id=\"e299f04\" data-element_type=\"widget\" data-e-type=\"widget\" data-widget_type=\"html.default\">\n\t\t\t\t<div class=\"elementor-widget-container\">\n\t\t\t\t\t<script src=\"https:\/\/www.cognitoforms.com\/f\/seamless.js\" data-key=\"13zT0_A930qptss4osmFMg\" data-form=\"148\"><\/script>\t\t\t\t<\/div>\n\t\t\t\t<\/div>\n\t\t\t\t\t<\/div>\n\t\t\t\t<\/div>\n\t\t\t\t<\/div>\n\t\t","protected":false},"excerpt":{"rendered":"<p>Espanjan veroviraston yhteisty\u00f6kumppani Agencia sivujoki Perint\u00f6 ja lahjoitukset Espanjassa Perint\u00f6- ja lahjoitusverot Espanjassa Teemme Espanjan veroilmoituksesi &#8211; se hoituu viidess\u00e4 minuutissa! Espanjassa perinn\u00f6st\u00e4 ja lahjoituksista\/perinn\u00f6ist\u00e4 maksetaan veroa. Veron m\u00e4\u00e4r\u00e4 riippuu asuinalueestasi, ja monilla alueilla on huomattavia v\u00e4hennyksi\u00e4. Monissa tapauksissa sinun ei tarvitse maksaa enemp\u00e4\u00e4 kuin pienen summan \u2013 vaikka vero onkin ilmoitettava.The amount of tax [&hellip;]<\/p>\n","protected":false},"author":1,"featured_media":17337,"parent":0,"menu_order":0,"comment_status":"closed","ping_status":"closed","template":"elementor_header_footer","meta":{"footnotes":""},"class_list":["post-18523","page","type-page","status-publish","has-post-thumbnail","hentry"],"_links":{"self":[{"href":"https:\/\/taxadora.com\/fi\/wp-json\/wp\/v2\/pages\/18523","targetHints":{"allow":["GET"]}}],"collection":[{"href":"https:\/\/taxadora.com\/fi\/wp-json\/wp\/v2\/pages"}],"about":[{"href":"https:\/\/taxadora.com\/fi\/wp-json\/wp\/v2\/types\/page"}],"author":[{"embeddable":true,"href":"https:\/\/taxadora.com\/fi\/wp-json\/wp\/v2\/users\/1"}],"replies":[{"embeddable":true,"href":"https:\/\/taxadora.com\/fi\/wp-json\/wp\/v2\/comments?post=18523"}],"version-history":[{"count":1,"href":"https:\/\/taxadora.com\/fi\/wp-json\/wp\/v2\/pages\/18523\/revisions"}],"predecessor-version":[{"id":18524,"href":"https:\/\/taxadora.com\/fi\/wp-json\/wp\/v2\/pages\/18523\/revisions\/18524"}],"wp:featuredmedia":[{"embeddable":true,"href":"https:\/\/taxadora.com\/fi\/wp-json\/wp\/v2\/media\/17337"}],"wp:attachment":[{"href":"https:\/\/taxadora.com\/fi\/wp-json\/wp\/v2\/media?parent=18523"}],"curies":[{"name":"wp","href":"https:\/\/api.w.org\/{rel}","templated":true}]}}