{"id":18461,"date":"2019-10-31T12:58:55","date_gmt":"2019-10-31T11:58:55","guid":{"rendered":"https:\/\/taxadora.com\/keita-me-olemme\/"},"modified":"2025-12-10T17:21:02","modified_gmt":"2025-12-10T16:21:02","slug":"keita-me-olemme","status":"publish","type":"page","link":"https:\/\/taxadora.com\/fi\/keita-me-olemme\/","title":{"rendered":"Keit\u00e4 me olemme?"},"content":{"rendered":"\t\t<div data-elementor-type=\"wp-page\" data-elementor-id=\"18461\" class=\"elementor elementor-18461 elementor-1924\" data-elementor-post-type=\"page\">\n\t\t\t\t\t\t<section class=\"elementor-section elementor-top-section elementor-element elementor-element-3613b336 elementor-hidden-desktop elementor-hidden-tablet elementor-hidden-phone elementor-section-boxed elementor-section-height-default elementor-section-height-default\" data-id=\"3613b336\" data-element_type=\"section\" data-e-type=\"section\">\n\t\t\t\t\t\t<div class=\"elementor-container elementor-column-gap-default\">\n\t\t\t\t\t<div class=\"elementor-column elementor-col-100 elementor-top-column elementor-element elementor-element-45ecd121\" data-id=\"45ecd121\" data-element_type=\"column\" data-e-type=\"column\">\n\t\t\t<div class=\"elementor-widget-wrap elementor-element-populated\">\n\t\t\t\t\t\t<div class=\"elementor-element elementor-element-689c4e0d elementor-widget elementor-widget-html\" data-id=\"689c4e0d\" data-element_type=\"widget\" data-e-type=\"widget\" data-widget_type=\"html.default\">\n\t\t\t\t<div class=\"elementor-widget-container\">\n\t\t\t\t\t<!-- Global site tag (gtag.js) - Google Analytics -->\r\n<script async=\"\" src=\"https:\/\/www.googletagmanager.com\/gtag\/js?id=UA-143577333-3\"><\/script>\r\n<script>\r\n  window.dataLayer = window.dataLayer || [];\r\n  function gtag(){dataLayer.push(arguments);}\r\n  gtag('js', new Date());\r\n\r\n  gtag('config', 'UA-143577333-3');\r\n<\/script>\r\n\t\t\t\t<\/div>\n\t\t\t\t<\/div>\n\t\t\t\t\t<\/div>\n\t\t<\/div>\n\t\t\t\t\t<\/div>\n\t\t<\/section>\n\t\t\t\t<section class=\"elementor-section elementor-top-section elementor-element elementor-element-27265a6 elementor-section-boxed elementor-section-height-default elementor-section-height-default\" data-id=\"27265a6\" data-element_type=\"section\" data-e-type=\"section\">\n\t\t\t\t\t\t<div class=\"elementor-container elementor-column-gap-default\">\n\t\t\t\t\t<div class=\"elementor-column elementor-col-100 elementor-top-column elementor-element elementor-element-dfa0cf1\" data-id=\"dfa0cf1\" data-element_type=\"column\" data-e-type=\"column\">\n\t\t\t<div class=\"elementor-widget-wrap elementor-element-populated\">\n\t\t\t\t\t\t<div class=\"elementor-element elementor-element-2041015 elementor-widget elementor-widget-heading\" data-id=\"2041015\" data-element_type=\"widget\" data-e-type=\"widget\" data-widget_type=\"heading.default\">\n\t\t\t\t<div class=\"elementor-widget-container\">\n\t\t\t\t\t<h2 class=\"elementor-heading-title elementor-size-xxl\">Taxadora.com-tiimi<\/h2>\t\t\t\t<\/div>\n\t\t\t\t<\/div>\n\t\t\t\t\t<\/div>\n\t\t<\/div>\n\t\t\t\t\t<\/div>\n\t\t<\/section>\n\t\t\t\t<section class=\"elementor-section elementor-top-section elementor-element elementor-element-578d769f elementor-section-boxed elementor-section-height-default elementor-section-height-default\" data-id=\"578d769f\" data-element_type=\"section\" data-e-type=\"section\">\n\t\t\t\t\t\t<div class=\"elementor-container elementor-column-gap-default\">\n\t\t\t\t\t<div class=\"elementor-column elementor-col-100 elementor-top-column elementor-element elementor-element-13abd7f4\" data-id=\"13abd7f4\" data-element_type=\"column\" data-e-type=\"column\">\n\t\t\t<div class=\"elementor-widget-wrap elementor-element-populated\">\n\t\t\t\t\t\t<div class=\"elementor-element elementor-element-319fb364 elementor-widget elementor-widget-text-editor\" data-id=\"319fb364\" data-element_type=\"widget\" data-e-type=\"widget\" data-widget_type=\"text-editor.default\">\n\t\t\t\t<div class=\"elementor-widget-container\">\n\t\t\t\t\t\t\t\t\t<p>Taxadoran avulla voit nauttia ajastasi Espanjassa ilman huolta Espanjan veroista.<\/p>\n<p>Taxadoran tiimi koostuu kirjanpit\u00e4jist\u00e4, ekonomisteista, verolakimiehist\u00e4 ja arkkitehdeista sek\u00e4 data-asiantuntijoista. Toimimme M\u00e1lagassa Etel\u00e4-Espanjassa. Asiakkaitamme on kaikkialla Espanjassa, erityisesti Costa del Solilla, Costa Blancalla ja Baleaareilla.  <\/p>\n<p>Englanninkielisest\u00e4 asiakaspalvelusta vastaa Vilho Heiskanen, joka todenn\u00e4k\u00f6isesti auttaa sinua kaikissa kysymyksiss\u00e4si. Jos asioit mieluummin ranskaksi, espanjaksi tai muilla kielill\u00e4, voit olla yhteydess\u00e4 Carolinaan tai muihin upeisiin tiimimme j\u00e4seniin. <\/p>\n<p><span style=\"font-family: var( --e-global-typography-text-font-family ), Sans-serif; font-size: 1rem; font-weight: var( --e-global-typography-text-font-weight ); background-color: var( --e-global-color-25ec0930 );\">Olemme allekirjoittaneet yhteisty\u00f6sopimuksen Espanjan veroviraston kanssa ja noudatamme espanjalaisten kirjanpit\u00e4jien toimintamallia. Sen lis\u00e4ksi, ett\u00e4 hoidamme ty\u00f6mme eritt\u00e4in hyvin, meill\u00e4 on my\u00f6s ammatillinen vastuuvakuutus jokaista tekem\u00e4\u00e4mme ilmoitusta varten. &nbsp;<\/span><span style=\"font-size: 1rem;\">Olemme j\u00e4senen\u00e4 espanjalaisessa kirjanpit\u00e4jien j\u00e4rjest\u00f6ss\u00e4 ja meill\u00e4 on asiantuntijaosaamista, kun asiakkaamme esitt\u00e4v\u00e4t haastavia verotukseen liittyvi\u00e4 kysymyksi\u00e4.&nbsp;<\/span><\/p>\n<p>Keskitymme veroihin, mutta k\u00e4yt\u00e4mme my\u00f6s juristeja ja arkkitehteja apuna silloin, kun asiakkailla on kysymyksi\u00e4 rakennusluvista tai vuokrausluvista. Autamme asiakkaitamme my\u00f6s testamentteihin, perint\u00f6suunnitteluun ja varallisuuteen liittyviss\u00e4 asioissa. <\/p>\n<p>Kaikki tiimin j\u00e4senet ovat oman alansa asiantuntijoita, joilla on v\u00e4hint\u00e4\u00e4n 10 vuoden ty\u00f6kokemus espanjalaisista asianajotoimistoista, pankeista tai muista vastaavista teht\u00e4vist\u00e4.<\/p>\n<p><span style=\"font-size: 1rem;\">Jos sinulla on kysymyksi\u00e4 meist\u00e4 tai Espanjan veroistasi, voit l\u00e4hett\u00e4\u00e4 s\u00e4hk\u00f6postia osoitteeseen info@taxadora.com tai soittaa numeroon +34 611 629 317.<\/span><\/p>\n<p><span style=\"font-size: 1rem;\">Teemme mielell\u00e4mme yhteisty\u00f6t\u00e4 muiden yritysten kanssa, joilla on tyytyv\u00e4isi\u00e4 asiakkaita. Jos olet kiinnostunut yhteisty\u00f6st\u00e4, olet sijoittaja, toimittaja tai etsit tietoa muussa roolissa, ota rohkeasti yhteytt\u00e4 meihin. <\/span><\/p>\t\t\t\t\t\t\t\t<\/div>\n\t\t\t\t<\/div>\n\t\t\t\t\t<\/div>\n\t\t<\/div>\n\t\t\t\t\t<\/div>\n\t\t<\/section>\n\t\t\t\t<section class=\"elementor-section elementor-top-section elementor-element elementor-element-22ce007 elementor-section-boxed elementor-section-height-default elementor-section-height-default\" data-id=\"22ce007\" data-element_type=\"section\" data-e-type=\"section\">\n\t\t\t\t\t\t<div class=\"elementor-container elementor-column-gap-default\">\n\t\t\t\t\t<div class=\"elementor-column elementor-col-100 elementor-top-column elementor-element elementor-element-07441d6\" data-id=\"07441d6\" data-element_type=\"column\" data-e-type=\"column\">\n\t\t\t<div class=\"elementor-widget-wrap elementor-element-populated\">\n\t\t\t\t\t\t<div class=\"elementor-element elementor-element-940e256 elementor-widget elementor-widget-shortcode\" data-id=\"940e256\" data-element_type=\"widget\" data-e-type=\"widget\" data-widget_type=\"shortcode.default\">\n\t\t\t\t<div class=\"elementor-widget-container\">\n\t\t\t\t\t\t\t<div class=\"elementor-shortcode\"><script defer async src='https:\/\/cdn.trustindex.io\/loader.js?29ee23e3642d1458e236875d03a'><\/script><\/div>\n\t\t\t\t\t\t<\/div>\n\t\t\t\t<\/div>\n\t\t\t\t\t<\/div>\n\t\t<\/div>\n\t\t\t\t\t<\/div>\n\t\t<\/section>\n\t\t\t\t<\/div>\n\t\t","protected":false},"excerpt":{"rendered":"<p>Taxadora.com-tiimi Taxadoran avulla voit nauttia ajastasi Espanjassa ilman huolta Espanjan veroista. Taxadoran tiimi koostuu kirjanpit\u00e4jist\u00e4, ekonomisteista, verolakimiehist\u00e4 ja arkkitehdeista sek\u00e4 data-asiantuntijoista. Toimimme M\u00e1lagassa Etel\u00e4-Espanjassa. Asiakkaitamme on kaikkialla Espanjassa, erityisesti Costa del Solilla, Costa Blancalla ja Baleaareilla. Englanninkielisest\u00e4 asiakaspalvelusta vastaa Vilho Heiskanen, joka todenn\u00e4k\u00f6isesti auttaa sinua kaikissa kysymyksiss\u00e4si. Jos asioit mieluummin ranskaksi, espanjaksi tai muilla kielill\u00e4, [&hellip;]<\/p>\n","protected":false},"author":1,"featured_media":0,"parent":0,"menu_order":0,"comment_status":"closed","ping_status":"closed","template":"elementor_header_footer","meta":{"footnotes":""},"class_list":["post-18461","page","type-page","status-publish","hentry"],"_links":{"self":[{"href":"https:\/\/taxadora.com\/fi\/wp-json\/wp\/v2\/pages\/18461","targetHints":{"allow":["GET"]}}],"collection":[{"href":"https:\/\/taxadora.com\/fi\/wp-json\/wp\/v2\/pages"}],"about":[{"href":"https:\/\/taxadora.com\/fi\/wp-json\/wp\/v2\/types\/page"}],"author":[{"embeddable":true,"href":"https:\/\/taxadora.com\/fi\/wp-json\/wp\/v2\/users\/1"}],"replies":[{"embeddable":true,"href":"https:\/\/taxadora.com\/fi\/wp-json\/wp\/v2\/comments?post=18461"}],"version-history":[{"count":1,"href":"https:\/\/taxadora.com\/fi\/wp-json\/wp\/v2\/pages\/18461\/revisions"}],"predecessor-version":[{"id":18462,"href":"https:\/\/taxadora.com\/fi\/wp-json\/wp\/v2\/pages\/18461\/revisions\/18462"}],"wp:attachment":[{"href":"https:\/\/taxadora.com\/fi\/wp-json\/wp\/v2\/media?parent=18461"}],"curies":[{"name":"wp","href":"https:\/\/api.w.org\/{rel}","templated":true}]}}