{"id":5511,"date":"2020-06-19T18:20:41","date_gmt":"2020-06-19T16:20:41","guid":{"rendered":"https:\/\/taxadora.com\/?page_id=5511"},"modified":"2025-01-27T16:53:55","modified_gmt":"2025-01-27T15:53:55","slug":"uber-taxadora","status":"publish","type":"page","link":"https:\/\/taxadora.com\/de\/uber-taxadora\/","title":{"rendered":"\u00dcber Taxadora"},"content":{"rendered":"\t\t<div data-elementor-type=\"wp-page\" data-elementor-id=\"5511\" class=\"elementor elementor-5511 elementor-1924\" data-elementor-post-type=\"page\">\n\t\t\t\t\t\t<section class=\"elementor-section elementor-top-section elementor-element elementor-element-ab3e03e elementor-section-boxed elementor-section-height-default elementor-section-height-default\" data-id=\"ab3e03e\" data-element_type=\"section\" data-e-type=\"section\">\n\t\t\t\t\t\t<div class=\"elementor-container elementor-column-gap-default\">\n\t\t\t\t\t<div class=\"elementor-column elementor-col-100 elementor-top-column elementor-element elementor-element-5a00bb81\" data-id=\"5a00bb81\" data-element_type=\"column\" data-e-type=\"column\">\n\t\t\t<div class=\"elementor-widget-wrap elementor-element-populated\">\n\t\t\t\t\t\t<div class=\"elementor-element elementor-element-16c7616c elementor-widget elementor-widget-heading\" data-id=\"16c7616c\" data-element_type=\"widget\" data-e-type=\"widget\" data-widget_type=\"heading.default\">\n\t\t\t\t<div class=\"elementor-widget-container\">\n\t\t\t\t\t<h2 class=\"elementor-heading-title elementor-size-default\">Wer sind wir, um Ihnen bei Ihrer spanischen Steuer zu helfen?<\/h2>\t\t\t\t<\/div>\n\t\t\t\t<\/div>\n\t\t\t\t\t<\/div>\n\t\t<\/div>\n\t\t\t\t\t<\/div>\n\t\t<\/section>\n\t\t\t\t<section class=\"elementor-section elementor-top-section elementor-element elementor-element-7497977e elementor-section-boxed elementor-section-height-default elementor-section-height-default\" data-id=\"7497977e\" data-element_type=\"section\" data-e-type=\"section\">\n\t\t\t\t\t\t<div class=\"elementor-container elementor-column-gap-default\">\n\t\t\t\t\t<div class=\"elementor-column elementor-col-100 elementor-top-column elementor-element elementor-element-aa8bae7\" data-id=\"aa8bae7\" data-element_type=\"column\" data-e-type=\"column\">\n\t\t\t<div class=\"elementor-widget-wrap elementor-element-populated\">\n\t\t\t\t\t\t<div class=\"elementor-element elementor-element-5147791e elementor-widget elementor-widget-text-editor\" data-id=\"5147791e\" data-element_type=\"widget\" data-e-type=\"widget\" data-widget_type=\"text-editor.default\">\n\t\t\t\t<div class=\"elementor-widget-container\">\n\t\t\t\t\t\t\t\t\t<p><span><span class=\"\">Mit Taxadora k\u00f6nnen Sie Ihre Zeit in Spanien genie\u00dfen, ohne sich um spanische Steuern sorgen zu m\u00fcssen.<\/span><\/span><\/p><p><span>Das Team von Taxadora besteht aus einem Netzwerk von \u00d6konomen, Anw\u00e4lten und Architekten sowie Datenwissenschaftlern.\u00a0Wir haben unseren Sitz in M\u00e1laga, S\u00fcdspanien.\u00a0Unsere Kunden befinden sich in ganz Spanien, die meisten davon an der Costa del Sol, an der Costa Blanca und auf den Balearen.<\/span><\/p><p><span>Wir konzentrieren uns auf Steuern, engagieren aber auch Anw\u00e4lte und Architekten, wenn Kunden Fragen zu Baugenehmigungen oder Lizenzen zur Vermietung ihrer Immobilien haben.\u00a0Wir helfen unseren Kunden auch bei Fragen zu Testament, Nachlassplanung und Verm\u00f6gen.<\/span><\/p><p><span>Alle Teammitglieder sind Experten auf ihrem Gebiet mit mindestens 10 Jahren Berufserfahrung aus spanischen Anwaltskanzleien, Banken oder verwandten Berufen.<\/span><\/p><p><span><span class=\"\">Wir sind Mitglied einer Organisation f\u00fcr Wirtschaftspr\u00fcfer in Spanien und verf\u00fcgen \u00fcber Expertenwissen, wenn unsere Kunden herausfordernde Fragen zu ihrer Besteuerung stellen.\u00a0<\/span><\/span><span>Wir haben eine Kooperationsvereinbarung mit der spanischen Steuerbeh\u00f6rde unterzeichnet und folgen einem Rahmen f\u00fcr spanische Buchhalter.<\/span><\/p><p><span>Wenn Sie Fragen zu uns oder Ihren spanischen Steuern haben, senden Sie\u00a0<\/span><span>bitte\u00a0eine E-Mail an\u00a0info@taxadora.com\u00a0<\/span><span>oder rufen Sie +34 611629 317 an.<\/span><\/p><p><span>Wir freuen uns, mit anderen Unternehmen zusammenzuarbeiten, die zufriedene Kunden haben.\u00a0<span class=\"goog-text-highlight\">Wenn Sie an einer Zusammenarbeit interessiert sind, ein Investor oder Journalist sind oder Informationen in anderer Funktion suchen, kontaktieren Sie uns bitte.<\/span><\/span><\/p>\t\t\t\t\t\t\t\t<\/div>\n\t\t\t\t<\/div>\n\t\t\t\t\t<\/div>\n\t\t<\/div>\n\t\t\t\t\t<\/div>\n\t\t<\/section>\n\t\t\t\t<\/div>\n\t\t","protected":false},"excerpt":{"rendered":"<p>Wer sind wir, um Ihnen bei Ihrer spanischen Steuer zu helfen? Mit Taxadora k\u00f6nnen Sie Ihre Zeit in Spanien genie\u00dfen, ohne sich um spanische Steuern sorgen zu m\u00fcssen. Das Team von Taxadora besteht aus einem Netzwerk von \u00d6konomen, Anw\u00e4lten und Architekten sowie Datenwissenschaftlern.\u00a0Wir haben unseren Sitz in M\u00e1laga, S\u00fcdspanien.\u00a0Unsere Kunden befinden sich in ganz Spanien, [&hellip;]<\/p>\n","protected":false},"author":1,"featured_media":0,"parent":0,"menu_order":0,"comment_status":"closed","ping_status":"closed","template":"elementor_header_footer","meta":{"footnotes":""},"class_list":["post-5511","page","type-page","status-publish","hentry"],"_links":{"self":[{"href":"https:\/\/taxadora.com\/de\/wp-json\/wp\/v2\/pages\/5511","targetHints":{"allow":["GET"]}}],"collection":[{"href":"https:\/\/taxadora.com\/de\/wp-json\/wp\/v2\/pages"}],"about":[{"href":"https:\/\/taxadora.com\/de\/wp-json\/wp\/v2\/types\/page"}],"author":[{"embeddable":true,"href":"https:\/\/taxadora.com\/de\/wp-json\/wp\/v2\/users\/1"}],"replies":[{"embeddable":true,"href":"https:\/\/taxadora.com\/de\/wp-json\/wp\/v2\/comments?post=5511"}],"version-history":[{"count":26,"href":"https:\/\/taxadora.com\/de\/wp-json\/wp\/v2\/pages\/5511\/revisions"}],"predecessor-version":[{"id":15406,"href":"https:\/\/taxadora.com\/de\/wp-json\/wp\/v2\/pages\/5511\/revisions\/15406"}],"wp:attachment":[{"href":"https:\/\/taxadora.com\/de\/wp-json\/wp\/v2\/media?parent=5511"}],"curies":[{"name":"wp","href":"https:\/\/api.w.org\/{rel}","templated":true}]}}