{"id":20928,"date":"2026-04-15T10:46:48","date_gmt":"2026-04-15T08:46:48","guid":{"rendered":"https:\/\/taxadora.com\/?page_id=20928"},"modified":"2026-04-15T13:18:03","modified_gmt":"2026-04-15T11:18:03","slug":"spanien-steuerrechner","status":"publish","type":"page","link":"https:\/\/taxadora.com\/de\/spanien-steuerrechner\/","title":{"rendered":"Steuerrechner Spanien \u2013 Steuern in Spanien online berechnen"},"content":{"rendered":"\t\t<div data-elementor-type=\"wp-page\" data-elementor-id=\"20928\" class=\"elementor elementor-20928\" data-elementor-post-type=\"page\">\n\t\t\t\t<div class=\"elementor-element elementor-element-57e83658 e-flex e-con-boxed e-con e-parent\" data-id=\"57e83658\" data-element_type=\"container\" data-e-type=\"container\">\n\t\t\t\t\t<div class=\"e-con-inner\">\n\t\t\t\t<div class=\"elementor-element elementor-element-340bac80 elementor-widget elementor-widget-heading\" data-id=\"340bac80\" data-element_type=\"widget\" data-e-type=\"widget\" data-widget_type=\"heading.default\">\n\t\t\t\t<div class=\"elementor-widget-container\">\n\t\t\t\t\t<h1 class=\"elementor-heading-title elementor-size-default\">Steuerrechner Spanien \u2013 Steuern in Spanien online berechnen<\/h1>\t\t\t\t<\/div>\n\t\t\t\t<\/div>\n\t\t\t\t\t<\/div>\n\t\t\t\t<\/div>\n\t\t<div class=\"elementor-element elementor-element-4a86d6c6 e-flex e-con-boxed e-con e-parent\" data-id=\"4a86d6c6\" data-element_type=\"container\" data-e-type=\"container\">\n\t\t\t\t\t<div class=\"e-con-inner\">\n\t\t\t\t<div class=\"elementor-element elementor-element-32c8ad3c elementor-widget elementor-widget-text-editor\" data-id=\"32c8ad3c\" data-element_type=\"widget\" data-e-type=\"widget\" data-widget_type=\"text-editor.default\">\n\t\t\t\t<div class=\"elementor-widget-container\">\n\t\t\t\t\t\t\t\t\t<p data-start=\"524\" data-end=\"618\">Nutzen Sie unsere Steuerrechner f\u00fcr Spanien, um Ihre Steuern schnell und einfach zu berechnen.<\/p><p data-start=\"620\" data-end=\"842\">Diese Tools helfen Residenten, Nicht-Residenten und Expats dabei, Einkommensteuer in Spanien, Steuer auf Mieteinnahmen, Kapitalertragsteuer beim Immobilienverkauf sowie die Besteuerung unter dem Beckham-Gesetz zu sch\u00e4tzen.<\/p><p data-start=\"844\" data-end=\"928\">W\u00e4hlen Sie unten einen Rechner aus, um Ihre Steuerbelastung in Spanien zu berechnen.<\/p><p data-start=\"844\" data-end=\"928\">\u00a0<\/p><h1 data-start=\"935\" data-end=\"955\"><span style=\"color: #1569ae; font-family: 'Work Sans', sans-serif; font-size: 2rem; font-weight: 600;\">Einkommensteuer-Rechner Spanien (IRPF)<\/span><\/h1><p data-start=\"1000\" data-end=\"1144\">Berechnen Sie, wie viel Einkommensteuer Sie auf Ihr Gehalt oder Ihre Rente in Spanien zahlen und ermitteln Sie Ihr Netto-Einkommen nach Steuern.<\/p><p data-start=\"1146\" data-end=\"1219\">Geeignet f\u00fcr Arbeitnehmer, Rentner und steuerliche Residenten in Spanien.<\/p><p data-start=\"1221\" data-end=\"1255\"><a href=\"https:\/\/taxadora.com\/de\/de-spanien-steuerrechner\/\" target=\"_blank\" rel=\"noopener\">Einkommensteuer-Rechner Spanien<\/a><\/p><p data-start=\"1221\" data-end=\"1255\">\u00a0<\/p><h2 data-start=\"1262\" data-end=\"1301\">Steuerrechner Beckham-Gesetz Spanien<\/h2><p data-start=\"1303\" data-end=\"1472\">Berechnen Sie Ihre Steuerbelastung unter der Sonderregelung f\u00fcr Expats (Beckham-Gesetz), einschlie\u00dflich Gehalt, spanischer Mieteinnahmen, Dividenden und Kapitalgewinnen.<\/p><p data-start=\"1474\" data-end=\"1544\">Geeignet f\u00fcr Fachkr\u00e4fte, die nach Spanien ziehen, um dort zu arbeiten.<\/p><p data-start=\"1546\" data-end=\"1585\"><a href=\"https:\/\/taxadora.com\/de\/beckham-gesetz-spanien-steuerrechner\/\" target=\"_blank\" rel=\"noopener\">Steuerrechner Beckham-Gesetz Spanien<\/a><\/p><p data-start=\"1546\" data-end=\"1585\">\u00a0<\/p><h2 data-start=\"1592\" data-end=\"1643\">Steuerrechner Mieteinnahmen Spanien (Modelo 210)<\/h2><p data-start=\"1645\" data-end=\"1750\">Berechnen Sie, wie viel Steuer Sie als Nicht-Resident auf Mieteinnahmen aus Immobilien in Spanien zahlen.<\/p><p data-start=\"1752\" data-end=\"1828\">Ber\u00fccksichtigt unterschiedliche Steuers\u00e4tze f\u00fcr EU- und Nicht-EU-Residenten.<\/p><p data-start=\"1830\" data-end=\"1868\"><a href=\"https:\/\/taxadora.com\/de\/mieteinnahmen-spanien-steuerrechner\/\" target=\"_blank\" rel=\"noopener\">Steuerrechner Mieteinnahmen Spanien<\/a><\/p><p data-start=\"1830\" data-end=\"1868\">\u00a0<\/p><h2 data-start=\"1875\" data-end=\"1933\">Kapitalertragsteuer-Rechner Spanien (Immobilienverkauf)<\/h2><p data-start=\"1935\" data-end=\"2046\">Berechnen Sie die Kapitalertragsteuer beim Verkauf einer Immobilie in Spanien als Resident oder Nicht-Resident.<\/p><p data-start=\"2048\" data-end=\"2093\">Ber\u00fccksichtigt Kaufkosten und Verkaufskosten.<\/p><p data-start=\"2095\" data-end=\"2133\"><a href=\"https:\/\/taxadora.com\/de\/spekulationssteuer-spanien-rechner\/\" target=\"_blank\" rel=\"noopener\">Kapitalertragsteuer-Rechner Spanien<\/a><\/p><p data-start=\"2095\" data-end=\"2133\">\u00a0<\/p><h2 data-start=\"2171\" data-end=\"2222\">Warum diese Steuerrechner f\u00fcr Spanien verwenden?<\/h2><p data-start=\"2224\" data-end=\"2364\">Unsere Steuerrechner f\u00fcr Spanien liefern eine schnelle und realistische Sch\u00e4tzung auf Grundlage der aktuellen spanischen Steuervorschriften.<\/p><p data-start=\"2366\" data-end=\"2397\">Mit diesen Rechnern k\u00f6nnen Sie:<\/p><ul data-start=\"2399\" data-end=\"2670\"><li data-start=\"2399\" data-end=\"2450\">Ihr Netto-Gehalt nach Steuern in Spanien sch\u00e4tzen<\/li><li data-start=\"2451\" data-end=\"2506\">Steuer auf Mieteinnahmen als Nicht-Resident berechnen<\/li><li data-start=\"2507\" data-end=\"2561\">Kapitalertragsteuer beim Immobilienverkauf berechnen<\/li><li data-start=\"2562\" data-end=\"2605\">Steuer unter dem Beckham-Gesetz berechnen<\/li><li data-start=\"2606\" data-end=\"2670\">sich auf die Abgabe von Modelo 210 oder Modelo 151 vorbereiten<\/li><\/ul><p data-start=\"2672\" data-end=\"2782\">\u00a0<\/p><p data-start=\"2672\" data-end=\"2782\">Diese Tools richten sich an Personen, die nach Spanien ziehen, in Spanien investieren oder bereits dort leben.<\/p><p data-start=\"2672\" data-end=\"2782\">\u00a0<\/p><h1 data-start=\"2789\" data-end=\"2802\"><span style=\"color: #1569ae; font-family: 'Work Sans', sans-serif; font-size: 2rem; font-weight: 600;\">F\u00fcr wen sind diese Steuerrechner geeignet?<\/span><\/h1><p data-start=\"2851\" data-end=\"2894\">Diese Rechner sind besonders hilfreich f\u00fcr:<\/p><ul data-start=\"2896\" data-end=\"3124\"><li data-start=\"2896\" data-end=\"2929\">Expats, die nach Spanien ziehen<\/li><li data-start=\"2930\" data-end=\"2955\">Arbeitnehmer in Spanien<\/li><li data-start=\"2956\" data-end=\"2976\">Rentner in Spanien<\/li><li data-start=\"2977\" data-end=\"3027\">Nicht-Residenten mit Immobilienbesitz in Spanien<\/li><li data-start=\"3028\" data-end=\"3075\">Investoren beim Verkauf spanischer Immobilien<\/li><li data-start=\"3076\" data-end=\"3124\">digitale Nomaden und internationale Fachkr\u00e4fte<\/li><\/ul><h1 data-start=\"3131\" data-end=\"3157\"><span style=\"color: #1569ae; font-family: 'Work Sans', sans-serif; font-size: 2rem; font-weight: 600;\">\u00a0<\/span><\/h1><h1 data-start=\"3131\" data-end=\"3157\"><span style=\"color: #1569ae; font-family: 'Work Sans', sans-serif; font-size: 2rem; font-weight: 600;\">Welchen Steuerrechner f\u00fcr Spanien sollte ich verwenden?<\/span><\/h1><p data-start=\"3219\" data-end=\"3316\">Verwenden Sie den Einkommensteuer-Rechner, wenn Sie in Spanien arbeiten oder eine Rente beziehen.<\/p><p data-start=\"3318\" data-end=\"3424\">Verwenden Sie den Rechner zum Beckham-Gesetz, wenn Sie unter der Expat-Sonderregelung in Spanien arbeiten.<\/p><p data-start=\"3426\" data-end=\"3535\">Verwenden Sie den Rechner f\u00fcr Mieteinnahmen, wenn Sie als Nicht-Resident eine Immobilie in Spanien vermieten.<\/p><p data-start=\"3537\" data-end=\"3629\">Verwenden Sie den Kapitalertragsteuer-Rechner, wenn Sie eine Immobilie in Spanien verkaufen.<\/p><p data-start=\"3537\" data-end=\"3629\">\u00a0<\/p><h1 data-start=\"3636\" data-end=\"3654\"><span style=\"color: #1569ae; font-family: 'Work Sans', sans-serif; font-size: 2rem; font-weight: 600;\">\u00a0<\/span><\/h1><h1 data-start=\"3636\" data-end=\"3654\"><span style=\"color: #1569ae; font-family: 'Work Sans', sans-serif; font-size: 2rem; font-weight: 600;\">Sind diese Steuerrechner f\u00fcr Spanien genau?<\/span><\/h1><p data-start=\"3704\" data-end=\"3817\">Unsere Rechner liefern realistische Sch\u00e4tzungen auf Grundlage der Standardregelungen des spanischen Steuerrechts.<\/p><p data-start=\"3819\" data-end=\"3894\">Sie ber\u00fccksichtigen jedoch nicht alle m\u00f6glichen Faktoren, wie zum Beispiel:<\/p><ul data-start=\"3896\" data-end=\"4095\"><li data-start=\"3896\" data-end=\"3948\">regionale Unterschiede zwischen autonomen Regionen<\/li><li data-start=\"3949\" data-end=\"3992\">internationale Doppelbesteuerungsabkommen<\/li><li data-start=\"3993\" data-end=\"4022\">komplexe steuerliche Abz\u00fcge<\/li><li data-start=\"4023\" data-end=\"4051\">besondere Steuerregelungen<\/li><li data-start=\"4052\" data-end=\"4095\">Immobilien im Eigentum von Gesellschaften<\/li><\/ul><p data-start=\"4097\" data-end=\"4207\">\u00a0<\/p><p data-start=\"4097\" data-end=\"4207\">F\u00fcr eine vollst\u00e4ndige und genaue Steuerberechnung erstellen wir gerne eine individuelle Steueranalyse f\u00fcr Sie.<\/p><p data-start=\"4097\" data-end=\"4207\">\u00a0<\/p><h1 data-start=\"4214\" data-end=\"4227\"><span style=\"color: #1569ae; font-family: 'Work Sans', sans-serif; font-size: 2rem; font-weight: 600;\">Ben\u00f6tigen Sie eine genaue Steuerberechnung?<\/span><\/h1><p data-start=\"4277\" data-end=\"4471\">Wenn Sie eine detaillierte Berechnung einschlie\u00dflich internationaler Eink\u00fcnfte, Kapitalgewinne oder Mieteinnahmen ben\u00f6tigen, bieten wir eine umfassende individuelle Steueranalyse f\u00fcr Spanien an.<\/p><p data-start=\"4473\" data-end=\"4532\">Kontaktieren Sie uns f\u00fcr eine pers\u00f6nliche Steuerberechnung.<\/p><p data-start=\"4473\" data-end=\"4532\">\u00a0<\/p><h1 data-start=\"4539\" data-end=\"4579\"><span style=\"color: #1569ae; font-family: 'Work Sans', sans-serif; font-size: 2rem; font-weight: 600;\">H\u00e4ufig berechnete Steuern in Spanien f\u00fcr Expats<\/span><\/h1><p data-start=\"4633\" data-end=\"4698\">Besucher nutzen unsere Rechner h\u00e4ufig, um Folgendes zu berechnen:<\/p><ul data-start=\"4700\" data-end=\"4881\"><li data-start=\"4700\" data-end=\"4738\">Netto-Gehalt in Spanien nach Steuern<\/li><li data-start=\"4739\" data-end=\"4772\">Steuer unter dem Beckham-Gesetz<\/li><li data-start=\"4773\" data-end=\"4820\">Steuer auf Mieteinnahmen f\u00fcr Nicht-Residenten<\/li><li data-start=\"4821\" data-end=\"4881\">Kapitalertragsteuer beim Verkauf von Immobilien in Spanien<\/li><\/ul><p data-start=\"4883\" data-end=\"4933\" data-is-last-node=\"\" data-is-only-node=\"\">\u00a0<\/p><p data-start=\"4883\" data-end=\"4933\" data-is-last-node=\"\" data-is-only-node=\"\">W\u00e4hlen Sie oben einen Rechner aus, um zu beginnen.<\/p>\t\t\t\t\t\t\t\t<\/div>\n\t\t\t\t<\/div>\n\t\t\t\t\t<\/div>\n\t\t\t\t<\/div>\n\t\t\t\t<\/div>\n\t\t","protected":false},"excerpt":{"rendered":"<p>Steuerrechner Spanien \u2013 Steuern in Spanien online berechnen Nutzen Sie unsere Steuerrechner f\u00fcr Spanien, um Ihre Steuern schnell und einfach zu berechnen. Diese Tools helfen Residenten, Nicht-Residenten und Expats dabei, Einkommensteuer in Spanien, Steuer auf Mieteinnahmen, Kapitalertragsteuer beim Immobilienverkauf sowie die Besteuerung unter dem Beckham-Gesetz zu sch\u00e4tzen. W\u00e4hlen Sie unten einen Rechner aus, um Ihre [&hellip;]<\/p>\n","protected":false},"author":1,"featured_media":0,"parent":0,"menu_order":0,"comment_status":"closed","ping_status":"closed","template":"","meta":{"footnotes":""},"class_list":["post-20928","page","type-page","status-publish","hentry"],"_links":{"self":[{"href":"https:\/\/taxadora.com\/de\/wp-json\/wp\/v2\/pages\/20928","targetHints":{"allow":["GET"]}}],"collection":[{"href":"https:\/\/taxadora.com\/de\/wp-json\/wp\/v2\/pages"}],"about":[{"href":"https:\/\/taxadora.com\/de\/wp-json\/wp\/v2\/types\/page"}],"author":[{"embeddable":true,"href":"https:\/\/taxadora.com\/de\/wp-json\/wp\/v2\/users\/1"}],"replies":[{"embeddable":true,"href":"https:\/\/taxadora.com\/de\/wp-json\/wp\/v2\/comments?post=20928"}],"version-history":[{"count":7,"href":"https:\/\/taxadora.com\/de\/wp-json\/wp\/v2\/pages\/20928\/revisions"}],"predecessor-version":[{"id":20935,"href":"https:\/\/taxadora.com\/de\/wp-json\/wp\/v2\/pages\/20928\/revisions\/20935"}],"wp:attachment":[{"href":"https:\/\/taxadora.com\/de\/wp-json\/wp\/v2\/media?parent=20928"}],"curies":[{"name":"wp","href":"https:\/\/api.w.org\/{rel}","templated":true}]}}