{"id":20439,"date":"2026-03-23T16:45:20","date_gmt":"2026-03-23T15:45:20","guid":{"rendered":"https:\/\/taxadora.com\/?page_id=20439"},"modified":"2026-03-23T17:08:28","modified_gmt":"2026-03-23T16:08:28","slug":"spekulationssteuer-spanien-rechner","status":"publish","type":"page","link":"https:\/\/taxadora.com\/de\/spekulationssteuer-spanien-rechner\/","title":{"rendered":"Spekulationssteuer Spanien Rechner | Steuer beim Immobilienverkauf berechnen"},"content":{"rendered":"\t\t<div data-elementor-type=\"wp-page\" data-elementor-id=\"20439\" class=\"elementor elementor-20439 elementor-20431\" data-elementor-post-type=\"page\">\n\t\t\t\t<div class=\"elementor-element elementor-element-57e83658 e-flex e-con-boxed e-con e-parent\" data-id=\"57e83658\" data-element_type=\"container\" data-e-type=\"container\">\n\t\t\t\t\t<div class=\"e-con-inner\">\n\t\t\t\t<div class=\"elementor-element elementor-element-340bac80 elementor-widget elementor-widget-heading\" data-id=\"340bac80\" data-element_type=\"widget\" data-e-type=\"widget\" data-widget_type=\"heading.default\">\n\t\t\t\t<div class=\"elementor-widget-container\">\n\t\t\t\t\t<h1 class=\"elementor-heading-title elementor-size-default\">Spekulationssteuer Spanien Rechner \u2013 Steuer beim Immobilienverkauf in Spanien berechnen<\/h1>\t\t\t\t<\/div>\n\t\t\t\t<\/div>\n\t\t\t\t\t<\/div>\n\t\t\t\t<\/div>\n\t\t<div class=\"elementor-element elementor-element-932b7a e-flex e-con-boxed e-con e-parent\" data-id=\"932b7a\" data-element_type=\"container\" data-e-type=\"container\">\n\t\t\t\t\t<div class=\"e-con-inner\">\n\t\t\t\t<div class=\"elementor-element elementor-element-3343c337 elementor-widget elementor-widget-text-editor\" data-id=\"3343c337\" data-element_type=\"widget\" data-e-type=\"widget\" data-widget_type=\"text-editor.default\">\n\t\t\t\t<div class=\"elementor-widget-container\">\n\t\t\t\t\t\t\t\t\t<p data-start=\"315\" data-end=\"448\">Wenn Sie eine Immobilie in Spanien verkaufen, m\u00fcssen Sie m\u00f6glicherweise <strong data-start=\"387\" data-end=\"409\">Spekulationssteuer<\/strong> auf den Gewinn aus dem Verkauf zahlen.<\/p><p data-start=\"450\" data-end=\"564\">Mit diesem Rechner k\u00f6nnen Sie schnell absch\u00e4tzen, wie viel Steuer beim Verkauf einer Immobilie in Spanien anf\u00e4llt.<\/p><p data-start=\"566\" data-end=\"708\">Geben Sie unten den Anschaffungswert und den Verkaufswert ein, um Ihre voraussichtliche Steuer beim Immobilienverkauf in Spanien zu berechnen.<\/p><p data-start=\"710\" data-end=\"852\">Verwenden Sie diesen Rechner, um Ihre Kapitalertragsteuer beim Verkauf einer Immobilie in Spanien als Resident oder Nichtresident zu sch\u00e4tzen.<\/p>\t\t\t\t\t\t\t\t<\/div>\n\t\t\t\t<\/div>\n\t\t\t\t\t<\/div>\n\t\t\t\t<\/div>\n\t\t\t\t<section class=\"elementor-section elementor-top-section elementor-element elementor-element-42abdb9d elementor-section-boxed elementor-section-height-default elementor-section-height-default\" data-id=\"42abdb9d\" data-element_type=\"section\" data-e-type=\"section\">\n\t\t\t\t\t\t<div class=\"elementor-container elementor-column-gap-default\">\n\t\t\t\t\t<div class=\"elementor-column elementor-col-100 elementor-top-column elementor-element elementor-element-3e815696\" data-id=\"3e815696\" data-element_type=\"column\" data-e-type=\"column\">\n\t\t\t<div class=\"elementor-widget-wrap elementor-element-populated\">\n\t\t\t\t\t\t<div class=\"elementor-element elementor-element-28522c60 elementor-widget elementor-widget-html\" data-id=\"28522c60\" data-element_type=\"widget\" data-e-type=\"widget\" data-widget_type=\"html.default\">\n\t\t\t\t<div class=\"elementor-widget-container\">\n\t\t\t\t\t<script src=\"https:\/\/www.cognitoforms.com\/f\/seamless.js\" data-key=\"13zT0_A930qptss4osmFMg\" data-form=\"201\"><\/script>\t\t\t\t<\/div>\n\t\t\t\t<\/div>\n\t\t\t\t\t<\/div>\n\t\t<\/div>\n\t\t\t\t\t<\/div>\n\t\t<\/section>\n\t\t<div class=\"elementor-element elementor-element-4a86d6c6 e-flex e-con-boxed e-con e-parent\" data-id=\"4a86d6c6\" data-element_type=\"container\" data-e-type=\"container\">\n\t\t\t\t\t<div class=\"e-con-inner\">\n\t\t\t\t<div class=\"elementor-element elementor-element-32c8ad3c elementor-widget elementor-widget-text-editor\" data-id=\"32c8ad3c\" data-element_type=\"widget\" data-e-type=\"widget\" data-widget_type=\"text-editor.default\">\n\t\t\t\t<div class=\"elementor-widget-container\">\n\t\t\t\t\t\t\t\t\t<div class=\"text-base my-auto mx-auto [--thread-content-margin:var(--thread-content-margin-xs,calc(var(--spacing)*4))] @w-sm\/main:[--thread-content-margin:var(--thread-content-margin-sm,calc(var(--spacing)*6))] @w-lg\/main:[--thread-content-margin:var(--thread-content-margin-lg,calc(var(--spacing)*16))] px-(--thread-content-margin)\"><div class=\"[--thread-content-max-width:40rem] @w-lg\/main:[--thread-content-max-width:48rem] mx-auto max-w-(--thread-content-max-width) flex-1 group\/turn-messages focus-visible:outline-hidden relative flex w-full min-w-0 flex-col agent-turn\"><div class=\"flex max-w-full flex-col gap-4 grow\"><div class=\"min-h-8 text-message relative flex w-full flex-col items-end gap-2 text-start break-words whitespace-normal outline-none keyboard-focused:focus-ring [.text-message+&amp;]:mt-1\" dir=\"auto\" data-message-author-role=\"assistant\" data-message-id=\"a79b5413-6430-408d-a277-a5e4b9e875c3\" data-message-model-slug=\"gpt-5-3\"><div class=\"flex w-full flex-col gap-1 empty:hidden\"><div class=\"flex flex-col text-sm pb-25\"><section class=\"text-token-text-primary w-full focus:outline-none [--shadow-height:45px] has-data-writing-block:pointer-events-none has-data-writing-block:-mt-(--shadow-height) has-data-writing-block:pt-(--shadow-height) [&amp;:has([data-writing-block])&gt;*]:pointer-events-auto scroll-mt-[calc(var(--header-height)+min(200px,max(70px,20svh)))]\" dir=\"auto\" data-turn-id=\"request-69ba7d49-68ac-8394-aa9b-825a48122346-6\" data-testid=\"conversation-turn-276\" data-scroll-anchor=\"true\" data-turn=\"assistant\"><div class=\"text-base my-auto mx-auto pb-10 [--thread-content-margin:var(--thread-content-margin-xs,calc(var(--spacing)*4))] @w-sm\/main:[--thread-content-margin:var(--thread-content-margin-sm,calc(var(--spacing)*6))] @w-lg\/main:[--thread-content-margin:var(--thread-content-margin-lg,calc(var(--spacing)*16))] px-(--thread-content-margin)\"><div class=\"[--thread-content-max-width:40rem] @w-lg\/main:[--thread-content-max-width:48rem] mx-auto max-w-(--thread-content-max-width) flex-1 group\/turn-messages focus-visible:outline-hidden relative flex w-full min-w-0 flex-col agent-turn\"><div class=\"flex max-w-full flex-col gap-4 grow\"><div class=\"min-h-8 text-message relative flex w-full flex-col items-end gap-2 text-start break-words whitespace-normal outline-none keyboard-focused:focus-ring [.text-message+&amp;]:mt-1\" dir=\"auto\" tabindex=\"0\" data-message-author-role=\"assistant\" data-message-id=\"cba09ac5-3bb4-4c3f-bfe5-e6e61e6dfbff\" data-message-model-slug=\"gpt-5-3\" data-turn-start-message=\"true\"><div class=\"flex w-full flex-col gap-1 empty:hidden\"><div class=\"markdown prose dark:prose-invert w-full wrap-break-word light markdown-new-styling\"><h2 data-section-id=\"1iubd9b\" data-start=\"859\" data-end=\"916\">Wie der Spekulationssteuer Spanien Rechner funktioniert<\/h2><p data-start=\"918\" data-end=\"982\">Der Rechner sch\u00e4tzt Ihre Steuer auf Grundlage folgender Angaben:<\/p><ul data-start=\"984\" data-end=\"1093\"><li data-section-id=\"dc1cjf\" data-start=\"984\" data-end=\"1016\">Anschaffungswert der Immobilie<\/li><li data-section-id=\"9ln421\" data-start=\"1017\" data-end=\"1045\">Verkaufswert der Immobilie<\/li><li data-section-id=\"1j8vnlz\" data-start=\"1046\" data-end=\"1070\">Gewinn aus dem Verkauf<\/li><li data-section-id=\"1v873py\" data-start=\"1071\" data-end=\"1093\">geltender Steuersatz<\/li><\/ul><p data-start=\"1095\" data-end=\"1209\">Der steuerpflichtige Gewinn ergibt sich in der Regel aus der Differenz zwischen Verkaufswert und Anschaffungswert.<\/p><p data-start=\"1211\" data-end=\"1247\">Zum Anschaffungswert k\u00f6nnen geh\u00f6ren:<\/p><ul data-start=\"1249\" data-end=\"1368\"><li data-section-id=\"cdorqq\" data-start=\"1249\" data-end=\"1274\">Kaufpreis der Immobilie<\/li><li data-section-id=\"100u5xp\" data-start=\"1275\" data-end=\"1314\">Grunderwerbsteuer oder Mehrwertsteuer<\/li><li data-section-id=\"1ahe1za\" data-start=\"1315\" data-end=\"1328\">Notarkosten<\/li><li data-section-id=\"1f9jk3a\" data-start=\"1329\" data-end=\"1346\">Grundbuchkosten<\/li><li data-section-id=\"1f5gyuh\" data-start=\"1347\" data-end=\"1368\">Rechtsanwaltskosten<\/li><\/ul><p data-start=\"1370\" data-end=\"1493\">Der Verkaufswert entspricht normalerweise dem Verkaufspreis abz\u00fcglich direkter Verkaufskosten, zum Beispiel Maklergeb\u00fchren.<\/p><hr data-start=\"1495\" data-end=\"1498\" \/><h2 data-section-id=\"4wdqvp\" data-start=\"1500\" data-end=\"1537\">Was in der Berechnung enthalten ist<\/h2><p data-start=\"1539\" data-end=\"1591\">Dieser Rechner liefert eine Sch\u00e4tzung basierend auf:<\/p><ul data-start=\"1593\" data-end=\"1670\"><li data-section-id=\"rb8tlx\" data-start=\"1593\" data-end=\"1611\">Anschaffungswert<\/li><li data-section-id=\"pi39zr\" data-start=\"1612\" data-end=\"1626\">Verkaufswert<\/li><li data-section-id=\"1a1eq8z\" data-start=\"1627\" data-end=\"1647\">Ver\u00e4u\u00dferungsgewinn<\/li><li data-section-id=\"8vkwq1\" data-start=\"1648\" data-end=\"1670\">geltendem Steuersatz<\/li><\/ul><p data-start=\"1672\" data-end=\"1699\">Der Rechner zeigt au\u00dferdem:<\/p><ul data-start=\"1701\" data-end=\"1771\"><li data-section-id=\"13cwnx7\" data-start=\"1701\" data-end=\"1721\">gesch\u00e4tzten Gewinn<\/li><li data-section-id=\"tykgmz\" data-start=\"1722\" data-end=\"1747\">angewendeten Steuersatz<\/li><li data-section-id=\"sze4cj\" data-start=\"1748\" data-end=\"1771\">gesch\u00e4tzte Steuerlast<\/li><\/ul><hr data-start=\"1773\" data-end=\"1776\" \/><h2 data-section-id=\"xz3yb1\" data-start=\"1778\" data-end=\"1821\">Was nicht in der Berechnung enthalten ist<\/h2><p data-start=\"1823\" data-end=\"1914\">Um den Rechner einfach und \u00fcbersichtlich zu halten, sind folgende Faktoren nicht enthalten:<\/p><ul data-start=\"1916\" data-end=\"2208\"><li data-section-id=\"ekbvny\" data-start=\"1916\" data-end=\"1999\">Modernisierungs- oder Renovierungskosten, die den Anschaffungswert erh\u00f6hen k\u00f6nnen<\/li><li data-section-id=\"1a63prj\" data-start=\"2000\" data-end=\"2041\">zus\u00e4tzliche abzugsf\u00e4hige Verkaufskosten<\/li><li data-section-id=\"1y5qm9a\" data-start=\"2042\" data-end=\"2080\">regionale steuerliche Besonderheiten<\/li><li data-section-id=\"1pgj1s8\" data-start=\"2081\" data-end=\"2132\">Doppelbesteuerungsabkommen mit Ihrem Wohnsitzland<\/li><li data-section-id=\"1pb2mcj\" data-start=\"2133\" data-end=\"2173\">Steuerbefreiungen in besonderen F\u00e4llen<\/li><li data-section-id=\"k9q0y9\" data-start=\"2174\" data-end=\"2208\">Versp\u00e4tungszuschl\u00e4ge oder Zinsen<\/li><\/ul><p data-start=\"2210\" data-end=\"2268\">Diese Faktoren k\u00f6nnen Ihre endg\u00fcltige Steuer beeinflussen.<\/p><hr data-start=\"2270\" data-end=\"2273\" \/><h2 data-section-id=\"dlimey\" data-start=\"2275\" data-end=\"2339\">Beispiel: Spekulationssteuer beim Immobilienverkauf in Spanien<\/h2><p data-start=\"2341\" data-end=\"2350\">Beispiel:<\/p><p data-start=\"2352\" data-end=\"2405\">Anschaffungswert: 180.000 \u20ac<br data-start=\"2379\" data-end=\"2382\" \/>Verkaufswert: 250.000 \u20ac<\/p><p data-start=\"2407\" data-end=\"2428\">Gesch\u00e4tztes Ergebnis:<\/p><p data-start=\"2430\" data-end=\"2508\">Ver\u00e4u\u00dferungsgewinn: 70.000 \u20ac<br data-start=\"2458\" data-end=\"2461\" \/>Steuersatz: 19 %<br data-start=\"2477\" data-end=\"2480\" \/>Zu zahlende Steuer: 13.300 \u20ac<\/p><p data-start=\"2510\" data-end=\"2602\">Dies gibt eine schnelle Einsch\u00e4tzung der m\u00f6glichen Steuer beim Immobilienverkauf in Spanien.<\/p><hr data-start=\"2604\" data-end=\"2607\" \/><h2 data-section-id=\"1vsdihd\" data-start=\"2609\" data-end=\"2668\">H\u00e4ufig gestellte Fragen zur Spekulationssteuer in Spanien<\/h2><h3 data-section-id=\"3jl0oa\" data-start=\"2670\" data-end=\"2715\">Was ist die Spekulationssteuer in Spanien?<\/h3><p data-start=\"2717\" data-end=\"2898\">Die Spekulationssteuer ist die Steuer auf den Gewinn aus dem Verkauf einer Immobilie. Wenn der Verkaufspreis h\u00f6her ist als der Anschaffungswert, kann auf den Gewinn Steuer anfallen.<\/p><hr data-start=\"2900\" data-end=\"2903\" \/><h3 data-section-id=\"1ciyjo4\" data-start=\"2905\" data-end=\"2972\">Wie wird die Steuer beim Immobilienverkauf in Spanien berechnet?<\/h3><p data-start=\"2974\" data-end=\"3089\">Die Steuer wird grunds\u00e4tzlich auf die Differenz zwischen Verkaufswert und Anschaffungswert der Immobilie berechnet.<\/p><hr data-start=\"3091\" data-end=\"3094\" \/><h3 data-section-id=\"1df9fq9\" data-start=\"3096\" data-end=\"3163\">Wie hoch ist die Steuer beim Verkauf einer Immobilie in Spanien?<\/h3><p data-start=\"3165\" data-end=\"3248\">F\u00fcr eine einfache Sch\u00e4tzung verwendet dieser Rechner einen Steuersatz von <strong data-start=\"3239\" data-end=\"3247\">19 %<\/strong>.<\/p><hr data-start=\"3250\" data-end=\"3253\" \/><h3 data-section-id=\"1g92c58\" data-start=\"3255\" data-end=\"3320\">Was bedeutet der 3 % Einbehalt f\u00fcr Nichtresidenten in Spanien?<\/h3><p data-start=\"3322\" data-end=\"3489\">Beim Verkauf einer Immobilie durch Nichtresidenten ist der K\u00e4ufer verpflichtet, <strong data-start=\"3402\" data-end=\"3429\">3 % des Verkaufspreises<\/strong> einzubehalten und an die spanische Steuerbeh\u00f6rde zu zahlen.<\/p><p data-start=\"3491\" data-end=\"3548\">Dieser Betrag wird auf die endg\u00fcltige Steuer angerechnet.<\/p><hr data-start=\"3550\" data-end=\"3553\" \/><h3 data-section-id=\"1c3sl3j\" data-start=\"3555\" data-end=\"3616\">Was passiert, wenn ich die Immobilie mit Verlust verkaufe?<\/h3><p data-start=\"3618\" data-end=\"3787\">Wenn kein Gewinn entsteht, f\u00e4llt in der Regel keine Spekulationssteuer an. Nichtresidenten k\u00f6nnen in diesem Fall h\u00e4ufig die R\u00fcckerstattung des 3 % Einbehalts beantragen.<\/p><hr data-start=\"3789\" data-end=\"3792\" \/><h3 data-section-id=\"1aeuzy3\" data-start=\"3794\" data-end=\"3871\">Wann muss die Steuer nach dem Immobilienverkauf in Spanien erkl\u00e4rt werden?<\/h3><p data-start=\"3873\" data-end=\"4013\">Nach dem Verkauf einer Immobilie muss die Steuererkl\u00e4rung in der Regel innerhalb der gesetzlichen Frist nach dem Verkauf eingereicht werden.<\/p><hr data-start=\"4015\" data-end=\"4018\" \/><h3 data-section-id=\"2db3ju\" data-start=\"4020\" data-end=\"4095\">Hilfe bei der Berechnung oder Erkl\u00e4rung der Spekulationssteuer in Spanien<\/h3><p data-start=\"4097\" data-end=\"4252\">Wenn Sie eine genaue Berechnung und Unterst\u00fctzung bei der Abgabe Ihrer Steuererkl\u00e4rung nach dem Immobilienverkauf ben\u00f6tigen, helfen wir Ihnen gerne weiter.<\/p><p data-start=\"4254\" data-end=\"4276\">Unser Service umfasst:<\/p><ul data-start=\"4278\" data-end=\"4463\"><li data-section-id=\"1b3pua6\" data-start=\"4278\" data-end=\"4323\">Pr\u00fcfung der Anschaffungs- und Verkaufswerte<\/li><li data-section-id=\"14tgs3s\" data-start=\"4324\" data-end=\"4359\">Berechnung der Spekulationssteuer<\/li><li data-section-id=\"ivyy1f\" data-start=\"4360\" data-end=\"4413\">Unterst\u00fctzung bei der Erkl\u00e4rung f\u00fcr Nichtresidenten<\/li><li data-section-id=\"1mdebub\" data-start=\"4414\" data-end=\"4463\">Hilfe bei der R\u00fcckerstattung des 3 % Einbehalts<\/li><\/ul><hr data-start=\"4465\" data-end=\"4468\" \/><h3 data-section-id=\"fh8n84\" data-start=\"4470\" data-end=\"4490\">Haftungsausschluss<\/h3><p data-start=\"4492\" data-end=\"4638\" data-is-last-node=\"\" data-is-only-node=\"\">Dieser Rechner dient nur zur Orientierung und ersetzt keine steuerliche Beratung. Die Berechnung ber\u00fccksichtigt nicht alle individuellen Umst\u00e4nde.<\/p><\/div><\/div><\/div><\/div><div class=\"z-0 flex min-h-[46px] justify-start\">\u00a0<\/div><\/div><\/div><\/section><\/div><\/div><\/div><\/div><\/div><\/div>\t\t\t\t\t\t\t\t<\/div>\n\t\t\t\t<\/div>\n\t\t\t\t\t<\/div>\n\t\t\t\t<\/div>\n\t\t\t\t<\/div>\n\t\t","protected":false},"excerpt":{"rendered":"<p>Spekulationssteuer Spanien Rechner \u2013 Steuer beim Immobilienverkauf in Spanien berechnen Wenn Sie eine Immobilie in Spanien verkaufen, m\u00fcssen Sie m\u00f6glicherweise Spekulationssteuer auf den Gewinn aus dem Verkauf zahlen. Mit diesem Rechner k\u00f6nnen Sie schnell absch\u00e4tzen, wie viel Steuer beim Verkauf einer Immobilie in Spanien anf\u00e4llt. Geben Sie unten den Anschaffungswert und den Verkaufswert ein, um [&hellip;]<\/p>\n","protected":false},"author":1,"featured_media":0,"parent":0,"menu_order":0,"comment_status":"closed","ping_status":"closed","template":"","meta":{"footnotes":""},"class_list":["post-20439","page","type-page","status-publish","hentry"],"_links":{"self":[{"href":"https:\/\/taxadora.com\/de\/wp-json\/wp\/v2\/pages\/20439","targetHints":{"allow":["GET"]}}],"collection":[{"href":"https:\/\/taxadora.com\/de\/wp-json\/wp\/v2\/pages"}],"about":[{"href":"https:\/\/taxadora.com\/de\/wp-json\/wp\/v2\/types\/page"}],"author":[{"embeddable":true,"href":"https:\/\/taxadora.com\/de\/wp-json\/wp\/v2\/users\/1"}],"replies":[{"embeddable":true,"href":"https:\/\/taxadora.com\/de\/wp-json\/wp\/v2\/comments?post=20439"}],"version-history":[{"count":7,"href":"https:\/\/taxadora.com\/de\/wp-json\/wp\/v2\/pages\/20439\/revisions"}],"predecessor-version":[{"id":20446,"href":"https:\/\/taxadora.com\/de\/wp-json\/wp\/v2\/pages\/20439\/revisions\/20446"}],"wp:attachment":[{"href":"https:\/\/taxadora.com\/de\/wp-json\/wp\/v2\/media?parent=20439"}],"curies":[{"name":"wp","href":"https:\/\/api.w.org\/{rel}","templated":true}]}}