{"id":19979,"date":"2026-03-18T14:20:43","date_gmt":"2026-03-18T13:20:43","guid":{"rendered":"https:\/\/taxadora.com\/?page_id=19979"},"modified":"2026-03-19T11:39:44","modified_gmt":"2026-03-19T10:39:44","slug":"de-spanien-steuerrechner","status":"publish","type":"page","link":"https:\/\/taxadora.com\/de\/de-spanien-steuerrechner\/","title":{"rendered":"Spanien Steuerrechner 2026 | Einkommensteuer &amp; Brutto Netto"},"content":{"rendered":"\t\t<div data-elementor-type=\"wp-page\" data-elementor-id=\"19979\" class=\"elementor elementor-19979 elementor-19904\" data-elementor-post-type=\"page\">\n\t\t\t\t<div class=\"elementor-element elementor-element-57e83658 e-flex e-con-boxed e-con e-parent\" data-id=\"57e83658\" data-element_type=\"container\" data-e-type=\"container\">\n\t\t\t\t\t<div class=\"e-con-inner\">\n\t\t\t\t<div class=\"elementor-element elementor-element-340bac80 elementor-widget elementor-widget-heading\" data-id=\"340bac80\" data-element_type=\"widget\" data-e-type=\"widget\" data-widget_type=\"heading.default\">\n\t\t\t\t<div class=\"elementor-widget-container\">\n\t\t\t\t\t<h1 class=\"elementor-heading-title elementor-size-default\">Spanien Steuerrechner 2026 \u2013 Einkommensteuer &amp; Brutto-Netto Rechner Spanien<\/h1>\t\t\t\t<\/div>\n\t\t\t\t<\/div>\n\t\t\t\t\t<\/div>\n\t\t\t\t<\/div>\n\t\t<div class=\"elementor-element elementor-element-932b7a e-flex e-con-boxed e-con e-parent\" data-id=\"932b7a\" data-element_type=\"container\" data-e-type=\"container\">\n\t\t\t\t\t<div class=\"e-con-inner\">\n\t\t\t\t<div class=\"elementor-element elementor-element-3343c337 elementor-widget elementor-widget-text-editor\" data-id=\"3343c337\" data-element_type=\"widget\" data-e-type=\"widget\" data-widget_type=\"text-editor.default\">\n\t\t\t\t<div class=\"elementor-widget-container\">\n\t\t\t\t\t\t\t\t\t<p>Dieser Spanien Steuerrechner hilft Ihnen, die Einkommensteuer auf Ihr Gehalt oder Ihre Rente in Spanien schnell zu berechnen und Ihr Nettoeinkommen nach Steuern zu sch\u00e4tzen.<\/p><p>Er ist f\u00fcr Personen gedacht, die in Spanien leben und eine schnelle und verl\u00e4ssliche Sch\u00e4tzung ihrer j\u00e4hrlichen Steuerbelastung erhalten m\u00f6chten.<\/p><p>Geben Sie unten Ihr Bruttogehalt oder Ihre Rente ein, um Ihre Einkommensteuer und Ihr Nettoeinkommen in Spanien sofort zu berechnen.<\/p><p>Nutzen Sie diesen Steuerrechner f\u00fcr Spanien, um Ihre Einkommensteuer und Ihr Netto in Spanien schnell zu berechnen.<\/p><p>Berechnen Sie Ihre Einkommensteuer in Spanien schnell mit diesem Steuerrechner f\u00fcr Spanien.<\/p>\t\t\t\t\t\t\t\t<\/div>\n\t\t\t\t<\/div>\n\t\t\t\t\t<\/div>\n\t\t\t\t<\/div>\n\t\t\t\t<section class=\"elementor-section elementor-top-section elementor-element elementor-element-42abdb9d elementor-section-boxed elementor-section-height-default elementor-section-height-default\" data-id=\"42abdb9d\" data-element_type=\"section\" data-e-type=\"section\">\n\t\t\t\t\t\t<div class=\"elementor-container elementor-column-gap-default\">\n\t\t\t\t\t<div class=\"elementor-column elementor-col-100 elementor-top-column elementor-element elementor-element-3e815696\" data-id=\"3e815696\" data-element_type=\"column\" data-e-type=\"column\">\n\t\t\t<div class=\"elementor-widget-wrap elementor-element-populated\">\n\t\t\t\t\t\t<div class=\"elementor-element elementor-element-28522c60 elementor-widget elementor-widget-html\" data-id=\"28522c60\" data-element_type=\"widget\" data-e-type=\"widget\" data-widget_type=\"html.default\">\n\t\t\t\t<div class=\"elementor-widget-container\">\n\t\t\t\t\t<script src=\"https:\/\/www.cognitoforms.com\/f\/seamless.js\" data-key=\"13zT0_A930qptss4osmFMg\" data-form=\"192\"><\/script>\t\t\t\t<\/div>\n\t\t\t\t<\/div>\n\t\t\t\t\t<\/div>\n\t\t<\/div>\n\t\t\t\t\t<\/div>\n\t\t<\/section>\n\t\t<div class=\"elementor-element elementor-element-4a86d6c6 e-flex e-con-boxed e-con e-parent\" data-id=\"4a86d6c6\" data-element_type=\"container\" data-e-type=\"container\">\n\t\t\t\t\t<div class=\"e-con-inner\">\n\t\t\t\t<div class=\"elementor-element elementor-element-32c8ad3c elementor-widget elementor-widget-text-editor\" data-id=\"32c8ad3c\" data-element_type=\"widget\" data-e-type=\"widget\" data-widget_type=\"text-editor.default\">\n\t\t\t\t<div class=\"elementor-widget-container\">\n\t\t\t\t\t\t\t\t\t<p>Nutzen Sie diesen Steuerrechner f\u00fcr Spanien, um Ihre Einkommensteuer und Ihr Nettoeinkommen f\u00fcr 2026 zu berechnen.<\/p><p>Dieser Steuerrechner basiert auf den aktuellen spanischen Steuervorschriften.<\/p><p>Der Rechner sch\u00e4tzt Ihre Einkommensteuer in Spanien auf Grundlage der wichtigsten Elemente.<\/p><p><span style=\"color: #1569ae; font-family: 'Work Sans', sans-serif; font-size: 2rem; font-weight: 600;\">Wie funktioniert der Steuerrechner f\u00fcr Spanien<\/span><\/p><p>Der Rechner sch\u00e4tzt Ihre Steuer auf Grundlage der wichtigsten Elemente des spanischen IRPF-Systems:<\/p><p>&#8211; Progressive Steuers\u00e4tze<br \/>&#8211; Pers\u00f6nlicher Freibetrag (m\u00ednimo personal)<br \/>&#8211; Freibetr\u00e4ge f\u00fcr Kinder<br \/>&#8211; Sozialversicherungsbeitr\u00e4ge (f\u00fcr Arbeitnehmer)<br \/>&#8211; Arbeitsbezogene Steuerverg\u00fcnstigungen<br \/>&#8211; Besteuerung von Renteneink\u00fcnften<\/p><p>Wenn Sie angestellt sind, zieht der Rechner die Sozialversicherungsbeitr\u00e4ge ab und ber\u00fccksichtigt die entsprechenden Verg\u00fcnstigungen.<\/p><p>Wenn Sie Rentner sind, berechnet er die Steuer auf Grundlage der f\u00fcr Renteneink\u00fcnfte geltenden Regeln.<\/p><h2>Was ist enthalten<\/h2><p>Dieser Rechner liefert eine realistische Sch\u00e4tzung auf Basis von:<\/p><p>&#8211; Ihrem Bruttogehalt oder Ihrer Rente<br \/>&#8211; Ihrem Alter<br \/>&#8211; Der Anzahl der unter 25-j\u00e4hrigen Kinder, die mit Ihnen zusammenleben<br \/>&#8211; Den \u00fcblichen pers\u00f6nlichen und famili\u00e4ren Freibetr\u00e4gen<\/p><p>Au\u00dferdem zeigt er:<\/p><p>&#8211; Die gesamte Einkommensteuer<br \/>&#8211; Den effektiven Steuersatz (%)<br \/>&#8211; Das Nettoeinkommen nach Steuern<\/p><h2>Was ist nicht enthalten<\/h2><p>Damit der Rechner einfach und benutzerfreundlich bleibt, werden einige Elemente nicht ber\u00fccksichtigt:<\/p><p>&#8211; Regionale Steuerunterschiede (Autonome Gemeinschaften)<br \/>&#8211; Kapitalgewinne (Aktien, Krypto usw.)<br \/>&#8211; Mieteinnahmen<br \/>&#8211; Zinsen oder Dividendeneink\u00fcnfte<br \/>&#8211; Besondere Steuerregime<\/p><p>Diese Faktoren k\u00f6nnen Ihre endg\u00fcltige Steuerbelastung beeinflussen.<\/p><h2>Beispiel: Einkommensteuer in Spanien<\/h2><p>Zum Beispiel:<\/p><p>&#8211; Gehalt: 30.000 \u20ac<br \/>&#8211; Keine Kinder<br \/>&#8211; Unter 65 Jahre<\/p><p>Der Rechner sch\u00e4tzt:<\/p><p>&#8211; Die zu zahlende Einkommensteuer<br \/>&#8211; Den effektiven Steuersatz<br \/>&#8211; Das Nettoeinkommen nach Steuern<\/p><p>So erhalten Sie einen schnellen \u00dcberblick \u00fcber Ihre steuerliche Situation in Spanien.<\/p><h2>H\u00e4ufige Fragen<\/h2><h3>Wie wird die Einkommensteuer in Spanien berechnet?<\/h3><p>Spanien verwendet ein progressives Steuersystem. Das bedeutet, dass h\u00f6here Einkommen mit h\u00f6heren Steuers\u00e4tzen besteuert werden. Die endg\u00fcltige Steuer h\u00e4ngt von Ihrem Einkommen, Ihren Freibetr\u00e4gen und Ihrer pers\u00f6nlichen Situation ab.<\/p><h3>Was ist IRPF?<\/h3><p>IRPF (Impuesto sobre la Renta de las Personas F\u00edsicas) ist die wichtigste Einkommensteuer in Spanien. Sie gilt f\u00fcr Geh\u00e4lter, Renten und andere Einkommensarten.<\/p><h3>Wie viel Steuern zahlt man in Spanien?<\/h3><p>Das h\u00e4ngt von Ihrem Einkommen und Ihrer pers\u00f6nlichen Situation ab. Als grobe Orientierung liegt der effektive Steuersatz meist zwischen 15 % und 45 %.<\/p><h3>Werden Renten in Spanien besteuert?<\/h3><p>Ja. Renteneink\u00fcnfte werden grunds\u00e4tzlich \u00e4hnlich wie Arbeitseinkommen besteuert. Bei ausl\u00e4ndischen Renten kann es Ausnahmen geben oder ausl\u00e4ndische Steuer kann in Spanien anrechenbar sein. Mehr dazu finden Sie hier: https:\/\/taxadora.com\/taxes-for-residents-in-spain\/<\/p><h3>Ber\u00fccksichtigt dieser Rechner alle Steuern?<\/h3><p>Nein. Dieser Rechner ist eine vereinfachte L\u00f6sung zur Sch\u00e4tzung Ihrer Steuer und ber\u00fccksichtigt nicht alle Einkunftsarten oder individuellen Besonderheiten.<\/p><h2>Ben\u00f6tigen Sie eine genauere Steuerberechnung?<\/h2><p>Wenn Sie eine vollst\u00e4ndige und genaue Steuersimulation ben\u00f6tigen, einschlie\u00dflich:<\/p><p>&#8211; Kapitalgewinnen<br \/>&#8211; Mieteinnahmen<br \/>&#8211; Internationalen Eink\u00fcnften<br \/>&#8211; Steuerplanungsstrategien<\/p><p>bieten wir Ihnen eine individuelle spanische Steuersimulation an.<\/p><h3>Hinweis<\/h3><p>Dieser Rechner dient nur zur groben Sch\u00e4tzung. Er ersetzt keine professionelle Steuerberatung und ber\u00fccksichtigt nicht alle m\u00f6glichen Variablen oder individuellen Umst\u00e4nde.<\/p>\t\t\t\t\t\t\t\t<\/div>\n\t\t\t\t<\/div>\n\t\t\t\t\t<\/div>\n\t\t\t\t<\/div>\n\t\t\t\t<\/div>\n\t\t","protected":false},"excerpt":{"rendered":"<p>Spanien Steuerrechner 2026 \u2013 Einkommensteuer &amp; Brutto-Netto Rechner Spanien Dieser Spanien Steuerrechner hilft Ihnen, die Einkommensteuer auf Ihr Gehalt oder Ihre Rente in Spanien schnell zu berechnen und Ihr Nettoeinkommen nach Steuern zu sch\u00e4tzen. Er ist f\u00fcr Personen gedacht, die in Spanien leben und eine schnelle und verl\u00e4ssliche Sch\u00e4tzung ihrer j\u00e4hrlichen Steuerbelastung erhalten m\u00f6chten. Geben [&hellip;]<\/p>\n","protected":false},"author":1,"featured_media":0,"parent":0,"menu_order":0,"comment_status":"closed","ping_status":"closed","template":"","meta":{"footnotes":""},"class_list":["post-19979","page","type-page","status-publish","hentry"],"_links":{"self":[{"href":"https:\/\/taxadora.com\/de\/wp-json\/wp\/v2\/pages\/19979","targetHints":{"allow":["GET"]}}],"collection":[{"href":"https:\/\/taxadora.com\/de\/wp-json\/wp\/v2\/pages"}],"about":[{"href":"https:\/\/taxadora.com\/de\/wp-json\/wp\/v2\/types\/page"}],"author":[{"embeddable":true,"href":"https:\/\/taxadora.com\/de\/wp-json\/wp\/v2\/users\/1"}],"replies":[{"embeddable":true,"href":"https:\/\/taxadora.com\/de\/wp-json\/wp\/v2\/comments?post=19979"}],"version-history":[{"count":7,"href":"https:\/\/taxadora.com\/de\/wp-json\/wp\/v2\/pages\/19979\/revisions"}],"predecessor-version":[{"id":19986,"href":"https:\/\/taxadora.com\/de\/wp-json\/wp\/v2\/pages\/19979\/revisions\/19986"}],"wp:attachment":[{"href":"https:\/\/taxadora.com\/de\/wp-json\/wp\/v2\/media?parent=19979"}],"curies":[{"name":"wp","href":"https:\/\/api.w.org\/{rel}","templated":true}]}}