{"id":18055,"date":"2024-10-21T16:13:54","date_gmt":"2024-10-21T14:13:54","guid":{"rendered":"https:\/\/taxadora.com\/blog\/"},"modified":"2026-03-30T16:25:35","modified_gmt":"2026-03-30T14:25:35","slug":"blog","status":"publish","type":"page","link":"https:\/\/taxadora.com\/de\/blog\/","title":{"rendered":"Blog"},"content":{"rendered":"\t\t<div data-elementor-type=\"wp-page\" data-elementor-id=\"18055\" class=\"elementor elementor-18055 elementor-13642\" data-elementor-post-type=\"page\">\n\t\t\t\t<div class=\"elementor-element elementor-element-8aae7cc e-flex e-con-boxed e-con e-parent\" data-id=\"8aae7cc\" data-element_type=\"container\" data-e-type=\"container\">\n\t\t\t\t\t<div class=\"e-con-inner\">\n\t\t\t\t<div class=\"elementor-element elementor-element-8667b4b elementor-grid-3 elementor-grid-tablet-2 elementor-grid-mobile-1 elementor-posts--thumbnail-top elementor-card-shadow-yes elementor-posts__hover-gradient elementor-widget elementor-widget-posts\" data-id=\"8667b4b\" data-element_type=\"widget\" data-e-type=\"widget\" data-settings=\"{&quot;pagination_type&quot;:&quot;numbers&quot;,&quot;cards_columns&quot;:&quot;3&quot;,&quot;cards_columns_tablet&quot;:&quot;2&quot;,&quot;cards_columns_mobile&quot;:&quot;1&quot;,&quot;cards_row_gap&quot;:{&quot;unit&quot;:&quot;px&quot;,&quot;size&quot;:35,&quot;sizes&quot;:[]},&quot;cards_row_gap_tablet&quot;:{&quot;unit&quot;:&quot;px&quot;,&quot;size&quot;:&quot;&quot;,&quot;sizes&quot;:[]},&quot;cards_row_gap_mobile&quot;:{&quot;unit&quot;:&quot;px&quot;,&quot;size&quot;:&quot;&quot;,&quot;sizes&quot;:[]}}\" data-widget_type=\"posts.cards\">\n\t\t\t\t<div class=\"elementor-widget-container\">\n\t\t\t\t\t\t\t<div class=\"elementor-posts-container elementor-posts elementor-posts--skin-cards elementor-grid\" role=\"list\">\n\t\t\t\t<article class=\"elementor-post elementor-grid-item post-19743 post type-post status-publish format-standard hentry category-non-classifiee\" role=\"listitem\">\n\t\t\t<div class=\"elementor-post__card\">\n\t\t\t\t<div class=\"elementor-post__text\">\n\t\t\t\t<h2 class=\"elementor-post__title\">\n\t\t\t<a href=\"https:\/\/taxadora.com\/de\/blog\/vermoegenssteuer-in-spanien-fuer-nichtresidenten-2026-alles-was-sie-wissen-muessen\/\" >\n\t\t\t\tVerm\u00f6genssteuer in Spanien f\u00fcr Nichtresidenten (2026): Alles, was Sie wissen m\u00fcssen\t\t\t<\/a>\n\t\t<\/h2>\n\t\t\t\t<div class=\"elementor-post__excerpt\">\n\t\t\t<p>Verm\u00f6genssteuer in Spanien f\u00fcr Nichtresidenten (2026): Alles, was Sie wissen m\u00fcssen Aktualisiert: 2026 Kurz\u00fcberblick Gilt f\u00fcr Verm\u00f6gen in Spanien Freibetrag:<\/p>\n\t\t<\/div>\n\t\t\n\t\t<a class=\"elementor-post__read-more\" href=\"https:\/\/taxadora.com\/de\/blog\/vermoegenssteuer-in-spanien-fuer-nichtresidenten-2026-alles-was-sie-wissen-muessen\/\" aria-label=\"Read more about Verm\u00f6genssteuer in Spanien f\u00fcr Nichtresidenten (2026): Alles, was Sie wissen m\u00fcssen\" tabindex=\"-1\" >\n\t\t\tMehr lesen \u00bb\t\t<\/a>\n\n\t\t\t\t<\/div>\n\t\t\t\t\t<\/div>\n\t\t<\/article>\n\t\t\t\t<article class=\"elementor-post elementor-grid-item post-19738 post type-post status-publish format-standard hentry category-non-classifiee\" role=\"listitem\">\n\t\t\t<div class=\"elementor-post__card\">\n\t\t\t\t<div class=\"elementor-post__text\">\n\t\t\t\t<h2 class=\"elementor-post__title\">\n\t\t\t<a href=\"https:\/\/taxadora.com\/de\/blog\/immobilie-in-spanien-verkaufen-als-nichtresident-steuern-3-einbehalt-modelo-210-2026-guide\/\" >\n\t\t\t\tImmobilie in Spanien verkaufen als Nichtresident: Steuern, 3% Einbehalt &amp; Modelo 210 (2026 Guide)\t\t\t<\/a>\n\t\t<\/h2>\n\t\t\t\t<div class=\"elementor-post__excerpt\">\n\t\t\t<p>Immobilie in Spanien verkaufen als Nichtresident: Steuern, 3% Einbehalt &amp; Modelo 210 (2026 Guide) Aktualisiert: 2026 Kurz\u00fcberblick Kapitalertragsteuer: 19% (EU\/EWR)<\/p>\n\t\t<\/div>\n\t\t\n\t\t<a class=\"elementor-post__read-more\" href=\"https:\/\/taxadora.com\/de\/blog\/immobilie-in-spanien-verkaufen-als-nichtresident-steuern-3-einbehalt-modelo-210-2026-guide\/\" aria-label=\"Read more about Immobilie in Spanien verkaufen als Nichtresident: Steuern, 3% Einbehalt &amp; Modelo 210 (2026 Guide)\" tabindex=\"-1\" >\n\t\t\tMehr lesen \u00bb\t\t<\/a>\n\n\t\t\t\t<\/div>\n\t\t\t\t\t<\/div>\n\t\t<\/article>\n\t\t\t\t<article class=\"elementor-post elementor-grid-item post-19733 post type-post status-publish format-standard hentry category-non-classifiee\" role=\"listitem\">\n\t\t\t<div class=\"elementor-post__card\">\n\t\t\t\t<div class=\"elementor-post__text\">\n\t\t\t\t<h2 class=\"elementor-post__title\">\n\t\t\t<a href=\"https:\/\/taxadora.com\/de\/blog\/modelo-720-spanien-auslandsvermoegen-richtig-melden-2026-guide-fuer-neue-steuerresidenten\/\" >\n\t\t\t\tModelo 720 Spanien: Auslandsverm\u00f6gen richtig melden (2026 Guide f\u00fcr neue Steuerresidenten)\t\t\t<\/a>\n\t\t<\/h2>\n\t\t\t\t<div class=\"elementor-post__excerpt\">\n\t\t\t<p>Modelo 720 Spanien: Auslandsverm\u00f6gen richtig melden (2026 Guide f\u00fcr neue Steuerresidenten) Aktualisiert: 2026 Kurz\u00fcberblick Pflicht f\u00fcr Steuerresidenten in Spanien Schwelle:<\/p>\n\t\t<\/div>\n\t\t\n\t\t<a class=\"elementor-post__read-more\" href=\"https:\/\/taxadora.com\/de\/blog\/modelo-720-spanien-auslandsvermoegen-richtig-melden-2026-guide-fuer-neue-steuerresidenten\/\" aria-label=\"Read more about Modelo 720 Spanien: Auslandsverm\u00f6gen richtig melden (2026 Guide f\u00fcr neue Steuerresidenten)\" tabindex=\"-1\" >\n\t\t\tMehr lesen \u00bb\t\t<\/a>\n\n\t\t\t\t<\/div>\n\t\t\t\t\t<\/div>\n\t\t<\/article>\n\t\t\t\t<article class=\"elementor-post elementor-grid-item post-19728 post type-post status-publish format-standard hentry category-non-classifiee\" role=\"listitem\">\n\t\t\t<div class=\"elementor-post__card\">\n\t\t\t\t<div class=\"elementor-post__text\">\n\t\t\t\t<h2 class=\"elementor-post__title\">\n\t\t\t<a href=\"https:\/\/taxadora.com\/de\/blog\/wartungs-checkliste-fuer-ihre-ferienimmobilie-in-spanien-2026-guide\/\" >\n\t\t\t\tWartungs-Checkliste f\u00fcr Ihre Ferienimmobilie in Spanien (2026 Guide)\t\t\t<\/a>\n\t\t<\/h2>\n\t\t\t\t<div class=\"elementor-post__excerpt\">\n\t\t\t<p>Wartungs-Checkliste f\u00fcr Ihre Ferienimmobilie in Spanien (2026 Guide) Aktualisiert: 2026 Kurz\u00fcberblick Regelm\u00e4\u00dfige Wartung sch\u00fctzt vor hohen Kosten Besonders wichtig f\u00fcr<\/p>\n\t\t<\/div>\n\t\t\n\t\t<a class=\"elementor-post__read-more\" href=\"https:\/\/taxadora.com\/de\/blog\/wartungs-checkliste-fuer-ihre-ferienimmobilie-in-spanien-2026-guide\/\" aria-label=\"Read more about Wartungs-Checkliste f\u00fcr Ihre Ferienimmobilie in Spanien (2026 Guide)\" tabindex=\"-1\" >\n\t\t\tMehr lesen \u00bb\t\t<\/a>\n\n\t\t\t\t<\/div>\n\t\t\t\t\t<\/div>\n\t\t<\/article>\n\t\t\t\t<article class=\"elementor-post elementor-grid-item post-19723 post type-post status-publish format-standard hentry category-non-classifiee\" role=\"listitem\">\n\t\t\t<div class=\"elementor-post__card\">\n\t\t\t\t<div class=\"elementor-post__text\">\n\t\t\t\t<h2 class=\"elementor-post__title\">\n\t\t\t<a href=\"https:\/\/taxadora.com\/de\/blog\/koerperschaftsteuer-in-spanien-2026-der-komplette-leitfaden-fuer-unternehmen\/\" >\n\t\t\t\tK\u00f6rperschaftsteuer in Spanien 2026: Der komplette Leitfaden f\u00fcr Unternehmen\t\t\t<\/a>\n\t\t<\/h2>\n\t\t\t\t<div class=\"elementor-post__excerpt\">\n\t\t\t<p>K\u00f6rperschaftsteuer in Spanien 2026: Der komplette Leitfaden f\u00fcr Unternehmen Aktualisiert: 2026 Kurz\u00fcberblick Standard-Steuersatz: 25% Neugr\u00fcndungen: 15% (erste 2 Jahre) Sonderregime<\/p>\n\t\t<\/div>\n\t\t\n\t\t<a class=\"elementor-post__read-more\" href=\"https:\/\/taxadora.com\/de\/blog\/koerperschaftsteuer-in-spanien-2026-der-komplette-leitfaden-fuer-unternehmen\/\" aria-label=\"Read more about K\u00f6rperschaftsteuer in Spanien 2026: Der komplette Leitfaden f\u00fcr Unternehmen\" tabindex=\"-1\" >\n\t\t\tMehr lesen \u00bb\t\t<\/a>\n\n\t\t\t\t<\/div>\n\t\t\t\t\t<\/div>\n\t\t<\/article>\n\t\t\t\t<article class=\"elementor-post elementor-grid-item post-19718 post type-post status-publish format-standard hentry category-non-classifiee\" role=\"listitem\">\n\t\t\t<div class=\"elementor-post__card\">\n\t\t\t\t<div class=\"elementor-post__text\">\n\t\t\t\t<h2 class=\"elementor-post__title\">\n\t\t\t<a href=\"https:\/\/taxadora.com\/de\/blog\/steuerbefreiung-fuer-arbeit-im-ausland-in-spanien-die-60-100e-regel-2026-guide\/\" >\n\t\t\t\tSteuerbefreiung f\u00fcr Arbeit im Ausland in Spanien: Die 60.100\u20ac Regel (2026 Guide)\t\t\t<\/a>\n\t\t<\/h2>\n\t\t\t\t<div class=\"elementor-post__excerpt\">\n\t\t\t<p>Steuerbefreiung f\u00fcr Arbeit im Ausland in Spanien: Die 60.100\u20ac Regel (2026 Guide) Aktualisiert: 2026 Kurz\u00fcberblick Steuerfrei bis zu 60.100 \u20ac<\/p>\n\t\t<\/div>\n\t\t\n\t\t<a class=\"elementor-post__read-more\" href=\"https:\/\/taxadora.com\/de\/blog\/steuerbefreiung-fuer-arbeit-im-ausland-in-spanien-die-60-100e-regel-2026-guide\/\" aria-label=\"Read more about Steuerbefreiung f\u00fcr Arbeit im Ausland in Spanien: Die 60.100\u20ac Regel (2026 Guide)\" tabindex=\"-1\" >\n\t\t\tMehr lesen \u00bb\t\t<\/a>\n\n\t\t\t\t<\/div>\n\t\t\t\t\t<\/div>\n\t\t<\/article>\n\t\t\t\t<article class=\"elementor-post elementor-grid-item post-19713 post type-post status-publish format-standard hentry category-non-classifiee\" role=\"listitem\">\n\t\t\t<div class=\"elementor-post__card\">\n\t\t\t\t<div class=\"elementor-post__text\">\n\t\t\t\t<h2 class=\"elementor-post__title\">\n\t\t\t<a href=\"https:\/\/taxadora.com\/de\/blog\/grunderwerbsteuer-spanien-itp-2026-kompletter-leitfaden-fuer-immobilienkaeufer\/\" >\n\t\t\t\tGrunderwerbsteuer Spanien (ITP) 2026 \u2013 kompletter Leitfaden f\u00fcr Immobilienk\u00e4ufer\t\t\t<\/a>\n\t\t<\/h2>\n\t\t\t\t<div class=\"elementor-post__excerpt\">\n\t\t\t<p>Grunderwerbsteuer Spanien (ITP) 2026 \u2013 kompletter Leitfaden f\u00fcr Immobilienk\u00e4ufer Aktualisiert: 17. M\u00e4rz 2026 ITP Spanien \u2013 Kurz\u00fcberblick Gilt nur f\u00fcr<\/p>\n\t\t<\/div>\n\t\t\n\t\t<a class=\"elementor-post__read-more\" href=\"https:\/\/taxadora.com\/de\/blog\/grunderwerbsteuer-spanien-itp-2026-kompletter-leitfaden-fuer-immobilienkaeufer\/\" aria-label=\"Read more about Grunderwerbsteuer Spanien (ITP) 2026 \u2013 kompletter Leitfaden f\u00fcr Immobilienk\u00e4ufer\" tabindex=\"-1\" >\n\t\t\tMehr lesen \u00bb\t\t<\/a>\n\n\t\t\t\t<\/div>\n\t\t\t\t\t<\/div>\n\t\t<\/article>\n\t\t\t\t<article class=\"elementor-post elementor-grid-item post-19708 post type-post status-publish format-standard hentry category-non-classifiee\" role=\"listitem\">\n\t\t\t<div class=\"elementor-post__card\">\n\t\t\t\t<div class=\"elementor-post__text\">\n\t\t\t\t<h2 class=\"elementor-post__title\">\n\t\t\t<a href=\"https:\/\/taxadora.com\/de\/blog\/lohnsteuer-und-payroll-in-spanien-2026-kompletter-leitfaden-fuer-arbeitgeber-arbeitnehmer-und-remote-worker\/\" >\n\t\t\t\tLohnsteuer und Payroll in Spanien (2026) \u2013 kompletter Leitfaden f\u00fcr Arbeitgeber, Arbeitnehmer und Remote Worker\t\t\t<\/a>\n\t\t<\/h2>\n\t\t\t\t<div class=\"elementor-post__excerpt\">\n\t\t\t<p>Lohnsteuer und Payroll in Spanien (2026) \u2013 kompletter Leitfaden f\u00fcr Arbeitgeber, Arbeitnehmer und Remote Worker Aktualisiert: 17. M\u00e4rz 2026 Payroll<\/p>\n\t\t<\/div>\n\t\t\n\t\t<a class=\"elementor-post__read-more\" href=\"https:\/\/taxadora.com\/de\/blog\/lohnsteuer-und-payroll-in-spanien-2026-kompletter-leitfaden-fuer-arbeitgeber-arbeitnehmer-und-remote-worker\/\" aria-label=\"Read more about Lohnsteuer und Payroll in Spanien (2026) \u2013 kompletter Leitfaden f\u00fcr Arbeitgeber, Arbeitnehmer und Remote Worker\" tabindex=\"-1\" >\n\t\t\tMehr lesen \u00bb\t\t<\/a>\n\n\t\t\t\t<\/div>\n\t\t\t\t\t<\/div>\n\t\t<\/article>\n\t\t\t\t<article class=\"elementor-post elementor-grid-item post-19703 post type-post status-publish format-standard hentry category-non-classifiee\" role=\"listitem\">\n\t\t\t<div class=\"elementor-post__card\">\n\t\t\t\t<div class=\"elementor-post__text\">\n\t\t\t\t<h2 class=\"elementor-post__title\">\n\t\t\t<a href=\"https:\/\/taxadora.com\/de\/blog\/spanische-steuerformulare-2026-kompletter-leitfaden-fuer-selbstaendige-und-unternehmen\/\" >\n\t\t\t\tSpanische Steuerformulare 2026 \u2013 kompletter Leitfaden f\u00fcr Selbst\u00e4ndige und Unternehmen\t\t\t<\/a>\n\t\t<\/h2>\n\t\t\t\t<div class=\"elementor-post__excerpt\">\n\t\t\t<p>Spanische Steuerformulare 2026 \u2013 kompletter Leitfaden f\u00fcr Selbst\u00e4ndige und Unternehmen Aktualisiert: 17. M\u00e4rz 2026 Steuerformulare Spanien \u2013 Kurz\u00fcberblick \u00dcber 140<\/p>\n\t\t<\/div>\n\t\t\n\t\t<a class=\"elementor-post__read-more\" href=\"https:\/\/taxadora.com\/de\/blog\/spanische-steuerformulare-2026-kompletter-leitfaden-fuer-selbstaendige-und-unternehmen\/\" aria-label=\"Read more about Spanische Steuerformulare 2026 \u2013 kompletter Leitfaden f\u00fcr Selbst\u00e4ndige und Unternehmen\" tabindex=\"-1\" >\n\t\t\tMehr lesen \u00bb\t\t<\/a>\n\n\t\t\t\t<\/div>\n\t\t\t\t\t<\/div>\n\t\t<\/article>\n\t\t\t\t<article class=\"elementor-post elementor-grid-item post-19681 post type-post status-publish format-standard hentry category-non-classifiee\" role=\"listitem\">\n\t\t\t<div class=\"elementor-post__card\">\n\t\t\t\t<div class=\"elementor-post__text\">\n\t\t\t\t<h2 class=\"elementor-post__title\">\n\t\t\t<a href=\"https:\/\/taxadora.com\/de\/blog\/steuerfristen-spanien-2026-alle-wichtigen-termine-fuer-residenten-nichtresidenten-und-unternehmen\/\" >\n\t\t\t\tSteuerfristen Spanien 2026 \u2013 alle wichtigen Termine f\u00fcr Residenten, Nichtresidenten und Unternehmen\t\t\t<\/a>\n\t\t<\/h2>\n\t\t\t\t<div class=\"elementor-post__excerpt\">\n\t\t\t<p>Steuerfristen Spanien 2026 \u2013 alle wichtigen Termine f\u00fcr Residenten, Nichtresidenten und Unternehmen Aktualisiert: 17. M\u00e4rz 2026 Steuertermine Spanien 2026 \u2013<\/p>\n\t\t<\/div>\n\t\t\n\t\t<a class=\"elementor-post__read-more\" href=\"https:\/\/taxadora.com\/de\/blog\/steuerfristen-spanien-2026-alle-wichtigen-termine-fuer-residenten-nichtresidenten-und-unternehmen\/\" aria-label=\"Read more about Steuerfristen Spanien 2026 \u2013 alle wichtigen Termine f\u00fcr Residenten, Nichtresidenten und Unternehmen\" tabindex=\"-1\" >\n\t\t\tMehr lesen \u00bb\t\t<\/a>\n\n\t\t\t\t<\/div>\n\t\t\t\t\t<\/div>\n\t\t<\/article>\n\t\t\t\t<article class=\"elementor-post elementor-grid-item post-19692 post type-post status-publish format-standard hentry category-non-classifiee\" role=\"listitem\">\n\t\t\t<div class=\"elementor-post__card\">\n\t\t\t\t<div class=\"elementor-post__text\">\n\t\t\t\t<h2 class=\"elementor-post__title\">\n\t\t\t<a href=\"https:\/\/taxadora.com\/de\/blog\/immobilie-in-spanien-kaufen-als-auslaender-2026-kompletter-leitfaden\/\" >\n\t\t\t\tImmobilie in Spanien kaufen als Ausl\u00e4nder (2026) \u2013 kompletter Leitfaden\t\t\t<\/a>\n\t\t<\/h2>\n\t\t\t\t<div class=\"elementor-post__excerpt\">\n\t\t\t<p>Immobilie in Spanien kaufen als Ausl\u00e4nder (2026) \u2013 kompletter Leitfaden Deed (&#8222;Escritura de Compraventa&#8220;) Aktualisiert: 17. M\u00e4rz 2026 Immobilie Spanien<\/p>\n\t\t<\/div>\n\t\t\n\t\t<a class=\"elementor-post__read-more\" href=\"https:\/\/taxadora.com\/de\/blog\/immobilie-in-spanien-kaufen-als-auslaender-2026-kompletter-leitfaden\/\" aria-label=\"Read more about Immobilie in Spanien kaufen als Ausl\u00e4nder (2026) \u2013 kompletter Leitfaden\" tabindex=\"-1\" >\n\t\t\tMehr lesen \u00bb\t\t<\/a>\n\n\t\t\t\t<\/div>\n\t\t\t\t\t<\/div>\n\t\t<\/article>\n\t\t\t\t<article class=\"elementor-post elementor-grid-item post-19698 post type-post status-publish format-standard hentry category-non-classifiee\" role=\"listitem\">\n\t\t\t<div class=\"elementor-post__card\">\n\t\t\t\t<div class=\"elementor-post__text\">\n\t\t\t\t<h2 class=\"elementor-post__title\">\n\t\t\t<a href=\"https:\/\/taxadora.com\/de\/blog\/spanische-grundsteuer-online-bezahlen-2026-leitfaden-fuer-nichtresidenten\/\" >\n\t\t\t\tSpanische Grundsteuer online bezahlen (2026) \u2013 Leitfaden f\u00fcr Nichtresidenten\t\t\t<\/a>\n\t\t<\/h2>\n\t\t\t\t<div class=\"elementor-post__excerpt\">\n\t\t\t<p>Spanische Grundsteuer online bezahlen (2026) \u2013 Leitfaden f\u00fcr Nichtresidenten Aktualisiert: 17. M\u00e4rz 2026 Spanien Steuern online bezahlen \u2013 Kurz\u00fcberblick IBI<\/p>\n\t\t<\/div>\n\t\t\n\t\t<a class=\"elementor-post__read-more\" href=\"https:\/\/taxadora.com\/de\/blog\/spanische-grundsteuer-online-bezahlen-2026-leitfaden-fuer-nichtresidenten\/\" aria-label=\"Read more about Spanische Grundsteuer online bezahlen (2026) \u2013 Leitfaden f\u00fcr Nichtresidenten\" tabindex=\"-1\" >\n\t\t\tMehr lesen \u00bb\t\t<\/a>\n\n\t\t\t\t<\/div>\n\t\t\t\t\t<\/div>\n\t\t<\/article>\n\t\t\t\t<\/div>\n\t\t\n\t\t\t\t<div class=\"e-load-more-anchor\" data-page=\"1\" data-max-page=\"2\" data-next-page=\"https:\/\/taxadora.com\/de\/wp-json\/wp\/v2\/pages\/18055\/page\/2\/\"><\/div>\n\t\t\t\t<nav class=\"elementor-pagination\" aria-label=\"Pagination\">\n\t\t\t<span aria-current=\"page\" class=\"page-numbers current\"><span class=\"elementor-screen-only\">Page<\/span>1<\/span>\n<a class=\"page-numbers\" href=\"https:\/\/taxadora.com\/de\/wp-json\/wp\/v2\/pages\/18055\/page\/2\/\"><span class=\"elementor-screen-only\">Page<\/span>2<\/a>\t\t<\/nav>\n\t\t\t\t\t\t<\/div>\n\t\t\t\t<\/div>\n\t\t\t\t\t<\/div>\n\t\t\t\t<\/div>\n\t\t\t\t<\/div>\n\t\t","protected":false},"excerpt":{"rendered":"","protected":false},"author":14,"featured_media":0,"parent":0,"menu_order":0,"comment_status":"closed","ping_status":"closed","template":"elementor_header_footer","meta":{"footnotes":""},"class_list":["post-18055","page","type-page","status-publish","hentry"],"_links":{"self":[{"href":"https:\/\/taxadora.com\/de\/wp-json\/wp\/v2\/pages\/18055","targetHints":{"allow":["GET"]}}],"collection":[{"href":"https:\/\/taxadora.com\/de\/wp-json\/wp\/v2\/pages"}],"about":[{"href":"https:\/\/taxadora.com\/de\/wp-json\/wp\/v2\/types\/page"}],"author":[{"embeddable":true,"href":"https:\/\/taxadora.com\/de\/wp-json\/wp\/v2\/users\/14"}],"replies":[{"embeddable":true,"href":"https:\/\/taxadora.com\/de\/wp-json\/wp\/v2\/comments?post=18055"}],"version-history":[{"count":1,"href":"https:\/\/taxadora.com\/de\/wp-json\/wp\/v2\/pages\/18055\/revisions"}],"predecessor-version":[{"id":18056,"href":"https:\/\/taxadora.com\/de\/wp-json\/wp\/v2\/pages\/18055\/revisions\/18056"}],"wp:attachment":[{"href":"https:\/\/taxadora.com\/de\/wp-json\/wp\/v2\/media?parent=18055"}],"curies":[{"name":"wp","href":"https:\/\/api.w.org\/{rel}","templated":true}]}}