{"id":17501,"date":"2025-10-16T11:38:23","date_gmt":"2025-10-16T09:38:23","guid":{"rendered":"https:\/\/taxadora.com\/steuern-auf-erbschaften-und-schenkungen-in-spanien\/"},"modified":"2025-11-28T10:52:40","modified_gmt":"2025-11-28T09:52:40","slug":"erbschaft-und-schenkungen","status":"publish","type":"page","link":"https:\/\/taxadora.com\/de\/erbschaft-und-schenkungen\/","title":{"rendered":"Steuern auf Erbschaften und Schenkungen in Spanien"},"content":{"rendered":"\t\t<div data-elementor-type=\"wp-page\" data-elementor-id=\"17501\" class=\"elementor elementor-17501 elementor-17233\" data-elementor-post-type=\"page\">\n\t\t\t\t<div class=\"elementor-element elementor-element-1c9d0ba e-flex e-con-boxed e-con e-parent\" data-id=\"1c9d0ba\" data-element_type=\"container\" data-e-type=\"container\">\n\t\t\t\t\t<div class=\"e-con-inner\">\n\t\t<div class=\"elementor-element elementor-element-76e06a9e e-con-full e-flex e-con e-child\" data-id=\"76e06a9e\" data-element_type=\"container\" data-e-type=\"container\">\n\t\t<div class=\"elementor-element elementor-element-4a7d9662 e-con-full e-flex e-con e-child\" data-id=\"4a7d9662\" data-element_type=\"container\" data-e-type=\"container\" data-settings=\"{&quot;background_background&quot;:&quot;classic&quot;,&quot;position&quot;:&quot;absolute&quot;}\">\n\t\t\t\t<div class=\"elementor-element elementor-element-5c0a2e83 elementor-widget elementor-widget-heading\" data-id=\"5c0a2e83\" data-element_type=\"widget\" data-e-type=\"widget\" data-widget_type=\"heading.default\">\n\t\t\t\t<div class=\"elementor-widget-container\">\n\t\t\t\t\t<div class=\"elementor-heading-title elementor-size-xxl\">Mitarbeiter des Finanzamtes<\/div>\t\t\t\t<\/div>\n\t\t\t\t<\/div>\n\t\t\t\t<div class=\"elementor-element elementor-element-7d1eea9a elementor-widget elementor-widget-image\" data-id=\"7d1eea9a\" data-element_type=\"widget\" data-e-type=\"widget\" data-widget_type=\"image.default\">\n\t\t\t\t<div class=\"elementor-widget-container\">\n\t\t\t\t\t\t\t\t\t\t\t\t\t\t\t<img fetchpriority=\"high\" decoding=\"async\" width=\"500\" height=\"500\" src=\"https:\/\/taxadora.com\/wp-content\/uploads\/2024\/10\/taxadora-tax-office-collaborator-1.png\" class=\"attachment-full size-full wp-image-19019\" alt=\"\" srcset=\"https:\/\/taxadora.com\/wp-content\/uploads\/2024\/10\/taxadora-tax-office-collaborator-1.png 500w, https:\/\/taxadora.com\/wp-content\/uploads\/2024\/10\/taxadora-tax-office-collaborator-1-300x300.png 300w, https:\/\/taxadora.com\/wp-content\/uploads\/2024\/10\/taxadora-tax-office-collaborator-1-150x150.png 150w\" sizes=\"(max-width: 500px) 100vw, 500px\">\t\t\t\t\t\t\t\t\t\t\t\t\t\t\t<\/div>\n\t\t\t\t<\/div>\n\t\t\t\t<div class=\"elementor-element elementor-element-1e63a71 elementor-widget elementor-widget-heading\" data-id=\"1e63a71\" data-element_type=\"widget\" data-e-type=\"widget\" data-widget_type=\"heading.default\">\n\t\t\t\t<div class=\"elementor-widget-container\">\n\t\t\t\t\t<h2 class=\"elementor-heading-title elementor-size-default\">Agencia tributaria<\/h2>\t\t\t\t<\/div>\n\t\t\t\t<\/div>\n\t\t\t\t<\/div>\n\t\t\t\t<div class=\"elementor-element elementor-element-10a21a46 elementor-widget elementor-widget-image\" data-id=\"10a21a46\" data-element_type=\"widget\" data-e-type=\"widget\" data-widget_type=\"image.default\">\n\t\t\t\t<div class=\"elementor-widget-container\">\n\t\t\t\t\t\t\t\t\t\t\t\t\t\t\t<img decoding=\"async\" src=\"https:\/\/taxadora.com\/wp-content\/uploads\/2025\/10\/rental-income-taxes-spain-taxes-taxadora.webp\" title=\"\" alt=\"rental income taxes spain online\" loading=\"lazy\" \/>\t\t\t\t\t\t\t\t\t\t\t\t\t\t\t<\/div>\n\t\t\t\t<\/div>\n\t\t\t\t<\/div>\n\t\t<div class=\"elementor-element elementor-element-17f27075 e-con-full e-flex e-con e-child\" data-id=\"17f27075\" data-element_type=\"container\" data-e-type=\"container\">\n\t\t\t\t<div class=\"elementor-element elementor-element-44256678 elementor-widget elementor-widget-heading\" data-id=\"44256678\" data-element_type=\"widget\" data-e-type=\"widget\" data-widget_type=\"heading.default\">\n\t\t\t\t<div class=\"elementor-widget-container\">\n\t\t\t\t\t<h1 class=\"elementor-heading-title elementor-size-xxl\">Erbschaft und Schenkung in Spanien<\/h1>\t\t\t\t<\/div>\n\t\t\t\t<\/div>\n\t\t\t\t<div class=\"elementor-element elementor-element-68aaf1cd elementor-widget elementor-widget-heading\" data-id=\"68aaf1cd\" data-element_type=\"widget\" data-e-type=\"widget\" data-widget_type=\"heading.default\">\n\t\t\t\t<div class=\"elementor-widget-container\">\n\t\t\t\t\t<h2 class=\"elementor-heading-title elementor-size-xxl\">Steuern auf Erbschaften und Schenkungen in Spanien<\/h2>\t\t\t\t<\/div>\n\t\t\t\t<\/div>\n\t\t\t\t<div class=\"elementor-element elementor-element-b237a10 elementor-widget elementor-widget-heading\" data-id=\"b237a10\" data-element_type=\"widget\" data-e-type=\"widget\" data-widget_type=\"heading.default\">\n\t\t\t\t<div class=\"elementor-widget-container\">\n\t\t\t\t\t<h2 class=\"elementor-heading-title elementor-size-xxl\">Wir f\u00fcllen Ihre spanische Steuererkl\u00e4rung\n aus - in 5 Minuten fertig!<\/h2>\t\t\t\t<\/div>\n\t\t\t\t<\/div>\n\t\t\t\t<div class=\"elementor-element elementor-element-782ca12e elementor-widget elementor-widget-text-editor\" data-id=\"782ca12e\" data-element_type=\"widget\" data-e-type=\"widget\" data-widget_type=\"text-editor.default\">\n\t\t\t\t<div class=\"elementor-widget-container\">\n\t\t\t\t\t\t\t\t\t<p>In Spanien werden Erbschaften und Schenkungen\/Spenden besteuert.<\/p><p>Die H\u00f6he der Steuer h\u00e4ngt davon ab, in welcher Region Sie leben, und in vielen Regionen gibt es erhebliche Abz\u00fcge. In vielen F\u00e4llen m\u00fcssen Sie nicht mehr als einen kleinen Betrag zahlen &#8211; auch wenn Sie die Steuer erkl\u00e4ren m\u00fcssen.<\/p><p>Wenn Sie normalerweise au\u00dferhalb Spaniens leben, m\u00fcssen Sie f\u00fcr Immobilien in Spanien zahlen, zum Beispiel f\u00fcr ein Ferienhaus. Wenn der Empf\u00e4nger der Erbschaft oder Schenkung mehr als die H\u00e4lfte des Jahres in Spanien lebt, muss die Person in Spanien Steuern zahlen, auch wenn die Immobilie au\u00dferhalb Spaniens liegt.<\/p>\t\t\t\t\t\t\t\t<\/div>\n\t\t\t\t<\/div>\n\t\t\t\t<div class=\"elementor-element elementor-element-15e3ff1d elementor-widget elementor-widget-shortcode\" data-id=\"15e3ff1d\" data-element_type=\"widget\" data-e-type=\"widget\" data-widget_type=\"shortcode.default\">\n\t\t\t\t<div class=\"elementor-widget-container\">\n\t\t\t\t\t\t\t<div class=\"elementor-shortcode\"><script defer async src='https:\/\/cdn.trustindex.io\/loader.js?34e923736e691441d94666dbf63'><\/script><\/div>\n\t\t\t\t\t\t<\/div>\n\t\t\t\t<\/div>\n\t\t\t\t<\/div>\n\t\t\t\t\t<\/div>\n\t\t\t\t<\/div>\n\t\t\t\t<section class=\"elementor-section elementor-top-section elementor-element elementor-element-44bbed83 elementor-section-boxed elementor-section-height-default elementor-section-height-default\" data-id=\"44bbed83\" data-element_type=\"section\" data-e-type=\"section\">\n\t\t\t\t\t\t<div class=\"elementor-container elementor-column-gap-default\">\n\t\t\t\t\t<div class=\"elementor-column elementor-col-100 elementor-top-column elementor-element elementor-element-211ae3bc\" data-id=\"211ae3bc\" data-element_type=\"column\" data-e-type=\"column\">\n\t\t\t<div class=\"elementor-widget-wrap elementor-element-populated\">\n\t\t\t\t\t\t<div class=\"elementor-element elementor-element-61e8aa69 elementor-widget elementor-widget-heading\" data-id=\"61e8aa69\" data-element_type=\"widget\" data-e-type=\"widget\" data-widget_type=\"heading.default\">\n\t\t\t\t<div class=\"elementor-widget-container\">\n\t\t\t\t\t<h2 class=\"elementor-heading-title elementor-size-xxl\">Steuern auf Schenkungen und Erbschaften in Spanien<\/h2>\t\t\t\t<\/div>\n\t\t\t\t<\/div>\n\t\t\t\t<div class=\"elementor-element elementor-element-613aae09 elementor-widget elementor-widget-heading\" data-id=\"613aae09\" data-element_type=\"widget\" data-e-type=\"widget\" data-widget_type=\"heading.default\">\n\t\t\t\t<div class=\"elementor-widget-container\">\n\t\t\t\t\t<h2 class=\"elementor-heading-title elementor-size-xxl\">+5000 zufriedene Kunden<\/h2>\t\t\t\t<\/div>\n\t\t\t\t<\/div>\n\t\t\t\t\t<\/div>\n\t\t<\/div>\n\t\t\t\t\t<\/div>\n\t\t<\/section>\n\t\t\t\t<section class=\"elementor-section elementor-top-section elementor-element elementor-element-448bf346 elementor-section-boxed elementor-section-height-default elementor-section-height-default\" data-id=\"448bf346\" data-element_type=\"section\" data-e-type=\"section\">\n\t\t\t\t\t\t<div class=\"elementor-container elementor-column-gap-default\">\n\t\t\t\t\t<div class=\"elementor-column elementor-col-100 elementor-top-column elementor-element elementor-element-5bdd8a2d\" data-id=\"5bdd8a2d\" data-element_type=\"column\" data-e-type=\"column\">\n\t\t\t<div class=\"elementor-widget-wrap elementor-element-populated\">\n\t\t\t\t\t\t<div class=\"elementor-element elementor-element-5d2d1b98 elementor-widget elementor-widget-shortcode\" data-id=\"5d2d1b98\" data-element_type=\"widget\" data-e-type=\"widget\" data-widget_type=\"shortcode.default\">\n\t\t\t\t<div class=\"elementor-widget-container\">\n\t\t\t\t\t\t\t<div class=\"elementor-shortcode\"><script defer async src='https:\/\/cdn.trustindex.io\/loader.js?29ee23e3642d1458e236875d03a'><\/script><\/div>\n\t\t\t\t\t\t<\/div>\n\t\t\t\t<\/div>\n\t\t\t\t\t<\/div>\n\t\t<\/div>\n\t\t\t\t\t<\/div>\n\t\t<\/section>\n\t\t\t\t<section class=\"elementor-section elementor-top-section elementor-element elementor-element-b7e66e8 elementor-section-boxed elementor-section-height-default elementor-section-height-default\" data-id=\"b7e66e8\" data-element_type=\"section\" data-e-type=\"section\">\n\t\t\t\t\t\t<div class=\"elementor-container elementor-column-gap-default\">\n\t\t\t\t\t<div class=\"elementor-column elementor-col-100 elementor-top-column elementor-element elementor-element-dbf1d43\" data-id=\"dbf1d43\" data-element_type=\"column\" data-e-type=\"column\">\n\t\t\t<div class=\"elementor-widget-wrap elementor-element-populated\">\n\t\t\t\t\t\t<div class=\"elementor-element elementor-element-519de67 elementor-widget elementor-widget-heading\" data-id=\"519de67\" data-element_type=\"widget\" data-e-type=\"widget\" data-widget_type=\"heading.default\">\n\t\t\t\t<div class=\"elementor-widget-container\">\n\t\t\t\t\t<div class=\"elementor-heading-title elementor-size-xxl\">Kontaktieren Sie uns<\/div>\t\t\t\t<\/div>\n\t\t\t\t<\/div>\n\t\t\t\t\t<\/div>\n\t\t<\/div>\n\t\t\t\t\t<\/div>\n\t\t<\/section>\n\t\t<div class=\"elementor-element elementor-element-dc24ac5 e-flex e-con-boxed e-con e-parent\" data-id=\"dc24ac5\" data-element_type=\"container\" data-e-type=\"container\">\n\t\t\t\t\t<div class=\"e-con-inner\">\n\t\t\t\t<div class=\"elementor-element elementor-element-e299f04 elementor-widget elementor-widget-html\" data-id=\"e299f04\" data-element_type=\"widget\" data-e-type=\"widget\" data-widget_type=\"html.default\">\n\t\t\t\t<div class=\"elementor-widget-container\">\n\t\t\t\t\t<script src=\"https:\/\/www.cognitoforms.com\/f\/seamless.js\" data-key=\"13zT0_A930qptss4osmFMg\" data-form=\"148\"><\/script>\t\t\t\t<\/div>\n\t\t\t\t<\/div>\n\t\t\t\t\t<\/div>\n\t\t\t\t<\/div>\n\t\t\t\t<\/div>\n\t\t","protected":false},"excerpt":{"rendered":"<p>Mitarbeiter des Finanzamtes Agencia tributaria Erbschaft und Schenkung in Spanien Steuern auf Erbschaften und Schenkungen in Spanien Wir f\u00fcllen Ihre spanische Steuererkl\u00e4rung aus &#8211; in 5 Minuten fertig! In Spanien werden Erbschaften und Schenkungen\/Spenden besteuert. Die H\u00f6he der Steuer h\u00e4ngt davon ab, in welcher Region Sie leben, und in vielen Regionen gibt es erhebliche Abz\u00fcge. [&hellip;]<\/p>\n","protected":false},"author":1,"featured_media":17502,"parent":0,"menu_order":0,"comment_status":"closed","ping_status":"closed","template":"elementor_header_footer","meta":{"footnotes":""},"class_list":["post-17501","page","type-page","status-publish","has-post-thumbnail","hentry"],"_links":{"self":[{"href":"https:\/\/taxadora.com\/de\/wp-json\/wp\/v2\/pages\/17501","targetHints":{"allow":["GET"]}}],"collection":[{"href":"https:\/\/taxadora.com\/de\/wp-json\/wp\/v2\/pages"}],"about":[{"href":"https:\/\/taxadora.com\/de\/wp-json\/wp\/v2\/types\/page"}],"author":[{"embeddable":true,"href":"https:\/\/taxadora.com\/de\/wp-json\/wp\/v2\/users\/1"}],"replies":[{"embeddable":true,"href":"https:\/\/taxadora.com\/de\/wp-json\/wp\/v2\/comments?post=17501"}],"version-history":[{"count":5,"href":"https:\/\/taxadora.com\/de\/wp-json\/wp\/v2\/pages\/17501\/revisions"}],"predecessor-version":[{"id":18143,"href":"https:\/\/taxadora.com\/de\/wp-json\/wp\/v2\/pages\/17501\/revisions\/18143"}],"wp:featuredmedia":[{"embeddable":true,"href":"https:\/\/taxadora.com\/de\/wp-json\/wp\/v2\/media\/17502"}],"wp:attachment":[{"href":"https:\/\/taxadora.com\/de\/wp-json\/wp\/v2\/media?parent=17501"}],"curies":[{"name":"wp","href":"https:\/\/api.w.org\/{rel}","templated":true}]}}