{"id":12624,"date":"2020-02-10T15:57:05","date_gmt":"2020-02-10T14:57:05","guid":{"rendered":"https:\/\/taxadora.com\/?page_id=12624"},"modified":"2025-11-28T10:47:37","modified_gmt":"2025-11-28T09:47:37","slug":"ich-bin-bereits-kunde","status":"publish","type":"page","link":"https:\/\/taxadora.com\/de\/ich-bin-bereits-kunde\/","title":{"rendered":"Ich bin bereits Kunde"},"content":{"rendered":"\t\t<div data-elementor-type=\"wp-page\" data-elementor-id=\"12624\" class=\"elementor elementor-12624 elementor-3373\" data-elementor-post-type=\"page\">\n\t\t\t\t\t\t<section class=\"elementor-section elementor-top-section elementor-element elementor-element-47d255e elementor-section-boxed elementor-section-height-default elementor-section-height-default\" data-id=\"47d255e\" data-element_type=\"section\" data-e-type=\"section\">\n\t\t\t\t\t\t<div class=\"elementor-container elementor-column-gap-default\">\n\t\t\t\t\t<div class=\"elementor-column elementor-col-100 elementor-top-column elementor-element elementor-element-a31c396\" data-id=\"a31c396\" data-element_type=\"column\" data-e-type=\"column\">\n\t\t\t<div class=\"elementor-widget-wrap elementor-element-populated\">\n\t\t\t\t\t\t<div class=\"elementor-element elementor-element-7b0b313 elementor-widget elementor-widget-heading\" data-id=\"7b0b313\" data-element_type=\"widget\" data-e-type=\"widget\" data-widget_type=\"heading.default\">\n\t\t\t\t<div class=\"elementor-widget-container\">\n\t\t\t\t\t<h2 class=\"elementor-heading-title elementor-size-default\">Steuer f\u00fcr Nichtans\u00e4ssige - Modelo 210 f\u00fcr fr\u00fchere Kunden von Taxadora.<\/h2>\t\t\t\t<\/div>\n\t\t\t\t<\/div>\n\t\t\t\t\t<\/div>\n\t\t<\/div>\n\t\t\t\t\t<\/div>\n\t\t<\/section>\n\t\t\t\t<section class=\"elementor-section elementor-top-section elementor-element elementor-element-a9ba5b7 elementor-section-boxed elementor-section-height-default elementor-section-height-default\" data-id=\"a9ba5b7\" data-element_type=\"section\" data-e-type=\"section\">\n\t\t\t\t\t\t<div class=\"elementor-container elementor-column-gap-default\">\n\t\t\t\t\t<div class=\"elementor-column elementor-col-100 elementor-top-column elementor-element elementor-element-09a5aed\" data-id=\"09a5aed\" data-element_type=\"column\" data-e-type=\"column\">\n\t\t\t<div class=\"elementor-widget-wrap elementor-element-populated\">\n\t\t\t\t\t\t<div class=\"elementor-element elementor-element-f6a2e2a elementor-widget elementor-widget-html\" data-id=\"f6a2e2a\" data-element_type=\"widget\" data-e-type=\"widget\" id=\"cognito6\" data-widget_type=\"html.default\">\n\t\t\t\t<div class=\"elementor-widget-container\">\n\t\t\t\t\t<style>\r\n#cognito6 .cog-input .el-textarea__inner {\r\n  border: 1px solid black !important;\r\n}\r\n<\/style><script src=\"https:\/\/www.cognitoforms.com\/f\/seamless.js\" data-key=\"13zT0_A930qptss4osmFMg\" data-form=\"143\"><\/script>\t\t\t\t<\/div>\n\t\t\t\t<\/div>\n\t\t\t\t\t<\/div>\n\t\t<\/div>\n\t\t\t\t\t<\/div>\n\t\t<\/section>\n\t\t\t\t<\/div>\n\t\t","protected":false},"excerpt":{"rendered":"<p>Steuer f\u00fcr Nichtans\u00e4ssige &#8211; Modelo 210 f\u00fcr fr\u00fchere Kunden von Taxadora.<\/p>\n","protected":false},"author":1,"featured_media":0,"parent":0,"menu_order":0,"comment_status":"closed","ping_status":"closed","template":"elementor_header_footer","meta":{"footnotes":""},"class_list":["post-12624","page","type-page","status-publish","hentry"],"_links":{"self":[{"href":"https:\/\/taxadora.com\/de\/wp-json\/wp\/v2\/pages\/12624","targetHints":{"allow":["GET"]}}],"collection":[{"href":"https:\/\/taxadora.com\/de\/wp-json\/wp\/v2\/pages"}],"about":[{"href":"https:\/\/taxadora.com\/de\/wp-json\/wp\/v2\/types\/page"}],"author":[{"embeddable":true,"href":"https:\/\/taxadora.com\/de\/wp-json\/wp\/v2\/users\/1"}],"replies":[{"embeddable":true,"href":"https:\/\/taxadora.com\/de\/wp-json\/wp\/v2\/comments?post=12624"}],"version-history":[{"count":16,"href":"https:\/\/taxadora.com\/de\/wp-json\/wp\/v2\/pages\/12624\/revisions"}],"predecessor-version":[{"id":18119,"href":"https:\/\/taxadora.com\/de\/wp-json\/wp\/v2\/pages\/12624\/revisions\/18119"}],"wp:attachment":[{"href":"https:\/\/taxadora.com\/de\/wp-json\/wp\/v2\/media?parent=12624"}],"curies":[{"name":"wp","href":"https:\/\/api.w.org\/{rel}","templated":true}]}}