{"id":12120,"date":"2020-02-18T14:46:10","date_gmt":"2020-02-18T13:46:10","guid":{"rendered":"https:\/\/taxadora.com\/?page_id=12120"},"modified":"2022-08-04T10:13:49","modified_gmt":"2022-08-04T08:13:49","slug":"investor-medien-auf-der-suche-nach-einer-partnerschaft-oder-einem-job","status":"publish","type":"page","link":"https:\/\/taxadora.com\/de\/investor-medien-auf-der-suche-nach-einer-partnerschaft-oder-einem-job\/","title":{"rendered":"Investor, Medien, auf der Suche nach einer Partnerschaft oder einem Job?"},"content":{"rendered":"\t\t<div data-elementor-type=\"wp-page\" data-elementor-id=\"12120\" class=\"elementor elementor-12120 elementor-3553\" data-elementor-post-type=\"page\">\n\t\t\t\t\t\t<section class=\"elementor-section elementor-top-section elementor-element elementor-element-4c50bee5 elementor-section-full_width elementor-section-height-default elementor-section-height-default\" data-id=\"4c50bee5\" data-element_type=\"section\" data-e-type=\"section\" data-settings=\"{&quot;background_background&quot;:&quot;classic&quot;}\">\n\t\t\t\t\t\t<div class=\"elementor-container elementor-column-gap-default\">\n\t\t\t\t\t<div class=\"elementor-column elementor-col-50 elementor-top-column elementor-element elementor-element-3687c600 elementor-hidden-phone\" data-id=\"3687c600\" data-element_type=\"column\" data-e-type=\"column\">\n\t\t\t<div class=\"elementor-widget-wrap elementor-element-populated\">\n\t\t\t\t\t\t<div class=\"elementor-element elementor-element-ea962fc elementor-widget elementor-widget-image\" data-id=\"ea962fc\" data-element_type=\"widget\" data-e-type=\"widget\" data-widget_type=\"image.default\">\n\t\t\t\t<div class=\"elementor-widget-container\">\n\t\t\t\t\t\t\t\t\t\t\t\t\t\t\t<img decoding=\"async\" src=\"https:\/\/taxadora.com\/wp-content\/uploads\/elementor\/thumbs\/taxadoralogopdf-1-1-pc74jhztg5gv2gc66txje36skzfdrd8xnn0lztup1e.png\" title=\"taxadoralogopdf-1\" alt=\"taxadoralogopdf-1\" loading=\"lazy\" \/>\t\t\t\t\t\t\t\t\t\t\t\t\t\t\t<\/div>\n\t\t\t\t<\/div>\n\t\t\t\t\t<\/div>\n\t\t<\/div>\n\t\t\t\t<div class=\"elementor-column elementor-col-50 elementor-top-column elementor-element elementor-element-430f45cd\" data-id=\"430f45cd\" data-element_type=\"column\" data-e-type=\"column\">\n\t\t\t<div class=\"elementor-widget-wrap elementor-element-populated\">\n\t\t\t\t\t\t<div class=\"elementor-element elementor-element-4fed7902 elementor-widget elementor-widget-wp-widget-maxmegamenu\" data-id=\"4fed7902\" data-element_type=\"widget\" data-e-type=\"widget\" data-widget_type=\"wp-widget-maxmegamenu.default\">\n\t\t\t\t<div class=\"elementor-widget-container\">\n\t\t\t\t\t<div id=\"mega-menu-wrap-menu-1\" class=\"mega-menu-wrap\"><div class=\"mega-menu-toggle\"><div class=\"mega-toggle-blocks-left\"><\/div><div class=\"mega-toggle-blocks-center\"><\/div><div class=\"mega-toggle-blocks-right\"><div class='mega-toggle-block mega-menu-toggle-block mega-toggle-block-1' id='mega-toggle-block-1'><button class='mega-toggle-standard mega-toggle-label' aria-haspopup='true' aria-expanded='false' aria-controls='mega-menu-menu-1'><span class='mega-toggle-label-closed'><\/span><span class='mega-toggle-label-open'><\/span><\/button><\/div><\/div><\/div><ul id=\"mega-menu-menu-1\" class=\"mega-menu max-mega-menu mega-menu-horizontal mega-no-js\" data-event=\"hover_intent\" data-effect=\"fade_up\" data-effect-speed=\"200\" data-effect-mobile=\"disabled\" data-effect-speed-mobile=\"0\" data-mobile-force-width=\"false\" data-second-click=\"go\" data-document-click=\"collapse\" data-vertical-behaviour=\"standard\" data-breakpoint=\"600\" data-unbind=\"true\" data-mobile-state=\"collapse_all\" data-mobile-direction=\"vertical\" data-hover-intent-timeout=\"300\" data-hover-intent-interval=\"100\"><li class=\"mega-menu-item mega-menu-item-type-post_type mega-menu-item-object-page mega-menu-item-has-children mega-align-bottom-left mega-menu-flyout mega-menu-item-17060 menu-item\" id=\"mega-menu-item-17060\"><a class=\"mega-menu-link\" href=\"https:\/\/taxadora.com\/non-resident-tax-modelo-210-spain\/\" aria-expanded=\"false\" aria-controls=\"mega-sub-menu-17060\"><i class=\"_mi _before dashicons dashicons-format-aside\" aria-hidden=\"true\"><\/i><span>Spanish taxes<\/span><span class=\"mega-indicator\" aria-hidden=\"true\"><\/span><\/a>\n<ul class=\"mega-sub-menu\" id='mega-sub-menu-17060'>\n<li class=\"mega-menu-item mega-menu-item-type-post_type mega-menu-item-object-page mega-menu-item-16539 menu-item\" id=\"mega-menu-item-16539\"><a class=\"mega-menu-link\" href=\"https:\/\/taxadora.com\/non-resident-tax-modelo-210-spain\/\"><i class=\"_mi _before dashicons dashicons-admin-home\" aria-hidden=\"true\"><\/i><span>Non resident Tax Modelo 210 Spain<\/span><\/a><\/li><li class=\"mega-menu-item mega-menu-item-type-post_type mega-menu-item-object-page mega-menu-item-17589 menu-item\" id=\"mega-menu-item-17589\"><a class=\"mega-menu-link\" href=\"https:\/\/taxadora.com\/rental-income-taxes-in-spain\/\"><i class=\"_mi _before dashicons dashicons-calendar-alt\" aria-hidden=\"true\"><\/i><span>Rental Income Taxes<\/span><\/a><\/li><li class=\"mega-menu-item mega-menu-item-type-post_type mega-menu-item-object-page mega-menu-item-17510 menu-item\" id=\"mega-menu-item-17510\"><a class=\"mega-menu-link\" href=\"https:\/\/taxadora.com\/capital-gains-taxes\/\"><i class=\"_mi _before dashicons dashicons-admin-multisite\" aria-hidden=\"true\"><\/i><span>Capital Gains Tax from sale of property<\/span><\/a><\/li><li class=\"mega-menu-item mega-menu-item-type-post_type mega-menu-item-object-page mega-has-icon mega-icon-left mega-menu-item-3466 menu-item\" id=\"mega-menu-item-3466\"><a class=\"dashicons-admin-users mega-menu-link\" href=\"https:\/\/taxadora.com\/taxes-for-residents-in-spain\/\"><i class=\"_mi _before dashicons dashicons-admin-users\" aria-hidden=\"true\" style=\"font-size:1em;\"><\/i><span>Income taxes for Residents<\/span><\/a><\/li><li class=\"mega-menu-item mega-menu-item-type-post_type mega-menu-item-object-page mega-has-icon mega-icon-left mega-menu-item-5331 menu-item\" id=\"mega-menu-item-5331\"><a class=\"dashicons-welcome-add-page mega-menu-link\" href=\"https:\/\/taxadora.com\/modelo-720-declaring-foreign-assets\/\"><i class=\"_mi _before dashicons dashicons-welcome-edit-page\" aria-hidden=\"true\" style=\"font-size:1em;\"><\/i><span>Declare foreign assets - Modelo 720<\/span><\/a><\/li><li class=\"mega-menu-item mega-menu-item-type-post_type mega-menu-item-object-page mega-menu-item-18697 menu-item\" id=\"mega-menu-item-18697\"><a class=\"mega-menu-link\" href=\"https:\/\/taxadora.com\/double-taxation\/\"><i class=\"_mi _before dashicons dashicons-update\" aria-hidden=\"true\"><\/i><span>Double taxation<\/span><\/a><\/li><li class=\"mega-menu-item mega-menu-item-type-post_type mega-menu-item-object-page mega-menu-item-17696 menu-item\" id=\"mega-menu-item-17696\"><a class=\"mega-menu-link\" href=\"https:\/\/taxadora.com\/taxes-for-businesses\/\"><i class=\"_mi _before dashicons dashicons-businessman\" aria-hidden=\"true\"><\/i><span>Accounting and taxes for Businesses<\/span><\/a><\/li><li class=\"mega-menu-item mega-menu-item-type-post_type mega-menu-item-object-page mega-menu-item-17497 menu-item\" id=\"mega-menu-item-17497\"><a class=\"mega-menu-link\" href=\"https:\/\/taxadora.com\/inheritance-and-donations\/\"><i class=\"_mi _before dashicons dashicons-money\" aria-hidden=\"true\"><\/i><span>Inheritance and donations<\/span><\/a><\/li><li class=\"mega-menu-item mega-menu-item-type-post_type mega-menu-item-object-page mega-menu-item-18381 menu-item\" id=\"mega-menu-item-18381\"><a class=\"mega-menu-link\" href=\"https:\/\/taxadora.com\/beckham-law-spain\/\"><i class=\"_mi _before dashicons dashicons-welcome-edit-page\" aria-hidden=\"true\"><\/i><span>Beckham Law Spain<\/span><\/a><\/li><li class=\"mega-menu-item mega-menu-item-type-post_type mega-menu-item-object-page mega-menu-item-18951 menu-item\" id=\"mega-menu-item-18951\"><a class=\"mega-menu-link\" href=\"https:\/\/taxadora.com\/wealth-tax-spain\/\"><i class=\"_mi _before dashicons dashicons-admin-multisite\" aria-hidden=\"true\"><\/i><span>Wealth Tax<\/span><\/a><\/li><\/ul>\n<\/li><li class=\"mega-menu-item mega-menu-item-type-custom mega-menu-item-object-custom mega-menu-item-has-children mega-align-bottom-left mega-menu-flyout mega-menu-item-16110 menu-item\" id=\"mega-menu-item-16110\"><a class=\"mega-menu-link\" href=\"#\" aria-expanded=\"false\" aria-controls=\"mega-sub-menu-16110\">How it works<span class=\"mega-indicator\" aria-hidden=\"true\"><\/span><\/a>\n<ul class=\"mega-sub-menu\" id='mega-sub-menu-16110'>\n<li class=\"mega-menu-item mega-menu-item-type-custom mega-menu-item-object-custom mega-has-icon mega-icon-left mega-menu-item-3522 menu-item\" id=\"mega-menu-item-3522\"><a class=\"dashicons-info mega-menu-link\" href=\"https:\/\/taxadora.com\/non-resident-tax-modelo-210-spain\/#howitworks\"><i class=\"_mi _before dashicons dashicons-info\" aria-hidden=\"true\" style=\"font-size:1em;\"><\/i><span>How does it work?<\/span><\/a><\/li><li class=\"mega-menu-item mega-menu-item-type-custom mega-menu-item-object-custom mega-has-icon mega-icon-left mega-menu-item-3528 menu-item\" id=\"mega-menu-item-3528\"><a target=\"_blank\" class=\"dashicons-format-chat mega-menu-link\" href=\"https:\/\/taxadora.com\/#generalqa\"><i class=\"_mi _before dashicons dashicons-format-chat\" aria-hidden=\"true\" style=\"font-size:1em;\"><\/i><span>Frequently asked questions<\/span><\/a><\/li><li class=\"mega-menu-item mega-menu-item-type-post_type mega-menu-item-object-post mega-has-icon mega-icon-left mega-menu-item-5335 menu-item\" id=\"mega-menu-item-5335\"><a class=\"dashicons-clipboard mega-menu-link\" href=\"https:\/\/taxadora.com\/blog\/what-is-valor-catastral-and-how-do-i-find-it\/\"><i class=\"_mi _before dashicons dashicons-list-view\" aria-hidden=\"true\" style=\"font-size:1em;\"><\/i><span>What is IBI? Valor Catastral?<\/span><\/a><\/li><li class=\"mega-menu-item mega-menu-item-type-post_type mega-menu-item-object-post mega-has-icon mega-icon-left mega-menu-item-5334 menu-item\" id=\"mega-menu-item-5334\"><a class=\"dashicons-store mega-menu-link\" href=\"https:\/\/taxadora.com\/blog\/modelo-210-explained\/\"><i class=\"_mi _before dashicons dashicons-store\" aria-hidden=\"true\" style=\"font-size:1em;\"><\/i><span>Modelo 210 Explained<\/span><\/a><\/li><li class=\"mega-menu-item mega-menu-item-type-post_type mega-menu-item-object-page mega-has-icon mega-icon-left mega-menu-item-5336 menu-item\" id=\"mega-menu-item-5336\"><a class=\"dashicons-tag mega-menu-link\" href=\"https:\/\/taxadora.com\/our-fees\/\"><i class=\"_mi _before dashicons dashicons-tag\" aria-hidden=\"true\" style=\"font-size:1em;\"><\/i><span>How much does it cost?<\/span><\/a><\/li><\/ul>\n<\/li><li class=\"mega-menu-item mega-menu-item-type-post_type mega-menu-item-object-page mega-menu-item-has-children mega-align-bottom-left mega-menu-flyout mega-has-icon mega-icon-left mega-menu-item-3471 menu-item\" id=\"mega-menu-item-3471\"><a class=\"dashicons-businessperson mega-menu-link\" href=\"https:\/\/taxadora.com\/who-are-we\/\" aria-expanded=\"false\" aria-controls=\"mega-sub-menu-3471\"><i class=\"_mi _before dashicons dashicons-info\" aria-hidden=\"true\" style=\"font-size:1em;\"><\/i><span>About Taxadora<\/span><span class=\"mega-indicator\" aria-hidden=\"true\"><\/span><\/a>\n<ul class=\"mega-sub-menu\" id='mega-sub-menu-3471'>\n<li class=\"mega-menu-item mega-menu-item-type-custom mega-menu-item-object-custom mega-menu-item-15955 menu-item\" id=\"mega-menu-item-15955\"><a class=\"mega-menu-link\" href=\"https:\/\/taxadora.com\/contact\/\"><i class=\"_mi _before dashicons dashicons-admin-comments\" aria-hidden=\"true\"><\/i><span>Contact<\/span><\/a><\/li><\/ul>\n<\/li><li class=\"mega-menu-item mega-wpml-ls-slot-27 mega-wpml-ls-item mega-wpml-ls-item-de mega-wpml-ls-current-language mega-wpml-ls-menu-item mega-menu-item-type-wpml_ls_menu_item mega-menu-item-object-wpml_ls_menu_item mega-menu-item-has-children mega-menu-flyout mega-align-bottom-left mega-menu-flyout mega-menu-item-wpml-ls-27-de menu-item\" id=\"mega-menu-item-wpml-ls-27-de\"><a class=\"mega-menu-link\" href=\"https:\/\/taxadora.com\/de\/\" aria-expanded=\"false\" aria-controls=\"mega-sub-menu-wpml-ls-27-de\">\n                        <img decoding=\"async\"\n            class=\"wpml-ls-flag\"\n            src=\"https:\/\/taxadora.com\/wp-content\/plugins\/sitepress-multilingual-cms\/res\/flags\/de.svg\"\n            alt=\"\"\n            loading=\"lazy\"\n            width=21\n            \n    \/><span class=\"wpml-ls-native\" lang=\"de\">Deutsch<\/span><span class=\"mega-indicator\" aria-hidden=\"true\"><\/span><\/a>\n<ul class=\"mega-sub-menu\" id='mega-sub-menu-wpml-ls-27-de'>\n<li class=\"mega-menu-item mega-wpml-ls-slot-27 mega-wpml-ls-item mega-wpml-ls-item-nl mega-wpml-ls-menu-item mega-wpml-ls-first-item mega-menu-item-type-wpml_ls_menu_item mega-menu-item-object-wpml_ls_menu_item mega-menu-flyout mega-menu-item-wpml-ls-27-nl menu-item\" id=\"mega-menu-item-wpml-ls-27-nl\"><a title=\"Wechseln zu Niederl\u00e4ndisch (Nederlands)\" class=\"mega-menu-link\" href=\"https:\/\/taxadora.com\/nl\/\">\n                        <img decoding=\"async\"\n            class=\"wpml-ls-flag\"\n            src=\"https:\/\/taxadora.com\/wp-content\/plugins\/sitepress-multilingual-cms\/res\/flags\/nl.svg\"\n            alt=\"\"\n            loading=\"lazy\"\n            width=21\n            \n    \/><span class=\"wpml-ls-native\" lang=\"nl\">Nederlands<\/span><span class=\"wpml-ls-display\"><span class=\"wpml-ls-bracket\"> (<\/span>Niederl\u00e4ndisch<span class=\"wpml-ls-bracket\">)<\/span><\/span><\/a><\/li><li class=\"mega-menu-item mega-wpml-ls-slot-27 mega-wpml-ls-item mega-wpml-ls-item-en mega-wpml-ls-menu-item mega-menu-item-type-wpml_ls_menu_item mega-menu-item-object-wpml_ls_menu_item mega-menu-flyout mega-menu-item-wpml-ls-27-en menu-item\" id=\"mega-menu-item-wpml-ls-27-en\"><a title=\"Wechseln zu Englisch (English)\" class=\"mega-menu-link\" href=\"https:\/\/taxadora.com\/\">\n                        <img decoding=\"async\"\n            class=\"wpml-ls-flag\"\n            src=\"https:\/\/taxadora.com\/wp-content\/plugins\/sitepress-multilingual-cms\/res\/flags\/en.svg\"\n            alt=\"\"\n            loading=\"lazy\"\n            width=21\n            \n    \/><span class=\"wpml-ls-native\" lang=\"en\">English<\/span><span class=\"wpml-ls-display\"><span class=\"wpml-ls-bracket\"> (<\/span>Englisch<span class=\"wpml-ls-bracket\">)<\/span><\/span><\/a><\/li><li class=\"mega-menu-item mega-wpml-ls-slot-27 mega-wpml-ls-item mega-wpml-ls-item-fr mega-wpml-ls-menu-item mega-menu-item-type-wpml_ls_menu_item mega-menu-item-object-wpml_ls_menu_item mega-menu-flyout mega-menu-item-wpml-ls-27-fr menu-item\" id=\"mega-menu-item-wpml-ls-27-fr\"><a title=\"Wechseln zu Franz\u00f6sisch (Fran\u00e7ais)\" class=\"mega-menu-link\" href=\"https:\/\/taxadora.com\/fr\/\">\n                        <img decoding=\"async\"\n            class=\"wpml-ls-flag\"\n            src=\"https:\/\/taxadora.com\/wp-content\/plugins\/sitepress-multilingual-cms\/res\/flags\/fr.svg\"\n            alt=\"\"\n            loading=\"lazy\"\n            width=21\n            \n    \/><span class=\"wpml-ls-native\" lang=\"fr\">Fran\u00e7ais<\/span><span class=\"wpml-ls-display\"><span class=\"wpml-ls-bracket\"> (<\/span>Franz\u00f6sisch<span class=\"wpml-ls-bracket\">)<\/span><\/span><\/a><\/li><li class=\"mega-menu-item mega-wpml-ls-slot-27 mega-wpml-ls-item mega-wpml-ls-item-sv mega-wpml-ls-menu-item mega-menu-item-type-wpml_ls_menu_item mega-menu-item-object-wpml_ls_menu_item mega-menu-flyout mega-menu-item-wpml-ls-27-sv menu-item\" id=\"mega-menu-item-wpml-ls-27-sv\"><a title=\"Wechseln zu Schwedisch (Svenska)\" class=\"mega-menu-link\" href=\"https:\/\/taxadora.com\/sv\/\">\n                        <img decoding=\"async\"\n            class=\"wpml-ls-flag\"\n            src=\"https:\/\/taxadora.com\/wp-content\/plugins\/sitepress-multilingual-cms\/res\/flags\/sv.svg\"\n            alt=\"\"\n            loading=\"lazy\"\n            width=21\n            \n    \/><span class=\"wpml-ls-native\" lang=\"sv\">Svenska<\/span><span class=\"wpml-ls-display\"><span class=\"wpml-ls-bracket\"> (<\/span>Schwedisch<span class=\"wpml-ls-bracket\">)<\/span><\/span><\/a><\/li><li class=\"mega-menu-item mega-wpml-ls-slot-27 mega-wpml-ls-item mega-wpml-ls-item-fi mega-wpml-ls-menu-item mega-menu-item-type-wpml_ls_menu_item mega-menu-item-object-wpml_ls_menu_item mega-menu-flyout mega-menu-item-wpml-ls-27-fi menu-item\" id=\"mega-menu-item-wpml-ls-27-fi\"><a title=\"Wechseln zu Finnisch (Suomi)\" class=\"mega-menu-link\" href=\"https:\/\/taxadora.com\/fi\/\">\n                        <img decoding=\"async\"\n            class=\"wpml-ls-flag\"\n            src=\"https:\/\/taxadora.com\/wp-content\/plugins\/sitepress-multilingual-cms\/res\/flags\/fi.svg\"\n            alt=\"\"\n            loading=\"lazy\"\n            width=21\n            \n    \/><span class=\"wpml-ls-native\" lang=\"fi\">Suomi<\/span><span class=\"wpml-ls-display\"><span class=\"wpml-ls-bracket\"> (<\/span>Finnisch<span class=\"wpml-ls-bracket\">)<\/span><\/span><\/a><\/li><li class=\"mega-menu-item mega-wpml-ls-slot-27 mega-wpml-ls-item mega-wpml-ls-item-pl mega-wpml-ls-menu-item mega-wpml-ls-last-item mega-menu-item-type-wpml_ls_menu_item mega-menu-item-object-wpml_ls_menu_item mega-menu-flyout mega-menu-item-wpml-ls-27-pl menu-item\" id=\"mega-menu-item-wpml-ls-27-pl\"><a title=\"Wechseln zu Polnisch (Polski)\" class=\"mega-menu-link\" href=\"https:\/\/taxadora.com\/pl\/\">\n                        <img decoding=\"async\"\n            class=\"wpml-ls-flag\"\n            src=\"https:\/\/taxadora.com\/wp-content\/plugins\/sitepress-multilingual-cms\/res\/flags\/pl.svg\"\n            alt=\"\"\n            loading=\"lazy\"\n            width=21\n            \n    \/><span class=\"wpml-ls-native\" lang=\"pl\">Polski<\/span><span class=\"wpml-ls-display\"><span class=\"wpml-ls-bracket\"> (<\/span>Polnisch<span class=\"wpml-ls-bracket\">)<\/span><\/span><\/a><\/li><\/ul>\n<\/li><\/ul><\/div>\t\t\t\t<\/div>\n\t\t\t\t<\/div>\n\t\t\t\t\t<\/div>\n\t\t<\/div>\n\t\t\t\t\t<\/div>\n\t\t<\/section>\n\t\t\t\t<div class=\"elementor-section elementor-top-section elementor-element elementor-element-3371f75f elementor-section-boxed elementor-section-height-default elementor-section-height-default\" data-id=\"3371f75f\" data-element_type=\"section\" data-e-type=\"section\" data-settings=\"{&quot;background_background&quot;:&quot;classic&quot;}\">\n\t\t\t\t\t\t\t<div class=\"elementor-background-overlay\"><\/div>\n\t\t\t\t\t\t\t<div class=\"elementor-container elementor-column-gap-default\">\n\t\t\t\t\t<div class=\"elementor-column elementor-col-100 elementor-top-column elementor-element elementor-element-34f2e67\" data-id=\"34f2e67\" data-element_type=\"column\" data-e-type=\"column\">\n\t\t\t<div class=\"elementor-widget-wrap elementor-element-populated\">\n\t\t\t\t\t\t<div class=\"elementor-element elementor-element-5e7f75ad elementor-widget elementor-widget-heading\" data-id=\"5e7f75ad\" data-element_type=\"widget\" data-e-type=\"widget\" data-widget_type=\"heading.default\">\n\t\t\t\t<div class=\"elementor-widget-container\">\n\t\t\t\t\t<h2 class=\"elementor-heading-title elementor-size-default\">Investor, Medien, auf der Suche nach einer Partnerschaft oder einem Job?<\/h2>\t\t\t\t<\/div>\n\t\t\t\t<\/div>\n\t\t\t\t\t<\/div>\n\t\t<\/div>\n\t\t\t\t\t<\/div>\n\t\t<\/div>\n\t\t\t\t<section class=\"elementor-section elementor-top-section elementor-element elementor-element-22fe7116 elementor-section-boxed elementor-section-height-default elementor-section-height-default\" data-id=\"22fe7116\" data-element_type=\"section\" data-e-type=\"section\" data-settings=\"{&quot;background_background&quot;:&quot;classic&quot;}\">\n\t\t\t\t\t\t<div class=\"elementor-container elementor-column-gap-default\">\n\t\t\t\t\t<div class=\"elementor-column elementor-col-100 elementor-top-column elementor-element elementor-element-7822617e\" data-id=\"7822617e\" data-element_type=\"column\" data-e-type=\"column\">\n\t\t\t<div class=\"elementor-widget-wrap elementor-element-populated\">\n\t\t\t\t\t\t<div class=\"elementor-element elementor-element-30ce0755 elementor-widget elementor-widget-text-editor\" data-id=\"30ce0755\" data-element_type=\"widget\" data-e-type=\"widget\" data-widget_type=\"text-editor.default\">\n\t\t\t\t<div class=\"elementor-widget-container\">\n\t\t\t\t\t\t\t\t\t<h3>Investor?<\/h3><p>Im Moment suchen wir keine Finanzierung, freuen uns aber \u00fcber Interesse. Bitte kontaktieren Sie uns, wenn Sie an einem Taxtech-Unternehmen in der Wachstumsphase interessiert sind.<\/p><p>info@taxadora.com<strong>\u00a0(Deutsch)<\/strong><\/p><p>+34 611629 317\u00a0<strong>(Englisch und Spanisch).<\/strong><\/p><p>\u00a0<\/p><h3>Medien?<\/h3><p>Sie sind Journalist, Freelancer, Blogger, Podder oder Influencer bei und m\u00f6chten mehr \u00fcber uns erfahren? Bitte senden Sie eine E-Mail an info@taxadora.com oder rufen Sie uns unter 00 46 76 344 30 63 an, um uns zu kontaktieren.<\/p><p>\u00a0<\/p><h3>Suchen Sie einen Job?<\/h3><p>Du bist auf Jobsuche und magst Steuern und Technik?<\/p><p>Wir stellen in Teil- oder Vollzeit ein<\/p><p>\u2013 Kundenbetreuung und Administration \u2013 Sprachen sind ein Plus (Deutsch, Franz\u00f6sisch, Niederl\u00e4ndisch, Nordisch oder Spanisch).<\/p><p>\u2013 Digitales Marketing, SEO, Google Ads, Facebook-Anzeigen, Inhalte<\/p><p>und Entwickler.<\/p><p>Wenn Sie daran interessiert sind, in einem schnell wachsenden Technologie-Startup zu arbeiten, senden Sie uns bitte Ihren Lebenslauf und ein pers\u00f6nliches Anschreiben, in dem Sie uns ein wenig \u00fcber sich erz\u00e4hlen, an info@taxadora.com.<\/p><p>Arbeiten Sie mit einem Unternehmen zusammen und m\u00f6chten mit uns zusammenarbeiten?<br \/>Sie wollen mit uns zusammenarbeiten?. Wir arbeiten gerne mit anderen zusammen, um unseren Kunden gute L\u00f6sungen f\u00fcr ihre Probleme in Bezug auf das Leben in Spanien anzubieten. Wir arbeiten sowohl mit Immobilienmaklern, Anwaltskanzleien als auch mit anderen Anbietern zusammen. Was wir verlangen, ist, dass Sie einen Service von hoher Qualit\u00e4t mit zufriedenen Kunden anbieten.<\/p>\t\t\t\t\t\t\t\t<\/div>\n\t\t\t\t<\/div>\n\t\t\t\t\t<\/div>\n\t\t<\/div>\n\t\t\t\t\t<\/div>\n\t\t<\/section>\n\t\t\t\t<section class=\"elementor-section elementor-top-section elementor-element elementor-element-f09508d elementor-hidden-desktop elementor-hidden-tablet elementor-hidden-phone elementor-section-boxed elementor-section-height-default elementor-section-height-default\" data-id=\"f09508d\" data-element_type=\"section\" data-e-type=\"section\">\n\t\t\t\t\t\t<div class=\"elementor-container elementor-column-gap-default\">\n\t\t\t\t\t<div class=\"elementor-column elementor-col-100 elementor-top-column elementor-element elementor-element-3be61f1f\" data-id=\"3be61f1f\" data-element_type=\"column\" data-e-type=\"column\">\n\t\t\t<div class=\"elementor-widget-wrap elementor-element-populated\">\n\t\t\t\t\t\t<div class=\"elementor-element elementor-element-2347d829 elementor-widget elementor-widget-html\" data-id=\"2347d829\" data-element_type=\"widget\" data-e-type=\"widget\" data-widget_type=\"html.default\">\n\t\t\t\t<div class=\"elementor-widget-container\">\n\t\t\t\t\t<!-- Global site tag (gtag.js) - Google Analytics -->\r\n<script async src=\"https:\/\/www.googletagmanager.com\/gtag\/js?id=UA-143577333-3\"><\/script>\r\n<script>\r\n  window.dataLayer = window.dataLayer || [];\r\n  function gtag(){dataLayer.push(arguments);}\r\n  gtag('js', new Date());\r\n\r\n  gtag('config', 'UA-143577333-3');\r\n<\/script>\r\n\t\t\t\t<\/div>\n\t\t\t\t<\/div>\n\t\t\t\t\t<\/div>\n\t\t<\/div>\n\t\t\t\t\t<\/div>\n\t\t<\/section>\n\t\t\t\t<section class=\"elementor-section elementor-top-section elementor-element elementor-element-2fe5d51 elementor-section-boxed elementor-section-height-default elementor-section-height-default\" data-id=\"2fe5d51\" data-element_type=\"section\" data-e-type=\"section\">\n\t\t\t\t\t\t<div class=\"elementor-container elementor-column-gap-default\">\n\t\t\t\t\t<div class=\"elementor-column elementor-col-100 elementor-top-column elementor-element elementor-element-8e72d9f\" data-id=\"8e72d9f\" data-element_type=\"column\" data-e-type=\"column\">\n\t\t\t<div class=\"elementor-widget-wrap elementor-element-populated\">\n\t\t\t\t\t\t<div class=\"elementor-element elementor-element-9aa2172 elementor-widget elementor-widget-text-editor\" data-id=\"9aa2172\" data-element_type=\"widget\" data-e-type=\"widget\" data-widget_type=\"text-editor.default\">\n\t\t\t\t<div class=\"elementor-widget-container\">\n\t\t\t\t\t\t\t\t\t<p><a href=\"https:\/\/translate.googleusercontent.com\/translate_c?depth=1&amp;pto=aue&amp;rurl=translate.google.com&amp;sl=en&amp;sp=nmt4&amp;tl=de&amp;u=https:\/\/taxadora.com\/en\/client-agreement\/&amp;usg=ALkJrhjYY7iATfJ-zaTjeuHWI1Qxp0HqfA\">Allgemeine Gesch\u00e4ftsbedingungen<\/a>\u00a0|\u00a0<a href=\"https:\/\/translate.google.com\/translate?sl=en&amp;tl=de&amp;u=https:\/\/taxadora.com\/en\/protection-of-data\/\">Datenschutz, Cookies und Integrit\u00e4tsrichtlinie.<\/a><\/p><p>Spanische Umsatzsteuer-Identifikationsnummer ESY6837028Q.<\/p>\t\t\t\t\t\t\t\t<\/div>\n\t\t\t\t<\/div>\n\t\t\t\t\t<\/div>\n\t\t<\/div>\n\t\t\t\t\t<\/div>\n\t\t<\/section>\n\t\t\t\t<\/div>\n\t\t","protected":false},"excerpt":{"rendered":"<p>Investor, Medien, auf der Suche nach einer Partnerschaft oder einem Job? Investor? Im Moment suchen wir keine Finanzierung, freuen uns aber \u00fcber Interesse. Bitte kontaktieren Sie uns, wenn Sie an einem Taxtech-Unternehmen in der Wachstumsphase interessiert sind. info@taxadora.com\u00a0(Deutsch) +34 611629 317\u00a0(Englisch und Spanisch). \u00a0 Medien? Sie sind Journalist, Freelancer, Blogger, Podder oder Influencer bei und [&hellip;]<\/p>\n","protected":false},"author":1,"featured_media":0,"parent":0,"menu_order":0,"comment_status":"closed","ping_status":"closed","template":"elementor_header_footer","meta":{"footnotes":""},"class_list":["post-12120","page","type-page","status-publish","hentry"],"_links":{"self":[{"href":"https:\/\/taxadora.com\/de\/wp-json\/wp\/v2\/pages\/12120","targetHints":{"allow":["GET"]}}],"collection":[{"href":"https:\/\/taxadora.com\/de\/wp-json\/wp\/v2\/pages"}],"about":[{"href":"https:\/\/taxadora.com\/de\/wp-json\/wp\/v2\/types\/page"}],"author":[{"embeddable":true,"href":"https:\/\/taxadora.com\/de\/wp-json\/wp\/v2\/users\/1"}],"replies":[{"embeddable":true,"href":"https:\/\/taxadora.com\/de\/wp-json\/wp\/v2\/comments?post=12120"}],"version-history":[{"count":4,"href":"https:\/\/taxadora.com\/de\/wp-json\/wp\/v2\/pages\/12120\/revisions"}],"predecessor-version":[{"id":12124,"href":"https:\/\/taxadora.com\/de\/wp-json\/wp\/v2\/pages\/12120\/revisions\/12124"}],"wp:attachment":[{"href":"https:\/\/taxadora.com\/de\/wp-json\/wp\/v2\/media?parent=12120"}],"curies":[{"name":"wp","href":"https:\/\/api.w.org\/{rel}","templated":true}]}}