{"id":12054,"date":"2020-02-10T18:04:18","date_gmt":"2020-02-10T17:04:18","guid":{"rendered":"https:\/\/taxadora.com\/?page_id=12054"},"modified":"2026-01-08T16:31:40","modified_gmt":"2026-01-08T15:31:40","slug":"wie-viel-kostet-es","status":"publish","type":"page","link":"https:\/\/taxadora.com\/de\/wie-viel-kostet-es\/","title":{"rendered":"Wie viel kostet es?"},"content":{"rendered":"\t\t<div data-elementor-type=\"wp-page\" data-elementor-id=\"12054\" class=\"elementor elementor-12054 elementor-3410\" data-elementor-post-type=\"page\">\n\t\t\t\t\t\t<div class=\"elementor-section elementor-top-section elementor-element elementor-element-2fd43a6 elementor-section-boxed elementor-section-height-default elementor-section-height-default\" data-id=\"2fd43a6\" data-element_type=\"section\" data-e-type=\"section\" data-settings=\"{&quot;background_background&quot;:&quot;classic&quot;}\">\n\t\t\t\t\t\t\t<div class=\"elementor-background-overlay\"><\/div>\n\t\t\t\t\t\t\t<div class=\"elementor-container elementor-column-gap-default\">\n\t\t\t\t\t<div class=\"elementor-column elementor-col-100 elementor-top-column elementor-element elementor-element-546799f\" data-id=\"546799f\" data-element_type=\"column\" data-e-type=\"column\">\n\t\t\t<div class=\"elementor-widget-wrap elementor-element-populated\">\n\t\t\t\t\t\t<div class=\"elementor-element elementor-element-eb2ef72 elementor-widget elementor-widget-heading\" data-id=\"eb2ef72\" data-element_type=\"widget\" data-e-type=\"widget\" data-widget_type=\"heading.default\">\n\t\t\t\t<div class=\"elementor-widget-container\">\n\t\t\t\t\t<h2 class=\"elementor-heading-title elementor-size-default\">Wie viel kostet es?<\/h2>\t\t\t\t<\/div>\n\t\t\t\t<\/div>\n\t\t\t\t\t<\/div>\n\t\t<\/div>\n\t\t\t\t\t<\/div>\n\t\t<\/div>\n\t\t\t\t<section class=\"elementor-section elementor-top-section elementor-element elementor-element-426fd9f elementor-section-boxed elementor-section-height-default elementor-section-height-default\" data-id=\"426fd9f\" data-element_type=\"section\" data-e-type=\"section\" data-settings=\"{&quot;background_background&quot;:&quot;classic&quot;}\">\n\t\t\t\t\t\t<div class=\"elementor-container elementor-column-gap-default\">\n\t\t\t\t\t<div class=\"elementor-column elementor-col-100 elementor-top-column elementor-element elementor-element-b9404bd\" data-id=\"b9404bd\" data-element_type=\"column\" data-e-type=\"column\">\n\t\t\t<div class=\"elementor-widget-wrap elementor-element-populated\">\n\t\t\t\t\t\t<div class=\"elementor-element elementor-element-0b6eae1 elementor-widget elementor-widget-text-editor\" data-id=\"0b6eae1\" data-element_type=\"widget\" data-e-type=\"widget\" data-widget_type=\"text-editor.default\">\n\t\t\t\t<div class=\"elementor-widget-container\">\n\t\t\t\t\t\t\t\t\t<p>Wie viel kostet es, unsere Hilfe in Anspruch zu nehmen?<\/p>\n<p>Wir m\u00f6chten, dass es einfach ist, Ihre spanischen Steuern zu erkl\u00e4ren, aber auch erschwinglich.<br>Wir m\u00f6chten, dass die Verwaltung Ihrer spanischen Steuern einfach, aber auch erschwinglich ist. Wir wollen keine \u00fcberraschenden Kosten, die hinterher auf Sie zukommen, und Sie sollen sofort wissen, was es kostet, Hilfe zu holen. Aus diesem Grund entscheiden wir uns f\u00fcr die Zahlung per Karte und versenden z. eine Rechnung nach erbrachter Leistung.<\/p>\n<p>Wir glauben, dass unsere Preise wettbewerbsf\u00e4hig sind, und freuen uns, Ihre Kommentare zu den Preisen zu teilen.<\/p>\n<p><\/p>\n<h5>J\u00e4hrliche Steuererkl\u00e4rung f\u00fcr Immobilienbesitzer als Nichtans\u00e4ssige<\/h5>\n<p><strong>Pro Objekt\/Jahr.<\/strong><\/p>\n<p>Ein Besitzer 34,95 Euro zzgl. MwSt. (42,29 \u20ac inkl. MwSt.).<\/p>\n<p>Zwei Halter&nbsp;49&nbsp;Euro zzgl. MwSt.&nbsp;(59,29&nbsp;\u20ac inkl. MwSt.).<\/p>\n<p>Drei Besitzer 75 Euro zzgl. MwSt. (90,75 \u20ac inkl. MwSt.).<\/p>\n<p>Vier Besitzer, 99&nbsp;Euro zzgl. MwSt.&nbsp;(119,79&nbsp;\u20ac inkl. MwSt.).<\/p>\n<p><\/p>\n<h5>Aangifte huurinkomsten&nbsp;<\/h5>\n<p>Mieteinnahmen ab 2024 m\u00fcssen j\u00e4hrlich pro Eigent\u00fcmer gemeldet werden. Unsere Geb\u00fchr betr\u00e4gt 98 \u20ac zzgl. MwSt. pro Steuererkl\u00e4rung.<\/p><p><span style=\"font-size: 1rem;\">Mieteinnahmen bis einschlie\u00dflich 2023 m\u00fcssen viertelj\u00e4hrlich gemeldet werden.<\/span><\/p><p><span style=\"font-size: 1rem;\">Viertelj\u00e4hrliche Steuererkl\u00e4rung ab 49 \u20ac pro Person und Objekt zzgl. 21 % MwSt. (59,29 \u20ac inkl. MwSt.).<\/span><\/p><p><span style=\"font-size: 1rem;\">Wir gew\u00e4hren keine Erm\u00e4\u00dfigungen f\u00fcr mehrere Objekte oder mehrere Eigent\u00fcmer bei der Steuererkl\u00e4rung f\u00fcr Mieteinnahmen.<\/span><\/p>\n<h6>&nbsp;<\/h6>\n<h5>Steuern f\u00fcr Residenten<\/h5>\n<p>Unsere Grundgeb\u00fchr f\u00fcr Einwohner betr\u00e4gt 123 Euro zzgl. IVA pro Person. Wenn Sie ein Paar sind, bieten wir je nach Ihren Umst\u00e4nden erm\u00e4\u00dfigte Geb\u00fchren an.<\/p>\n<p><\/p>\n<h5>Warum ist es nicht billiger?<\/h5>\n<p>Manchmal haben wir Kunden, die uns eine fast fertige Steuererkl\u00e4rung per E-Mail schicken und m\u00f6chten, dass wir sie einfach einsenden. Manchmal k\u00f6nnen uns solche Informationen helfen, aber normalerweise ist es immer noch die gleiche Arbeit, die erledigt werden muss, verschiedene Pr\u00fcfungen m\u00fcssen durchgef\u00fchrt werden durchgef\u00fchrt werden, um sicherzustellen, dass die Daten und Berechnungen korrekt sind.<\/p>\n<h5>Warum ist es so billig?<\/h5>\n<p>Wir bekommen oft Fragen von Kunden, wie es so g\u00fcnstig sein kann? Sie haben bisher bis zu 100-300 Euro f\u00fcr eine Steuererkl\u00e4rung an ihre Kanzlei gezahlt.<\/p>\n<p>Die Tatsache, dass wir so wettbewerbsf\u00e4hig sind, liegt einfach daran, dass wir uns auf Steuern konzentrieren. Viele Anwaltskanzleien konzentrieren sich haupts\u00e4chlich auf den Kauf \/ Verkauf von Immobilien und andere juristische Dienstleistungen, was bedeutet, dass ihr Umgang mit Steuern m\u00f6glicherweise nicht immer so effektiv ist. Sie sind gut im Recht, wir sind gut im Steuern.<\/p>\n<p>Wir entwickeln auch kontinuierlich Technologien, die uns dabei helfen, die Deklaration so effizient wie m\u00f6glich zu gestalten.<\/p>\n<p>Was meinen Sie, wenn Sie die Preisangabe auf \u201eab x Euro\u201c beziehen?<br>Wenn wir auf der ersten Seite \u201eaus\u201c schreiben, dann nur, weil es sich auf eine Person und eine Erkl\u00e4rung bezieht. Sind Sie mehrere Personen mit mehreren Anmeldungen, z. B. mehrere meldepflichtige Immobilien oder mehrere Familienmitglieder, die eine Immobilie besitzen, k\u00f6nnen Sie oft einen \u201eMengenrabatt\u201c erhalten, was bedeutet, dass die Preise tats\u00e4chlich niedriger sind als \u201eab dem Preis\u201c pro Anmeldung.<\/p>\n<p>Ist die Mehrwertsteuer inbegriffen?<\/p>\n<p>Wir zeigen unsere Preise sowohl inklusive als auch exklusive Mehrwertsteuer an. Es sollte immer klar sein, dass Mehrwertsteuer hinzugef\u00fcgt wird, wo sie nicht zuerst ausgewiesen wird. Die Tatsache, dass wir Preise \u00fcberhaupt ohne Mehrwertsteuer anzeigen, liegt einfach daran, dass dies eine g\u00e4ngigere Art ist, Preise f\u00fcr Dienstleistungen in Spanien anzuzeigen, und viele unserer Konkurrenten \u2013 spanische Anwaltskanzleien \u2013 ihre Preise ohne Mehrwertsteuer anzeigen. Wir m\u00f6chten, dass es einfach zu vergleichen ist.<\/p>\n<p>Klicken Sie auf die Bilder oben, um zu erfahren, was genau das kostet, wof\u00fcr Sie Hilfe ben\u00f6tigen.<\/p>\t\t\t\t\t\t\t\t<\/div>\n\t\t\t\t<\/div>\n\t\t\t\t\t<\/div>\n\t\t<\/div>\n\t\t\t\t\t<\/div>\n\t\t<\/section>\n\t\t\t\t<\/div>\n\t\t","protected":false},"excerpt":{"rendered":"<p>Wie viel kostet es? Wie viel kostet es, unsere Hilfe in Anspruch zu nehmen? Wir m\u00f6chten, dass es einfach ist, Ihre spanischen Steuern zu erkl\u00e4ren, aber auch erschwinglich.Wir m\u00f6chten, dass die Verwaltung Ihrer spanischen Steuern einfach, aber auch erschwinglich ist. Wir wollen keine \u00fcberraschenden Kosten, die hinterher auf Sie zukommen, und Sie sollen sofort wissen, [&hellip;]<\/p>\n","protected":false},"author":1,"featured_media":0,"parent":0,"menu_order":0,"comment_status":"closed","ping_status":"closed","template":"elementor_header_footer","meta":{"footnotes":""},"class_list":["post-12054","page","type-page","status-publish","hentry"],"_links":{"self":[{"href":"https:\/\/taxadora.com\/de\/wp-json\/wp\/v2\/pages\/12054","targetHints":{"allow":["GET"]}}],"collection":[{"href":"https:\/\/taxadora.com\/de\/wp-json\/wp\/v2\/pages"}],"about":[{"href":"https:\/\/taxadora.com\/de\/wp-json\/wp\/v2\/types\/page"}],"author":[{"embeddable":true,"href":"https:\/\/taxadora.com\/de\/wp-json\/wp\/v2\/users\/1"}],"replies":[{"embeddable":true,"href":"https:\/\/taxadora.com\/de\/wp-json\/wp\/v2\/comments?post=12054"}],"version-history":[{"count":22,"href":"https:\/\/taxadora.com\/de\/wp-json\/wp\/v2\/pages\/12054\/revisions"}],"predecessor-version":[{"id":18835,"href":"https:\/\/taxadora.com\/de\/wp-json\/wp\/v2\/pages\/12054\/revisions\/18835"}],"wp:attachment":[{"href":"https:\/\/taxadora.com\/de\/wp-json\/wp\/v2\/media?parent=12054"}],"curies":[{"name":"wp","href":"https:\/\/api.w.org\/{rel}","templated":true}]}}